{"id":100,"date":"2024-11-13T12:45:09","date_gmt":"2024-11-13T11:45:09","guid":{"rendered":"https:\/\/wppool.abenteuerbox.at\/DA_KV_Linz\/?page_id=100"},"modified":"2025-01-16T18:31:47","modified_gmt":"2025-01-16T17:31:47","slug":"freunde-des-linzer-konzertvereins","status":"publish","type":"page","link":"https:\/\/wppool.abenteuerbox.at\/DA_KV_Linz\/?page_id=100","title":{"rendered":"Freunde des Linzer Konzertvereins"},"content":{"rendered":"\t\t<div data-elementor-type=\"wp-page\" data-elementor-id=\"100\" class=\"elementor elementor-100\">\n\t\t\t\t<div class=\"elementor-element elementor-element-82156ef e-flex e-con-boxed e-con e-parent\" data-id=\"82156ef\" data-element_type=\"container\">\n\t\t\t\t\t<div class=\"e-con-inner\">\n\t\t\t\t<div class=\"elementor-element elementor-element-d4998e0 elementor-widget elementor-widget-heading\" data-id=\"d4998e0\" data-element_type=\"widget\" data-widget_type=\"heading.default\">\n\t\t\t\t<div class=\"elementor-widget-container\">\n\t\t\t\t\t<h2 class=\"elementor-heading-title elementor-size-default\">Gesch\u00e4tzte MusikliebhaberInnen,\nliebe Freunde des Linzer Konzertvereins<\/h2>\t\t\t\t<\/div>\n\t\t\t\t<\/div>\n\t\t\t\t<div class=\"elementor-element elementor-element-2561018 elementor-widget elementor-widget-text-editor\" data-id=\"2561018\" data-element_type=\"widget\" data-widget_type=\"text-editor.default\">\n\t\t\t\t<div class=\"elementor-widget-container\">\n\t\t\t\t\t\t\t\t\t<p>Wir m\u00f6chten in Zukunft noch enger mit Ihnen in Verbindung bleiben und Sie bestm\u00f6glich \u00fcber unsere Aktivit\u00e4ten informieren.<\/p><p>Dazu geh\u00f6rt, dass wir Sie rechtzeitig \u00fcber unsere Konzertprogramme benachrichtigen und Ihnen auch vorab schon Hinweise \u00fcber unsere Solisten und die Programmdetails zur Verf\u00fcgung stellen.<\/p><p>Nat\u00fcrlich wollen wir f\u00fcr unser kleines Service auch die Segnungen des Internet-Zeitalters nutzen und Ihnen diese Nachrichten per E-Mail zusenden.<\/p><p>Wir bedanken uns f\u00fcr die Kooperationsbereitschaft und hoffen, dass Ihnen unsere Musikdarbietungen auch in Zukunft viel Freude bereiten.<\/p><p>Walter Rescheneder<br \/>Pr\u00e4sident<\/p>\t\t\t\t\t\t\t\t<\/div>\n\t\t\t\t<\/div>\n\t\t\t\t\t<\/div>\n\t\t\t\t<\/div>\n\t\t<div class=\"elementor-element elementor-element-ec84b42 e-flex e-con-boxed e-con e-parent\" data-id=\"ec84b42\" data-element_type=\"container\">\n\t\t\t\t\t<div class=\"e-con-inner\">\n\t\t\t\t<div class=\"elementor-element elementor-element-de4e03c elementor-widget elementor-widget-wpforms\" data-id=\"de4e03c\" data-element_type=\"widget\" data-widget_type=\"wpforms.default\">\n\t\t\t\t<div class=\"elementor-widget-container\">\n\t\t\t\t\t<style id=\"wpforms-css-vars-elementor-widget-de4e03c\">\n\t\t\t\t.elementor-widget-wpforms.elementor-element-de4e03c {\n\t\t\t\t--wpforms-field-size-input-height: 43px;\n--wpforms-field-size-input-spacing: 15px;\n--wpforms-field-size-font-size: 16px;\n--wpforms-field-size-line-height: 19px;\n--wpforms-field-size-padding-h: 14px;\n--wpforms-field-size-checkbox-size: 16px;\n--wpforms-field-size-sublabel-spacing: 5px;\n--wpforms-field-size-icon-size: 1;\n--wpforms-label-size-font-size: 16px;\n--wpforms-label-size-line-height: 19px;\n--wpforms-label-size-sublabel-font-size: 14px;\n--wpforms-label-size-sublabel-line-height: 17px;\n--wpforms-button-size-font-size: 17px;\n--wpforms-button-size-height: 41px;\n--wpforms-button-size-padding-h: 15px;\n--wpforms-button-size-margin-top: 10px;\n\n\t\t\t}\n\t\t\t<\/style><div class=\"wpforms-container wpforms-container-full wpforms-render-modern\" id=\"wpforms-797\"><form id=\"wpforms-form-797\" class=\"wpforms-validate wpforms-form wpforms-ajax-form\" data-formid=\"797\" method=\"post\" enctype=\"multipart\/form-data\" action=\"\/DA_KV_Linz\/index.php?rest_route=%2Fwp%2Fv2%2Fpages%2F100\" data-token=\"3fff94c723985629fdc08c6b712e1797\" data-token-time=\"1776301681\"><noscript class=\"wpforms-error-noscript\">Please enable JavaScript in your browser to complete this form.<\/noscript><div class=\"wpforms-hidden\" id=\"wpforms-error-noscript\">Please enable JavaScript in your browser to complete this form.<\/div><div class=\"wpforms-field-container\"><div id=\"wpforms-797-field_1-container\" class=\"wpforms-field wpforms-field-name\" data-field-id=\"1\"><fieldset><legend class=\"wpforms-field-label\">Name<\/legend><div class=\"wpforms-field-row wpforms-field-medium\"><div class=\"wpforms-field-row-block wpforms-first wpforms-one-half\"><input type=\"text\" id=\"wpforms-797-field_1\" class=\"wpforms-field-name-first\" name=\"wpforms[fields][1][first]\" placeholder=\"Vorname\" aria-errormessage=\"wpforms-797-field_1-error\" ><label for=\"wpforms-797-field_1\" class=\"wpforms-field-sublabel after wpforms-sublabel-hide\">First<\/label><\/div><div class=\"wpforms-field-row-block wpforms-one-half\"><input type=\"text\" id=\"wpforms-797-field_1-last\" class=\"wpforms-field-name-last\" name=\"wpforms[fields][1][last]\" placeholder=\"Nachname\" aria-errormessage=\"wpforms-797-field_1-last-error\" ><label for=\"wpforms-797-field_1-last\" class=\"wpforms-field-sublabel after wpforms-sublabel-hide\">Last<\/label><\/div><\/div><\/fieldset><\/div><div id=\"wpforms-797-field_2-container\" class=\"wpforms-field wpforms-field-email\" data-field-id=\"2\"><label class=\"wpforms-field-label\" for=\"wpforms-797-field_2\">E-Mail <span class=\"wpforms-required-label\" aria-hidden=\"true\">*<\/span><\/label><input type=\"email\" id=\"wpforms-797-field_2\" class=\"wpforms-field-medium wpforms-field-required\" name=\"wpforms[fields][2]\" placeholder=\"Ihre E-Mail-Adresse\" spellcheck=\"false\" aria-errormessage=\"wpforms-797-field_2-error\" required><\/div><div id=\"wpforms-797-field_4-container\" class=\"wpforms-field wpforms-field-checkbox\" data-field-id=\"4\"><fieldset><legend class=\"wpforms-field-label wpforms-label-hide\" aria-hidden=\"false\">Checkboxes <span class=\"wpforms-required-label\" aria-hidden=\"true\">*<\/span><\/legend><ul id=\"wpforms-797-field_4\" class=\"wpforms-field-required\"><li class=\"choice-1 depth-1\"><input type=\"checkbox\" id=\"wpforms-797-field_4_1\" name=\"wpforms[fields][4][]\" value=\"Ich willige ein, dass meine personenbezogenen Daten (Name und E-Mail-Adresse) zum Zweck des Newsletterversands verarbeitet werden. Weitere Informationen finden Sie in unserer &lt;a target=&quot;_blank&quot; href=&quot;https:\/\/wppool.abenteuerbox.at\/DA_KV_Linz\/?page_id=1407&quot;&gt;Datenschutzerkl\u00e4rung&lt;\/a&gt;. Diese Einwilligung kann ich jederzeit widerrufen.\" aria-errormessage=\"wpforms-797-field_4_1-error\" required ><label class=\"wpforms-field-label-inline\" for=\"wpforms-797-field_4_1\">Ich willige ein, dass meine personenbezogenen Daten (Name und E-Mail-Adresse) zum Zweck des Newsletterversands verarbeitet werden. Weitere Informationen finden Sie in unserer <a target=\"_blank\" href=\"https:\/\/wppool.abenteuerbox.at\/DA_KV_Linz\/?page_id=1407\">Datenschutzerkl\u00e4rung<\/a>. Diese Einwilligung kann ich jederzeit widerrufen.<\/label><\/li><li class=\"choice-2 depth-1\"><input type=\"checkbox\" id=\"wpforms-797-field_4_2\" name=\"wpforms[fields][4][]\" value=\"Ich stimme zu, dass ich ab sofort Informationen \u00fcber Konzerte etc. vom Linzer Konzertverein an die oben genannte E-Mail-Adresse zugeschickt bekomme.\" aria-errormessage=\"wpforms-797-field_4_2-error\" required ><label class=\"wpforms-field-label-inline\" for=\"wpforms-797-field_4_2\">Ich stimme zu, dass ich ab sofort Informationen \u00fcber Konzerte etc. vom Linzer Konzertverein an die oben genannte E-Mail-Adresse zugeschickt bekomme.<\/label><\/li><\/ul><\/fieldset><\/div><\/div><!-- .wpforms-field-container --><div class=\"wpforms-submit-container\" ><input type=\"hidden\" name=\"wpforms[id]\" value=\"797\"><input type=\"hidden\" name=\"page_title\" value=\"\"><input type=\"hidden\" name=\"page_url\" value=\"https:\/\/wppool.abenteuerbox.at\/DA_KV_Linz\/index.php?rest_route=\/wp\/v2\/pages\/100\"><button type=\"submit\" name=\"wpforms[submit]\" id=\"wpforms-submit-797\" class=\"wpforms-submit\" data-alt-text=\"Sending...\" data-submit-text=\"Anmelden\" aria-live=\"assertive\" value=\"wpforms-submit\">Anmelden<\/button><img decoding=\"async\" src=\"https:\/\/wppool.abenteuerbox.at\/DA_KV_Linz\/wp-content\/plugins\/wpforms-lite\/assets\/images\/submit-spin.svg\" class=\"wpforms-submit-spinner\" style=\"display: none;\" width=\"26\" height=\"26\" alt=\"Loading\"><\/div><\/form><\/div>  <!-- .wpforms-container -->\t\t\t\t<\/div>\n\t\t\t\t<\/div>\n\t\t\t\t\t<\/div>\n\t\t\t\t<\/div>\n\t\t<div class=\"elementor-element elementor-element-e20b3f8 e-flex e-con-boxed e-con e-parent\" data-id=\"e20b3f8\" data-element_type=\"container\">\n\t\t\t\t\t<div class=\"e-con-inner\">\n\t\t\t\t<div class=\"elementor-element elementor-element-d9145b6 elementor-widget elementor-widget-text-editor\" data-id=\"d9145b6\" data-element_type=\"widget\" data-widget_type=\"text-editor.default\">\n\t\t\t\t<div class=\"elementor-widget-container\">\n\t\t\t\t\t\t\t\t\t<p><span style=\"color: #ff0000;\">* <\/span>verpflichend auszuf\u00fcllendes Feld<\/p>\t\t\t\t\t\t\t\t<\/div>\n\t\t\t\t<\/div>\n\t\t\t\t\t<\/div>\n\t\t\t\t<\/div>\n\t\t\t\t<\/div>\n\t\t","protected":false},"excerpt":{"rendered":"<p>Gesch\u00e4tzte MusikliebhaberInnen, liebe Freunde des Linzer Konzertvereins Wir m\u00f6chten in Zukunft noch enger mit Ihnen in Verbindung bleiben und Sie bestm\u00f6glich \u00fcber unsere Aktivit\u00e4ten informieren. Dazu geh\u00f6rt, dass wir Sie rechtzeitig \u00fcber unsere Konzertprogramme benachrichtigen und Ihnen auch vorab schon Hinweise \u00fcber unsere Solisten und die Programmdetails zur Verf\u00fcgung stellen. Nat\u00fcrlich wollen wir f\u00fcr unser &hellip; <\/p>\n<p class=\"link-more\"><a href=\"https:\/\/wppool.abenteuerbox.at\/DA_KV_Linz\/?page_id=100\" class=\"more-link\">Read more<span class=\"screen-reader-text\"> &#8222;Freunde des Linzer Konzertvereins&#8220;<\/span><\/a><\/p>\n","protected":false},"author":1,"featured_media":0,"parent":40,"menu_order":0,"comment_status":"closed","ping_status":"closed","template":"","meta":{"inspiro_hide_title":false,"footnotes":""},"class_list":["post-100","page","type-page","status-publish","hentry"],"_links":{"self":[{"href":"https:\/\/wppool.abenteuerbox.at\/DA_KV_Linz\/index.php?rest_route=\/wp\/v2\/pages\/100","targetHints":{"allow":["GET"]}}],"collection":[{"href":"https:\/\/wppool.abenteuerbox.at\/DA_KV_Linz\/index.php?rest_route=\/wp\/v2\/pages"}],"about":[{"href":"https:\/\/wppool.abenteuerbox.at\/DA_KV_Linz\/index.php?rest_route=\/wp\/v2\/types\/page"}],"author":[{"embeddable":true,"href":"https:\/\/wppool.abenteuerbox.at\/DA_KV_Linz\/index.php?rest_route=\/wp\/v2\/users\/1"}],"replies":[{"embeddable":true,"href":"https:\/\/wppool.abenteuerbox.at\/DA_KV_Linz\/index.php?rest_route=%2Fwp%2Fv2%2Fcomments&post=100"}],"version-history":[{"count":13,"href":"https:\/\/wppool.abenteuerbox.at\/DA_KV_Linz\/index.php?rest_route=\/wp\/v2\/pages\/100\/revisions"}],"predecessor-version":[{"id":2852,"href":"https:\/\/wppool.abenteuerbox.at\/DA_KV_Linz\/index.php?rest_route=\/wp\/v2\/pages\/100\/revisions\/2852"}],"up":[{"embeddable":true,"href":"https:\/\/wppool.abenteuerbox.at\/DA_KV_Linz\/index.php?rest_route=\/wp\/v2\/pages\/40"}],"wp:attachment":[{"href":"https:\/\/wppool.abenteuerbox.at\/DA_KV_Linz\/index.php?rest_route=%2Fwp%2Fv2%2Fmedia&parent=100"}],"curies":[{"name":"wp","href":"https:\/\/api.w.org\/{rel}","templated":true}]}}