{"id":1002,"date":"2025-01-11T10:12:21","date_gmt":"2025-01-11T09:12:21","guid":{"rendered":"https:\/\/wppool.abenteuerbox.at\/DA_KV_Linz\/?page_id=1002"},"modified":"2025-01-24T16:53:10","modified_gmt":"2025-01-24T15:53:10","slug":"gerhard-broessner","status":"publish","type":"page","link":"https:\/\/wppool.abenteuerbox.at\/DA_KV_Linz\/?page_id=1002","title":{"rendered":"Gerhard Br\u00f6ssner"},"content":{"rendered":"\t\t<div data-elementor-type=\"wp-page\" data-elementor-id=\"1002\" class=\"elementor elementor-1002\">\n\t\t\t\t<div class=\"elementor-element elementor-element-a1b6dd0 e-flex e-con-boxed e-con e-parent\" data-id=\"a1b6dd0\" data-element_type=\"container\">\n\t\t\t\t\t<div class=\"e-con-inner\">\n\t\t<div class=\"elementor-element elementor-element-03db557 e-con-full e-flex e-con e-child\" data-id=\"03db557\" data-element_type=\"container\">\n\t\t\t\t<div class=\"elementor-element elementor-element-18be3ec elementor-widget elementor-widget-heading\" data-id=\"18be3ec\" data-element_type=\"widget\" data-widget_type=\"heading.default\">\n\t\t\t\t<div class=\"elementor-widget-container\">\n\t\t\t\t\t<h2 class=\"elementor-heading-title elementor-size-default\">Sprecher<\/h2>\t\t\t\t<\/div>\n\t\t\t\t<\/div>\n\t\t\t\t<div class=\"elementor-element elementor-element-a9fe22b elementor-widget elementor-widget-text-editor\" data-id=\"a9fe22b\" data-element_type=\"widget\" data-widget_type=\"text-editor.default\">\n\t\t\t\t<div class=\"elementor-widget-container\">\n\t\t\t\t\t\t\t\t\t<p><strong>Auftritte im Linzer Konzertverein:<\/strong><\/p><p>28.11.2018, Herbstkonzert<\/p>\t\t\t\t\t\t\t\t<\/div>\n\t\t\t\t<\/div>\n\t\t\t\t<\/div>\n\t\t<div class=\"elementor-element elementor-element-9141606 e-con-full e-flex e-con e-child\" data-id=\"9141606\" data-element_type=\"container\">\n\t\t\t\t<div class=\"elementor-element elementor-element-2ff903c elementor-widget elementor-widget-image\" data-id=\"2ff903c\" data-element_type=\"widget\" data-widget_type=\"image.default\">\n\t\t\t\t<div class=\"elementor-widget-container\">\n\t\t\t\t\t\t\t\t\t\t\t\t\t\t\t<img fetchpriority=\"high\" decoding=\"async\" width=\"360\" height=\"470\" src=\"https:\/\/wppool.abenteuerbox.at\/DA_KV_Linz\/wp-content\/uploads\/2025\/01\/Broessner__Gerhard-1.jpg\" class=\"attachment-large size-large wp-image-6136\" alt=\"\" srcset=\"https:\/\/wppool.abenteuerbox.at\/DA_KV_Linz\/wp-content\/uploads\/2025\/01\/Broessner__Gerhard-1.jpg 360w, https:\/\/wppool.abenteuerbox.at\/DA_KV_Linz\/wp-content\/uploads\/2025\/01\/Broessner__Gerhard-1-230x300.jpg 230w\" sizes=\"100vw\" \/>\t\t\t\t\t\t\t\t\t\t\t\t\t\t\t<\/div>\n\t\t\t\t<\/div>\n\t\t\t\t<\/div>\n\t\t<div class=\"elementor-element elementor-element-63d25de e-con-full e-flex e-con e-child\" data-id=\"63d25de\" data-element_type=\"container\">\n\t\t\t\t<div class=\"elementor-element elementor-element-53354e0 elementor-widget elementor-widget-text-editor\" data-id=\"53354e0\" data-element_type=\"widget\" data-widget_type=\"text-editor.default\">\n\t\t\t\t<div class=\"elementor-widget-container\">\n\t\t\t\t\t\t\t\t\t<p>Gerhard Br\u00f6ssner wurde in Temesv\u00e1r, Rum\u00e4nien geboren. Er studierte an der Hochschule in Bukarest Schauspiel und wanderte im Jahre 1964 mit seinen Eltern nach \u00d6sterreich aus. Bald folgten Engagements an kleinen Wiener Theatern.<\/p><p>Nach einem dreij\u00e4hrigen Engagement am Stadttheater Baden bei Wien wurde er 1968 vom damaligen Schauspielleiter und sp\u00e4teren Intendanten des Linzer Landestheaters, Alfred St\u00f6gm\u00fcller, nach Linz geholt, wo er 36 Jahre als Schauspieler t\u00e4tig war und au\u00dferdem 20 Jahre die Leitung der Jugendtheaterabteilung inne hatte.<\/p><p>Von 1998 bis 2004 war er k\u00fcnstlerischer Leiter des Theatersommers auf Schloss Tillysburg. Beim Sommertheater im Rosengarten am P\u00f6stlingberg spielte er u.a. zusammen mit Christine R\u00fccker und Klaus von Pervulesko in &#8222;Die Nacht in der Rue de l,Amour&#8220; oder auch die Doppelrolle Chandebise\/Pocher in &#8222;Der Floh im Ohr&#8220; von Georges Feydeau.<\/p><p>Auch im Ruhestand ist Br\u00f6ssner nach wie vor immer wieder im Rahmen von Sonderengagements t\u00e4tig. Er begeisterte nach wie vor sein Puplikum u.a. als Weinberl in Johann Nestroys &#8222;Einen Jux will er sich machen&#8220; und Herr von Lips in &#8222;Der Zerissene&#8220;, Valentin in &#8222;Der Verschwender&#8220; von Ferdinand Raimund und Dario Fos &#8222;Johan vom Po entdeckt Amerika&#8220;.<\/p><p>Der Schauspieler spielte in rund 200 sowohl ernsten als auch heiteren Rollen. Seine Paraderolle, Patrick S\u00fcskinds &#8222;Der Kontrabass&#8220;, hat er \u00fcber achzig Mal gespielt, so auch in den Kammerspielen des Linzer Landestheaters, wo ihm 2005 im Anschluss an eine Vorstellung von Landeshauptmann Josef P\u00fchringer die &#8222;Kulturmedaille des Landes Ober\u00f6sterreich&#8220; \u00fcberreicht wurde.<\/p><p>(2017)<\/p>\t\t\t\t\t\t\t\t<\/div>\n\t\t\t\t<\/div>\n\t\t\t\t<div class=\"elementor-element elementor-element-255f1fc elementor-widget elementor-widget-text-editor\" data-id=\"255f1fc\" data-element_type=\"widget\" data-widget_type=\"text-editor.default\">\n\t\t\t\t<div class=\"elementor-widget-container\">\n\t\t\t\t\t\t\t\t\t<p style=\"text-align: right;\">\n<a href=\"javascript:history.back();\">Zur\u00fcck<\/a>\n<\/p>\t\t\t\t\t\t\t\t<\/div>\n\t\t\t\t<\/div>\n\t\t\t\t<\/div>\n\t\t\t\t\t<\/div>\n\t\t\t\t<\/div>\n\t\t\t\t<\/div>\n\t\t","protected":false},"excerpt":{"rendered":"<p>Sprecher Auftritte im Linzer Konzertverein: 28.11.2018, Herbstkonzert Gerhard Br\u00f6ssner wurde in Temesv\u00e1r, Rum\u00e4nien geboren. Er studierte an der Hochschule in Bukarest Schauspiel und wanderte im Jahre 1964 mit seinen Eltern nach \u00d6sterreich aus. Bald folgten Engagements an kleinen Wiener Theatern. Nach einem dreij\u00e4hrigen Engagement am Stadttheater Baden bei Wien wurde er 1968 vom damaligen Schauspielleiter &hellip; <\/p>\n<p class=\"link-more\"><a href=\"https:\/\/wppool.abenteuerbox.at\/DA_KV_Linz\/?page_id=1002\" class=\"more-link\">Read more<span class=\"screen-reader-text\"> &#8222;Gerhard Br\u00f6ssner&#8220;<\/span><\/a><\/p>\n","protected":false},"author":1,"featured_media":0,"parent":0,"menu_order":0,"comment_status":"closed","ping_status":"closed","template":"","meta":{"inspiro_hide_title":false,"footnotes":""},"class_list":["post-1002","page","type-page","status-publish","hentry"],"_links":{"self":[{"href":"https:\/\/wppool.abenteuerbox.at\/DA_KV_Linz\/index.php?rest_route=\/wp\/v2\/pages\/1002","targetHints":{"allow":["GET"]}}],"collection":[{"href":"https:\/\/wppool.abenteuerbox.at\/DA_KV_Linz\/index.php?rest_route=\/wp\/v2\/pages"}],"about":[{"href":"https:\/\/wppool.abenteuerbox.at\/DA_KV_Linz\/index.php?rest_route=\/wp\/v2\/types\/page"}],"author":[{"embeddable":true,"href":"https:\/\/wppool.abenteuerbox.at\/DA_KV_Linz\/index.php?rest_route=\/wp\/v2\/users\/1"}],"replies":[{"embeddable":true,"href":"https:\/\/wppool.abenteuerbox.at\/DA_KV_Linz\/index.php?rest_route=%2Fwp%2Fv2%2Fcomments&post=1002"}],"version-history":[{"count":22,"href":"https:\/\/wppool.abenteuerbox.at\/DA_KV_Linz\/index.php?rest_route=\/wp\/v2\/pages\/1002\/revisions"}],"predecessor-version":[{"id":6382,"href":"https:\/\/wppool.abenteuerbox.at\/DA_KV_Linz\/index.php?rest_route=\/wp\/v2\/pages\/1002\/revisions\/6382"}],"wp:attachment":[{"href":"https:\/\/wppool.abenteuerbox.at\/DA_KV_Linz\/index.php?rest_route=%2Fwp%2Fv2%2Fmedia&parent=1002"}],"curies":[{"name":"wp","href":"https:\/\/api.w.org\/{rel}","templated":true}]}}