{"id":1019,"date":"2025-01-11T10:19:27","date_gmt":"2025-01-11T09:19:27","guid":{"rendered":"https:\/\/wppool.abenteuerbox.at\/DA_KV_Linz\/?page_id=1019"},"modified":"2025-01-24T16:54:56","modified_gmt":"2025-01-24T15:54:56","slug":"albert-pesendorfer","status":"publish","type":"page","link":"https:\/\/wppool.abenteuerbox.at\/DA_KV_Linz\/?page_id=1019","title":{"rendered":"Albert Pesendorfer"},"content":{"rendered":"\t\t<div data-elementor-type=\"wp-page\" data-elementor-id=\"1019\" class=\"elementor elementor-1019\">\n\t\t\t\t<div class=\"elementor-element elementor-element-d7fb14d e-flex e-con-boxed e-con e-parent\" data-id=\"d7fb14d\" data-element_type=\"container\">\n\t\t\t\t\t<div class=\"e-con-inner\">\n\t\t<div class=\"elementor-element elementor-element-af46e1c e-con-full e-flex e-con e-child\" data-id=\"af46e1c\" data-element_type=\"container\">\n\t\t\t\t<div class=\"elementor-element elementor-element-9d98b48 elementor-widget elementor-widget-heading\" data-id=\"9d98b48\" data-element_type=\"widget\" data-widget_type=\"heading.default\">\n\t\t\t\t<div class=\"elementor-widget-container\">\n\t\t\t\t\t<h2 class=\"elementor-heading-title elementor-size-default\">Bass<\/h2>\t\t\t\t<\/div>\n\t\t\t\t<\/div>\n\t\t\t\t<div class=\"elementor-element elementor-element-39f1735 elementor-widget elementor-widget-text-editor\" data-id=\"39f1735\" data-element_type=\"widget\" data-widget_type=\"text-editor.default\">\n\t\t\t\t<div class=\"elementor-widget-container\">\n\t\t\t\t\t\t\t\t\t<p><a href=\"http:\/\/www.albert-pesendorfer.com\">www.albert-pesendorfer.com<\/a><\/p><p><strong>Auftritte im Linzer Konzertverein:<\/strong><\/p><p>06.10.2018, Kopie des Konzertes vom 4. April 1868<\/p>\t\t\t\t\t\t\t\t<\/div>\n\t\t\t\t<\/div>\n\t\t\t\t<\/div>\n\t\t<div class=\"elementor-element elementor-element-1e1a1ac e-con-full e-flex e-con e-child\" data-id=\"1e1a1ac\" data-element_type=\"container\">\n\t\t\t\t<div class=\"elementor-element elementor-element-3f42271 elementor-widget elementor-widget-image\" data-id=\"3f42271\" data-element_type=\"widget\" data-widget_type=\"image.default\">\n\t\t\t\t<div class=\"elementor-widget-container\">\n\t\t\t\t\t\t\t\t\t\t\t\t\t\t\t<img fetchpriority=\"high\" decoding=\"async\" width=\"339\" height=\"437\" src=\"https:\/\/wppool.abenteuerbox.at\/DA_KV_Linz\/wp-content\/uploads\/2025\/01\/Pesendorfer_Albert-1.jpg\" class=\"attachment-large size-large wp-image-6188\" alt=\"\" srcset=\"https:\/\/wppool.abenteuerbox.at\/DA_KV_Linz\/wp-content\/uploads\/2025\/01\/Pesendorfer_Albert-1.jpg 339w, https:\/\/wppool.abenteuerbox.at\/DA_KV_Linz\/wp-content\/uploads\/2025\/01\/Pesendorfer_Albert-1-233x300.jpg 233w\" sizes=\"100vw\" \/>\t\t\t\t\t\t\t\t\t\t\t\t\t\t\t<\/div>\n\t\t\t\t<\/div>\n\t\t\t\t<\/div>\n\t\t<div class=\"elementor-element elementor-element-8d4afc7 e-con-full e-flex e-con e-child\" data-id=\"8d4afc7\" data-element_type=\"container\">\n\t\t\t\t<div class=\"elementor-element elementor-element-943b9b1 elementor-widget elementor-widget-text-editor\" data-id=\"943b9b1\" data-element_type=\"widget\" data-widget_type=\"text-editor.default\">\n\t\t\t\t<div class=\"elementor-widget-container\">\n\t\t\t\t\t\t\t\t\t<p>Der geb\u00fcrtige Ober\u00f6sterreicher kehrt in dieser und den kommenden Spielzeiten als K\u00f6nig Marke \/ TRISTAN UND ISOLDE, Landgraf Hermann \/ TANNH\u00c4USER, K\u00f6nig Heinrich \/ LOHENGRIN, Gro\u00dfinquisitor \/ DON CARLOS, Timur \/ TURANDOT und in einer Urauff\u00fchrung an die Deutsche Oper Berlin zur\u00fcck, wo er von 2012 bis 2016 Ensemblemitglied war. An diesem Haus war er u.a. als Hans Sachs \/ DIE MEISTERSINGR VON N\u00dcRNBERG, Gurnemanz \/ PARSIFAL, Baron Ochs \/ DER ROSENKAVALIER, K\u00f6nig Heinrich \/ LOHENGRIN, Sarastro \/ DIE ZAUBERFL\u00d6TE, Banquo \/ MACBETH und Sparafucile \/ RIGOLETTO zu h\u00f6ren.<br \/><br \/>In der Nationaloper Tokyo komplettiert er in der Spielzeit 2017 \/ 2018 mit der G\u00d6TTERD\u00c4MMERUNG \/ Hagen den Ring des Nibelungen. Zudem stehen seine Deb\u00fcts am Opernhaus Z\u00fcrich mit DIE GEZEICHNETEN \/ Lodovico Nardi und der Op\u00e9ra de Monte Carlo an. F\u00fcr eine Produktion FIDELIO \/ Rocco kehrt er an die Hamburgische Staatsoper zur\u00fcck.<br \/><br \/>Albert Pesendorfer studierte Gesang und Fl\u00f6te in Linz und Wien. Festengagements f\u00fchrten ihn von 2002 bis 2005 an das Theater Erfurt, in der Spielzeit 2005 \/ 2006 an das Tiroler Landestheater Innsbruck und von 2006 bis 2011 an die Staatsoper Hannover.<br \/><br \/>Sein Opernrepertoire umfasst ca. 70 Partien, vorwiegend die des Deutschen Wagner-Fachs wie Hans Sachs, Gurnemanz, K\u00f6nig Heinrich, K\u00f6nig Marke oder die des italienischen Fachs, wie Filippo II., Zaccaria, Sparafucile und Banquo.<br \/><br \/>Zahlreiche Gastspiele f\u00fchrten den Bass an renommierte deutsche und internationale B\u00fchnen mit den gro\u00dfen Rollen seines Fachs u.a. an die die Staatsoper Stuttgart, die Oper K\u00f6ln, die Hamburgische Staatsoper, die Staatstheater Darmstadt, Wiesbaden und N\u00fcrnberg, das Aalto Theater Essen, die Vlaamse Opera Antwerpen, an die Wiener Volksoper und das Theater an der Wien, an die Opernh\u00e4user in Graz und Linz, so wie zum M\u00fcpa-Festival Budapest und den Bregenzer und Bayreuther Festspielen. Bei letzteren gab er 2016 unter Marek Janowski mit \u00fcberw\u00e4ltigen Erfolg sein Deb\u00fct als Hagen in der Premiere G\u00f6tterd\u00e4mmerung (inkl. TV- und Radiolive\u00fcbertragung).<br \/><br \/>Konzertauftritte f\u00fchrten den S\u00e4nger u.a. in den Wiener Musikverein, in das Wiener Konzerthaus, in die Berliner Philharmonie, sowie nach Japan und in die USA.<br \/><br \/>Im Wintersemester 2015 begann Albert Pesendorfer zudem seine Lehrt\u00e4tigkeit als Professor f\u00fcr Gesang an der Universit\u00e4t der K\u00fcnste in Berlin.<br \/><br \/>(2018)<\/p>\t\t\t\t\t\t\t\t<\/div>\n\t\t\t\t<\/div>\n\t\t\t\t<div class=\"elementor-element elementor-element-585ca79 elementor-widget elementor-widget-text-editor\" data-id=\"585ca79\" data-element_type=\"widget\" data-widget_type=\"text-editor.default\">\n\t\t\t\t<div class=\"elementor-widget-container\">\n\t\t\t\t\t\t\t\t\t<p style=\"text-align: right;\">\n<a href=\"javascript:history.back();\">Zur\u00fcck<\/a>\n<\/p>\t\t\t\t\t\t\t\t<\/div>\n\t\t\t\t<\/div>\n\t\t\t\t<\/div>\n\t\t\t\t\t<\/div>\n\t\t\t\t<\/div>\n\t\t\t\t<\/div>\n\t\t","protected":false},"excerpt":{"rendered":"<p>Bass www.albert-pesendorfer.com Auftritte im Linzer Konzertverein: 06.10.2018, Kopie des Konzertes vom 4. April 1868 Der geb\u00fcrtige Ober\u00f6sterreicher kehrt in dieser und den kommenden Spielzeiten als K\u00f6nig Marke \/ TRISTAN UND ISOLDE, Landgraf Hermann \/ TANNH\u00c4USER, K\u00f6nig Heinrich \/ LOHENGRIN, Gro\u00dfinquisitor \/ DON CARLOS, Timur \/ TURANDOT und in einer Urauff\u00fchrung an die Deutsche Oper Berlin &hellip; <\/p>\n<p class=\"link-more\"><a href=\"https:\/\/wppool.abenteuerbox.at\/DA_KV_Linz\/?page_id=1019\" class=\"more-link\">Read more<span class=\"screen-reader-text\"> &#8222;Albert Pesendorfer&#8220;<\/span><\/a><\/p>\n","protected":false},"author":1,"featured_media":0,"parent":0,"menu_order":0,"comment_status":"closed","ping_status":"closed","template":"","meta":{"inspiro_hide_title":false,"footnotes":""},"class_list":["post-1019","page","type-page","status-publish","hentry"],"_links":{"self":[{"href":"https:\/\/wppool.abenteuerbox.at\/DA_KV_Linz\/index.php?rest_route=\/wp\/v2\/pages\/1019","targetHints":{"allow":["GET"]}}],"collection":[{"href":"https:\/\/wppool.abenteuerbox.at\/DA_KV_Linz\/index.php?rest_route=\/wp\/v2\/pages"}],"about":[{"href":"https:\/\/wppool.abenteuerbox.at\/DA_KV_Linz\/index.php?rest_route=\/wp\/v2\/types\/page"}],"author":[{"embeddable":true,"href":"https:\/\/wppool.abenteuerbox.at\/DA_KV_Linz\/index.php?rest_route=\/wp\/v2\/users\/1"}],"replies":[{"embeddable":true,"href":"https:\/\/wppool.abenteuerbox.at\/DA_KV_Linz\/index.php?rest_route=%2Fwp%2Fv2%2Fcomments&post=1019"}],"version-history":[{"count":22,"href":"https:\/\/wppool.abenteuerbox.at\/DA_KV_Linz\/index.php?rest_route=\/wp\/v2\/pages\/1019\/revisions"}],"predecessor-version":[{"id":6392,"href":"https:\/\/wppool.abenteuerbox.at\/DA_KV_Linz\/index.php?rest_route=\/wp\/v2\/pages\/1019\/revisions\/6392"}],"wp:attachment":[{"href":"https:\/\/wppool.abenteuerbox.at\/DA_KV_Linz\/index.php?rest_route=%2Fwp%2Fv2%2Fmedia&parent=1019"}],"curies":[{"name":"wp","href":"https:\/\/api.w.org\/{rel}","templated":true}]}}