{"id":1031,"date":"2025-01-11T10:24:56","date_gmt":"2025-01-11T09:24:56","guid":{"rendered":"https:\/\/wppool.abenteuerbox.at\/DA_KV_Linz\/?page_id=1031"},"modified":"2025-01-24T16:55:25","modified_gmt":"2025-01-24T15:55:25","slug":"vinzenz-praxmarer","status":"publish","type":"page","link":"https:\/\/wppool.abenteuerbox.at\/DA_KV_Linz\/?page_id=1031","title":{"rendered":"Vinzenz Praxmarer"},"content":{"rendered":"\t\t<div data-elementor-type=\"wp-page\" data-elementor-id=\"1031\" class=\"elementor elementor-1031\">\n\t\t\t\t<div class=\"elementor-element elementor-element-8fe925f e-flex e-con-boxed e-con e-parent\" data-id=\"8fe925f\" data-element_type=\"container\">\n\t\t\t\t\t<div class=\"e-con-inner\">\n\t\t<div class=\"elementor-element elementor-element-ef13c63 e-con-full e-flex e-con e-child\" data-id=\"ef13c63\" data-element_type=\"container\">\n\t\t\t\t<div class=\"elementor-element elementor-element-7b214da elementor-widget elementor-widget-heading\" data-id=\"7b214da\" data-element_type=\"widget\" data-widget_type=\"heading.default\">\n\t\t\t\t<div class=\"elementor-widget-container\">\n\t\t\t\t\t<h2 class=\"elementor-heading-title elementor-size-default\">Dirigent<\/h2>\t\t\t\t<\/div>\n\t\t\t\t<\/div>\n\t\t\t\t<div class=\"elementor-element elementor-element-a672313 elementor-widget elementor-widget-text-editor\" data-id=\"a672313\" data-element_type=\"widget\" data-widget_type=\"text-editor.default\">\n\t\t\t\t<div class=\"elementor-widget-container\">\n\t\t\t\t\t\t\t\t\t<p><a href=\"https:\/\/www.divertimentoviennese.at\/de\/musikerliste\/kuenstlerische-leitung\/vinzenz-praxmarer\/\">www.divertimentoviennese.at<\/a><\/p><p><strong>Auftritte im Linzer Konzertverein:<\/strong><\/p><p>21.03.2018, Fr\u00fchjahrskonzert<br \/>20.03.2013, Fr\u00fchjahrskonzert<br \/>26.11.2008, Sinfoniekonzert<\/p>\t\t\t\t\t\t\t\t<\/div>\n\t\t\t\t<\/div>\n\t\t\t\t<\/div>\n\t\t<div class=\"elementor-element elementor-element-56735a6 e-con-full e-flex e-con e-child\" data-id=\"56735a6\" data-element_type=\"container\">\n\t\t\t\t<div class=\"elementor-element elementor-element-969a42b elementor-widget elementor-widget-image\" data-id=\"969a42b\" data-element_type=\"widget\" data-widget_type=\"image.default\">\n\t\t\t\t<div class=\"elementor-widget-container\">\n\t\t\t\t\t\t\t\t\t\t\t\t\t\t\t<img fetchpriority=\"high\" decoding=\"async\" width=\"480\" height=\"640\" src=\"https:\/\/wppool.abenteuerbox.at\/DA_KV_Linz\/wp-content\/uploads\/2025\/01\/Praxmarer_Vinzenz.jpg\" class=\"attachment-large size-large wp-image-1033\" alt=\"\" srcset=\"https:\/\/wppool.abenteuerbox.at\/DA_KV_Linz\/wp-content\/uploads\/2025\/01\/Praxmarer_Vinzenz.jpg 480w, https:\/\/wppool.abenteuerbox.at\/DA_KV_Linz\/wp-content\/uploads\/2025\/01\/Praxmarer_Vinzenz-225x300.jpg 225w\" sizes=\"100vw\" \/>\t\t\t\t\t\t\t\t\t\t\t\t\t\t\t<\/div>\n\t\t\t\t<\/div>\n\t\t\t\t<\/div>\n\t\t<div class=\"elementor-element elementor-element-6c7849a e-con-full e-flex e-con e-child\" data-id=\"6c7849a\" data-element_type=\"container\">\n\t\t\t\t<div class=\"elementor-element elementor-element-d9596d9 elementor-widget elementor-widget-text-editor\" data-id=\"d9596d9\" data-element_type=\"widget\" data-widget_type=\"text-editor.default\">\n\t\t\t\t<div class=\"elementor-widget-container\">\n\t\t\t\t\t\t\t\t\t<p>Vinzenz Praxmarer absolvierte sein Dirigierstudium an der Privatuniversit\u00e4t Konservatorium Wien, Abschluss 2007. Er arbeitete als Assistent u.a. von Kirill Petrenko, Bertrand de Billy, Marc Albrecht, Yannick N\u00e9zet-S\u00e9guin, Christoph Eschenbach und zuletzt Franz Welser-M\u00f6st und war Assistenzdirigent und Studienleiter u.a. am Theater an der Wien (Intermezzo, Ariadne auf Naxos, Der Freisch\u00fctz), bei den Salzburger Festspielen (Lulu, Cos\u00ec fan tutte, Don Giovanni, Fidelio, Die Liebe der Danae), an der Op\u00e9ra national de Lyon sowie an der Nederlandse Opera Amsterdam (Don Carlo, Il Trittico, Eine florentinische Trag\u00f6die).<\/p><p>Als Operndirigent deb\u00fctierte Praxmarer 2006 beim Leh\u00e1r-Festival Bad Ischl, wo zahlreiche Produktionen sowie 2011 ein Galakonzert mit KS Angelika Kirchschlager folgten, mit der ihn seither eine regelm\u00e4\u00dfige Zusammenarbeit verbindet. Weitere Deb\u00fcts folgten: Festival operklosterneuburg Le Nozze di Figaro, Wiener Volksoper (Das Land des L\u00e4chelns), Landestheater Bregenz (Die Zauberfl\u00f6te), Theater Bern, Theater St. Gallen. 2012 gab Praxmarer sein Deb\u00fct an der Wiener Staatsoper mit Richard Wagners Fr\u00fchwerk Die Feen, er leitete dort au\u00dferdem die musikalische Neueinstudierung der Kinderoper Das Traumfresserchen, die Urauff\u00fchrung von Elisabeth Naskes Kinderoper Das St\u00e4dtchen Drumherum sowie Wagners Nibelungenring f\u00fcr Kinder. 2015 dirigierte er an der Op\u00e9ra national de Paris die Produktion Siegfried et l\u2019anneau maudit (gek\u00fcrzte Fassung von Wagners Ring des Nibelungen).<\/p><p>Im symphonischen Bereich f\u00fchrten ihn Einladungen zum Lettischen Nationalorchester (Riga), zum M\u00fcnchner Rundfunkorchester (Prinzregententheater) sowie zum Moscow State Symphony Orchestra (Svetlanovsky Hall Moskau), weiters zum Linzer Konzertverein (Brucknerhaus Linz), Kaunas City Symphony Orchestra (Litauen), Bad Reichenhaller Philharmonie, Innviertler Symphonieorchester.<\/p><p>1998 gr\u00fcndete er das Wiener Kammerorchester Divertimento Viennese, dessen k\u00fcnstlerischer Leiter er seither ist. Mit KS Angelika Kirchschlager konzertierte das Orchester im Fr\u00fchjahr 2016 im Linzer Brucknerhaus und im Wiener Konzerthaus mit Werken von Komponisten, die zur Emigration gezwungen wurden (Korngold, Sch\u00f6nberg, Weill). J\u00fcngste Konzertreisen f\u00fchrten das Orchester nach Mailand, Chemnitz, New York und Las Palmas.<\/p><p>Die Saison 2016\/17 brachte Neuproduktionen von Pollicino am Theater St. Gallen, H\u00e4nsel und Gretel am Theater an der Wien in der Kammeroper, sowie Cos\u00ec fan tutte und symphonische Konzerte mit der Sommerakademie der Wiener Philharmoniker, mit der ihn mittlerweile eine mehrj\u00e4hrige Zusammenarbeit verbindet, sowie Konzerte mit der Philharmonie in Sofia, dem Musikkollegium Winterthur, der Wiener Akademischen Philharmonie sowie dem Orchester Divertimento Viennese.<\/p><p>In der kommenden Saison wird Vinzenz Praxmarer mit Franz Welser-M\u00f6st bei den Salzburger Festspielen f\u00fcr Salome zusammenarbeiten. Au\u00dferdem stehen Konzerte mit dem Linzer Konzertverein, der Wiener Akademischen Philharmonie, der Sommerakademie der Wiener Philharmoniker, dem Divertimento Viennese sowie das Deb\u00fct mit dem Tonk\u00fcnstler-Orchester am Programm.<\/p><p>(2018)<\/p>\t\t\t\t\t\t\t\t<\/div>\n\t\t\t\t<\/div>\n\t\t\t\t<div class=\"elementor-element elementor-element-3c98744 elementor-widget elementor-widget-text-editor\" data-id=\"3c98744\" data-element_type=\"widget\" data-widget_type=\"text-editor.default\">\n\t\t\t\t<div class=\"elementor-widget-container\">\n\t\t\t\t\t\t\t\t\t<p style=\"text-align: right;\">\n<a href=\"javascript:history.back();\">Zur\u00fcck<\/a>\n<\/p>\t\t\t\t\t\t\t\t<\/div>\n\t\t\t\t<\/div>\n\t\t\t\t<\/div>\n\t\t\t\t\t<\/div>\n\t\t\t\t<\/div>\n\t\t\t\t<\/div>\n\t\t","protected":false},"excerpt":{"rendered":"<p>Dirigent www.divertimentoviennese.at Auftritte im Linzer Konzertverein: 21.03.2018, Fr\u00fchjahrskonzert20.03.2013, Fr\u00fchjahrskonzert26.11.2008, Sinfoniekonzert Vinzenz Praxmarer absolvierte sein Dirigierstudium an der Privatuniversit\u00e4t Konservatorium Wien, Abschluss 2007. Er arbeitete als Assistent u.a. von Kirill Petrenko, Bertrand de Billy, Marc Albrecht, Yannick N\u00e9zet-S\u00e9guin, Christoph Eschenbach und zuletzt Franz Welser-M\u00f6st und war Assistenzdirigent und Studienleiter u.a. am Theater an der Wien (Intermezzo, &hellip; <\/p>\n<p class=\"link-more\"><a href=\"https:\/\/wppool.abenteuerbox.at\/DA_KV_Linz\/?page_id=1031\" class=\"more-link\">Read more<span class=\"screen-reader-text\"> &#8222;Vinzenz Praxmarer&#8220;<\/span><\/a><\/p>\n","protected":false},"author":1,"featured_media":0,"parent":0,"menu_order":0,"comment_status":"closed","ping_status":"closed","template":"","meta":{"inspiro_hide_title":false,"footnotes":""},"class_list":["post-1031","page","type-page","status-publish","hentry"],"_links":{"self":[{"href":"https:\/\/wppool.abenteuerbox.at\/DA_KV_Linz\/index.php?rest_route=\/wp\/v2\/pages\/1031","targetHints":{"allow":["GET"]}}],"collection":[{"href":"https:\/\/wppool.abenteuerbox.at\/DA_KV_Linz\/index.php?rest_route=\/wp\/v2\/pages"}],"about":[{"href":"https:\/\/wppool.abenteuerbox.at\/DA_KV_Linz\/index.php?rest_route=\/wp\/v2\/types\/page"}],"author":[{"embeddable":true,"href":"https:\/\/wppool.abenteuerbox.at\/DA_KV_Linz\/index.php?rest_route=\/wp\/v2\/users\/1"}],"replies":[{"embeddable":true,"href":"https:\/\/wppool.abenteuerbox.at\/DA_KV_Linz\/index.php?rest_route=%2Fwp%2Fv2%2Fcomments&post=1031"}],"version-history":[{"count":19,"href":"https:\/\/wppool.abenteuerbox.at\/DA_KV_Linz\/index.php?rest_route=\/wp\/v2\/pages\/1031\/revisions"}],"predecessor-version":[{"id":6395,"href":"https:\/\/wppool.abenteuerbox.at\/DA_KV_Linz\/index.php?rest_route=\/wp\/v2\/pages\/1031\/revisions\/6395"}],"wp:attachment":[{"href":"https:\/\/wppool.abenteuerbox.at\/DA_KV_Linz\/index.php?rest_route=%2Fwp%2Fv2%2Fmedia&parent=1031"}],"curies":[{"name":"wp","href":"https:\/\/api.w.org\/{rel}","templated":true}]}}