{"id":1037,"date":"2025-01-11T10:27:45","date_gmt":"2025-01-11T09:27:45","guid":{"rendered":"https:\/\/wppool.abenteuerbox.at\/DA_KV_Linz\/?page_id=1037"},"modified":"2025-01-24T16:56:01","modified_gmt":"2025-01-24T15:56:01","slug":"wiener-hornensemble","status":"publish","type":"page","link":"https:\/\/wppool.abenteuerbox.at\/DA_KV_Linz\/?page_id=1037","title":{"rendered":"Wiener Hornensemble"},"content":{"rendered":"\t\t<div data-elementor-type=\"wp-page\" data-elementor-id=\"1037\" class=\"elementor elementor-1037\">\n\t\t\t\t<div class=\"elementor-element elementor-element-6083b7b e-flex e-con-boxed e-con e-parent\" data-id=\"6083b7b\" data-element_type=\"container\">\n\t\t\t\t\t<div class=\"e-con-inner\">\n\t\t<div class=\"elementor-element elementor-element-c472a41 e-con-full e-flex e-con e-child\" data-id=\"c472a41\" data-element_type=\"container\">\n\t\t\t\t<div class=\"elementor-element elementor-element-ae469c0 elementor-widget elementor-widget-heading\" data-id=\"ae469c0\" data-element_type=\"widget\" data-widget_type=\"heading.default\">\n\t\t\t\t<div class=\"elementor-widget-container\">\n\t\t\t\t\t<h2 class=\"elementor-heading-title elementor-size-default\">Horn<\/h2>\t\t\t\t<\/div>\n\t\t\t\t<\/div>\n\t\t\t\t<div class=\"elementor-element elementor-element-00df974 elementor-widget elementor-widget-text-editor\" data-id=\"00df974\" data-element_type=\"widget\" data-widget_type=\"text-editor.default\">\n\t\t\t\t<div class=\"elementor-widget-container\">\n\t\t\t\t\t\t\t\t\t<p><strong>Auftritte im Linzer Konzertverein:<\/strong><\/p><p>21.03.2018, Fr\u00fchjahrskonzert<\/p>\t\t\t\t\t\t\t\t<\/div>\n\t\t\t\t<\/div>\n\t\t\t\t<\/div>\n\t\t<div class=\"elementor-element elementor-element-975df26 e-con-full e-flex e-con e-child\" data-id=\"975df26\" data-element_type=\"container\">\n\t\t\t\t<div class=\"elementor-element elementor-element-51c6b0c elementor-widget elementor-widget-image\" data-id=\"51c6b0c\" data-element_type=\"widget\" data-widget_type=\"image.default\">\n\t\t\t\t<div class=\"elementor-widget-container\">\n\t\t\t\t\t\t\t\t\t\t\t\t\t\t\t<img fetchpriority=\"high\" decoding=\"async\" width=\"950\" height=\"751\" src=\"https:\/\/wppool.abenteuerbox.at\/DA_KV_Linz\/wp-content\/uploads\/2025\/01\/Wiener_Hornensemble_-1024x809.jpg\" class=\"attachment-large size-large wp-image-1040\" alt=\"\" srcset=\"https:\/\/wppool.abenteuerbox.at\/DA_KV_Linz\/wp-content\/uploads\/2025\/01\/Wiener_Hornensemble_-1024x809.jpg 1024w, https:\/\/wppool.abenteuerbox.at\/DA_KV_Linz\/wp-content\/uploads\/2025\/01\/Wiener_Hornensemble_-300x237.jpg 300w, https:\/\/wppool.abenteuerbox.at\/DA_KV_Linz\/wp-content\/uploads\/2025\/01\/Wiener_Hornensemble_.jpg 1280w\" sizes=\"100vw\" \/>\t\t\t\t\t\t\t\t\t\t\t\t\t\t\t<\/div>\n\t\t\t\t<\/div>\n\t\t\t\t<\/div>\n\t\t<div class=\"elementor-element elementor-element-34b96ac e-con-full e-flex e-con e-child\" data-id=\"34b96ac\" data-element_type=\"container\">\n\t\t\t\t<div class=\"elementor-element elementor-element-5ada21b elementor-widget elementor-widget-text-editor\" data-id=\"5ada21b\" data-element_type=\"widget\" data-widget_type=\"text-editor.default\">\n\t\t\t\t<div class=\"elementor-widget-container\">\n\t\t\t\t\t\t\t\t\t<p>In der Stifterstra\u00dfe Linz haben sich schon einige Ensembles gegr\u00fcndet, so auch dieses. Manuel Huber, Manuel Egger, Klaus Leherbauer und Peter Dorfmayr haben sich im Musikgymnasium Linz kennengelernt und 2004 beim Jugendwettbewerb Prima La Musica teilgenommen. Das war der Beginn einer langen, gemeinsamen, musikalischen T\u00e4tigkeit, die die vier Hornisten zusammengeschwei\u00dft hat. Diese gemeinsame T\u00e4tigkeit umfasst beispielsweise Konzertabende mit klassischer Hornquartett-Literatur oder das Organisieren von Seminaren f\u00fcr Hornisten. Kammermusikalisches Wirken dieser vier Hornisten, h\u00f6rt man in Konzerten der Vienna Brass Connection und der Vienna Horns.<br \/><br \/>Seit 2017 tr\u00e4gt das Hornquartett den Namen \u201eWiener Hornensemble\u201c.<br \/><br \/>Manuel Huber, geboren 1988 in Ried\/Innkreis. Hornstudium an der Bruckner Privatuniversit\u00e4t Linz und an der Konservatorium Wien Privatuniversit\u00e4t. Mitglied des Hornquartettes Cordon Brass, Mitglied und Jugendreferent des Musikvereins St. Willibald. Mehrere internationale Tourneen (auch als Solist). Engagement als 4. Hornist des Orchesters der Wiener Staatsoper und der Wiener Philharmoniker. Seit 2014 Solohornist der Wiener Staatsoper und der Wiener Philharmoniker.<br \/><br \/>Manuel Egger, geboren 1990 in Linz. Hornunterricht am Musikgymnasium Linz, 2013 Bachelor Konzertfachstudium an der Anton Bruckner Privatuniversit\u00e4t. Unterricht und Meisterkurse an der Universit\u00e4t f\u00fcr Musik und darstellende Kunst Wien. Substitut in vielen Orchestern (u.a. B\u00fchnenorchester der Wiener Staatsoper, Wiener Kammerorchester, Camerata Salzburg). Akademist der Angelika-Prokopp-Sommerakademie in Salzburg der Wiener Philharmoniker. Mitglied des Hornquartettes Cordon Brass und der Trachtenmusikkapelle Bad Leonfelden.<br \/><br \/>Klaus Leherbauer, geboren 1990 in Ried\/Innkreis. Erster Hornunterricht an der Landesmusikschule Ried\/Innkreis, w\u00e4hrend der Schulzeit am Musikgymnasium Linz und an der Anton Bruckner Privatuniversit\u00e4t Linz. Seit 2009 Konzertfachstudium an der Universit\u00e4t f\u00fcr Musik und darstellende Kunst Wien. Substitut in diversen Orchestern (u.a. Tonk\u00fcnstlerorchester Nieder\u00f6sterreich, B\u00fchnenorchester der Wiener Staatsoper, Wiener Volksoper, Wiener Symphoniker). Seit 2013 Zeitvertrag als 1. Hornist an der Wiener Volksoper, Mitglied des Hornquartettes Cordon Brass.<br \/><br \/>Peter Dorfmayr, geboren 1989 in Steyr. Erster Hornunterricht an der Musikschule St. Peter. Unterricht an der Anton Bruckner Privatuniversit\u00e4t Linz. Seit 2012 Konzertfachstudium an der Universit\u00e4t f\u00fcr Musik und darstellende Kunst Wien. Spielte in zahlreichen Orchestern (u.a. Wiener Philharmoniker, Tonk\u00fcnstlerorchester Nieder\u00f6sterreich, Brucknerorchester Linz, Concentus Musicus Wien). 1.\/3. Hornist im Mozarteum Orchester Salzburg, Engagement im B\u00fchnenorchester der Wiener Staatsoper, 2014-2016 Solohornist der Volksoper Wien, seit 2016 Solohornist der Wiener Symphoniker.<br \/><br \/>(2017)<\/p>\t\t\t\t\t\t\t\t<\/div>\n\t\t\t\t<\/div>\n\t\t\t\t<div class=\"elementor-element elementor-element-cabbb0e elementor-widget elementor-widget-text-editor\" data-id=\"cabbb0e\" data-element_type=\"widget\" data-widget_type=\"text-editor.default\">\n\t\t\t\t<div class=\"elementor-widget-container\">\n\t\t\t\t\t\t\t\t\t<p style=\"text-align: right;\">\n<a href=\"javascript:history.back();\">Zur\u00fcck<\/a>\n<\/p>\t\t\t\t\t\t\t\t<\/div>\n\t\t\t\t<\/div>\n\t\t\t\t<\/div>\n\t\t\t\t\t<\/div>\n\t\t\t\t<\/div>\n\t\t\t\t<\/div>\n\t\t","protected":false},"excerpt":{"rendered":"<p>Horn Auftritte im Linzer Konzertverein: 21.03.2018, Fr\u00fchjahrskonzert In der Stifterstra\u00dfe Linz haben sich schon einige Ensembles gegr\u00fcndet, so auch dieses. Manuel Huber, Manuel Egger, Klaus Leherbauer und Peter Dorfmayr haben sich im Musikgymnasium Linz kennengelernt und 2004 beim Jugendwettbewerb Prima La Musica teilgenommen. Das war der Beginn einer langen, gemeinsamen, musikalischen T\u00e4tigkeit, die die vier &hellip; <\/p>\n<p class=\"link-more\"><a href=\"https:\/\/wppool.abenteuerbox.at\/DA_KV_Linz\/?page_id=1037\" class=\"more-link\">Read more<span class=\"screen-reader-text\"> &#8222;Wiener Hornensemble&#8220;<\/span><\/a><\/p>\n","protected":false},"author":1,"featured_media":0,"parent":0,"menu_order":0,"comment_status":"closed","ping_status":"closed","template":"","meta":{"inspiro_hide_title":false,"footnotes":""},"class_list":["post-1037","page","type-page","status-publish","hentry"],"_links":{"self":[{"href":"https:\/\/wppool.abenteuerbox.at\/DA_KV_Linz\/index.php?rest_route=\/wp\/v2\/pages\/1037","targetHints":{"allow":["GET"]}}],"collection":[{"href":"https:\/\/wppool.abenteuerbox.at\/DA_KV_Linz\/index.php?rest_route=\/wp\/v2\/pages"}],"about":[{"href":"https:\/\/wppool.abenteuerbox.at\/DA_KV_Linz\/index.php?rest_route=\/wp\/v2\/types\/page"}],"author":[{"embeddable":true,"href":"https:\/\/wppool.abenteuerbox.at\/DA_KV_Linz\/index.php?rest_route=\/wp\/v2\/users\/1"}],"replies":[{"embeddable":true,"href":"https:\/\/wppool.abenteuerbox.at\/DA_KV_Linz\/index.php?rest_route=%2Fwp%2Fv2%2Fcomments&post=1037"}],"version-history":[{"count":22,"href":"https:\/\/wppool.abenteuerbox.at\/DA_KV_Linz\/index.php?rest_route=\/wp\/v2\/pages\/1037\/revisions"}],"predecessor-version":[{"id":6398,"href":"https:\/\/wppool.abenteuerbox.at\/DA_KV_Linz\/index.php?rest_route=\/wp\/v2\/pages\/1037\/revisions\/6398"}],"wp:attachment":[{"href":"https:\/\/wppool.abenteuerbox.at\/DA_KV_Linz\/index.php?rest_route=%2Fwp%2Fv2%2Fmedia&parent=1037"}],"curies":[{"name":"wp","href":"https:\/\/api.w.org\/{rel}","templated":true}]}}