{"id":1050,"date":"2025-01-11T10:32:04","date_gmt":"2025-01-11T09:32:04","guid":{"rendered":"https:\/\/wppool.abenteuerbox.at\/DA_KV_Linz\/?page_id=1050"},"modified":"2025-01-24T16:56:30","modified_gmt":"2025-01-24T15:56:30","slug":"felix-hornbachner","status":"publish","type":"page","link":"https:\/\/wppool.abenteuerbox.at\/DA_KV_Linz\/?page_id=1050","title":{"rendered":"Felix Hornbachner"},"content":{"rendered":"\t\t<div data-elementor-type=\"wp-page\" data-elementor-id=\"1050\" class=\"elementor elementor-1050\">\n\t\t\t\t<div class=\"elementor-element elementor-element-0bc6965 e-flex e-con-boxed e-con e-parent\" data-id=\"0bc6965\" data-element_type=\"container\">\n\t\t\t\t\t<div class=\"e-con-inner\">\n\t\t<div class=\"elementor-element elementor-element-557c05c e-con-full e-flex e-con e-child\" data-id=\"557c05c\" data-element_type=\"container\">\n\t\t\t\t<div class=\"elementor-element elementor-element-615fdc0 elementor-widget elementor-widget-heading\" data-id=\"615fdc0\" data-element_type=\"widget\" data-widget_type=\"heading.default\">\n\t\t\t\t<div class=\"elementor-widget-container\">\n\t\t\t\t\t<h2 class=\"elementor-heading-title elementor-size-default\">Dirigent<\/h2>\t\t\t\t<\/div>\n\t\t\t\t<\/div>\n\t\t\t\t<div class=\"elementor-element elementor-element-fc83fa4 elementor-widget elementor-widget-text-editor\" data-id=\"fc83fa4\" data-element_type=\"widget\" data-widget_type=\"text-editor.default\">\n\t\t\t\t<div class=\"elementor-widget-container\">\n\t\t\t\t\t\t\t\t\t<p><strong>Auftritte im Linzer Konzertverein:<\/strong><\/p><p>29.11.2027, Herbstkonzert<\/p>\t\t\t\t\t\t\t\t<\/div>\n\t\t\t\t<\/div>\n\t\t\t\t<\/div>\n\t\t<div class=\"elementor-element elementor-element-f6b0d95 e-con-full e-flex e-con e-child\" data-id=\"f6b0d95\" data-element_type=\"container\">\n\t\t\t\t<div class=\"elementor-element elementor-element-a10e1ee elementor-widget elementor-widget-image\" data-id=\"a10e1ee\" data-element_type=\"widget\" data-widget_type=\"image.default\">\n\t\t\t\t<div class=\"elementor-widget-container\">\n\t\t\t\t\t\t\t\t\t\t\t\t\t\t\t<img fetchpriority=\"high\" decoding=\"async\" width=\"323\" height=\"429\" src=\"https:\/\/wppool.abenteuerbox.at\/DA_KV_Linz\/wp-content\/uploads\/2025\/01\/Hornbachner_Felix-1.jpg\" class=\"attachment-large size-large wp-image-6176\" alt=\"\" srcset=\"https:\/\/wppool.abenteuerbox.at\/DA_KV_Linz\/wp-content\/uploads\/2025\/01\/Hornbachner_Felix-1.jpg 323w, https:\/\/wppool.abenteuerbox.at\/DA_KV_Linz\/wp-content\/uploads\/2025\/01\/Hornbachner_Felix-1-226x300.jpg 226w\" sizes=\"100vw\" \/>\t\t\t\t\t\t\t\t\t\t\t\t\t\t\t<\/div>\n\t\t\t\t<\/div>\n\t\t\t\t<\/div>\n\t\t<div class=\"elementor-element elementor-element-2916191 e-con-full e-flex e-con e-child\" data-id=\"2916191\" data-element_type=\"container\">\n\t\t\t\t<div class=\"elementor-element elementor-element-32397f4 elementor-widget elementor-widget-text-editor\" data-id=\"32397f4\" data-element_type=\"widget\" data-widget_type=\"text-editor.default\">\n\t\t\t\t<div class=\"elementor-widget-container\">\n\t\t\t\t\t\t\t\t\t<p>Felix Hornbachner (*1992) w\u00e4chst in einer musik- und kulturorientierten Familie in Gro\u00dframing auf, wo er seinen ersten Musikunterricht in Violine, Klavier und Orgel erh\u00e4lt. Von 2011 bis 2015 studiert er Dirigieren an der &#8222;Musik und Kunst Privatuniversit\u00e4t der Stadt Wien&#8220; bei Prof. Georg Mark und Prof. Andreas Stoehr und schlie\u00dft sein Studium mit Auszeichnung ab. Seither setzt er seine Dirigierausbildung bei Sophie Rachlin fort und studiert gleichzeitig Komposition und Musiktheorie an der &#8222;Universit\u00e4t f\u00fcr Musik und darstellende Kunst Wien&#8220; in der Klasse Prof. Dietmar Schermann.<br \/><br \/>2013 deb\u00fctiert er beim &#8222;Carinthischen Sommer&#8220; in Ossiach (K\u00e4rnten) mit dem &#8222;Ensemble Sonare&#8220; und gewinnt im selben Jahr den &#8222;Internationalen Dirigierwettbewerb Elche&#8220; (Spanien).<br \/><br \/>2014 leitet Hornbachner E.Kalman &#8222;Die Cs\u00e1rd\u00e1sf\u00fcrstin&#8220; im TAG &#8211; Theater an der Gumpendorferstra\u00dfe &#8211; und assistiert im selben Jahr Guido Mancusi f\u00fcr W.A.Mozarts &#8222;Le nozze di Figaro&#8220; im Schlosstheater Sch\u00f6nbrunn, wo er im folgenden Jahr als Assistent f\u00fcr die Produktion von J.Strauss &#8222;Die Fledermaus&#8220; wirkt und mehrere Vorstellungen mit gro\u00dfem Erfolg leitet.<br \/><br \/>Als Korrepetitor sammelt Hornbachner Erfahrungen mit Ch\u00f6ren wie dem Chor Ad Libitum (Heinz Ferlesch), dem Wiener Kammerchor (Michael Grohotolsky) und der Domkantorei St. P\u00f6lten (Otto Kargl). Dar\u00fcberhinaus profiliert er sich als Chorleiter, in dem er 2016 bis 2017 die Chorvereinigung Jung-Wien und den M\u00e4nnergesangsverein Ebergassing leitet.<br \/><br \/>Im Jahr 2017 dirigiert Hornbachner Konzerte mit dem Sinfonieorchester Steyr, dem Linzer Konzertverein und dem Waidhofner Kammerorchester und bekleidet ab Herbst dieses Jahres die Position des Chefdirigenten des Symphonischen Orchesters M\u00f6dling. Im September dieses Jahres leitet er W.A.Mozarts &#8222;Le nozze di Figaro&#8220; im Rahmen der Angelika-Prokopp-Sommerakademie der Wiener Philharmoniker mit Auff\u00fchrungen in Salzburg, Schloss Thalheim, Wien und Graz.<br \/><br \/>(2017)<\/p>\t\t\t\t\t\t\t\t<\/div>\n\t\t\t\t<\/div>\n\t\t\t\t<div class=\"elementor-element elementor-element-b1bcfbb elementor-widget elementor-widget-text-editor\" data-id=\"b1bcfbb\" data-element_type=\"widget\" data-widget_type=\"text-editor.default\">\n\t\t\t\t<div class=\"elementor-widget-container\">\n\t\t\t\t\t\t\t\t\t<p style=\"text-align: right;\">\n<a href=\"javascript:history.back();\">Zur\u00fcck<\/a>\n<\/p>\t\t\t\t\t\t\t\t<\/div>\n\t\t\t\t<\/div>\n\t\t\t\t<\/div>\n\t\t\t\t\t<\/div>\n\t\t\t\t<\/div>\n\t\t\t\t<\/div>\n\t\t","protected":false},"excerpt":{"rendered":"<p>Dirigent Auftritte im Linzer Konzertverein: 29.11.2027, Herbstkonzert Felix Hornbachner (*1992) w\u00e4chst in einer musik- und kulturorientierten Familie in Gro\u00dframing auf, wo er seinen ersten Musikunterricht in Violine, Klavier und Orgel erh\u00e4lt. Von 2011 bis 2015 studiert er Dirigieren an der &#8222;Musik und Kunst Privatuniversit\u00e4t der Stadt Wien&#8220; bei Prof. Georg Mark und Prof. Andreas Stoehr &hellip; <\/p>\n<p class=\"link-more\"><a href=\"https:\/\/wppool.abenteuerbox.at\/DA_KV_Linz\/?page_id=1050\" class=\"more-link\">Read more<span class=\"screen-reader-text\"> &#8222;Felix Hornbachner&#8220;<\/span><\/a><\/p>\n","protected":false},"author":1,"featured_media":0,"parent":0,"menu_order":0,"comment_status":"closed","ping_status":"closed","template":"","meta":{"inspiro_hide_title":false,"footnotes":""},"class_list":["post-1050","page","type-page","status-publish","hentry"],"_links":{"self":[{"href":"https:\/\/wppool.abenteuerbox.at\/DA_KV_Linz\/index.php?rest_route=\/wp\/v2\/pages\/1050","targetHints":{"allow":["GET"]}}],"collection":[{"href":"https:\/\/wppool.abenteuerbox.at\/DA_KV_Linz\/index.php?rest_route=\/wp\/v2\/pages"}],"about":[{"href":"https:\/\/wppool.abenteuerbox.at\/DA_KV_Linz\/index.php?rest_route=\/wp\/v2\/types\/page"}],"author":[{"embeddable":true,"href":"https:\/\/wppool.abenteuerbox.at\/DA_KV_Linz\/index.php?rest_route=\/wp\/v2\/users\/1"}],"replies":[{"embeddable":true,"href":"https:\/\/wppool.abenteuerbox.at\/DA_KV_Linz\/index.php?rest_route=%2Fwp%2Fv2%2Fcomments&post=1050"}],"version-history":[{"count":22,"href":"https:\/\/wppool.abenteuerbox.at\/DA_KV_Linz\/index.php?rest_route=\/wp\/v2\/pages\/1050\/revisions"}],"predecessor-version":[{"id":6401,"href":"https:\/\/wppool.abenteuerbox.at\/DA_KV_Linz\/index.php?rest_route=\/wp\/v2\/pages\/1050\/revisions\/6401"}],"wp:attachment":[{"href":"https:\/\/wppool.abenteuerbox.at\/DA_KV_Linz\/index.php?rest_route=%2Fwp%2Fv2%2Fmedia&parent=1050"}],"curies":[{"name":"wp","href":"https:\/\/api.w.org\/{rel}","templated":true}]}}