{"id":1056,"date":"2025-01-11T10:34:18","date_gmt":"2025-01-11T09:34:18","guid":{"rendered":"https:\/\/wppool.abenteuerbox.at\/DA_KV_Linz\/?page_id=1056"},"modified":"2025-01-24T16:56:55","modified_gmt":"2025-01-24T15:56:55","slug":"florian-feilmair","status":"publish","type":"page","link":"https:\/\/wppool.abenteuerbox.at\/DA_KV_Linz\/?page_id=1056","title":{"rendered":"Florian Feilmair"},"content":{"rendered":"\t\t<div data-elementor-type=\"wp-page\" data-elementor-id=\"1056\" class=\"elementor elementor-1056\">\n\t\t\t\t<div class=\"elementor-element elementor-element-0b9e507 e-flex e-con-boxed e-con e-parent\" data-id=\"0b9e507\" data-element_type=\"container\">\n\t\t\t\t\t<div class=\"e-con-inner\">\n\t\t<div class=\"elementor-element elementor-element-cd37637 e-con-full e-flex e-con e-child\" data-id=\"cd37637\" data-element_type=\"container\">\n\t\t\t\t<div class=\"elementor-element elementor-element-7ad2007 elementor-widget elementor-widget-heading\" data-id=\"7ad2007\" data-element_type=\"widget\" data-widget_type=\"heading.default\">\n\t\t\t\t<div class=\"elementor-widget-container\">\n\t\t\t\t\t<h2 class=\"elementor-heading-title elementor-size-default\">Klavier<\/h2>\t\t\t\t<\/div>\n\t\t\t\t<\/div>\n\t\t\t\t<div class=\"elementor-element elementor-element-26c7645 elementor-widget elementor-widget-text-editor\" data-id=\"26c7645\" data-element_type=\"widget\" data-widget_type=\"text-editor.default\">\n\t\t\t\t<div class=\"elementor-widget-container\">\n\t\t\t\t\t\t\t\t\t<p><a href=\"http:\/\/www.feilmair.com\/\">www.feilmair.com<\/a><\/p><p><strong>Auftritte im Linzer Konzertverein:<\/strong><\/p><p>29.11.2017, Herbstkonzert<\/p>\t\t\t\t\t\t\t\t<\/div>\n\t\t\t\t<\/div>\n\t\t\t\t<\/div>\n\t\t<div class=\"elementor-element elementor-element-30af35e e-con-full e-flex e-con e-child\" data-id=\"30af35e\" data-element_type=\"container\">\n\t\t\t\t<div class=\"elementor-element elementor-element-d8dd898 elementor-widget elementor-widget-image\" data-id=\"d8dd898\" data-element_type=\"widget\" data-widget_type=\"image.default\">\n\t\t\t\t<div class=\"elementor-widget-container\">\n\t\t\t\t\t\t\t\t\t\t\t\t\t\t\t<img fetchpriority=\"high\" decoding=\"async\" width=\"683\" height=\"1024\" src=\"https:\/\/wppool.abenteuerbox.at\/DA_KV_Linz\/wp-content\/uploads\/2025\/01\/Feilmair_Florian-683x1024.jpg\" class=\"attachment-large size-large wp-image-1058\" alt=\"\" srcset=\"https:\/\/wppool.abenteuerbox.at\/DA_KV_Linz\/wp-content\/uploads\/2025\/01\/Feilmair_Florian-683x1024.jpg 683w, https:\/\/wppool.abenteuerbox.at\/DA_KV_Linz\/wp-content\/uploads\/2025\/01\/Feilmair_Florian-200x300.jpg 200w, https:\/\/wppool.abenteuerbox.at\/DA_KV_Linz\/wp-content\/uploads\/2025\/01\/Feilmair_Florian.jpg 740w\" sizes=\"100vw\" \/>\t\t\t\t\t\t\t\t\t\t\t\t\t\t\t<\/div>\n\t\t\t\t<\/div>\n\t\t\t\t<\/div>\n\t\t<div class=\"elementor-element elementor-element-3d4bf58 e-con-full e-flex e-con e-child\" data-id=\"3d4bf58\" data-element_type=\"container\">\n\t\t\t\t<div class=\"elementor-element elementor-element-3929136 elementor-widget elementor-widget-text-editor\" data-id=\"3929136\" data-element_type=\"widget\" data-widget_type=\"text-editor.default\">\n\t\t\t\t<div class=\"elementor-widget-container\">\n\t\t\t\t\t\t\t\t\t<p>\u201eFeingef\u00fchl und Nuancenreichtum\u201c, \u201eperlende Leichtigkeit und Souver\u00e4nit\u00e4t\u201c sind nur einige der Attribute, die Kritiker dem jungen Pianisten Florian Feilmair zuschreiben. Geboren 1989, hat er bereits eine beachtliche Anzahl an bedeutenden Preisen errungen, darunter den \u201eKlassikpreis.\u00d6sterreich\u201c f\u00fcr seine Interpretation des 3. Klavierkonzerts von Beethoven mit dem Mozarteum-Orchester beim Wettbewerb \u201egradus ad parnassum\u201c, dessen Sieger in der Kategorie Klavier er ebenfalls ist. 2011 gewann er den Klavierwettbewerb &#8222;Neue Sterne&#8220; in Wernigerode (Deutschland), 2013 den 3. Preis beim internationalen Klavierwettbewerb &#8222;Prezzo Silvio Bengalli&#8220; in Val Tidone (Italien) und den 2. Preis beim XXVII Concurso Internacional de Piano Cidade Ferrol (Spanien). 2014 errang Florian Feilmair den 2. Preis im Concurso pianistico Verona (Italien) und den 2. Preis im New Orleans International Piano Competition (USA), der zu Konzerteinladungen u.a. mit dem Louisiana Philharmonic Orchestra in New Orleans f\u00fchrte.<br \/><br \/>Nach erstem Unterricht an der Musikschule Seewalchen wurde Florian Feilmair zun\u00e4chst Student des K\u00fcnstlerischen Basisstudiengangs der Anton Bruckner Privatuniversit\u00e4t in Linz bei Naoko Knopp. Nach der Matura kehrte er in seine Geburtsstadt Wien zur\u00fcck, wo er zun\u00e4chst von Christopher Hinterhuber unterrichtet und schlie\u00dflich 2008 als Student bei Jan Gottlieb Jiracek von Arnim an der Universit\u00e4t f\u00fcr Musik und darstellende Kunst Wien aufgenommen wurde.<br \/>Florian Feilmairs Konzertkarriere begann bereits w\u00e4hrend seiner Schulzeit am Musikgymnasium Linz, wo er mehrfach als Solist des hauseigenen Orchesters in Erscheinung trat. Inzwischen ist er regelm\u00e4\u00dfig auf wichtigen \u00f6sterreichischen B\u00fchnen zu h\u00f6ren, so etwa im Wiener Konzerthaus, Musikverein oder im Brucknerhaus Linz. Im J\u00e4nner 2014 gab er sein Debut im Gro\u00dfen Festspielhaus Salzburg. Florian Feilmair konzertierte als Solist unter anderem mit namhaften Orchestern wie dem Louisiana Philharmonic Orchestra (2015), den M\u00fcnchner Symphonikern (2015), dem Mozarteum Orchester Salzburg, dem Brucknerorchester Linz, dem Wiener Kammerorchester, dem Philharmonischen Kammerorchester Wernigerode und der Philharmonie Salzburg.<br \/><br \/>Neben seinen solistischen Aktivit\u00e4ten ist er als Kammermusiker t\u00e4tig, vorzugsweise als Duopartner seines Bruders, des Klarinettisten Benjamin Feilmair, mit dem er, nach der eigenen Debut-CD, bereits drei gemeinsame CDs beim Label paladino music herausbrachte.<br \/><br \/>(2015)<\/p>\t\t\t\t\t\t\t\t<\/div>\n\t\t\t\t<\/div>\n\t\t\t\t<div class=\"elementor-element elementor-element-fb8c890 elementor-widget elementor-widget-text-editor\" data-id=\"fb8c890\" data-element_type=\"widget\" data-widget_type=\"text-editor.default\">\n\t\t\t\t<div class=\"elementor-widget-container\">\n\t\t\t\t\t\t\t\t\t<p style=\"text-align: right;\">\n<a href=\"javascript:history.back();\">Zur\u00fcck<\/a>\n<\/p>\t\t\t\t\t\t\t\t<\/div>\n\t\t\t\t<\/div>\n\t\t\t\t<\/div>\n\t\t\t\t\t<\/div>\n\t\t\t\t<\/div>\n\t\t\t\t<\/div>\n\t\t","protected":false},"excerpt":{"rendered":"<p>Klavier www.feilmair.com Auftritte im Linzer Konzertverein: 29.11.2017, Herbstkonzert \u201eFeingef\u00fchl und Nuancenreichtum\u201c, \u201eperlende Leichtigkeit und Souver\u00e4nit\u00e4t\u201c sind nur einige der Attribute, die Kritiker dem jungen Pianisten Florian Feilmair zuschreiben. Geboren 1989, hat er bereits eine beachtliche Anzahl an bedeutenden Preisen errungen, darunter den \u201eKlassikpreis.\u00d6sterreich\u201c f\u00fcr seine Interpretation des 3. Klavierkonzerts von Beethoven mit dem Mozarteum-Orchester beim &hellip; <\/p>\n<p class=\"link-more\"><a href=\"https:\/\/wppool.abenteuerbox.at\/DA_KV_Linz\/?page_id=1056\" class=\"more-link\">Read more<span class=\"screen-reader-text\"> &#8222;Florian Feilmair&#8220;<\/span><\/a><\/p>\n","protected":false},"author":1,"featured_media":0,"parent":0,"menu_order":0,"comment_status":"closed","ping_status":"closed","template":"","meta":{"inspiro_hide_title":false,"footnotes":""},"class_list":["post-1056","page","type-page","status-publish","hentry"],"_links":{"self":[{"href":"https:\/\/wppool.abenteuerbox.at\/DA_KV_Linz\/index.php?rest_route=\/wp\/v2\/pages\/1056","targetHints":{"allow":["GET"]}}],"collection":[{"href":"https:\/\/wppool.abenteuerbox.at\/DA_KV_Linz\/index.php?rest_route=\/wp\/v2\/pages"}],"about":[{"href":"https:\/\/wppool.abenteuerbox.at\/DA_KV_Linz\/index.php?rest_route=\/wp\/v2\/types\/page"}],"author":[{"embeddable":true,"href":"https:\/\/wppool.abenteuerbox.at\/DA_KV_Linz\/index.php?rest_route=\/wp\/v2\/users\/1"}],"replies":[{"embeddable":true,"href":"https:\/\/wppool.abenteuerbox.at\/DA_KV_Linz\/index.php?rest_route=%2Fwp%2Fv2%2Fcomments&post=1056"}],"version-history":[{"count":19,"href":"https:\/\/wppool.abenteuerbox.at\/DA_KV_Linz\/index.php?rest_route=\/wp\/v2\/pages\/1056\/revisions"}],"predecessor-version":[{"id":6404,"href":"https:\/\/wppool.abenteuerbox.at\/DA_KV_Linz\/index.php?rest_route=\/wp\/v2\/pages\/1056\/revisions\/6404"}],"wp:attachment":[{"href":"https:\/\/wppool.abenteuerbox.at\/DA_KV_Linz\/index.php?rest_route=%2Fwp%2Fv2%2Fmedia&parent=1056"}],"curies":[{"name":"wp","href":"https:\/\/api.w.org\/{rel}","templated":true}]}}