{"id":106,"date":"2024-11-13T12:45:20","date_gmt":"2024-11-13T11:45:20","guid":{"rendered":"https:\/\/wppool.abenteuerbox.at\/DA_KV_Linz\/?page_id=106"},"modified":"2025-01-15T13:33:48","modified_gmt":"2025-01-15T12:33:48","slug":"impressum","status":"publish","type":"page","link":"https:\/\/wppool.abenteuerbox.at\/DA_KV_Linz\/?page_id=106","title":{"rendered":"Impressum"},"content":{"rendered":"\t\t<div data-elementor-type=\"wp-page\" data-elementor-id=\"106\" class=\"elementor elementor-106\">\n\t\t\t\t<div class=\"elementor-element elementor-element-28b46ab e-flex e-con-boxed e-con e-parent\" data-id=\"28b46ab\" data-element_type=\"container\">\n\t\t\t\t\t<div class=\"e-con-inner\">\n\t\t\t\t<div class=\"elementor-element elementor-element-d3012bd elementor-widget elementor-widget-heading\" data-id=\"d3012bd\" data-element_type=\"widget\" data-widget_type=\"heading.default\">\n\t\t\t\t<div class=\"elementor-widget-container\">\n\t\t\t\t\t<h2 class=\"elementor-heading-title elementor-size-default\">Das ist das Impressum<\/h2>\t\t\t\t<\/div>\n\t\t\t\t<\/div>\n\t\t\t\t\t<\/div>\n\t\t\t\t<\/div>\n\t\t<div class=\"elementor-element elementor-element-11bf104 e-flex e-con-boxed e-con e-parent\" data-id=\"11bf104\" data-element_type=\"container\">\n\t\t\t\t\t<div class=\"e-con-inner\">\n\t\t\t\t<div class=\"elementor-element elementor-element-474824a elementor-widget elementor-widget-text-editor\" data-id=\"474824a\" data-element_type=\"widget\" data-widget_type=\"text-editor.default\">\n\t\t\t\t<div class=\"elementor-widget-container\">\n\t\t\t\t\t\t\t\t\t<p class=\"lauftext\">Medieninhaber:<br \/><strong>LINZER KONZERTVEREIN<\/strong><br \/>Hauptplatz 18<br \/>A 4020 Linz<br \/>Tel. +43-(0)676-6259146<\/p><table border=\"0\" cellspacing=\"0\" cellpadding=\"0\"><tbody><tr><td width=\"68\"><span class=\"lauftext\">ZVR-Zahl:<\/span><\/td><td width=\"103\"><span class=\"lauftext\">188039784<\/span><\/td><\/tr><tr><td width=\"68\"><span class=\"lauftext\">DVR-Nr.:<\/span><\/td><td>0518699<\/td><\/tr><\/tbody><\/table><p class=\"lauftext\">Unsere Bankverbindung:<br \/>Sparkasse O\u00d6<br \/>IBAN: AT04 2032 0000 0012 3886, BIC: ASPKAT2L<\/p><p class=\"lauftext\">Vertretungsberechtigtes Vorstandsmitglied und f\u00fcr den Inhalt verantwortlich:<br \/>Walter Rescheneder, Pr\u00e4sident<br \/>Gerichtsstand: Linz<\/p><p class=\"lauftext\"><span class=\"v12hihlight\">Haftungshinweis<\/span>: Trotz sorgf\u00e4ltiger inhaltlicher Kontrolle \u00fcbernehmen wir keine Haftung f\u00fcr die Inhalte externer Links.<br \/>F\u00fcr den Inhalt der verlinkten Seiten sind ausschlie\u00dflich deren Betreiber verantwortlich.<\/p><p>Diese Website entstand im Rahmen einer Diplomarbeit von Lisa Breiteneder, Anna P\u00fchringer, Verena Wipplinger und Nina Zauner.<\/p>\t\t\t\t\t\t\t\t<\/div>\n\t\t\t\t<\/div>\n\t\t\t\t\t<\/div>\n\t\t\t\t<\/div>\n\t\t\t\t<\/div>\n\t\t","protected":false},"excerpt":{"rendered":"<p>Das ist das Impressum Medieninhaber:LINZER KONZERTVEREINHauptplatz 18A 4020 LinzTel. +43-(0)676-6259146 ZVR-Zahl: 188039784 DVR-Nr.: 0518699 Unsere Bankverbindung:Sparkasse O\u00d6IBAN: AT04 2032 0000 0012 3886, BIC: ASPKAT2L Vertretungsberechtigtes Vorstandsmitglied und f\u00fcr den Inhalt verantwortlich:Walter Rescheneder, Pr\u00e4sidentGerichtsstand: Linz Haftungshinweis: Trotz sorgf\u00e4ltiger inhaltlicher Kontrolle \u00fcbernehmen wir keine Haftung f\u00fcr die Inhalte externer Links.F\u00fcr den Inhalt der verlinkten Seiten sind ausschlie\u00dflich &hellip; <\/p>\n<p class=\"link-more\"><a href=\"https:\/\/wppool.abenteuerbox.at\/DA_KV_Linz\/?page_id=106\" class=\"more-link\">Read more<span class=\"screen-reader-text\"> &#8222;Impressum&#8220;<\/span><\/a><\/p>\n","protected":false},"author":1,"featured_media":0,"parent":0,"menu_order":0,"comment_status":"closed","ping_status":"closed","template":"","meta":{"inspiro_hide_title":false,"footnotes":""},"class_list":["post-106","page","type-page","status-publish","hentry"],"_links":{"self":[{"href":"https:\/\/wppool.abenteuerbox.at\/DA_KV_Linz\/index.php?rest_route=\/wp\/v2\/pages\/106","targetHints":{"allow":["GET"]}}],"collection":[{"href":"https:\/\/wppool.abenteuerbox.at\/DA_KV_Linz\/index.php?rest_route=\/wp\/v2\/pages"}],"about":[{"href":"https:\/\/wppool.abenteuerbox.at\/DA_KV_Linz\/index.php?rest_route=\/wp\/v2\/types\/page"}],"author":[{"embeddable":true,"href":"https:\/\/wppool.abenteuerbox.at\/DA_KV_Linz\/index.php?rest_route=\/wp\/v2\/users\/1"}],"replies":[{"embeddable":true,"href":"https:\/\/wppool.abenteuerbox.at\/DA_KV_Linz\/index.php?rest_route=%2Fwp%2Fv2%2Fcomments&post=106"}],"version-history":[{"count":19,"href":"https:\/\/wppool.abenteuerbox.at\/DA_KV_Linz\/index.php?rest_route=\/wp\/v2\/pages\/106\/revisions"}],"predecessor-version":[{"id":2432,"href":"https:\/\/wppool.abenteuerbox.at\/DA_KV_Linz\/index.php?rest_route=\/wp\/v2\/pages\/106\/revisions\/2432"}],"wp:attachment":[{"href":"https:\/\/wppool.abenteuerbox.at\/DA_KV_Linz\/index.php?rest_route=%2Fwp%2Fv2%2Fmedia&parent=106"}],"curies":[{"name":"wp","href":"https:\/\/api.w.org\/{rel}","templated":true}]}}