{"id":1062,"date":"2025-01-11T10:41:28","date_gmt":"2025-01-11T09:41:28","guid":{"rendered":"https:\/\/wppool.abenteuerbox.at\/DA_KV_Linz\/?page_id=1062"},"modified":"2025-01-24T16:57:53","modified_gmt":"2025-01-24T15:57:53","slug":"vanessa-peham","status":"publish","type":"page","link":"https:\/\/wppool.abenteuerbox.at\/DA_KV_Linz\/?page_id=1062","title":{"rendered":"Vanessa Peham"},"content":{"rendered":"\t\t<div data-elementor-type=\"wp-page\" data-elementor-id=\"1062\" class=\"elementor elementor-1062\">\n\t\t\t\t<div class=\"elementor-element elementor-element-2d8d15f e-flex e-con-boxed e-con e-parent\" data-id=\"2d8d15f\" data-element_type=\"container\">\n\t\t\t\t\t<div class=\"e-con-inner\">\n\t\t<div class=\"elementor-element elementor-element-0a94f92 e-con-full e-flex e-con e-child\" data-id=\"0a94f92\" data-element_type=\"container\">\n\t\t\t\t<div class=\"elementor-element elementor-element-b7a87ba elementor-widget elementor-widget-heading\" data-id=\"b7a87ba\" data-element_type=\"widget\" data-widget_type=\"heading.default\">\n\t\t\t\t<div class=\"elementor-widget-container\">\n\t\t\t\t\t<h2 class=\"elementor-heading-title elementor-size-default\">Zither<\/h2>\t\t\t\t<\/div>\n\t\t\t\t<\/div>\n\t\t\t\t<div class=\"elementor-element elementor-element-eef950b elementor-widget elementor-widget-text-editor\" data-id=\"eef950b\" data-element_type=\"widget\" data-widget_type=\"text-editor.default\">\n\t\t\t\t<div class=\"elementor-widget-container\">\n\t\t\t\t\t\t\t\t\t<p><strong>Auftritte im Linzer Konzertverein:<\/strong><\/p><p>29.03.2017, Fr\u00fchjahrskonzert<\/p>\t\t\t\t\t\t\t\t<\/div>\n\t\t\t\t<\/div>\n\t\t\t\t<\/div>\n\t\t<div class=\"elementor-element elementor-element-3b76c03 e-con-full e-flex e-con e-child\" data-id=\"3b76c03\" data-element_type=\"container\">\n\t\t\t\t<div class=\"elementor-element elementor-element-403b184 elementor-widget elementor-widget-image\" data-id=\"403b184\" data-element_type=\"widget\" data-widget_type=\"image.default\">\n\t\t\t\t<div class=\"elementor-widget-container\">\n\t\t\t\t\t\t\t\t\t\t\t\t\t\t\t<img fetchpriority=\"high\" decoding=\"async\" width=\"600\" height=\"450\" src=\"https:\/\/wppool.abenteuerbox.at\/DA_KV_Linz\/wp-content\/uploads\/2025\/01\/Peham_Vanessa.jpg\" class=\"attachment-large size-large wp-image-1064\" alt=\"\" srcset=\"https:\/\/wppool.abenteuerbox.at\/DA_KV_Linz\/wp-content\/uploads\/2025\/01\/Peham_Vanessa.jpg 600w, https:\/\/wppool.abenteuerbox.at\/DA_KV_Linz\/wp-content\/uploads\/2025\/01\/Peham_Vanessa-300x225.jpg 300w\" sizes=\"100vw\" \/>\t\t\t\t\t\t\t\t\t\t\t\t\t\t\t<\/div>\n\t\t\t\t<\/div>\n\t\t\t\t<\/div>\n\t\t<div class=\"elementor-element elementor-element-8ffee57 e-con-full e-flex e-con e-child\" data-id=\"8ffee57\" data-element_type=\"container\">\n\t\t\t\t<div class=\"elementor-element elementor-element-9800762 elementor-widget elementor-widget-text-editor\" data-id=\"9800762\" data-element_type=\"widget\" data-widget_type=\"text-editor.default\">\n\t\t\t\t<div class=\"elementor-widget-container\">\n\t\t\t\t\t\t\t\t\t<p>Die musikalische Laufbahn von Vanessa Peham begann im Alter von 6 Jahren mit Zitherunterricht an der Landesmusikschule Kopfing bei Roswitha Steindl, zwei Jahre sp\u00e4ter begann sie mit dem Violinunterricht in der Landesmusikschule Natternbach. Fasziniert von der Sch\u00f6nheit des Instruments besuchte sie daraufhin das Musikgymnasium Linz wo sie 2013 maturierte. Parallel dazu erhielt sie an der Anton Bruckner Privatuniversit\u00e4t Linz unter Prof. Wilfried Scharf Zitherunterricht. Ebenso entdeckte sie ihre Leidenschaft f\u00fcr die Violine und wurde schon in jungen Jahren von Gerlinde G\u00fcrtler-Laubhold, Ute Lehmann und Prof. Wolfram Wincor unterrichtet.<\/p><p>Derzeit studiert Vanessa Peham IGP (InstrumentalGesangsP\u00e4dagogik) und Konzertfach Zither an der Anton Bruckner Privatuniversit\u00e4t unter Prof. Wilfried Scharf. Ihre Passion f\u00fcr die Violine lebt sie nach wie vor unter Prof. Sabine Nova aus. Vanessa Peham ist Mitglied in zahlreichen Orchestern und kann auch auf der Violine solistische Auftritte aufweisen.<\/p><p>Vanessa Peham ist an der Zither Bundessiegerin bei \u201ePrima la Musica\u201c und blickt auf zahlreiche Auftritte zur\u00fcck. Einer davon bei der Er\u00f6ffnungsoper des Linzer Musiktheaters \u201eDie Spuren der Verirrten\u201c als Solistin mit Professor Wilfried Scharf, mit dem sie des \u00d6fteren auch als Duopartnerin auftritt.<\/p><p>Konzertreisen f\u00fchrten sie u.a. nach Ischia und Valencia. Unter Dirigenten wie R\u00e9my Ballot, Walter Rescheneder, Norbert Hebertinger,.. gab sie das Zithersolo in \u201eG\u00b4schichten aus dem Wienerwald\u201c zum Besten. H\u00f6hepunkt war der solistische Auftritt im \u201eGoldenen Saal des Wiener Musikvereins\u201c. Vanessa Peham ist Kulturpreistr\u00e4gerin von Lions, Kiwanis und Rotary.<\/p><p>Seit September 2015 unterrichtet Vanessa Peham Zither im Ober\u00f6sterreichischen Landesmusikschulwerk.<\/p><p>(2016)<\/p>\t\t\t\t\t\t\t\t<\/div>\n\t\t\t\t<\/div>\n\t\t\t\t<div class=\"elementor-element elementor-element-7d40899 elementor-widget elementor-widget-text-editor\" data-id=\"7d40899\" data-element_type=\"widget\" data-widget_type=\"text-editor.default\">\n\t\t\t\t<div class=\"elementor-widget-container\">\n\t\t\t\t\t\t\t\t\t<p style=\"text-align: right;\">\n<a href=\"javascript:history.back();\">Zur\u00fcck<\/a>\n<\/p>\t\t\t\t\t\t\t\t<\/div>\n\t\t\t\t<\/div>\n\t\t\t\t<\/div>\n\t\t\t\t\t<\/div>\n\t\t\t\t<\/div>\n\t\t\t\t<\/div>\n\t\t","protected":false},"excerpt":{"rendered":"<p>Zither Auftritte im Linzer Konzertverein: 29.03.2017, Fr\u00fchjahrskonzert Die musikalische Laufbahn von Vanessa Peham begann im Alter von 6 Jahren mit Zitherunterricht an der Landesmusikschule Kopfing bei Roswitha Steindl, zwei Jahre sp\u00e4ter begann sie mit dem Violinunterricht in der Landesmusikschule Natternbach. Fasziniert von der Sch\u00f6nheit des Instruments besuchte sie daraufhin das Musikgymnasium Linz wo sie 2013 &hellip; <\/p>\n<p class=\"link-more\"><a href=\"https:\/\/wppool.abenteuerbox.at\/DA_KV_Linz\/?page_id=1062\" class=\"more-link\">Read more<span class=\"screen-reader-text\"> &#8222;Vanessa Peham&#8220;<\/span><\/a><\/p>\n","protected":false},"author":1,"featured_media":0,"parent":0,"menu_order":0,"comment_status":"closed","ping_status":"closed","template":"","meta":{"inspiro_hide_title":false,"footnotes":""},"class_list":["post-1062","page","type-page","status-publish","hentry"],"_links":{"self":[{"href":"https:\/\/wppool.abenteuerbox.at\/DA_KV_Linz\/index.php?rest_route=\/wp\/v2\/pages\/1062","targetHints":{"allow":["GET"]}}],"collection":[{"href":"https:\/\/wppool.abenteuerbox.at\/DA_KV_Linz\/index.php?rest_route=\/wp\/v2\/pages"}],"about":[{"href":"https:\/\/wppool.abenteuerbox.at\/DA_KV_Linz\/index.php?rest_route=\/wp\/v2\/types\/page"}],"author":[{"embeddable":true,"href":"https:\/\/wppool.abenteuerbox.at\/DA_KV_Linz\/index.php?rest_route=\/wp\/v2\/users\/1"}],"replies":[{"embeddable":true,"href":"https:\/\/wppool.abenteuerbox.at\/DA_KV_Linz\/index.php?rest_route=%2Fwp%2Fv2%2Fcomments&post=1062"}],"version-history":[{"count":19,"href":"https:\/\/wppool.abenteuerbox.at\/DA_KV_Linz\/index.php?rest_route=\/wp\/v2\/pages\/1062\/revisions"}],"predecessor-version":[{"id":6407,"href":"https:\/\/wppool.abenteuerbox.at\/DA_KV_Linz\/index.php?rest_route=\/wp\/v2\/pages\/1062\/revisions\/6407"}],"wp:attachment":[{"href":"https:\/\/wppool.abenteuerbox.at\/DA_KV_Linz\/index.php?rest_route=%2Fwp%2Fv2%2Fmedia&parent=1062"}],"curies":[{"name":"wp","href":"https:\/\/api.w.org\/{rel}","templated":true}]}}