{"id":1071,"date":"2025-01-11T10:43:32","date_gmt":"2025-01-11T09:43:32","guid":{"rendered":"https:\/\/wppool.abenteuerbox.at\/DA_KV_Linz\/?page_id=1071"},"modified":"2025-01-24T16:59:17","modified_gmt":"2025-01-24T15:59:17","slug":"thomas-doss","status":"publish","type":"page","link":"https:\/\/wppool.abenteuerbox.at\/DA_KV_Linz\/?page_id=1071","title":{"rendered":"Thomas Doss"},"content":{"rendered":"\t\t<div data-elementor-type=\"wp-page\" data-elementor-id=\"1071\" class=\"elementor elementor-1071\">\n\t\t\t\t<div class=\"elementor-element elementor-element-3b8b296 e-flex e-con-boxed e-con e-parent\" data-id=\"3b8b296\" data-element_type=\"container\">\n\t\t\t\t\t<div class=\"e-con-inner\">\n\t\t<div class=\"elementor-element elementor-element-c03529b e-con-full e-flex e-con e-child\" data-id=\"c03529b\" data-element_type=\"container\">\n\t\t\t\t<div class=\"elementor-element elementor-element-2568de0 elementor-widget elementor-widget-heading\" data-id=\"2568de0\" data-element_type=\"widget\" data-widget_type=\"heading.default\">\n\t\t\t\t<div class=\"elementor-widget-container\">\n\t\t\t\t\t<h2 class=\"elementor-heading-title elementor-size-default\">Dirigent<\/h2>\t\t\t\t<\/div>\n\t\t\t\t<\/div>\n\t\t\t\t<div class=\"elementor-element elementor-element-dd68a7e elementor-widget elementor-widget-text-editor\" data-id=\"dd68a7e\" data-element_type=\"widget\" data-widget_type=\"text-editor.default\">\n\t\t\t\t<div class=\"elementor-widget-container\">\n\t\t\t\t\t\t\t\t\t<p><a href=\"https:\/\/www.thomas-doss.com\/\">www.thomas-doss.com<\/a><\/p><p><strong>Auftritte im Linzer Konzertverein:<\/strong><\/p><p>30.11.2016, Herbstkonzert<br \/>11.12.1991, Sinfoniekonzert<br \/>05.12.1990, Sinfoniekonzert<\/p>\t\t\t\t\t\t\t\t<\/div>\n\t\t\t\t<\/div>\n\t\t\t\t<\/div>\n\t\t<div class=\"elementor-element elementor-element-719ca31 e-con-full e-flex e-con e-child\" data-id=\"719ca31\" data-element_type=\"container\">\n\t\t\t\t<div class=\"elementor-element elementor-element-d79c5cf elementor-widget elementor-widget-image\" data-id=\"d79c5cf\" data-element_type=\"widget\" data-widget_type=\"image.default\">\n\t\t\t\t<div class=\"elementor-widget-container\">\n\t\t\t\t\t\t\t\t\t\t\t\t\t\t\t<img fetchpriority=\"high\" decoding=\"async\" width=\"424\" height=\"600\" src=\"https:\/\/wppool.abenteuerbox.at\/DA_KV_Linz\/wp-content\/uploads\/2025\/01\/Doss_Thomas.jpg\" class=\"attachment-large size-large wp-image-1073\" alt=\"\" srcset=\"https:\/\/wppool.abenteuerbox.at\/DA_KV_Linz\/wp-content\/uploads\/2025\/01\/Doss_Thomas.jpg 424w, https:\/\/wppool.abenteuerbox.at\/DA_KV_Linz\/wp-content\/uploads\/2025\/01\/Doss_Thomas-212x300.jpg 212w\" sizes=\"100vw\" \/>\t\t\t\t\t\t\t\t\t\t\t\t\t\t\t<\/div>\n\t\t\t\t<\/div>\n\t\t\t\t<\/div>\n\t\t<div class=\"elementor-element elementor-element-588c51d e-con-full e-flex e-con e-child\" data-id=\"588c51d\" data-element_type=\"container\">\n\t\t\t\t<div class=\"elementor-element elementor-element-720d9de elementor-widget elementor-widget-text-editor\" data-id=\"720d9de\" data-element_type=\"widget\" data-widget_type=\"text-editor.default\">\n\t\t\t\t<div class=\"elementor-widget-container\">\n\t\t\t\t\t\t\t\t\t<p>Thomas Doss z\u00e4hlt international zu den renommierten Komponisten und Dirigenten in der sinfonischen Bl\u00e4sermusik. Seine Werke werden von namhaften K\u00fcnstlern und vielen Orchestern weltweit aufgef\u00fchrt und auf Tontr\u00e4ger eingespielt.<br \/><br \/>1966 in Linz geboren waren seine Musikereltern seine ersten Lehrer.<br \/><br \/>Seine Musikstudien in den Hochschulen Linz, Maastricht, Wien, Salzburg und Studienaufenthalt in Los Angeles in den F\u00e4chern Posaune, Komposition, Instrumentation und Dirigieren pr\u00e4gten seine stilistische Vielseitigkeit und Freiheit in seinem Wirken als Musiker, Komponist oder Dirigent.<br \/><br \/>Ob f\u00fcr Brass Band, Kammermusik, sinfonischer oder Blasorchestermusik, Thomas Doss steht f\u00fcr einen unverkennbaren Stil in Farbe, Kreativit\u00e4t und Ausdrucksst\u00e4rke in seiner Musik.<br \/><br \/>Als Dirigent konnte er bereits w\u00e4hrend seinem Studium in den Beruf einsteigen. Beim Dirigentenwettbewerb des Wiener Kammerorchester setzte er sich erfolgreich durch und war mit 24 bereits Chefdirigent eines professionellen Orchesters beim staatlichen Sinfonieorchesters in Quedlinburg (D). Daneben arbeitete er mit dem s\u00fcdb\u00f6hmischen Staatskammerorchester, der s\u00fcdb\u00f6hmischen Kammerphilharmonie, dem philharmonischen Orchester Erfurt, dem Brucknerorchester Linz, der westf\u00e4lische Philharmonie, den Wiener Kammersinfonikern und vielen mehr zusammen.<br \/><br \/>Neben seiner internationalen Dirigentent\u00e4tigkeit widmet sich Doss immer mehr seinen zahlreichen Auftr\u00e4gen als Komponist und arbeitet seit 2001 mit dem Musikverlag De Haske\/Hal Leonard sehr intensiv und erfolgreich zusammen. Zahlreiche CD-Einspielungen (viele auch unter seiner Leitung) und Ver\u00f6ffentlichungen belegen diese fruchtbringende Zusammenarbeit.<br \/><br \/>Doss war bis 2010 Professor f\u00fcr Ensembleleitung am Konservatorium Privatuniversit\u00e4t Wien, sowie immer wieder Gastprofessor an verschiedenen Musikuniversit\u00e4ten im In- und Ausland. Derzeit ist er auch Professor f\u00fcr Instrumentation und Dirigieren am Conservatorio Claudio Monteverdi und Koordinator f\u00fcr die Ensembleleitung am O\u00f6. Landesmusikschulwerk.<br \/><br \/>Neben seinen vielen Preisen und Auszeichnungen erfolgte zuletzt der Landeskulturpreis f\u00fcr Musik des Landes O\u00f6.<br \/><br \/>(2015)<\/p>\t\t\t\t\t\t\t\t<\/div>\n\t\t\t\t<\/div>\n\t\t\t\t<div class=\"elementor-element elementor-element-3db01dd elementor-widget elementor-widget-text-editor\" data-id=\"3db01dd\" data-element_type=\"widget\" data-widget_type=\"text-editor.default\">\n\t\t\t\t<div class=\"elementor-widget-container\">\n\t\t\t\t\t\t\t\t\t<p style=\"text-align: right;\">\n<a href=\"javascript:history.back();\">Zur\u00fcck<\/a>\n<\/p>\t\t\t\t\t\t\t\t<\/div>\n\t\t\t\t<\/div>\n\t\t\t\t<\/div>\n\t\t\t\t\t<\/div>\n\t\t\t\t<\/div>\n\t\t\t\t<\/div>\n\t\t","protected":false},"excerpt":{"rendered":"<p>Dirigent www.thomas-doss.com Auftritte im Linzer Konzertverein: 30.11.2016, Herbstkonzert11.12.1991, Sinfoniekonzert05.12.1990, Sinfoniekonzert Thomas Doss z\u00e4hlt international zu den renommierten Komponisten und Dirigenten in der sinfonischen Bl\u00e4sermusik. Seine Werke werden von namhaften K\u00fcnstlern und vielen Orchestern weltweit aufgef\u00fchrt und auf Tontr\u00e4ger eingespielt. 1966 in Linz geboren waren seine Musikereltern seine ersten Lehrer. Seine Musikstudien in den Hochschulen Linz, &hellip; <\/p>\n<p class=\"link-more\"><a href=\"https:\/\/wppool.abenteuerbox.at\/DA_KV_Linz\/?page_id=1071\" class=\"more-link\">Read more<span class=\"screen-reader-text\"> &#8222;Thomas Doss&#8220;<\/span><\/a><\/p>\n","protected":false},"author":1,"featured_media":0,"parent":0,"menu_order":0,"comment_status":"closed","ping_status":"closed","template":"","meta":{"inspiro_hide_title":false,"footnotes":""},"class_list":["post-1071","page","type-page","status-publish","hentry"],"_links":{"self":[{"href":"https:\/\/wppool.abenteuerbox.at\/DA_KV_Linz\/index.php?rest_route=\/wp\/v2\/pages\/1071","targetHints":{"allow":["GET"]}}],"collection":[{"href":"https:\/\/wppool.abenteuerbox.at\/DA_KV_Linz\/index.php?rest_route=\/wp\/v2\/pages"}],"about":[{"href":"https:\/\/wppool.abenteuerbox.at\/DA_KV_Linz\/index.php?rest_route=\/wp\/v2\/types\/page"}],"author":[{"embeddable":true,"href":"https:\/\/wppool.abenteuerbox.at\/DA_KV_Linz\/index.php?rest_route=\/wp\/v2\/users\/1"}],"replies":[{"embeddable":true,"href":"https:\/\/wppool.abenteuerbox.at\/DA_KV_Linz\/index.php?rest_route=%2Fwp%2Fv2%2Fcomments&post=1071"}],"version-history":[{"count":19,"href":"https:\/\/wppool.abenteuerbox.at\/DA_KV_Linz\/index.php?rest_route=\/wp\/v2\/pages\/1071\/revisions"}],"predecessor-version":[{"id":6410,"href":"https:\/\/wppool.abenteuerbox.at\/DA_KV_Linz\/index.php?rest_route=\/wp\/v2\/pages\/1071\/revisions\/6410"}],"wp:attachment":[{"href":"https:\/\/wppool.abenteuerbox.at\/DA_KV_Linz\/index.php?rest_route=%2Fwp%2Fv2%2Fmedia&parent=1071"}],"curies":[{"name":"wp","href":"https:\/\/api.w.org\/{rel}","templated":true}]}}