{"id":1080,"date":"2025-01-11T10:46:35","date_gmt":"2025-01-11T09:46:35","guid":{"rendered":"https:\/\/wppool.abenteuerbox.at\/DA_KV_Linz\/?page_id=1080"},"modified":"2025-01-24T16:59:44","modified_gmt":"2025-01-24T15:59:44","slug":"lili-holetschek","status":"publish","type":"page","link":"https:\/\/wppool.abenteuerbox.at\/DA_KV_Linz\/?page_id=1080","title":{"rendered":"Lili Holetschek"},"content":{"rendered":"\t\t<div data-elementor-type=\"wp-page\" data-elementor-id=\"1080\" class=\"elementor elementor-1080\">\n\t\t\t\t<div class=\"elementor-element elementor-element-4332a6a e-flex e-con-boxed e-con e-parent\" data-id=\"4332a6a\" data-element_type=\"container\">\n\t\t\t\t\t<div class=\"e-con-inner\">\n\t\t<div class=\"elementor-element elementor-element-20e2c48 e-con-full e-flex e-con e-child\" data-id=\"20e2c48\" data-element_type=\"container\">\n\t\t\t\t<div class=\"elementor-element elementor-element-24c327d elementor-widget elementor-widget-heading\" data-id=\"24c327d\" data-element_type=\"widget\" data-widget_type=\"heading.default\">\n\t\t\t\t<div class=\"elementor-widget-container\">\n\t\t\t\t\t<h2 class=\"elementor-heading-title elementor-size-default\">Violine<\/h2>\t\t\t\t<\/div>\n\t\t\t\t<\/div>\n\t\t\t\t<div class=\"elementor-element elementor-element-d8320d4 elementor-widget elementor-widget-text-editor\" data-id=\"d8320d4\" data-element_type=\"widget\" data-widget_type=\"text-editor.default\">\n\t\t\t\t<div class=\"elementor-widget-container\">\n\t\t\t\t\t\t\t\t\t<p><strong>Auftritte im Linzer Konzertverein:<\/strong><\/p><p>30.11.2016, Herbstkonzert<br \/>28.03.2012, Fr\u00fchjahrskonzert<\/p>\t\t\t\t\t\t\t\t<\/div>\n\t\t\t\t<\/div>\n\t\t\t\t<\/div>\n\t\t<div class=\"elementor-element elementor-element-e453cd0 e-con-full e-flex e-con e-child\" data-id=\"e453cd0\" data-element_type=\"container\">\n\t\t\t\t<div class=\"elementor-element elementor-element-e4c2114 elementor-widget elementor-widget-image\" data-id=\"e4c2114\" data-element_type=\"widget\" data-widget_type=\"image.default\">\n\t\t\t\t<div class=\"elementor-widget-container\">\n\t\t\t\t\t\t\t\t\t\t\t\t\t\t\t<img fetchpriority=\"high\" decoding=\"async\" width=\"213\" height=\"320\" src=\"https:\/\/wppool.abenteuerbox.at\/DA_KV_Linz\/wp-content\/uploads\/2025\/01\/Holetschek_Lili.jpg\" class=\"attachment-large size-large wp-image-1082\" alt=\"\" srcset=\"https:\/\/wppool.abenteuerbox.at\/DA_KV_Linz\/wp-content\/uploads\/2025\/01\/Holetschek_Lili.jpg 213w, https:\/\/wppool.abenteuerbox.at\/DA_KV_Linz\/wp-content\/uploads\/2025\/01\/Holetschek_Lili-200x300.jpg 200w\" sizes=\"100vw\" \/>\t\t\t\t\t\t\t\t\t\t\t\t\t\t\t<\/div>\n\t\t\t\t<\/div>\n\t\t\t\t<\/div>\n\t\t<div class=\"elementor-element elementor-element-9ee9c2b e-con-full e-flex e-con e-child\" data-id=\"9ee9c2b\" data-element_type=\"container\">\n\t\t\t\t<div class=\"elementor-element elementor-element-822fb6b elementor-widget elementor-widget-text-editor\" data-id=\"822fb6b\" data-element_type=\"widget\" data-widget_type=\"text-editor.default\">\n\t\t\t\t<div class=\"elementor-widget-container\">\n\t\t\t\t\t\t\t\t\t<p>Im Alter von 5 Jahren bestand sie mit der H\u00f6chstpunkteanzahl die Aufnahmepr\u00fcfung an der Universit\u00e4t f\u00fcr Musik- und darstellende Kunst in Wien, wo sie anschlie\u00dfend als j\u00fcngste Studentin bei Frau Prof. Eugenia Polatschek studierte.<\/p><p>Mit 12 Jahren wechselte sie zu Prof. Boris Kuschnir an die Kunstuniversit\u00e4t Graz. Ab Oktober 2015 wieder Studium an der Musikuniversit\u00e4t Wien, bei Prof. Gerald Schubert.<\/p><p>Lili gewann ausschlie\u00dflich erste Preise, sowie Sonderpreise bei den Prima La Musica Landes- und Bundeswettbewerben. Bei italienischen Violinwettbewerben erspielte sie sich den Rovere d\u2019oro Preis in San Bartolomeo und den Pokal der Stadt Barletta.<\/p><p>Seit dem 6. Lebensjahr absolvierte sie zahlreiche Auftritte als Solistin mit namhaften Orchestern. Ihre Konzerte f\u00fchrten sie ins Brucknerhaus Linz, ins Konzerthaus Wien, ins Opernhaus Kairo, in das Centre of Arts in Alexandria, nach Bern und Basel, nach Ravensburg, zu \u201cMusik im Kloster Einsiedeln\u201d in die Schweiz, mehrmals im Rahmen des \u201cMenuhin-Festivals\u201d nach Gstaad und in verschiedene \u00f6sterreichische St\u00e4dte. Lili spielte bei der Er\u00f6ffnung des \u201cStyraburg-Festival\u201c in Steyr, trat bei \u201cLicht ins Dunkel\u201d, bei der \u201cLangen Nacht der Musik\u201d im ORF, im Ministerium f\u00fcr Kultur und Wissenschaft sowie bei Benefizkonzerten auf.<\/p><p>Im Alter von 9 Jahren konzertierte sie zum ersten Mal im Brucknerhaus als Solistin mit dem Violinkonzert von Felix Mendelssohn-Bartholdy in e-Moll unter Lui Chan.<br \/>Als 17-J\u00e4hrige folgte der zweite Auftritt im Brucknerhaus mit Henri Vieuxtemps 5. Violinkonzert mit dem Linzer Konzertverein.<\/p><p>2013 gewann sie ein Stipendium der Sommerakademie der Wiener Philharmoniker. Danach folgte rege Konzertt\u00e4tigkeit mit namhaften Orchestern.<\/p><p>Lili spielt auf einer 2006 erbauten Geige von Matthieu Devuyst.<\/p><p>(2015)<\/p>\t\t\t\t\t\t\t\t<\/div>\n\t\t\t\t<\/div>\n\t\t\t\t<div class=\"elementor-element elementor-element-48dd074 elementor-widget elementor-widget-text-editor\" data-id=\"48dd074\" data-element_type=\"widget\" data-widget_type=\"text-editor.default\">\n\t\t\t\t<div class=\"elementor-widget-container\">\n\t\t\t\t\t\t\t\t\t<p style=\"text-align: right;\">\n<a href=\"javascript:history.back();\">Zur\u00fcck<\/a>\n<\/p>\t\t\t\t\t\t\t\t<\/div>\n\t\t\t\t<\/div>\n\t\t\t\t<\/div>\n\t\t\t\t\t<\/div>\n\t\t\t\t<\/div>\n\t\t\t\t<\/div>\n\t\t","protected":false},"excerpt":{"rendered":"<p>Violine Auftritte im Linzer Konzertverein: 30.11.2016, Herbstkonzert28.03.2012, Fr\u00fchjahrskonzert Im Alter von 5 Jahren bestand sie mit der H\u00f6chstpunkteanzahl die Aufnahmepr\u00fcfung an der Universit\u00e4t f\u00fcr Musik- und darstellende Kunst in Wien, wo sie anschlie\u00dfend als j\u00fcngste Studentin bei Frau Prof. Eugenia Polatschek studierte. Mit 12 Jahren wechselte sie zu Prof. Boris Kuschnir an die Kunstuniversit\u00e4t Graz. &hellip; <\/p>\n<p class=\"link-more\"><a href=\"https:\/\/wppool.abenteuerbox.at\/DA_KV_Linz\/?page_id=1080\" class=\"more-link\">Read more<span class=\"screen-reader-text\"> &#8222;Lili Holetschek&#8220;<\/span><\/a><\/p>\n","protected":false},"author":1,"featured_media":0,"parent":0,"menu_order":0,"comment_status":"closed","ping_status":"closed","template":"","meta":{"inspiro_hide_title":false,"footnotes":""},"class_list":["post-1080","page","type-page","status-publish","hentry"],"_links":{"self":[{"href":"https:\/\/wppool.abenteuerbox.at\/DA_KV_Linz\/index.php?rest_route=\/wp\/v2\/pages\/1080","targetHints":{"allow":["GET"]}}],"collection":[{"href":"https:\/\/wppool.abenteuerbox.at\/DA_KV_Linz\/index.php?rest_route=\/wp\/v2\/pages"}],"about":[{"href":"https:\/\/wppool.abenteuerbox.at\/DA_KV_Linz\/index.php?rest_route=\/wp\/v2\/types\/page"}],"author":[{"embeddable":true,"href":"https:\/\/wppool.abenteuerbox.at\/DA_KV_Linz\/index.php?rest_route=\/wp\/v2\/users\/1"}],"replies":[{"embeddable":true,"href":"https:\/\/wppool.abenteuerbox.at\/DA_KV_Linz\/index.php?rest_route=%2Fwp%2Fv2%2Fcomments&post=1080"}],"version-history":[{"count":16,"href":"https:\/\/wppool.abenteuerbox.at\/DA_KV_Linz\/index.php?rest_route=\/wp\/v2\/pages\/1080\/revisions"}],"predecessor-version":[{"id":6413,"href":"https:\/\/wppool.abenteuerbox.at\/DA_KV_Linz\/index.php?rest_route=\/wp\/v2\/pages\/1080\/revisions\/6413"}],"wp:attachment":[{"href":"https:\/\/wppool.abenteuerbox.at\/DA_KV_Linz\/index.php?rest_route=%2Fwp%2Fv2%2Fmedia&parent=1080"}],"curies":[{"name":"wp","href":"https:\/\/api.w.org\/{rel}","templated":true}]}}