{"id":1093,"date":"2025-01-11T12:11:27","date_gmt":"2025-01-11T11:11:27","guid":{"rendered":"https:\/\/wppool.abenteuerbox.at\/DA_KV_Linz\/?page_id=1093"},"modified":"2025-01-24T17:00:24","modified_gmt":"2025-01-24T16:00:24","slug":"natasa-veljkovic","status":"publish","type":"page","link":"https:\/\/wppool.abenteuerbox.at\/DA_KV_Linz\/?page_id=1093","title":{"rendered":"Nata\u0161a Veljkovi\u0107"},"content":{"rendered":"\t\t<div data-elementor-type=\"wp-page\" data-elementor-id=\"1093\" class=\"elementor elementor-1093\">\n\t\t\t\t<div class=\"elementor-element elementor-element-09142da e-flex e-con-boxed e-con e-parent\" data-id=\"09142da\" data-element_type=\"container\">\n\t\t\t\t\t<div class=\"e-con-inner\">\n\t\t<div class=\"elementor-element elementor-element-1286547 e-con-full e-flex e-con e-child\" data-id=\"1286547\" data-element_type=\"container\">\n\t\t\t\t<div class=\"elementor-element elementor-element-26c60ec elementor-widget elementor-widget-heading\" data-id=\"26c60ec\" data-element_type=\"widget\" data-widget_type=\"heading.default\">\n\t\t\t\t<div class=\"elementor-widget-container\">\n\t\t\t\t\t<h2 class=\"elementor-heading-title elementor-size-default\">Klavier<\/h2>\t\t\t\t<\/div>\n\t\t\t\t<\/div>\n\t\t\t\t<div class=\"elementor-element elementor-element-6175c10 elementor-widget elementor-widget-text-editor\" data-id=\"6175c10\" data-element_type=\"widget\" data-widget_type=\"text-editor.default\">\n\t\t\t\t<div class=\"elementor-widget-container\">\n\t\t\t\t\t\t\t\t\t<p><a href=\"https:\/\/www.veljkovic.net\/\">www.veljkovic.net<\/a><\/p><p><strong>Auftritte im Linzer Konzertverein:<\/strong><\/p><p>06.04.2016, Fr\u00fchjahrskonzert<\/p>\t\t\t\t\t\t\t\t<\/div>\n\t\t\t\t<\/div>\n\t\t\t\t<\/div>\n\t\t<div class=\"elementor-element elementor-element-877b753 e-con-full e-flex e-con e-child\" data-id=\"877b753\" data-element_type=\"container\">\n\t\t\t\t<div class=\"elementor-element elementor-element-c2548f8 elementor-widget elementor-widget-image\" data-id=\"c2548f8\" data-element_type=\"widget\" data-widget_type=\"image.default\">\n\t\t\t\t<div class=\"elementor-widget-container\">\n\t\t\t\t\t\t\t\t\t\t\t\t\t\t\t<img decoding=\"async\" width=\"180\" height=\"240\" src=\"https:\/\/wppool.abenteuerbox.at\/DA_KV_Linz\/wp-content\/uploads\/2025\/01\/Veljkovic_Natasa.jpg\" class=\"attachment-large size-large wp-image-1095\" alt=\"\" sizes=\"100vw\" \/>\t\t\t\t\t\t\t\t\t\t\t\t\t\t\t<\/div>\n\t\t\t\t<\/div>\n\t\t\t\t<\/div>\n\t\t<div class=\"elementor-element elementor-element-6045c3e e-con-full e-flex e-con e-child\" data-id=\"6045c3e\" data-element_type=\"container\">\n\t\t\t\t<div class=\"elementor-element elementor-element-0c92558 elementor-widget elementor-widget-text-editor\" data-id=\"0c92558\" data-element_type=\"widget\" data-widget_type=\"text-editor.default\">\n\t\t\t\t<div class=\"elementor-widget-container\">\n\t\t\t\t\t\t\t\t\t<p>Natasa Veljkovic wurde 1968 in Belgrad geboren. Seit ihrem vierten Lebensjahr ist das Klavier ihr Lebensmittelpunkt. Nach dem Studium bei ihrem \u201emusikalischen Vater\u201d, Prof. Arbo Valdma in Belgrad, wurde sie im Alter von 14 Jahren in die Klasse von Prof. Paul Badura-Skoda an der Musikuniversit\u00e4t Wien aufgenommen, wo sie 1987 ihr Studium mit Auszeichnung beendete. Es folgten weitere Studien an der Juilliard chool in New York und am Genfer Konservatorium, wo sie ihren zweiten Magister artium erwarb.<\/p><p>Noch vor dem Erreichen ihres 10. Lebensjahres gewann sie erste Preise bei internationalen Jugendwettbewerben in Italien. Unter den vielen weiteren Auszeichnungen, die sie f\u00fcr ihre au\u00dfergew\u00f6hnlichen pianistischen Leistungen erworben hat, seien der Gewinn des Prix Clara Haskil, einer der wichtigsten Klavierwettbewerbe, in Vevey in der Schweiz 1985 und der erste Platz beim World music masters in Paris 1990, besonders erw\u00e4hnt.<\/p><p>Viele Anerkennungen folgten, wie z.B. der Orlando-Preis f\u00fcr das beste Konzert beim Dubrovnik Festival und der UMUS-Preis (Belgrad) f\u00fcr das erfolgreichste Konzert des Jahres.<\/p><p>Nach Gewinn des Prix Clara Haskil begann eine rege Konzertt\u00e4tigkeit in ganz Europa. Die Pianistin nahm auch an vielen europ\u00e4ischen Festivals erfolgreich teil.<\/p><p>In den letzten Jahren hat sie zahlreiche CDs eingespielt. Zwei davon (Liszt und Mozart) wurden bei dem Wiener Klassik-Label ZULUS RECORDS VIENNA eingespielt und erhielten international herausragende Kritiken. Weitere CD`s erschienen beim f\u00fchrenden Belgrader Label PGPRTS. Im Dezember 2007 erschien eine CD bei GRAMOLA mit Werken von Robert und Clara Schumann und eine CD mit drei Klavierkonzerten von Haydn. Im Jahr 2012 hat sie das Gesamtwerk von Heinrich und Elisabeth von Herzogenberg im Auftrag von CPO in Kooperation mit dem Bayerischen Rundfunk in M\u00fcnchen aufgenommen.<\/p><p>Natasa Veljkovic lebt und arbeitet in Wien, wo sie an der Universit\u00e4t f\u00fcr Musik und darstellende Kunst eine Vertragsdozentur f\u00fcr Klavier innehat; von 2007 bis 2009 unterrichtete sie au\u00dferdem als Gastprofessorin an der Universit\u00e4t der K\u00fcnste in Ostrava (Tschechien).<\/p><p>Sie ist auch als Jurorin bei internationalen Klavier- und Kammermusik-Wettbewerben t\u00e4tig.<\/p><p>(2014)<\/p>\t\t\t\t\t\t\t\t<\/div>\n\t\t\t\t<\/div>\n\t\t\t\t<div class=\"elementor-element elementor-element-f9003d8 elementor-widget elementor-widget-text-editor\" data-id=\"f9003d8\" data-element_type=\"widget\" data-widget_type=\"text-editor.default\">\n\t\t\t\t<div class=\"elementor-widget-container\">\n\t\t\t\t\t\t\t\t\t<p style=\"text-align: right;\">\n<a href=\"javascript:history.back();\">Zur\u00fcck<\/a>\n<\/p>\t\t\t\t\t\t\t\t<\/div>\n\t\t\t\t<\/div>\n\t\t\t\t<\/div>\n\t\t\t\t\t<\/div>\n\t\t\t\t<\/div>\n\t\t\t\t<\/div>\n\t\t","protected":false},"excerpt":{"rendered":"<p>Klavier www.veljkovic.net Auftritte im Linzer Konzertverein: 06.04.2016, Fr\u00fchjahrskonzert Natasa Veljkovic wurde 1968 in Belgrad geboren. Seit ihrem vierten Lebensjahr ist das Klavier ihr Lebensmittelpunkt. Nach dem Studium bei ihrem \u201emusikalischen Vater\u201d, Prof. Arbo Valdma in Belgrad, wurde sie im Alter von 14 Jahren in die Klasse von Prof. Paul Badura-Skoda an der Musikuniversit\u00e4t Wien aufgenommen, &hellip; <\/p>\n<p class=\"link-more\"><a href=\"https:\/\/wppool.abenteuerbox.at\/DA_KV_Linz\/?page_id=1093\" class=\"more-link\">Read more<span class=\"screen-reader-text\"> &#8222;Nata\u0161a Veljkovi\u0107&#8220;<\/span><\/a><\/p>\n","protected":false},"author":1,"featured_media":0,"parent":0,"menu_order":0,"comment_status":"closed","ping_status":"closed","template":"","meta":{"inspiro_hide_title":false,"footnotes":""},"class_list":["post-1093","page","type-page","status-publish","hentry"],"_links":{"self":[{"href":"https:\/\/wppool.abenteuerbox.at\/DA_KV_Linz\/index.php?rest_route=\/wp\/v2\/pages\/1093","targetHints":{"allow":["GET"]}}],"collection":[{"href":"https:\/\/wppool.abenteuerbox.at\/DA_KV_Linz\/index.php?rest_route=\/wp\/v2\/pages"}],"about":[{"href":"https:\/\/wppool.abenteuerbox.at\/DA_KV_Linz\/index.php?rest_route=\/wp\/v2\/types\/page"}],"author":[{"embeddable":true,"href":"https:\/\/wppool.abenteuerbox.at\/DA_KV_Linz\/index.php?rest_route=\/wp\/v2\/users\/1"}],"replies":[{"embeddable":true,"href":"https:\/\/wppool.abenteuerbox.at\/DA_KV_Linz\/index.php?rest_route=%2Fwp%2Fv2%2Fcomments&post=1093"}],"version-history":[{"count":19,"href":"https:\/\/wppool.abenteuerbox.at\/DA_KV_Linz\/index.php?rest_route=\/wp\/v2\/pages\/1093\/revisions"}],"predecessor-version":[{"id":6416,"href":"https:\/\/wppool.abenteuerbox.at\/DA_KV_Linz\/index.php?rest_route=\/wp\/v2\/pages\/1093\/revisions\/6416"}],"wp:attachment":[{"href":"https:\/\/wppool.abenteuerbox.at\/DA_KV_Linz\/index.php?rest_route=%2Fwp%2Fv2%2Fmedia&parent=1093"}],"curies":[{"name":"wp","href":"https:\/\/api.w.org\/{rel}","templated":true}]}}