{"id":111,"date":"2024-11-06T13:30:32","date_gmt":"2024-11-06T12:30:32","guid":{"rendered":"https:\/\/wppool.abenteuerbox.at\/DA_KV_Linz\/?page_id=111"},"modified":"2025-01-27T11:54:34","modified_gmt":"2025-01-27T10:54:34","slug":"vereinsgeschichte","status":"publish","type":"page","link":"https:\/\/wppool.abenteuerbox.at\/DA_KV_Linz\/?page_id=111","title":{"rendered":"Vereinsgeschichte"},"content":{"rendered":"\t\t<div data-elementor-type=\"wp-page\" data-elementor-id=\"111\" class=\"elementor elementor-111\">\n\t\t\t\t<div class=\"elementor-element elementor-element-6285370 e-flex e-con-boxed e-con e-parent\" data-id=\"6285370\" data-element_type=\"container\">\n\t\t\t\t\t<div class=\"e-con-inner\">\n\t\t\t\t<div class=\"elementor-element elementor-element-776882d elementor-widget elementor-widget-heading\" data-id=\"776882d\" data-element_type=\"widget\" data-widget_type=\"heading.default\">\n\t\t\t\t<div class=\"elementor-widget-container\">\n\t\t\t\t\t<h2 class=\"elementor-heading-title elementor-size-default\">Geschichte des Vereins<\/h2>\t\t\t\t<\/div>\n\t\t\t\t<\/div>\n\t\t\t\t<div class=\"elementor-element elementor-element-f33e56f elementor-widget elementor-widget-text-editor\" data-id=\"f33e56f\" data-element_type=\"widget\" data-widget_type=\"text-editor.default\">\n\t\t\t\t<div class=\"elementor-widget-container\">\n\t\t\t\t\t\t\t\t\t<p align=\"justify\"><img decoding=\"async\" src=\"https:\/\/www.linzer-konzertverein.at\/fotos\/history\/tonzunftemblem.jpg\" width=\"100\" height=\"161\" align=\"right\" hspace=\"20\" vspace=\"10\" \/>Die Wurzeln des Linzer Konzertvereins liegen in einem Hausmusikkreis, der nach dem Ende des Ersten Weltkriegs ins Leben gerufen worden war und alsbald zu einem Salonorchester erweitert wurde.<\/p><p align=\"justify\">Ende 1919 erfolgte die beh\u00f6rdliche Registrierung der Orchestervereinigung &#8222;Tonzunft&#8220; Linz.<\/p><div align=\"justify\"><p>Damals machte der Musikerbund gro\u00dfe Schwierigkeiten, da er eine Konkurrenz durch ein Dilettantenorchester bef\u00fcrchtete. Nach vier Jahren wurde aus dem Salonorchester bereits ein Gro\u00dfes Orchester mit f\u00fcnfzig Mitgliedern, die regelm\u00e4\u00dfig unter der Leitung von\u00a0<a href=\"https:\/\/wppool.abenteuerbox.at\/DA_KV_Linz\/?page_id=3872\">Max Damberger<\/a>\u00a0mit Sinfoniekonzerten an die \u00d6ffentlichkeit traten, wie die Ank\u00fcndigung des 2. Jahres-Vereinskonzert der Tonzunft am 7. April 1923 im Kaufm\u00e4nnischen Vereinshaus beweist.<\/p><\/div><p align=\"justify\">Am 30. September 1925 erfolgte die \u00c4nderung des Vereinsnamens auf LINZER KONZERTVEREIN und es begann der Aufstieg.<\/p>\t\t\t\t\t\t\t\t<\/div>\n\t\t\t\t<\/div>\n\t\t\t\t<div class=\"elementor-element elementor-element-052479c elementor-widget elementor-widget-image\" data-id=\"052479c\" data-element_type=\"widget\" data-widget_type=\"image.default\">\n\t\t\t\t<div class=\"elementor-widget-container\">\n\t\t\t\t\t\t\t\t\t\t\t\t<figure class=\"wp-caption\">\n\t\t\t\t\t\t\t\t\t\t<img fetchpriority=\"high\" decoding=\"async\" width=\"360\" height=\"233\" src=\"https:\/\/wppool.abenteuerbox.at\/DA_KV_Linz\/wp-content\/uploads\/2024\/10\/konzert07_04_1923.jpg\" class=\"attachment-large size-large wp-image-53\" alt=\"\" srcset=\"https:\/\/wppool.abenteuerbox.at\/DA_KV_Linz\/wp-content\/uploads\/2024\/10\/konzert07_04_1923.jpg 360w, https:\/\/wppool.abenteuerbox.at\/DA_KV_Linz\/wp-content\/uploads\/2024\/10\/konzert07_04_1923-300x194.jpg 300w\" sizes=\"100vw\" \/>\t\t\t\t\t\t\t\t\t\t\t<figcaption class=\"widget-image-caption wp-caption-text\">Zweites Konzert der Tonzunft am 7.4.1923 unter der Leitung von max Damberger<\/figcaption>\n\t\t\t\t\t\t\t\t\t\t<\/figure>\n\t\t\t\t\t\t\t\t\t<\/div>\n\t\t\t\t<\/div>\n\t\t\t\t<div class=\"elementor-element elementor-element-af195a7 elementor-widget elementor-widget-text-editor\" data-id=\"af195a7\" data-element_type=\"widget\" data-widget_type=\"text-editor.default\">\n\t\t\t\t<div class=\"elementor-widget-container\">\n\t\t\t\t\t\t\t\t\t<p align=\"justify\">Die Zahl der aktiven Musiker erh\u00f6hte sich, die Zuh\u00f6rerschaft wurde immer zahlreicher. In der Saison 1930\/31 standen gemeinsame Konzerte mit dem Theaterorchester, dem Linzer Musikerbund und dem Linzer Musikverein auf dem Programm. Berufsmusiker unterst\u00fctzen uneigenn\u00fctzig die Orchesterarbeit des Linzer Konzertvereins.<\/p><p align=\"justify\">Am 22. April 1939 gab der Verein ein Festkonzert anl\u00e4sslich seines 20j\u00e4hrigen Bestehens, das dann auf lange Zeit sein letztes war, denn der Krieg unterbrach die T\u00e4tigkeit des Orchesters, der Verein wurde &#8222;ruhend&#8220; gemeldet und entging so der Aufl\u00f6sung durch die NS-Beh\u00f6rden. Musiker, die aus dem Krieg zur\u00fcckkamen wollten ihre kulturelle T\u00e4tigkeit wieder aufnehmen. Dies war gar nicht so einfach. Es fehlte das Auff\u00fchrungslokal, denn das Kaufm\u00e4nnische Vereinshaus war teilweise zerst\u00f6rt, es fehlten Instrumente und die amerikanische Besatzung war auch nicht gerade hilfreich bei den Bem\u00fchungen den Linzer Konzertverein wieder zu etablieren.<\/p><p align=\"justify\">Aber die Musiker lie\u00dfen nicht locker. Bereits am 28. Juni 1947 bestritt der Linzer Konzertverein sein erstes Symphoniekonzert im Vereinshaus in Linz.\u00a0<a href=\"https:\/\/wppool.abenteuerbox.at\/DA_KV_Linz\/?page_id=3566\">Prof. Anton Konrath<\/a>\u00a0\u00fcbernahm die Stelle eines st\u00e4ndigen Dirigenten.<\/p>\t\t\t\t\t\t\t\t<\/div>\n\t\t\t\t<\/div>\n\t\t\t\t<div class=\"elementor-element elementor-element-43f029e elementor-widget elementor-widget-image\" data-id=\"43f029e\" data-element_type=\"widget\" data-widget_type=\"image.default\">\n\t\t\t\t<div class=\"elementor-widget-container\">\n\t\t\t\t\t\t\t\t\t\t\t\t<figure class=\"wp-caption\">\n\t\t\t\t\t\t\t\t\t\t<img decoding=\"async\" width=\"360\" height=\"214\" src=\"https:\/\/wppool.abenteuerbox.at\/DA_KV_Linz\/wp-content\/uploads\/2024\/11\/konzert28_06_1947.jpg\" class=\"attachment-large size-large wp-image-113\" alt=\"\" srcset=\"https:\/\/wppool.abenteuerbox.at\/DA_KV_Linz\/wp-content\/uploads\/2024\/11\/konzert28_06_1947.jpg 360w, https:\/\/wppool.abenteuerbox.at\/DA_KV_Linz\/wp-content\/uploads\/2024\/11\/konzert28_06_1947-300x178.jpg 300w\" sizes=\"100vw\" \/>\t\t\t\t\t\t\t\t\t\t\t<figcaption class=\"widget-image-caption wp-caption-text\">Symphoniekonzert am 28. Juni 1947 unter der Leitung von Prof. Anton Konrath<\/figcaption>\n\t\t\t\t\t\t\t\t\t\t<\/figure>\n\t\t\t\t\t\t\t\t\t<\/div>\n\t\t\t\t<\/div>\n\t\t\t\t<div class=\"elementor-element elementor-element-c16db59 elementor-widget elementor-widget-text-editor\" data-id=\"c16db59\" data-element_type=\"widget\" data-widget_type=\"text-editor.default\">\n\t\t\t\t<div class=\"elementor-widget-container\">\n\t\t\t\t\t\t\t\t\t<p align=\"justify\">Die Qualit\u00e4t konnte durch st\u00e4rkeres Einbinden von Berufs- und Nebenberufsmusikern wesentlich gesteigert werden. Zahlreiche, \u2013 auch international \u2013 bedeutende Solisten wurden gewonnen. Der Dirigent des Linzer Theaterorchesters\u00a0<a href=\"https:\/\/wppool.abenteuerbox.at\/DA_KV_Linz\/?page_id=3463\">Michael Hutterstrasser<\/a>\u00a0betreute von 1955 bis 1961 den Linzer Konzertverein, anschlie\u00dfend \u00fcbernahm\u00a0<a href=\"https:\/\/wppool.abenteuerbox.at\/DA_KV_Linz\/?page_id=2391\">Prof. Dr. Leopold Mayer<\/a>\u00a0die k\u00fcnstlerische Leitung, die er bis 1990 inne hatte. Seither leiten wechselnde Gastdirigenten das Orchester.<\/p><p align=\"justify\">Es ist nicht verwunderlich, dass sich seit Bestehen der Musikervereinigung viele international renommierte Gesangs- und Instrumentalsolisten ihre ersten Sporen auf einer Linzer B\u00fchne verdienten. Zuerst im Kaufm\u00e4nnischen Vereinshaus und seit 43 Jahren im Linzer Brucknerhaus.<\/p><p align=\"justify\">Im 55. Vereinsjahr, am 8. Mai 1974 gestaltete der Linzer Konzertverein &#8222;Christus&#8220;, ein Oratorium in drei Teilen von Franz Liszt im Gro\u00dfen Saal des von den Wiener Philharmonikern unter Herbert von Karajan eingeweihten Konzerthauses. Dirigiert hat Leopold Mayer, Augustinus Franz Kropfreiter spielte die neue Orgel, Helmut Heinz Ecker war der Sprecher.<\/p>\t\t\t\t\t\t\t\t<\/div>\n\t\t\t\t<\/div>\n\t\t\t\t<div class=\"elementor-element elementor-element-5a33ebe elementor-widget elementor-widget-image\" data-id=\"5a33ebe\" data-element_type=\"widget\" data-widget_type=\"image.default\">\n\t\t\t\t<div class=\"elementor-widget-container\">\n\t\t\t\t\t\t\t\t\t\t\t\t<figure class=\"wp-caption\">\n\t\t\t\t\t\t\t\t\t\t<img loading=\"lazy\" decoding=\"async\" width=\"360\" height=\"233\" src=\"https:\/\/wppool.abenteuerbox.at\/DA_KV_Linz\/wp-content\/uploads\/2024\/11\/Konzert08_05_1974.jpg\" class=\"attachment-large size-large wp-image-122\" alt=\"\" srcset=\"https:\/\/wppool.abenteuerbox.at\/DA_KV_Linz\/wp-content\/uploads\/2024\/11\/Konzert08_05_1974.jpg 360w, https:\/\/wppool.abenteuerbox.at\/DA_KV_Linz\/wp-content\/uploads\/2024\/11\/Konzert08_05_1974-300x194.jpg 300w\" sizes=\"100vw\" \/>\t\t\t\t\t\t\t\t\t\t\t<figcaption class=\"widget-image-caption wp-caption-text\">Konzert im Brucknerhaus Linz am 8. Mai 1974 unter der leitung von Prof. Dr. Leopold Mayer<\/figcaption>\n\t\t\t\t\t\t\t\t\t\t<\/figure>\n\t\t\t\t\t\t\t\t\t<\/div>\n\t\t\t\t<\/div>\n\t\t\t\t<div class=\"elementor-element elementor-element-a5ac40c elementor-widget elementor-widget-text-editor\" data-id=\"a5ac40c\" data-element_type=\"widget\" data-widget_type=\"text-editor.default\">\n\t\t\t\t<div class=\"elementor-widget-container\">\n\t\t\t\t\t\t\t\t\t<p align=\"justify\">Der Linzer Konzertverein trat aber auch im Marmorsaal des Stiftes St. Florian oder im Kulturzentrum Bad Leonfelden vor ein begeistertes Publikum.<\/p><p align=\"justify\">Der Linzer Konzertverein ist seinem Auftrag, sich als Amateurorchester dem Studium und der Darbietung sinfonischer Werke und der F\u00f6rderung der Jugend zu widmen allj\u00e4hrlich gewissenhaft nachgekommen. Viele Solisten, die inzwischen auf allen Konzertb\u00fchnen zuhause sind, haben sich zu Beginn ihrer musischen Laufbahn erste Sporen mit dem Linzer Konzertverein verdient. Man denke an Wolfgang Schneiderhan (1952), J\u00f6rg Demus (1959), Klaus Wiplinger 1963), Paul Badura-Skoda (1954), Willy Boskowsky (1948), Rudolf Buchbinder (1962) Hans Petermandl (1953), Rainer K\u00fcchl (1971), Mitsuko Uchida (1966), Walter Weller (1961) und einige weitere Mitglieder der Wiener Philharmoniker sowie die Gesangssolisten Karl Ridderbusch, Birgit Greiner, Cheryl Lichter, Amanda Benda, Franz Kalchmair, Riccardo Lombardi, Piotr Beczala und William Mason, um nur einige im Namen aller zu erw\u00e4hnen.<\/p><p align=\"justify\">Die Verdienste des Linzer Konzertvereins werden nicht nur von einem treuen Publikum, das alle Altersschichten aufweist, mit ausverkauften Konzerten belohnt. Zahlreiche Ehrungen von offizieller Seite, vom Land Ober\u00f6sterreich ebenso wie von der Stadt Linz sind ein Beweis daf\u00fcr, dass kontinuierliche Kulturarbeit nicht unbelohnt bleibt.<\/p><p align=\"justify\">Erster Obmann war\u00a0<a href=\"https:\/\/wppool.abenteuerbox.at\/DA_KV_Linz\/?page_id=5371\">Alfred Sch\u00fctzenhofer<\/a>\u00a0(1918-1920). Anschlie\u00dfend stand\u00a0<a href=\"https:\/\/wppool.abenteuerbox.at\/DA_KV_Linz\/?page_id=5386\">Josef Straub<\/a>\u00a0bis 1946 dem Linzer Konzertverein vor. Es folgten\u00a0<a href=\"https:\/\/wppool.abenteuerbox.at\/DA_KV_Linz\/?page_id=5407\">Hermann Furthmoser\u00a0<\/a>(1946 \u2013 1953),\u00a0<a href=\"https:\/\/wppool.abenteuerbox.at\/DA_KV_Linz\/?page_id=5439\">Dr. Karl Galanda<\/a>\u00a0(1953 \u2013 1965) und\u00a0<a href=\"https:\/\/wppool.abenteuerbox.at\/DA_KV_Linz\/?page_id=5445\">Karl Pointner<\/a>\u00a0(1965 \u2013 1968). Von 1968 bis zu seinem \u00fcberraschenden Tod 2006 leitete\u00a0<a href=\"https:\/\/wppool.abenteuerbox.at\/DA_KV_Linz\/?page_id=5475\">Konsulent Wolfram Ziegler<\/a>\u00a0die Geschicke des Linzer Konzertvereins.<\/p>\t\t\t\t\t\t\t\t<\/div>\n\t\t\t\t<\/div>\n\t\t\t\t<div class=\"elementor-element elementor-element-83d1fb6 elementor-widget elementor-widget-image\" data-id=\"83d1fb6\" data-element_type=\"widget\" data-widget_type=\"image.default\">\n\t\t\t\t<div class=\"elementor-widget-container\">\n\t\t\t\t\t\t\t\t\t\t\t\t<figure class=\"wp-caption\">\n\t\t\t\t\t\t\t\t\t\t<img loading=\"lazy\" decoding=\"async\" width=\"400\" height=\"235\" src=\"https:\/\/wppool.abenteuerbox.at\/DA_KV_Linz\/wp-content\/uploads\/2024\/11\/Konzert-28.11.07-003a.jpeg\" class=\"attachment-large size-large wp-image-114\" alt=\"\" srcset=\"https:\/\/wppool.abenteuerbox.at\/DA_KV_Linz\/wp-content\/uploads\/2024\/11\/Konzert-28.11.07-003a.jpeg 400w, https:\/\/wppool.abenteuerbox.at\/DA_KV_Linz\/wp-content\/uploads\/2024\/11\/Konzert-28.11.07-003a-300x176.jpeg 300w\" sizes=\"100vw\" \/>\t\t\t\t\t\t\t\t\t\t\t<figcaption class=\"widget-image-caption wp-caption-text\">Sinfoniekonzert am 28.11.2007 im Brucknerhaus Linz mit der Linzer Singakademie unter der Leitung von Prof. johannes Wetzler<\/figcaption>\n\t\t\t\t\t\t\t\t\t\t<\/figure>\n\t\t\t\t\t\t\t\t\t<\/div>\n\t\t\t\t<\/div>\n\t\t\t\t<div class=\"elementor-element elementor-element-d87fc3f elementor-widget elementor-widget-text-editor\" data-id=\"d87fc3f\" data-element_type=\"widget\" data-widget_type=\"text-editor.default\">\n\t\t\t\t<div class=\"elementor-widget-container\">\n\t\t\t\t\t\t\t\t\t<p>Sein Nachfolger wurde\u00a0<a href=\"https:\/\/wppool.abenteuerbox.at\/DA_KV_Linz\/?page_id=5506\">Mag.\u00a0Arnold\u00a0Wiesberger<\/a>. Er hatte diese Funktion bis M\u00e4rz 2010 inne. In der im Mai 2010 einberufenen Generalversammlung wurde\u00a0<a href=\"https:\/\/wppool.abenteuerbox.at\/DA_KV_Linz\/?page_id=5536\">Johann\u00a0Li\u00dfberger<\/a>\u00a0zum Obmann und in der Generalversammlung 2016 einstimmig zum neuen Pr\u00e4sident gew\u00e4hlt. Ihm stehen im Vorstand zur Seite: Schriftf\u00fchrerin\u00a0<a href=\"https:\/\/wppool.abenteuerbox.at\/DA_KV_Linz\/?page_id=5558\">Konsulentin StR. Maria Mair<\/a>, Kassierin\u00a0<a href=\"https:\/\/wppool.abenteuerbox.at\/DA_KV_Linz\/?page_id=5578\">Sylvia Mitterlehner MBA<\/a>, Archivarin\u00a0<a href=\"https:\/\/wppool.abenteuerbox.at\/DA_KV_Linz\/?page_id=5621\">Monika Hinterlehner<\/a>\u00a0und\u00a0<a href=\"https:\/\/wppool.abenteuerbox.at\/DA_KV_Linz\/?page_id=5638\" rel=\"noopener\">Elisabeth Oberlik<\/a>\u00a0als Referentin f\u00fcr \u00d6ffentlichkeitsarbeit.<\/p><p style=\"text-align: right;\">Elisabeth Oberlik<\/p><p>Quellen:<\/p><ul><li><a href=\"https:\/\/www.linzer-konzertverein.at\/download\/Linzer_Konzertverein_Festschrift_1929.pdf\" target=\"_blank\" rel=\"noopener\">Festschrift aus Anlass des 10j\u00e4hrigen Vereinsbestandes (1919-1929)<\/a><\/li><li><a href=\"https:\/\/www.linzer-konzertverein.at\/download\/Linzer_Konzertverein_Festschrift_1959.pdf\" target=\"_blank\" rel=\"noopener\">Festschrift aus Anlass des 40j\u00e4hrigen Vereinsbestandes (1919-1959)<\/a><\/li><li><a href=\"https:\/\/www.linzer-konzertverein.at\/download\/Festschrift_50_Jahre.pdf\" target=\"_blank\" rel=\"noopener\">Festschrift aus Anlass des 50j\u00e4igen Vereinsbestandes (1919-1969)<\/a><\/li><li><a href=\"https:\/\/www.linzer-konzertverein.at\/download\/Linzer_Konzertverein_Festschrift_1979.pdf\" target=\"_blank\" rel=\"noopener\">Festschrift aus Anlass des 60j\u00e4hrigen Vereinsbestandes (1919-1979)<\/a><\/li><li><a href=\"https:\/\/www.linzer-konzertverein.at\/download\/Linzer_Konzertverein_Festschrift_1994.pdf\" target=\"_blank\" rel=\"noopener\">Festschrift aus Anlass des 75j\u00e4hrigen Vereinsbestandes (1919-1994)<\/a><\/li><li><a href=\"https:\/\/www.linzer-konzertverein.at\/download\/Festschrift%202019.pdf\" target=\"_blank\" rel=\"noopener\">Festschrift aus Anlass des 100j\u00e4hrigen Vereinsbestandes (1919-2019)<\/a><\/li><li><a href=\"https:\/\/www.linzer-konzertverein.at\/download\/Linzer_Konzertverein_Hanns_Kreczi.pdf\" target=\"_blank\" rel=\"noopener\">Orchester und Symphoniekonzerte nach 1945 (Hans Kreczi: St\u00e4dtische Kulturarbeit in Linz, 1959)<\/a><\/li><li><a href=\"https:\/\/www.linzer-konzertverein.at\/download\/OOEN_24.08.1966.pdf\" target=\"_blank\" rel=\"noopener\">Musikkultur im Spiegel der Liebhaberorchester (Franz Zamazal: O\u00d6\u00a0Nachrichten 24.8.1966)<\/a><\/li><\/ul>\t\t\t\t\t\t\t\t<\/div>\n\t\t\t\t<\/div>\n\t\t\t\t\t<\/div>\n\t\t\t\t<\/div>\n\t\t\t\t<\/div>\n\t\t","protected":false},"excerpt":{"rendered":"<p>Geschichte des Vereins Die Wurzeln des Linzer Konzertvereins liegen in einem Hausmusikkreis, der nach dem Ende des Ersten Weltkriegs ins Leben gerufen worden war und alsbald zu einem Salonorchester erweitert wurde. Ende 1919 erfolgte die beh\u00f6rdliche Registrierung der Orchestervereinigung &#8222;Tonzunft&#8220; Linz. Damals machte der Musikerbund gro\u00dfe Schwierigkeiten, da er eine Konkurrenz durch ein Dilettantenorchester bef\u00fcrchtete. &hellip; <\/p>\n<p class=\"link-more\"><a href=\"https:\/\/wppool.abenteuerbox.at\/DA_KV_Linz\/?page_id=111\" class=\"more-link\">Read more<span class=\"screen-reader-text\"> &#8222;Vereinsgeschichte&#8220;<\/span><\/a><\/p>\n","protected":false},"author":1,"featured_media":0,"parent":18,"menu_order":0,"comment_status":"closed","ping_status":"closed","template":"","meta":{"inspiro_hide_title":false,"footnotes":""},"class_list":["post-111","page","type-page","status-publish","hentry"],"_links":{"self":[{"href":"https:\/\/wppool.abenteuerbox.at\/DA_KV_Linz\/index.php?rest_route=\/wp\/v2\/pages\/111","targetHints":{"allow":["GET"]}}],"collection":[{"href":"https:\/\/wppool.abenteuerbox.at\/DA_KV_Linz\/index.php?rest_route=\/wp\/v2\/pages"}],"about":[{"href":"https:\/\/wppool.abenteuerbox.at\/DA_KV_Linz\/index.php?rest_route=\/wp\/v2\/types\/page"}],"author":[{"embeddable":true,"href":"https:\/\/wppool.abenteuerbox.at\/DA_KV_Linz\/index.php?rest_route=\/wp\/v2\/users\/1"}],"replies":[{"embeddable":true,"href":"https:\/\/wppool.abenteuerbox.at\/DA_KV_Linz\/index.php?rest_route=%2Fwp%2Fv2%2Fcomments&post=111"}],"version-history":[{"count":73,"href":"https:\/\/wppool.abenteuerbox.at\/DA_KV_Linz\/index.php?rest_route=\/wp\/v2\/pages\/111\/revisions"}],"predecessor-version":[{"id":8401,"href":"https:\/\/wppool.abenteuerbox.at\/DA_KV_Linz\/index.php?rest_route=\/wp\/v2\/pages\/111\/revisions\/8401"}],"up":[{"embeddable":true,"href":"https:\/\/wppool.abenteuerbox.at\/DA_KV_Linz\/index.php?rest_route=\/wp\/v2\/pages\/18"}],"wp:attachment":[{"href":"https:\/\/wppool.abenteuerbox.at\/DA_KV_Linz\/index.php?rest_route=%2Fwp%2Fv2%2Fmedia&parent=111"}],"curies":[{"name":"wp","href":"https:\/\/api.w.org\/{rel}","templated":true}]}}