{"id":1123,"date":"2025-01-11T12:23:53","date_gmt":"2025-01-11T11:23:53","guid":{"rendered":"https:\/\/wppool.abenteuerbox.at\/DA_KV_Linz\/?page_id=1123"},"modified":"2025-01-24T17:06:20","modified_gmt":"2025-01-24T16:06:20","slug":"rifesser-martina-karlinger-werner","status":"publish","type":"page","link":"https:\/\/wppool.abenteuerbox.at\/DA_KV_Linz\/?page_id=1123","title":{"rendered":"Rifesser Martina, Karlinger Werner"},"content":{"rendered":"\t\t<div data-elementor-type=\"wp-page\" data-elementor-id=\"1123\" class=\"elementor elementor-1123\">\n\t\t\t\t<div class=\"elementor-element elementor-element-329585c e-flex e-con-boxed e-con e-parent\" data-id=\"329585c\" data-element_type=\"container\">\n\t\t\t\t\t<div class=\"e-con-inner\">\n\t\t<div class=\"elementor-element elementor-element-1882d6f e-con-full e-flex e-con e-child\" data-id=\"1882d6f\" data-element_type=\"container\">\n\t\t\t\t<div class=\"elementor-element elementor-element-55c5e58 elementor-widget elementor-widget-heading\" data-id=\"55c5e58\" data-element_type=\"widget\" data-widget_type=\"heading.default\">\n\t\t\t\t<div class=\"elementor-widget-container\">\n\t\t\t\t\t<h2 class=\"elementor-heading-title elementor-size-default\">Harfe<\/h2>\t\t\t\t<\/div>\n\t\t\t\t<\/div>\n\t\t\t\t<div class=\"elementor-element elementor-element-cc28f75 elementor-widget elementor-widget-text-editor\" data-id=\"cc28f75\" data-element_type=\"widget\" data-widget_type=\"text-editor.default\">\n\t\t\t\t<div class=\"elementor-widget-container\">\n\t\t\t\t\t\t\t\t\t<p><strong>Auftritte im Linzer Konzertverein:<\/strong><\/p><p>03.12.2014, Herbstkonzert<\/p>\t\t\t\t\t\t\t\t<\/div>\n\t\t\t\t<\/div>\n\t\t\t\t<\/div>\n\t\t<div class=\"elementor-element elementor-element-58a8fae e-con-full e-flex e-con e-child\" data-id=\"58a8fae\" data-element_type=\"container\">\n\t\t\t\t<div class=\"elementor-element elementor-element-fca5fe1 elementor-widget elementor-widget-image\" data-id=\"fca5fe1\" data-element_type=\"widget\" data-widget_type=\"image.default\">\n\t\t\t\t<div class=\"elementor-widget-container\">\n\t\t\t\t\t\t\t\t\t\t\t\t\t\t\t<img fetchpriority=\"high\" decoding=\"async\" width=\"600\" height=\"450\" src=\"https:\/\/wppool.abenteuerbox.at\/DA_KV_Linz\/wp-content\/uploads\/2025\/01\/Karlinger_Werner_Rifesser_Martina.jpg\" class=\"attachment-large size-large wp-image-1126\" alt=\"\" srcset=\"https:\/\/wppool.abenteuerbox.at\/DA_KV_Linz\/wp-content\/uploads\/2025\/01\/Karlinger_Werner_Rifesser_Martina.jpg 600w, https:\/\/wppool.abenteuerbox.at\/DA_KV_Linz\/wp-content\/uploads\/2025\/01\/Karlinger_Werner_Rifesser_Martina-300x225.jpg 300w\" sizes=\"100vw\" \/>\t\t\t\t\t\t\t\t\t\t\t\t\t\t\t<\/div>\n\t\t\t\t<\/div>\n\t\t\t\t<\/div>\n\t\t<div class=\"elementor-element elementor-element-3e986cf e-con-full e-flex e-con e-child\" data-id=\"3e986cf\" data-element_type=\"container\">\n\t\t\t\t<div class=\"elementor-element elementor-element-148b166 elementor-widget elementor-widget-text-editor\" data-id=\"148b166\" data-element_type=\"widget\" data-widget_type=\"text-editor.default\">\n\t\t\t\t<div class=\"elementor-widget-container\">\n\t\t\t\t\t\t\t\t\t<p>Martina Rifesser, geboren in Bozen, und Werner Karlinger, geboren in Linz, trafen einander erstmalig beim Harfenseminar ihrer gemeinsamen Lehrerin Berta H\u00f6ller, das sie jedes Jahr in Lienz in Osttirol veranstaltete.<br \/>Beide waren zuerst in der Volksmusik t\u00e4tig, bevor sie ein Konzertharfenstudium absolvierten, das beide mit Auszeichnung abschlossen (Werner Karlinger am Mozarteum Salzburg und Martina Rifesser am Konservatorium in Trento).<br \/>Unabh\u00e4ngig voneinander waren beide Mitglieder des Gustav Mahler Jugendorchesters.<\/p><p>Seit 1989 ist Werner Karlinger Soloharfenist im Bruckner Orchester Linz, und die ab 1995 st\u00e4ndige T\u00e4tigkeit von Martina Rifesser in diesem Orchester f\u00fchrte die beiden Musiker wieder zusammen. Es folgten Auff\u00fchrungen der Konzerte f\u00fcr zwei Harfen und Orchester von Elias Parish-Alvars und Fran\u00e7ois-Joseph Gossec und Duoabende in \u00d6sterreich und Italien.<br \/>Neben der nicht sehr umfangreichen Originalliteratur werden ausschlie\u00dflich eigene Bearbeitungen bekannter und beliebter Kompositionen gespielt, die die klanglichen und spieltechnischen M\u00f6glichkeiten der Instrumente eindrucksvoll zur Schau stellen.<\/p><p>Martina Rifesser war zudem Stipendiatin der Berliner Philharmoniker und von Claudio Abbado, 1993-1999 Lehrerin f\u00fcr Gitarre am Musikinstitut Gr\u00f6den.<br \/>Seit 2003 Harfenlehrerin im ober\u00f6sterreichischen Landesmusikschulwerk.<br \/>Zusammenarbeit auch als Solistin mit Orchestern wie Camerata Salzburg oder Akademie St. Blasius Innsbruck im In- und Ausland.<br \/>Abseits der musikalischen Verpflichtungen arbeitet sie auch als Restauratorin und Hubschrauberpilotin.<\/p><p>Werner Karlinger war neben der T\u00e4tigkeit im Bruckner Orchester von 1993-2005 Lehrbeauftragter f\u00fcr Harfe an der Universit\u00e4t &#8222;Mozarteum&#8220; in Salzburg und hielt Meisterkurse in Krakau, Damaskus, Buenos Aires, Lima und Tokyo.<br \/>Seit 2006 ist er als Universit\u00e4tslehrer f\u00fcr Harfe an der Anton Bruckner Privatuniversit\u00e4t Linz und seit 2013 zus\u00e4tzlich im ober\u00f6sterreichischen Landesmusikschulwerk als Harfenlehrer besch\u00e4ftigt.<br \/>Internationale Konzertt\u00e4tigkeit als Solist und Kammermusiker:<br \/>Konzertreisen in viele europ\u00e4ische L\u00e4nder, nach Japan, Syrien, Argentinien, Peru, in die USA und in den Iran.<br \/>8 CD-Produktionen als Solist und im Duo mit Fagott, Fl\u00f6te bzw. Cello.<\/p><p>Seit 2003 sind die beiden Musiker miteinander verheiratet.<\/p><p>(2013)<\/p>\t\t\t\t\t\t\t\t<\/div>\n\t\t\t\t<\/div>\n\t\t\t\t<div class=\"elementor-element elementor-element-92d9ee8 elementor-widget elementor-widget-text-editor\" data-id=\"92d9ee8\" data-element_type=\"widget\" data-widget_type=\"text-editor.default\">\n\t\t\t\t<div class=\"elementor-widget-container\">\n\t\t\t\t\t\t\t\t\t<p style=\"text-align: right;\">\n<a href=\"javascript:history.back();\">Zur\u00fcck<\/a>\n<\/p>\t\t\t\t\t\t\t\t<\/div>\n\t\t\t\t<\/div>\n\t\t\t\t<\/div>\n\t\t\t\t\t<\/div>\n\t\t\t\t<\/div>\n\t\t\t\t<\/div>\n\t\t","protected":false},"excerpt":{"rendered":"<p>Harfe Auftritte im Linzer Konzertverein: 03.12.2014, Herbstkonzert Martina Rifesser, geboren in Bozen, und Werner Karlinger, geboren in Linz, trafen einander erstmalig beim Harfenseminar ihrer gemeinsamen Lehrerin Berta H\u00f6ller, das sie jedes Jahr in Lienz in Osttirol veranstaltete.Beide waren zuerst in der Volksmusik t\u00e4tig, bevor sie ein Konzertharfenstudium absolvierten, das beide mit Auszeichnung abschlossen (Werner Karlinger &hellip; <\/p>\n<p class=\"link-more\"><a href=\"https:\/\/wppool.abenteuerbox.at\/DA_KV_Linz\/?page_id=1123\" class=\"more-link\">Read more<span class=\"screen-reader-text\"> &#8222;Rifesser Martina, Karlinger Werner&#8220;<\/span><\/a><\/p>\n","protected":false},"author":1,"featured_media":0,"parent":0,"menu_order":0,"comment_status":"closed","ping_status":"closed","template":"","meta":{"inspiro_hide_title":false,"footnotes":""},"class_list":["post-1123","page","type-page","status-publish","hentry"],"_links":{"self":[{"href":"https:\/\/wppool.abenteuerbox.at\/DA_KV_Linz\/index.php?rest_route=\/wp\/v2\/pages\/1123","targetHints":{"allow":["GET"]}}],"collection":[{"href":"https:\/\/wppool.abenteuerbox.at\/DA_KV_Linz\/index.php?rest_route=\/wp\/v2\/pages"}],"about":[{"href":"https:\/\/wppool.abenteuerbox.at\/DA_KV_Linz\/index.php?rest_route=\/wp\/v2\/types\/page"}],"author":[{"embeddable":true,"href":"https:\/\/wppool.abenteuerbox.at\/DA_KV_Linz\/index.php?rest_route=\/wp\/v2\/users\/1"}],"replies":[{"embeddable":true,"href":"https:\/\/wppool.abenteuerbox.at\/DA_KV_Linz\/index.php?rest_route=%2Fwp%2Fv2%2Fcomments&post=1123"}],"version-history":[{"count":19,"href":"https:\/\/wppool.abenteuerbox.at\/DA_KV_Linz\/index.php?rest_route=\/wp\/v2\/pages\/1123\/revisions"}],"predecessor-version":[{"id":6440,"href":"https:\/\/wppool.abenteuerbox.at\/DA_KV_Linz\/index.php?rest_route=\/wp\/v2\/pages\/1123\/revisions\/6440"}],"wp:attachment":[{"href":"https:\/\/wppool.abenteuerbox.at\/DA_KV_Linz\/index.php?rest_route=%2Fwp%2Fv2%2Fmedia&parent=1123"}],"curies":[{"name":"wp","href":"https:\/\/api.w.org\/{rel}","templated":true}]}}