{"id":1130,"date":"2025-01-11T12:28:49","date_gmt":"2025-01-11T11:28:49","guid":{"rendered":"https:\/\/wppool.abenteuerbox.at\/DA_KV_Linz\/?page_id=1130"},"modified":"2025-01-24T17:02:07","modified_gmt":"2025-01-24T16:02:07","slug":"andreas-eggertsberger","status":"publish","type":"page","link":"https:\/\/wppool.abenteuerbox.at\/DA_KV_Linz\/?page_id=1130","title":{"rendered":"Andreas Eggertsberger"},"content":{"rendered":"\t\t<div data-elementor-type=\"wp-page\" data-elementor-id=\"1130\" class=\"elementor elementor-1130\">\n\t\t\t\t<div class=\"elementor-element elementor-element-1442e44 e-flex e-con-boxed e-con e-parent\" data-id=\"1442e44\" data-element_type=\"container\">\n\t\t\t\t\t<div class=\"e-con-inner\">\n\t\t<div class=\"elementor-element elementor-element-482a3fe e-con-full e-flex e-con e-child\" data-id=\"482a3fe\" data-element_type=\"container\">\n\t\t\t\t<div class=\"elementor-element elementor-element-afc750a elementor-widget elementor-widget-heading\" data-id=\"afc750a\" data-element_type=\"widget\" data-widget_type=\"heading.default\">\n\t\t\t\t<div class=\"elementor-widget-container\">\n\t\t\t\t\t<h2 class=\"elementor-heading-title elementor-size-default\">Klavier<\/h2>\t\t\t\t<\/div>\n\t\t\t\t<\/div>\n\t\t\t\t<div class=\"elementor-element elementor-element-302a7e6 elementor-widget elementor-widget-text-editor\" data-id=\"302a7e6\" data-element_type=\"widget\" data-widget_type=\"text-editor.default\">\n\t\t\t\t<div class=\"elementor-widget-container\">\n\t\t\t\t\t\t\t\t\t<p><strong>Auftritte im Linzer Konzertverein:<\/strong><\/p><p>02.12.2015, Herbstkonzert<br \/>27.03.1996, Sinfoniekonzert<\/p>\t\t\t\t\t\t\t\t<\/div>\n\t\t\t\t<\/div>\n\t\t\t\t<\/div>\n\t\t<div class=\"elementor-element elementor-element-76ddf25 e-con-full e-flex e-con e-child\" data-id=\"76ddf25\" data-element_type=\"container\">\n\t\t\t\t<div class=\"elementor-element elementor-element-f56cd36 elementor-widget elementor-widget-image\" data-id=\"f56cd36\" data-element_type=\"widget\" data-widget_type=\"image.default\">\n\t\t\t\t<div class=\"elementor-widget-container\">\n\t\t\t\t\t\t\t\t\t\t\t\t\t\t\t<img fetchpriority=\"high\" decoding=\"async\" width=\"286\" height=\"213\" src=\"https:\/\/wppool.abenteuerbox.at\/DA_KV_Linz\/wp-content\/uploads\/2025\/01\/Eggertsberger_Andreas.jpg\" class=\"attachment-large size-large wp-image-1133\" alt=\"\" sizes=\"100vw\" \/>\t\t\t\t\t\t\t\t\t\t\t\t\t\t\t<\/div>\n\t\t\t\t<\/div>\n\t\t\t\t<\/div>\n\t\t<div class=\"elementor-element elementor-element-756cc89 e-con-full e-flex e-con e-child\" data-id=\"756cc89\" data-element_type=\"container\">\n\t\t\t\t<div class=\"elementor-element elementor-element-d4f3160 elementor-widget elementor-widget-text-editor\" data-id=\"d4f3160\" data-element_type=\"widget\" data-widget_type=\"text-editor.default\">\n\t\t\t\t<div class=\"elementor-widget-container\">\n\t\t\t\t\t\t\t\t\t<p>Andreas Eggertsberger wurde in Linz geboren. Erster Klavierunterricht mit 9\u00bd Jahren bei Thomas Szabo an der Yamaha Musikschule Linz. Anschlie\u00dfend studierte er am Bruckner-Konservatorium Linz bei Gottfried Hemetsberger, 1995: Konzertdiplom mit Auszeichnung. Weitere Studien an den Musikuniversit\u00e4ten Salzburg (K\u00e4mmerling) und Wien (Maisenberg). Zus\u00e4tzlich verfeinerte er sein Klavierspiel bei Thomas Hecht (Singapur). Ab Herbst 2010 setzte Eggertsberger seine Studien an der University of Michigan, Ann Arbor, in der Klasse des renommierten Pianisten Arthur Greene fort, welche er 2013 mit dem Doktorat abschloss. Meisterkurse u. a. bei P. Badura-Skoda, L. Hoffmann, A. Nassedkin, D. Leljak, J. Rouvier, A. Greene, M. Masaki und I. Kaltchev. Daneben Absolvierung des Studiums der Politikwissenschaft an der Universit\u00e4t Salzburg. Seit 2012 verfolgt Eggertsberger private Studien der Klavierphysiologie bei Laurent Boullet in Berlin.<\/p><p>Eggertsberger wurde bei vielen nationalen und internationalen Wettbewerben (u. a. 1992 Ettlingen, 1993 Yamaha Stipendium, 2009 Semifinalist beim internationalen Klavierwettbewerb Louisiana, USA) mit Preisen ausgezeichnet. F\u00fcr seine Interpretation der Beethoven-Sonate op.106 erhielt er den Taras Gabora Preis beim Internationalen Musikfestival in Casalmaggiore. Seine Konzertt\u00e4tigkeit begann er mit 13 Jahren mit seinem ersten Soloabend im Linzer Brucknerhaus. Im selben Jahr folgte sein erstes Auftreten als Solist des Brucknerorchesters Linz.<\/p><p>Anl\u00e4sslich seines Deb\u00fcts im Wiener Konzerthaus schrieb Wilhelm Sinkovitz in der \u201ePresse\u201c. \u201e\u2026Wer vom lieben Gott ein bemerkenswertes k\u00fcnstlerisches Empfinden mit auf den Weg bekommen hat, der vermag auch Kanten und Widerhaken im Notengef\u00fcge ganz bewusst h\u00f6rbar zu machen \u2026\u201c. Eggertsberger sorgt bei seinen Konzerten f\u00fcr Begeisterungsst\u00fcrme bei Publikum und Presse. \u201e\u2026 Bei Beethovens letzter Klaviersonate Nr. 32 in c-moll, op.111, konnte man sich vom Sog, der von dem 28-j\u00e4hrigen ausging, kaum mehr entziehen\u2026 \u201c (Karin Sch\u00fctze in den O\u00d6N anl\u00e4sslich eines Recitals in der Landesgalerie Linz).<\/p><p>Eggertsberger tritt in Konzerten in Europa und Asien als Solist und in verschiedenen kammermusikalischen Formationen an die \u00d6ffentlichkeit. 2015 deb\u00fctierte er mit den Mainzer Virtuosen in Mainz. Er war unter anderem in Konzerth\u00e4usern wie dem Wiener Konzerthaus, Brucknerhaus Linz, Beethovenhaus Bonn, der Queen Victoria Hall und Esplanade in Singapur, etc. zu Gast. Gemeinsame Projekte f\u00fchrten Eggertsberger mit Musikern wie J\u00f6rg Demus und Nella Hunkins zusammen. Eggertsberger war oft bei den Salzkammergut Festwochen in Gmunden zu Gast. Aufnahmen f\u00fcr Rundfunk, Fernsehen und CD im In- und Ausland.<\/p><p>(2015)<\/p>\t\t\t\t\t\t\t\t<\/div>\n\t\t\t\t<\/div>\n\t\t\t\t<div class=\"elementor-element elementor-element-2d47d79 elementor-widget elementor-widget-text-editor\" data-id=\"2d47d79\" data-element_type=\"widget\" data-widget_type=\"text-editor.default\">\n\t\t\t\t<div class=\"elementor-widget-container\">\n\t\t\t\t\t\t\t\t\t<p style=\"text-align: right;\">\n<a href=\"javascript:history.back();\">Zur\u00fcck<\/a>\n<\/p>\t\t\t\t\t\t\t\t<\/div>\n\t\t\t\t<\/div>\n\t\t\t\t<\/div>\n\t\t\t\t\t<\/div>\n\t\t\t\t<\/div>\n\t\t\t\t<\/div>\n\t\t","protected":false},"excerpt":{"rendered":"<p>Klavier Auftritte im Linzer Konzertverein: 02.12.2015, Herbstkonzert27.03.1996, Sinfoniekonzert Andreas Eggertsberger wurde in Linz geboren. Erster Klavierunterricht mit 9\u00bd Jahren bei Thomas Szabo an der Yamaha Musikschule Linz. Anschlie\u00dfend studierte er am Bruckner-Konservatorium Linz bei Gottfried Hemetsberger, 1995: Konzertdiplom mit Auszeichnung. Weitere Studien an den Musikuniversit\u00e4ten Salzburg (K\u00e4mmerling) und Wien (Maisenberg). Zus\u00e4tzlich verfeinerte er sein Klavierspiel &hellip; <\/p>\n<p class=\"link-more\"><a href=\"https:\/\/wppool.abenteuerbox.at\/DA_KV_Linz\/?page_id=1130\" class=\"more-link\">Read more<span class=\"screen-reader-text\"> &#8222;Andreas Eggertsberger&#8220;<\/span><\/a><\/p>\n","protected":false},"author":1,"featured_media":0,"parent":0,"menu_order":0,"comment_status":"closed","ping_status":"closed","template":"","meta":{"inspiro_hide_title":false,"footnotes":""},"class_list":["post-1130","page","type-page","status-publish","hentry"],"_links":{"self":[{"href":"https:\/\/wppool.abenteuerbox.at\/DA_KV_Linz\/index.php?rest_route=\/wp\/v2\/pages\/1130","targetHints":{"allow":["GET"]}}],"collection":[{"href":"https:\/\/wppool.abenteuerbox.at\/DA_KV_Linz\/index.php?rest_route=\/wp\/v2\/pages"}],"about":[{"href":"https:\/\/wppool.abenteuerbox.at\/DA_KV_Linz\/index.php?rest_route=\/wp\/v2\/types\/page"}],"author":[{"embeddable":true,"href":"https:\/\/wppool.abenteuerbox.at\/DA_KV_Linz\/index.php?rest_route=\/wp\/v2\/users\/1"}],"replies":[{"embeddable":true,"href":"https:\/\/wppool.abenteuerbox.at\/DA_KV_Linz\/index.php?rest_route=%2Fwp%2Fv2%2Fcomments&post=1130"}],"version-history":[{"count":19,"href":"https:\/\/wppool.abenteuerbox.at\/DA_KV_Linz\/index.php?rest_route=\/wp\/v2\/pages\/1130\/revisions"}],"predecessor-version":[{"id":6425,"href":"https:\/\/wppool.abenteuerbox.at\/DA_KV_Linz\/index.php?rest_route=\/wp\/v2\/pages\/1130\/revisions\/6425"}],"wp:attachment":[{"href":"https:\/\/wppool.abenteuerbox.at\/DA_KV_Linz\/index.php?rest_route=%2Fwp%2Fv2%2Fmedia&parent=1130"}],"curies":[{"name":"wp","href":"https:\/\/api.w.org\/{rel}","templated":true}]}}