{"id":1140,"date":"2025-01-11T12:33:23","date_gmt":"2025-01-11T11:33:23","guid":{"rendered":"https:\/\/wppool.abenteuerbox.at\/DA_KV_Linz\/?page_id=1140"},"modified":"2025-01-24T17:02:53","modified_gmt":"2025-01-24T16:02:53","slug":"elisabeth-wimmer","status":"publish","type":"page","link":"https:\/\/wppool.abenteuerbox.at\/DA_KV_Linz\/?page_id=1140","title":{"rendered":"Elisabeth Wimmer"},"content":{"rendered":"\t\t<div data-elementor-type=\"wp-page\" data-elementor-id=\"1140\" class=\"elementor elementor-1140\">\n\t\t\t\t<div class=\"elementor-element elementor-element-3226abc e-flex e-con-boxed e-con e-parent\" data-id=\"3226abc\" data-element_type=\"container\">\n\t\t\t\t\t<div class=\"e-con-inner\">\n\t\t<div class=\"elementor-element elementor-element-ae3bd0e e-con-full e-flex e-con e-child\" data-id=\"ae3bd0e\" data-element_type=\"container\">\n\t\t\t\t<div class=\"elementor-element elementor-element-ecfd737 elementor-widget elementor-widget-heading\" data-id=\"ecfd737\" data-element_type=\"widget\" data-widget_type=\"heading.default\">\n\t\t\t\t<div class=\"elementor-widget-container\">\n\t\t\t\t\t<h2 class=\"elementor-heading-title elementor-size-default\">Sopran<\/h2>\t\t\t\t<\/div>\n\t\t\t\t<\/div>\n\t\t\t\t<div class=\"elementor-element elementor-element-dd55457 elementor-widget elementor-widget-text-editor\" data-id=\"dd55457\" data-element_type=\"widget\" data-widget_type=\"text-editor.default\">\n\t\t\t\t<div class=\"elementor-widget-container\">\n\t\t\t\t\t\t\t\t\t<p><a href=\"https:\/\/www.elisabethwimmer.at\/\">www.elisabethwimmer.at<\/a><\/p><p><strong>Auftritte im Linzer Konzertverein:<\/strong><\/p><p>25.03.2015, Sinfoniekonzert<\/p>\t\t\t\t\t\t\t\t<\/div>\n\t\t\t\t<\/div>\n\t\t\t\t<\/div>\n\t\t<div class=\"elementor-element elementor-element-6228c3f e-con-full e-flex e-con e-child\" data-id=\"6228c3f\" data-element_type=\"container\">\n\t\t\t\t<div class=\"elementor-element elementor-element-4247bf3 elementor-widget elementor-widget-image\" data-id=\"4247bf3\" data-element_type=\"widget\" data-widget_type=\"image.default\">\n\t\t\t\t<div class=\"elementor-widget-container\">\n\t\t\t\t\t\t\t\t\t\t\t\t\t\t\t<img fetchpriority=\"high\" decoding=\"async\" width=\"215\" height=\"322\" src=\"https:\/\/wppool.abenteuerbox.at\/DA_KV_Linz\/wp-content\/uploads\/2025\/01\/Wimmer_Elisabeth.jpg\" class=\"attachment-large size-large wp-image-1142\" alt=\"\" srcset=\"https:\/\/wppool.abenteuerbox.at\/DA_KV_Linz\/wp-content\/uploads\/2025\/01\/Wimmer_Elisabeth.jpg 215w, https:\/\/wppool.abenteuerbox.at\/DA_KV_Linz\/wp-content\/uploads\/2025\/01\/Wimmer_Elisabeth-200x300.jpg 200w\" sizes=\"100vw\" \/>\t\t\t\t\t\t\t\t\t\t\t\t\t\t\t<\/div>\n\t\t\t\t<\/div>\n\t\t\t\t<\/div>\n\t\t<div class=\"elementor-element elementor-element-02fdbf9 e-con-full e-flex e-con e-child\" data-id=\"02fdbf9\" data-element_type=\"container\">\n\t\t\t\t<div class=\"elementor-element elementor-element-5ce40c3 elementor-widget elementor-widget-text-editor\" data-id=\"5ce40c3\" data-element_type=\"widget\" data-widget_type=\"text-editor.default\">\n\t\t\t\t<div class=\"elementor-widget-container\">\n\t\t\t\t\t\t\t\t\t<p>Elisabeth Wimmer studierte Gesang am \u201eInstitut f\u00fcr Gesang und Musiktheater\u201c der Universit\u00e4t f\u00fcr Musik und darstellende Kunst Wien bei Julia Bauer-Huppmann sowie Lied und Oratorium bei Charles Spencer. Trotz ihrer Jugend blickt die \u00d6sterreicherin Elisabeth Wimmer bereits auf eine vielbeachtete Konzertt\u00e4tigkeit im In- und Ausland zur\u00fcck. Ihre Verpflichtungen f\u00fchrten sie unter anderem nach Italien, Gro\u00dfbritannien, Deutschland und Spanien.<\/p><p>In ihrem Streben nach Perfektion besuchte die Sopranistin zahlreiche Meisterkurse und bekam so u.a. von Kurt Widmer, Claudia Visca und Rosalind Plowright wichtige Impulse. Ein Studienaufenthalt am Royal College of Music in London bei Janis Kelly stellte ebenfalls eine pr\u00e4gende Erfahrung in ihrer musikalischen Ausbildung dar.<\/p><p>Im Sommer 2009 wurde die S\u00e4ngerin mit dem Kantorenpreis der Marienkirche Husum ausgezeichnet. Sie ist Preistr\u00e4gerin der Walter und Charlotte Hamel Stiftung, des Heinrich-Strecker Wettbewerbs f\u00fcr Wienerlied und Operette 2009, des Wettbewerbs \u201eGradus ad Parnassum\u201c 2009 und \u201eMusica Juventutis\u201c 2010.<\/p><p>Seit Herbst 2010 ist sie am Nationaltheater Weimar engagiert und hier u.a. in den Rollen Susanna (\u201eLe Nozze di Figaro\u201c), Gretchen (\u201eDer Wildsch\u00fctz\u201c von Lortzing), Zerlina (\u201eDon Giovanni\u201c), Pamina (\u201eZauberfl\u00f6te\u201c ), Sophie (\u201eWerther\u201c), sowie als Nanetta in Verdis \u201eFalstaff\u201c zu erleben. In der kommenden Spielzeit 2014\/15 wird sie als Musetta in der Boh\u00e8me und als Sophie im Rosenkavalier deb\u00fctieren.<\/p><p>Vom Barock bis zur Moderne spannt sich der Bogen des Konzertrepertoires von Elisabeth Wimmer. Mit Griegs Schauspielmusik Peer Gynt war sie im Herbst 2013 als Solveig mit der Staatskapelle Weimar in der Weimarhalle zu Gast. Zu ihren Konzertpartnern geh\u00f6ren weiters die Camerata Salzburg, das Ensemble Sonare, das Bach Consort Wien, das Wiener Jeunesse Orchester, die Sinfonietta Baden, L\u2019Orfeo und viele andere.<\/p><p>(2014)<\/p>\t\t\t\t\t\t\t\t<\/div>\n\t\t\t\t<\/div>\n\t\t\t\t<div class=\"elementor-element elementor-element-fa86baa elementor-widget elementor-widget-text-editor\" data-id=\"fa86baa\" data-element_type=\"widget\" data-widget_type=\"text-editor.default\">\n\t\t\t\t<div class=\"elementor-widget-container\">\n\t\t\t\t\t\t\t\t\t<p style=\"text-align: right;\">\n<a href=\"javascript:history.back();\">Zur\u00fcck<\/a>\n<\/p>\t\t\t\t\t\t\t\t<\/div>\n\t\t\t\t<\/div>\n\t\t\t\t<\/div>\n\t\t\t\t\t<\/div>\n\t\t\t\t<\/div>\n\t\t\t\t<\/div>\n\t\t","protected":false},"excerpt":{"rendered":"<p>Sopran www.elisabethwimmer.at Auftritte im Linzer Konzertverein: 25.03.2015, Sinfoniekonzert Elisabeth Wimmer studierte Gesang am \u201eInstitut f\u00fcr Gesang und Musiktheater\u201c der Universit\u00e4t f\u00fcr Musik und darstellende Kunst Wien bei Julia Bauer-Huppmann sowie Lied und Oratorium bei Charles Spencer. Trotz ihrer Jugend blickt die \u00d6sterreicherin Elisabeth Wimmer bereits auf eine vielbeachtete Konzertt\u00e4tigkeit im In- und Ausland zur\u00fcck. Ihre &hellip; <\/p>\n<p class=\"link-more\"><a href=\"https:\/\/wppool.abenteuerbox.at\/DA_KV_Linz\/?page_id=1140\" class=\"more-link\">Read more<span class=\"screen-reader-text\"> &#8222;Elisabeth Wimmer&#8220;<\/span><\/a><\/p>\n","protected":false},"author":1,"featured_media":0,"parent":0,"menu_order":0,"comment_status":"closed","ping_status":"closed","template":"","meta":{"inspiro_hide_title":false,"footnotes":""},"class_list":["post-1140","page","type-page","status-publish","hentry"],"_links":{"self":[{"href":"https:\/\/wppool.abenteuerbox.at\/DA_KV_Linz\/index.php?rest_route=\/wp\/v2\/pages\/1140","targetHints":{"allow":["GET"]}}],"collection":[{"href":"https:\/\/wppool.abenteuerbox.at\/DA_KV_Linz\/index.php?rest_route=\/wp\/v2\/pages"}],"about":[{"href":"https:\/\/wppool.abenteuerbox.at\/DA_KV_Linz\/index.php?rest_route=\/wp\/v2\/types\/page"}],"author":[{"embeddable":true,"href":"https:\/\/wppool.abenteuerbox.at\/DA_KV_Linz\/index.php?rest_route=\/wp\/v2\/users\/1"}],"replies":[{"embeddable":true,"href":"https:\/\/wppool.abenteuerbox.at\/DA_KV_Linz\/index.php?rest_route=%2Fwp%2Fv2%2Fcomments&post=1140"}],"version-history":[{"count":16,"href":"https:\/\/wppool.abenteuerbox.at\/DA_KV_Linz\/index.php?rest_route=\/wp\/v2\/pages\/1140\/revisions"}],"predecessor-version":[{"id":6428,"href":"https:\/\/wppool.abenteuerbox.at\/DA_KV_Linz\/index.php?rest_route=\/wp\/v2\/pages\/1140\/revisions\/6428"}],"wp:attachment":[{"href":"https:\/\/wppool.abenteuerbox.at\/DA_KV_Linz\/index.php?rest_route=%2Fwp%2Fv2%2Fmedia&parent=1140"}],"curies":[{"name":"wp","href":"https:\/\/api.w.org\/{rel}","templated":true}]}}