{"id":1152,"date":"2025-01-11T12:38:26","date_gmt":"2025-01-11T11:38:26","guid":{"rendered":"https:\/\/wppool.abenteuerbox.at\/DA_KV_Linz\/?page_id=1152"},"modified":"2025-01-24T17:03:49","modified_gmt":"2025-01-24T16:03:49","slug":"jacques-le-roux","status":"publish","type":"page","link":"https:\/\/wppool.abenteuerbox.at\/DA_KV_Linz\/?page_id=1152","title":{"rendered":"Jacques le Roux"},"content":{"rendered":"\t\t<div data-elementor-type=\"wp-page\" data-elementor-id=\"1152\" class=\"elementor elementor-1152\">\n\t\t\t\t<div class=\"elementor-element elementor-element-16f0b77 e-flex e-con-boxed e-con e-parent\" data-id=\"16f0b77\" data-element_type=\"container\">\n\t\t\t\t\t<div class=\"e-con-inner\">\n\t\t\t\t<div class=\"elementor-element elementor-element-ff52647 elementor-widget elementor-widget-heading\" data-id=\"ff52647\" data-element_type=\"widget\" data-widget_type=\"heading.default\">\n\t\t\t\t<div class=\"elementor-widget-container\">\n\t\t\t\t\t<h2 class=\"elementor-heading-title elementor-size-default\">Tenor<\/h2>\t\t\t\t<\/div>\n\t\t\t\t<\/div>\n\t\t\t\t\t<\/div>\n\t\t\t\t<\/div>\n\t\t<div class=\"elementor-element elementor-element-7fff752 e-flex e-con-boxed e-con e-parent\" data-id=\"7fff752\" data-element_type=\"container\">\n\t\t\t\t\t<div class=\"e-con-inner\">\n\t\t<div class=\"elementor-element elementor-element-d93884b e-con-full e-flex e-con e-child\" data-id=\"d93884b\" data-element_type=\"container\">\n\t\t\t\t<div class=\"elementor-element elementor-element-84bc5b3 elementor-widget elementor-widget-text-editor\" data-id=\"84bc5b3\" data-element_type=\"widget\" data-widget_type=\"text-editor.default\">\n\t\t\t\t<div class=\"elementor-widget-container\">\n\t\t\t\t\t\t\t\t\t<p><strong>Auftritte im Linzer Konzertverein:<\/strong><\/p><p>25.03.2015, Sinfoniekonzert<\/p>\t\t\t\t\t\t\t\t<\/div>\n\t\t\t\t<\/div>\n\t\t\t\t<\/div>\n\t\t<div class=\"elementor-element elementor-element-7c8ac7b e-con-full e-flex e-con e-child\" data-id=\"7c8ac7b\" data-element_type=\"container\">\n\t\t\t\t<div class=\"elementor-element elementor-element-ff56e63 elementor-widget elementor-widget-image\" data-id=\"ff56e63\" data-element_type=\"widget\" data-widget_type=\"image.default\">\n\t\t\t\t<div class=\"elementor-widget-container\">\n\t\t\t\t\t\t\t\t\t\t\t\t\t\t\t<img decoding=\"async\" width=\"152\" height=\"224\" src=\"https:\/\/wppool.abenteuerbox.at\/DA_KV_Linz\/wp-content\/uploads\/2025\/01\/Roux_Jacques_le.jpg\" class=\"attachment-large size-large wp-image-1154\" alt=\"\" sizes=\"100vw\" \/>\t\t\t\t\t\t\t\t\t\t\t\t\t\t\t<\/div>\n\t\t\t\t<\/div>\n\t\t\t\t<\/div>\n\t\t<div class=\"elementor-element elementor-element-67fc098 e-con-full e-flex e-con e-child\" data-id=\"67fc098\" data-element_type=\"container\">\n\t\t\t\t<div class=\"elementor-element elementor-element-3de6287 elementor-widget elementor-widget-text-editor\" data-id=\"3de6287\" data-element_type=\"widget\" data-widget_type=\"text-editor.default\">\n\t\t\t\t<div class=\"elementor-widget-container\">\n\t\t\t\t\t\t\t\t\t<p>Jacques le Roux wurde in Colenzo-Ladysmith, KwaZulu-Natal, South-Africa geboren. Er studierte Gesang bei Werner Nel am Conservatoire des North West University\u2019s Potchefstroom Campus. Schon w\u00e4hrend seines Studiums gewann er viele Wettbewerbe, Stipendien und Preise. Die wohl anerkanntesten waren die 5. UNISA International Voice Competition 2006 und der ATKV Musiq Wettbewerb 2005 in S\u00fcdafrika.<\/p><p>In seiner Heimat sang er einige Opernproduktionen wie Le nozze di Figaro und Die Zauberfl\u00f6te (Aardklop Prodution 2002; TUKS 2004), Die Fledermaus (TUKS 2005), H\u00e4nsel und Gretel und Rita von Donizetti (Grahamstown International Arts festival 2006). 2003 sang er die afrikanische Premiere der Oper Die Nacht des Schicksals von Werner Thomas-Mifune und 2006 P.D.Q. Bachs \u201cA Little Nightmare Music\u201d.<\/p><p>W\u00e4hrend seines Studiums war er von 2002 bis 2006 Gesangstrainer des PUK-University Choir der North West University.<\/p><p>Er ging 2007 in die Niederlande, um dort Pedrillo (Die Entf\u00fchrung aus dem Serail) beim Residence Artist Program in Enschde an der Nationalen Reisopera zu singen. 2007 hatte er sein europ\u00e4isches Deb\u00fct in der Belcanto-Rolle des Don Ramiro in Rossinis \u201cLa Cenerentola\u201d bei der Jungen Oper Schloss Weikersheim der Jeunesses Musicales Deutschland.<\/p><p>Im Anschluss daran wurde er von der Kammeroper M\u00fcnchen f\u00fcr die Opernsaison 2007\/08 als Don Polidoro in \u201eLa finta Semplice\u201c von Mozart und Il Cavaliere Armindoro in \u201eLa Cecchina ossia La Buona Figliola\u201c von Niccol\u00f2 Piccinni engagiert.<br \/>In der Opernsaison 2008\/09 war er Ensemblemitglied an der S\u00fcdth\u00fcringischen Staatsoper Meiningen, wo er u.a. Nemorino (L\u2019elisir d\u2019amore), Camille de Rosillon(Die Lustige Witwe), Andres (Wozzeck), Sou-Chong (Das Land des L\u00e4chelns),Walter von der Vogelweide (Tannh\u00e4user) und Adam (Der Vogelh\u00e4ndler) interpretierte. 2010 wurde er mit dem \u201eUlrich-Burkhardt-F\u00f6rderpreis\u201c vom S\u00fcdth\u00fcringischen Staatstheater Meiningen als \u201cK\u00fcnstler des Jahres 2010\u201c ausgezeichnet.<\/p><p>Jacques le Roux sang unter der Leitung verschiedener internationaler Dirigenten, wie Alessandro di Marchi, Dennis Russell Davies, Patrick Lange, Hans Urbanek, Joop Schets und Jeremy Silver. Als Konzerts\u00e4nger hat er international bereits viele wichtige Oratorien und Konzerte in den Niederlanden, Deutschland, \u00d6sterreich, Frankreich und Tschechien gesungen. Nach seiner live Cd-Aufnahme der Canzoni da Camera von Bellini 2009 nannte ihn die S\u00fcddeutsche Zeitung \u201cein musikalisches Ereignis von Weltrang\u201d.<\/p><p>Jacques le Roux arbeitet regelm\u00e4\u00dfig mit dem bekannten s\u00fcdafrikanischen Komponisten Martin Christopher Watt zusammen, der ihm viele seiner Gesangsst\u00fccke widmete. Le Roux sang die Weltpremieren dieser St\u00fccke, beispielsweise die Four Mtsali songs mit dem Chamber Orchestra of South Africa (Aardklop 2005) ebenso wie die Doodsgedigte van Eugene Marais (Aardklop 2006 &amp; Netherlands Zuid-Afrikaanse Kunstliederen Festival 2007). Zu dem kommen viele internationale Radio- und Fernsehaufzeichnungen im Laufe seiner Karriere.<\/p><p>Seit der Opernsaison 2010\/11 geh\u00f6rt er zum festen Ensemble des Landestheaters Linz. Auf dieser B\u00fchne deb\u00fctierte er in der Rolle des G\u00e8ralds in &#8222;Lakm\u00e9&#8220; von L\u00e9o Delibes und sang erneut den Don Ramiro in Adriana Altaras&#8216; Inszenierung von Rossinis &#8222;Cenerentola&#8220;.<\/p><p>(2014)<\/p>\t\t\t\t\t\t\t\t<\/div>\n\t\t\t\t<\/div>\n\t\t\t\t<div class=\"elementor-element elementor-element-379945f elementor-widget elementor-widget-text-editor\" data-id=\"379945f\" data-element_type=\"widget\" data-widget_type=\"text-editor.default\">\n\t\t\t\t<div class=\"elementor-widget-container\">\n\t\t\t\t\t\t\t\t\t<p style=\"text-align: right;\">\n<a href=\"javascript:history.back();\">Zur\u00fcck<\/a>\n<\/p>\t\t\t\t\t\t\t\t<\/div>\n\t\t\t\t<\/div>\n\t\t\t\t<\/div>\n\t\t\t\t\t<\/div>\n\t\t\t\t<\/div>\n\t\t\t\t<\/div>\n\t\t","protected":false},"excerpt":{"rendered":"<p>Tenor Auftritte im Linzer Konzertverein: 25.03.2015, Sinfoniekonzert Jacques le Roux wurde in Colenzo-Ladysmith, KwaZulu-Natal, South-Africa geboren. Er studierte Gesang bei Werner Nel am Conservatoire des North West University\u2019s Potchefstroom Campus. Schon w\u00e4hrend seines Studiums gewann er viele Wettbewerbe, Stipendien und Preise. Die wohl anerkanntesten waren die 5. UNISA International Voice Competition 2006 und der ATKV &hellip; <\/p>\n<p class=\"link-more\"><a href=\"https:\/\/wppool.abenteuerbox.at\/DA_KV_Linz\/?page_id=1152\" class=\"more-link\">Read more<span class=\"screen-reader-text\"> &#8222;Jacques le Roux&#8220;<\/span><\/a><\/p>\n","protected":false},"author":1,"featured_media":0,"parent":0,"menu_order":0,"comment_status":"closed","ping_status":"closed","template":"","meta":{"inspiro_hide_title":false,"footnotes":""},"class_list":["post-1152","page","type-page","status-publish","hentry"],"_links":{"self":[{"href":"https:\/\/wppool.abenteuerbox.at\/DA_KV_Linz\/index.php?rest_route=\/wp\/v2\/pages\/1152","targetHints":{"allow":["GET"]}}],"collection":[{"href":"https:\/\/wppool.abenteuerbox.at\/DA_KV_Linz\/index.php?rest_route=\/wp\/v2\/pages"}],"about":[{"href":"https:\/\/wppool.abenteuerbox.at\/DA_KV_Linz\/index.php?rest_route=\/wp\/v2\/types\/page"}],"author":[{"embeddable":true,"href":"https:\/\/wppool.abenteuerbox.at\/DA_KV_Linz\/index.php?rest_route=\/wp\/v2\/users\/1"}],"replies":[{"embeddable":true,"href":"https:\/\/wppool.abenteuerbox.at\/DA_KV_Linz\/index.php?rest_route=%2Fwp%2Fv2%2Fcomments&post=1152"}],"version-history":[{"count":16,"href":"https:\/\/wppool.abenteuerbox.at\/DA_KV_Linz\/index.php?rest_route=\/wp\/v2\/pages\/1152\/revisions"}],"predecessor-version":[{"id":6434,"href":"https:\/\/wppool.abenteuerbox.at\/DA_KV_Linz\/index.php?rest_route=\/wp\/v2\/pages\/1152\/revisions\/6434"}],"wp:attachment":[{"href":"https:\/\/wppool.abenteuerbox.at\/DA_KV_Linz\/index.php?rest_route=%2Fwp%2Fv2%2Fmedia&parent=1152"}],"curies":[{"name":"wp","href":"https:\/\/api.w.org\/{rel}","templated":true}]}}