{"id":1161,"date":"2025-01-11T12:41:48","date_gmt":"2025-01-11T11:41:48","guid":{"rendered":"https:\/\/wppool.abenteuerbox.at\/DA_KV_Linz\/?page_id=1161"},"modified":"2025-01-24T17:04:14","modified_gmt":"2025-01-24T16:04:14","slug":"reinhard-mayr","status":"publish","type":"page","link":"https:\/\/wppool.abenteuerbox.at\/DA_KV_Linz\/?page_id=1161","title":{"rendered":"Reinhard Mayr"},"content":{"rendered":"\t\t<div data-elementor-type=\"wp-page\" data-elementor-id=\"1161\" class=\"elementor elementor-1161\">\n\t\t\t\t<div class=\"elementor-element elementor-element-999bced e-flex e-con-boxed e-con e-parent\" data-id=\"999bced\" data-element_type=\"container\">\n\t\t\t\t\t<div class=\"e-con-inner\">\n\t\t<div class=\"elementor-element elementor-element-df25557 e-con-full e-flex e-con e-child\" data-id=\"df25557\" data-element_type=\"container\">\n\t\t\t\t<div class=\"elementor-element elementor-element-fb91174 elementor-widget elementor-widget-heading\" data-id=\"fb91174\" data-element_type=\"widget\" data-widget_type=\"heading.default\">\n\t\t\t\t<div class=\"elementor-widget-container\">\n\t\t\t\t\t<h2 class=\"elementor-heading-title elementor-size-default\">Bass<\/h2>\t\t\t\t<\/div>\n\t\t\t\t<\/div>\n\t\t\t\t<div class=\"elementor-element elementor-element-441f10b elementor-widget elementor-widget-text-editor\" data-id=\"441f10b\" data-element_type=\"widget\" data-widget_type=\"text-editor.default\">\n\t\t\t\t<div class=\"elementor-widget-container\">\n\t\t\t\t\t\t\t\t\t<p><a href=\"https:\/\/www.reinhard-mayr.com\/\">www.reinhard-mayr.com<\/a><\/p><p><strong>Auftritte im Linzer Konzertverein:<\/strong><\/p><p>25.03.2015, Sinfoniekonzert<br \/>17.06.2011, Kirchenkonzert der Linzer Singakademie<br \/>30.11.2005, Jubil\u00e4umskonzert 160 Jahre Linzer Singakademie<br \/>01.12.2004, Festkonzert 85 Jahre Linzer Konzertverein<\/p>\t\t\t\t\t\t\t\t<\/div>\n\t\t\t\t<\/div>\n\t\t\t\t<\/div>\n\t\t<div class=\"elementor-element elementor-element-a37d05c e-con-full e-flex e-con e-child\" data-id=\"a37d05c\" data-element_type=\"container\">\n\t\t\t\t<div class=\"elementor-element elementor-element-a14b88b elementor-widget elementor-widget-image\" data-id=\"a14b88b\" data-element_type=\"widget\" data-widget_type=\"image.default\">\n\t\t\t\t<div class=\"elementor-widget-container\">\n\t\t\t\t\t\t\t\t\t\t\t\t\t\t\t<img decoding=\"async\" width=\"202\" height=\"194\" src=\"https:\/\/wppool.abenteuerbox.at\/DA_KV_Linz\/wp-content\/uploads\/2025\/01\/Mayr_Reinhard.jpg\" class=\"attachment-large size-large wp-image-1164\" alt=\"\" sizes=\"100vw\" \/>\t\t\t\t\t\t\t\t\t\t\t\t\t\t\t<\/div>\n\t\t\t\t<\/div>\n\t\t\t\t<\/div>\n\t\t<div class=\"elementor-element elementor-element-badf238 e-con-full e-flex e-con e-child\" data-id=\"badf238\" data-element_type=\"container\">\n\t\t\t\t<div class=\"elementor-element elementor-element-3246c9a elementor-widget elementor-widget-text-editor\" data-id=\"3246c9a\" data-element_type=\"widget\" data-widget_type=\"text-editor.default\">\n\t\t\t\t<div class=\"elementor-widget-container\">\n\t\t\t\t\t\t\t\t\t<p>Reinhard Mayr wurde in Grieskirchen (Ober\u00f6sterreich) geboren und begann seine Gesangsausbildung am Anton-Bruckner-Konservatorium in Linz.<br \/>Nach einem Meisterkurs bei Kurt Widmer wechselte er in dessen Klasse an die Musikakademie Basel.<br \/>Anschlie\u00dfend studierte er Lied und Oratorium an der Universit\u00e4t f\u00fcr Musik und darstellende Kunst Wien bei Robert Holl.<\/p><p>Noch w\u00e4hrend seines Studiums in Basel sang er den Sprecher (Die Zauberfl\u00f6te) am Teatro Comunale in Florenz unter Simone Young, deb\u00fctierte als Alidoro (La Cenerentola) unter Gabriele Ferro an der Volksoper Wien und blieb diesem Haus \u00fcber vier Spielzeiten als Ensemblemitglied verbunden. Er sang dort u.a. Sarastro, Masetto, Colline und Warlaam und deb\u00fctierte 1998 auch an der Wiener Staatsoper.<br \/>Mit der Spielzeit 2001\/2002 wechselte Reinhard Mayr in das Ensemble des Opernhauses Z\u00fcrich. Dort verk\u00f6rperte er bisher \u00fcber f\u00fcnfzig Partien. So sang er u.a. Antinoo (Il Ritorno d\u00b4Ulisse in Patria) unter Nikolaus Harnoncourt, Tiridate in H\u00e4ndels Radamisto unter William Christie, sowie Masetto, Geisterbote (Die Frau ohne Schatten) und Frank (Die Fledermaus) unter Franz Welser-M\u00f6st.<\/p><p>Im Sommer 2012 deb\u00fctierte er bei den Salzburger Festspielen als Obrist in den \u201eSoldaten\u201c von B.A.Zimmermann.<br \/>Au\u00dferhalb der Oper widmet sich Reinhard Mayr dem Lied- und Konzertgesang mit besonderer Vorliebe f\u00fcr die Kirchenmusik sowie das Liedschaffen Franz Schuberts.<br \/>Neben regelm\u00e4\u00dfigen Liederabenden ist er st\u00e4ndiger Gast zahlreicher Barockensembles. So hat er mit dem L\u00b4Orfeo Barockorchester unter Michi Gaigg Haydns Oper Die w\u00fcste Insel und Telemanns Orpheus aufgenommen.<\/p><p>Reinhard Mayr ist in den vergangenen Jahren in vielen bedeutenden Konzerts\u00e4len, wie u.a. dem Wiener Musikverein, der Royal Albert Hall, dem Concertgebouw Amsterdam, dem Leipziger Gewandhaus, der Tonhalle Z\u00fcrich und bei der Styriarte aufgetreten, wo er u.a. unter Franz Welser-M\u00f6st, Nikolaus Harnoncourt, Riccardo Chailly, Sir Roger Norrington, Bertrand de Billy, Dennis Russel Davies und Thomas Hengelbrock gesungen hat.<\/p><p>(2014)<\/p>\t\t\t\t\t\t\t\t<\/div>\n\t\t\t\t<\/div>\n\t\t\t\t<div class=\"elementor-element elementor-element-7f3805e elementor-widget elementor-widget-text-editor\" data-id=\"7f3805e\" data-element_type=\"widget\" data-widget_type=\"text-editor.default\">\n\t\t\t\t<div class=\"elementor-widget-container\">\n\t\t\t\t\t\t\t\t\t<p style=\"text-align: right;\">\n<a href=\"javascript:history.back();\">Zur\u00fcck<\/a>\n<\/p>\t\t\t\t\t\t\t\t<\/div>\n\t\t\t\t<\/div>\n\t\t\t\t<\/div>\n\t\t\t\t\t<\/div>\n\t\t\t\t<\/div>\n\t\t\t\t<\/div>\n\t\t","protected":false},"excerpt":{"rendered":"<p>Bass www.reinhard-mayr.com Auftritte im Linzer Konzertverein: 25.03.2015, Sinfoniekonzert17.06.2011, Kirchenkonzert der Linzer Singakademie30.11.2005, Jubil\u00e4umskonzert 160 Jahre Linzer Singakademie01.12.2004, Festkonzert 85 Jahre Linzer Konzertverein Reinhard Mayr wurde in Grieskirchen (Ober\u00f6sterreich) geboren und begann seine Gesangsausbildung am Anton-Bruckner-Konservatorium in Linz.Nach einem Meisterkurs bei Kurt Widmer wechselte er in dessen Klasse an die Musikakademie Basel.Anschlie\u00dfend studierte er Lied und &hellip; <\/p>\n<p class=\"link-more\"><a href=\"https:\/\/wppool.abenteuerbox.at\/DA_KV_Linz\/?page_id=1161\" class=\"more-link\">Read more<span class=\"screen-reader-text\"> &#8222;Reinhard Mayr&#8220;<\/span><\/a><\/p>\n","protected":false},"author":1,"featured_media":0,"parent":0,"menu_order":0,"comment_status":"closed","ping_status":"closed","template":"","meta":{"inspiro_hide_title":false,"footnotes":""},"class_list":["post-1161","page","type-page","status-publish","hentry"],"_links":{"self":[{"href":"https:\/\/wppool.abenteuerbox.at\/DA_KV_Linz\/index.php?rest_route=\/wp\/v2\/pages\/1161","targetHints":{"allow":["GET"]}}],"collection":[{"href":"https:\/\/wppool.abenteuerbox.at\/DA_KV_Linz\/index.php?rest_route=\/wp\/v2\/pages"}],"about":[{"href":"https:\/\/wppool.abenteuerbox.at\/DA_KV_Linz\/index.php?rest_route=\/wp\/v2\/types\/page"}],"author":[{"embeddable":true,"href":"https:\/\/wppool.abenteuerbox.at\/DA_KV_Linz\/index.php?rest_route=\/wp\/v2\/users\/1"}],"replies":[{"embeddable":true,"href":"https:\/\/wppool.abenteuerbox.at\/DA_KV_Linz\/index.php?rest_route=%2Fwp%2Fv2%2Fcomments&post=1161"}],"version-history":[{"count":16,"href":"https:\/\/wppool.abenteuerbox.at\/DA_KV_Linz\/index.php?rest_route=\/wp\/v2\/pages\/1161\/revisions"}],"predecessor-version":[{"id":6437,"href":"https:\/\/wppool.abenteuerbox.at\/DA_KV_Linz\/index.php?rest_route=\/wp\/v2\/pages\/1161\/revisions\/6437"}],"wp:attachment":[{"href":"https:\/\/wppool.abenteuerbox.at\/DA_KV_Linz\/index.php?rest_route=%2Fwp%2Fv2%2Fmedia&parent=1161"}],"curies":[{"name":"wp","href":"https:\/\/api.w.org\/{rel}","templated":true}]}}