{"id":1174,"date":"2025-01-11T12:47:42","date_gmt":"2025-01-11T11:47:42","guid":{"rendered":"https:\/\/wppool.abenteuerbox.at\/DA_KV_Linz\/?page_id=1174"},"modified":"2025-01-24T17:06:51","modified_gmt":"2025-01-24T16:06:51","slug":"mmag-mag-verena-nothegger","status":"publish","type":"page","link":"https:\/\/wppool.abenteuerbox.at\/DA_KV_Linz\/?page_id=1174","title":{"rendered":"MMag. Mag. Verena Nothegger"},"content":{"rendered":"\t\t<div data-elementor-type=\"wp-page\" data-elementor-id=\"1174\" class=\"elementor elementor-1174\">\n\t\t\t\t<div class=\"elementor-element elementor-element-dadb811 e-flex e-con-boxed e-con e-parent\" data-id=\"dadb811\" data-element_type=\"container\">\n\t\t\t\t\t<div class=\"e-con-inner\">\n\t\t<div class=\"elementor-element elementor-element-8df14d6 e-con-full e-flex e-con e-child\" data-id=\"8df14d6\" data-element_type=\"container\">\n\t\t\t\t<div class=\"elementor-element elementor-element-e1f37ab elementor-widget elementor-widget-heading\" data-id=\"e1f37ab\" data-element_type=\"widget\" data-widget_type=\"heading.default\">\n\t\t\t\t<div class=\"elementor-widget-container\">\n\t\t\t\t\t<h2 class=\"elementor-heading-title elementor-size-default\">Violine<\/h2>\t\t\t\t<\/div>\n\t\t\t\t<\/div>\n\t\t\t\t<div class=\"elementor-element elementor-element-4e8d2a2 elementor-widget elementor-widget-text-editor\" data-id=\"4e8d2a2\" data-element_type=\"widget\" data-widget_type=\"text-editor.default\">\n\t\t\t\t<div class=\"elementor-widget-container\">\n\t\t\t\t\t\t\t\t\t<p><strong>Auftritte im Linzer Konzertverein:<\/strong><\/p><p>02.04.2014, Fr\u00fchjahrskonzert<br \/>05.04.2006, Sinfoniekonzert<\/p>\t\t\t\t\t\t\t\t<\/div>\n\t\t\t\t<\/div>\n\t\t\t\t<\/div>\n\t\t<div class=\"elementor-element elementor-element-dd704d1 e-con-full e-flex e-con e-child\" data-id=\"dd704d1\" data-element_type=\"container\">\n\t\t\t\t<div class=\"elementor-element elementor-element-964762b elementor-widget elementor-widget-image\" data-id=\"964762b\" data-element_type=\"widget\" data-widget_type=\"image.default\">\n\t\t\t\t<div class=\"elementor-widget-container\">\n\t\t\t\t\t\t\t\t\t\t\t\t\t\t\t<img fetchpriority=\"high\" decoding=\"async\" width=\"549\" height=\"800\" src=\"https:\/\/wppool.abenteuerbox.at\/DA_KV_Linz\/wp-content\/uploads\/2025\/01\/Nothegger_Verena.jpg\" class=\"attachment-large size-large wp-image-1176\" alt=\"\" srcset=\"https:\/\/wppool.abenteuerbox.at\/DA_KV_Linz\/wp-content\/uploads\/2025\/01\/Nothegger_Verena.jpg 549w, https:\/\/wppool.abenteuerbox.at\/DA_KV_Linz\/wp-content\/uploads\/2025\/01\/Nothegger_Verena-206x300.jpg 206w\" sizes=\"100vw\" \/>\t\t\t\t\t\t\t\t\t\t\t\t\t\t\t<\/div>\n\t\t\t\t<\/div>\n\t\t\t\t<\/div>\n\t\t<div class=\"elementor-element elementor-element-81e3e3a e-con-full e-flex e-con e-child\" data-id=\"81e3e3a\" data-element_type=\"container\">\n\t\t\t\t<div class=\"elementor-element elementor-element-1119979 elementor-widget elementor-widget-text-editor\" data-id=\"1119979\" data-element_type=\"widget\" data-widget_type=\"text-editor.default\">\n\t\t\t\t<div class=\"elementor-widget-container\">\n\t\t\t\t\t\t\t\t\t<p>Die Geigerin Verena Nothegger wurde in Wels geboren. Sie erhielt ihre erste musikalische Ausbildung im Alter von 5 Jahren. Nach der Absolvierung des K\u00fcnstlerischen Basisstudiums an der Anton-Bruckner Privatuniversit\u00e4t in Linz (Klasse Albert Fischer) folgte die Matura am Linzer Musikgymnasium.<\/p><p>Verena Nothegger absolvierte das Bakkalaureat im Konzertfach Violine an der Universit\u00e4t Mozarteum Salzburg (Klasse Lukas Hagen) mit Auszeichnung, und schloss das Diplomstudium Violine an der Musikuniversit\u00e4t Wien (Klasse Thomas Fheodoroff und Edward Zienkowski) ebenfalls mit Auszeichnung ab. Nebenbei absolvierte sie das Studium Streicherkammermusik bei Johannes Meissl.<br \/>Weitere Impulse holte sie sich unter Anderen bei Eugene Sarbu, Anton Sorokow, Lynn Blakeslee, Ruggiero Ricci, Tibor Varga, Igor Ozim, Alexander Trostiansky und Christian Altenburger.<\/p><p>Verena Nothegger erhielt zahlreiche erste und zweite Preise beim \u00f6sterreichischen Jugendmusikwettbewerb &#8222;Prima La Musica&#8220; auf Violine und Klavier in sowohl Solo- als auch Ensemblewertung und gewann den Solokonzertwettbewerb der Gustav Mahler Akademie 2013.<br \/>Mit dem Klaviertrio \u201eTrikolon\u201c konzertierte sie regelm\u00e4\u00dfig im In- und Ausland und gewann mit diesem Ensemble zahlreiche Preise bei internationalen Wettbewerben (1.Preis beim Svir\u00e9l International Music Competition, 1. Preis beim \u201eI Reino del Aneto\u201c International Music Competition, 3. Preis beim Malta International Music Competition).<\/p><p>Die k\u00fcnstlerische T\u00e4tigkeit der Ober\u00f6sterreicherin erstreckt sich von solistischen Auftritten mit zahlreichen Orchestern \u00fcber kammermusikalische Aktivit\u00e4t bis zur fixen Mitgliedschaft in den f\u00fchrenden Jugendorchestern Europas (Gustav Mahler Jugendorchester, Wiener Jeunesse Orchester, European Union Youth Orchestra). Sie war als Substitutin des Tonk\u00fcnstler-Orchesters Nieder\u00f6sterreich und des Orchesters der Vereinigten B\u00fchnen Wien engagiert.<\/p><p>Verena Nothegger ist Gr\u00fcndungsmitglied und Konzertmeisterin des Kammerorchesters MODUS 21.<\/p><p>Diese Aktivit\u00e4ten f\u00fchrten sie in die bedeutendsten Konzerts\u00e4le Europas, wie das Th\u00e9\u00e2tre des Champs Elys\u00e9es, den Concertgebouw, die Royal Albert Hall oder den Wiener Musikverein, sowie in Metropolen wie Peking, Shanghai, Sao Paolo, Bogota oder Buenos Aires.<\/p><p><br \/>(2020)<\/p>\t\t\t\t\t\t\t\t<\/div>\n\t\t\t\t<\/div>\n\t\t\t\t<div class=\"elementor-element elementor-element-acca156 elementor-widget elementor-widget-text-editor\" data-id=\"acca156\" data-element_type=\"widget\" data-widget_type=\"text-editor.default\">\n\t\t\t\t<div class=\"elementor-widget-container\">\n\t\t\t\t\t\t\t\t\t<p style=\"text-align: right;\">\n<a href=\"javascript:history.back();\">Zur\u00fcck<\/a>\n<\/p>\t\t\t\t\t\t\t\t<\/div>\n\t\t\t\t<\/div>\n\t\t\t\t<\/div>\n\t\t\t\t\t<\/div>\n\t\t\t\t<\/div>\n\t\t\t\t<\/div>\n\t\t","protected":false},"excerpt":{"rendered":"<p>Violine Auftritte im Linzer Konzertverein: 02.04.2014, Fr\u00fchjahrskonzert05.04.2006, Sinfoniekonzert Die Geigerin Verena Nothegger wurde in Wels geboren. Sie erhielt ihre erste musikalische Ausbildung im Alter von 5 Jahren. Nach der Absolvierung des K\u00fcnstlerischen Basisstudiums an der Anton-Bruckner Privatuniversit\u00e4t in Linz (Klasse Albert Fischer) folgte die Matura am Linzer Musikgymnasium. Verena Nothegger absolvierte das Bakkalaureat im Konzertfach &hellip; <\/p>\n<p class=\"link-more\"><a href=\"https:\/\/wppool.abenteuerbox.at\/DA_KV_Linz\/?page_id=1174\" class=\"more-link\">Read more<span class=\"screen-reader-text\"> &#8222;MMag. Mag. Verena Nothegger&#8220;<\/span><\/a><\/p>\n","protected":false},"author":1,"featured_media":0,"parent":0,"menu_order":0,"comment_status":"closed","ping_status":"closed","template":"","meta":{"inspiro_hide_title":false,"footnotes":""},"class_list":["post-1174","page","type-page","status-publish","hentry"],"_links":{"self":[{"href":"https:\/\/wppool.abenteuerbox.at\/DA_KV_Linz\/index.php?rest_route=\/wp\/v2\/pages\/1174","targetHints":{"allow":["GET"]}}],"collection":[{"href":"https:\/\/wppool.abenteuerbox.at\/DA_KV_Linz\/index.php?rest_route=\/wp\/v2\/pages"}],"about":[{"href":"https:\/\/wppool.abenteuerbox.at\/DA_KV_Linz\/index.php?rest_route=\/wp\/v2\/types\/page"}],"author":[{"embeddable":true,"href":"https:\/\/wppool.abenteuerbox.at\/DA_KV_Linz\/index.php?rest_route=\/wp\/v2\/users\/1"}],"replies":[{"embeddable":true,"href":"https:\/\/wppool.abenteuerbox.at\/DA_KV_Linz\/index.php?rest_route=%2Fwp%2Fv2%2Fcomments&post=1174"}],"version-history":[{"count":19,"href":"https:\/\/wppool.abenteuerbox.at\/DA_KV_Linz\/index.php?rest_route=\/wp\/v2\/pages\/1174\/revisions"}],"predecessor-version":[{"id":6443,"href":"https:\/\/wppool.abenteuerbox.at\/DA_KV_Linz\/index.php?rest_route=\/wp\/v2\/pages\/1174\/revisions\/6443"}],"wp:attachment":[{"href":"https:\/\/wppool.abenteuerbox.at\/DA_KV_Linz\/index.php?rest_route=%2Fwp%2Fv2%2Fmedia&parent=1174"}],"curies":[{"name":"wp","href":"https:\/\/api.w.org\/{rel}","templated":true}]}}