{"id":1180,"date":"2025-01-11T12:51:27","date_gmt":"2025-01-11T11:51:27","guid":{"rendered":"https:\/\/wppool.abenteuerbox.at\/DA_KV_Linz\/?page_id=1180"},"modified":"2025-01-24T17:08:23","modified_gmt":"2025-01-24T16:08:23","slug":"cornelia-eder","status":"publish","type":"page","link":"https:\/\/wppool.abenteuerbox.at\/DA_KV_Linz\/?page_id=1180","title":{"rendered":"Cornelia Eder"},"content":{"rendered":"\t\t<div data-elementor-type=\"wp-page\" data-elementor-id=\"1180\" class=\"elementor elementor-1180\">\n\t\t\t\t<div class=\"elementor-element elementor-element-bd4df73 e-flex e-con-boxed e-con e-parent\" data-id=\"bd4df73\" data-element_type=\"container\">\n\t\t\t\t\t<div class=\"e-con-inner\">\n\t\t<div class=\"elementor-element elementor-element-47af8d1 e-con-full e-flex e-con e-child\" data-id=\"47af8d1\" data-element_type=\"container\">\n\t\t\t\t<div class=\"elementor-element elementor-element-7775305 elementor-widget elementor-widget-heading\" data-id=\"7775305\" data-element_type=\"widget\" data-widget_type=\"heading.default\">\n\t\t\t\t<div class=\"elementor-widget-container\">\n\t\t\t\t\t<h2 class=\"elementor-heading-title elementor-size-default\">Klavier<\/h2>\t\t\t\t<\/div>\n\t\t\t\t<\/div>\n\t\t\t\t<div class=\"elementor-element elementor-element-4c31fea elementor-widget elementor-widget-text-editor\" data-id=\"4c31fea\" data-element_type=\"widget\" data-widget_type=\"text-editor.default\">\n\t\t\t\t<div class=\"elementor-widget-container\">\n\t\t\t\t\t\t\t\t\t<p><strong>Auftritte im Linzer Konzertverein:<\/strong><\/p><p>20.03.2013, Fr\u00fchjahrskonzert<\/p>\t\t\t\t\t\t\t\t<\/div>\n\t\t\t\t<\/div>\n\t\t\t\t<\/div>\n\t\t<div class=\"elementor-element elementor-element-d4f8625 e-con-full e-flex e-con e-child\" data-id=\"d4f8625\" data-element_type=\"container\">\n\t\t\t\t<div class=\"elementor-element elementor-element-a5e7844 elementor-widget elementor-widget-image\" data-id=\"a5e7844\" data-element_type=\"widget\" data-widget_type=\"image.default\">\n\t\t\t\t<div class=\"elementor-widget-container\">\n\t\t\t\t\t\t\t\t\t\t\t\t\t\t\t<img decoding=\"async\" width=\"168\" height=\"252\" src=\"https:\/\/wppool.abenteuerbox.at\/DA_KV_Linz\/wp-content\/uploads\/2025\/01\/Eder_Cornelia.jpg\" class=\"attachment-large size-large wp-image-1183\" alt=\"\" sizes=\"100vw\" \/>\t\t\t\t\t\t\t\t\t\t\t\t\t\t\t<\/div>\n\t\t\t\t<\/div>\n\t\t\t\t<\/div>\n\t\t<div class=\"elementor-element elementor-element-cd16d6b e-con-full e-flex e-con e-child\" data-id=\"cd16d6b\" data-element_type=\"container\">\n\t\t\t\t<div class=\"elementor-element elementor-element-dc30d9f elementor-widget elementor-widget-text-editor\" data-id=\"dc30d9f\" data-element_type=\"widget\" data-widget_type=\"text-editor.default\">\n\t\t\t\t<div class=\"elementor-widget-container\">\n\t\t\t\t\t\t\t\t\t<p>Cornelia Eder wurde in Linz geboren und erhielt ihren ersten Klavierunterricht im Alter von vier Jahren. Zun\u00e4chst lernte sie bei Prof. M. Haider und Prof. G. Hemetsberger am Bruckner-Konservatorium Linz. Anschlie\u00dfend studierte sie bei Prof. Heinz Medjimorec an der Universit\u00e4t f\u00fcr Musik und darstellende Kunst in Wien, wo sie 2008 das Konzertfach-Studium mit dem Diplom (Magister) abschloss. Weitere musikalische Anregungen erhielt sie u.a. von Stefan Arnold, Avedis Kouyoumdjian, Dominique Merlet, Rudolf Kehrer, Vitali und Leontina Margulis, Roger Muraro, Stefan Vladar, Christopher Hinterhuber.<\/p><p>Sie nahm erfolgreich an zahlreichen nationalen und internationalen Wettbewerben teil. Seit ihrem Debut im Gro\u00dfen Saal des Brucknerhauses in Linz als Siebenj\u00e4hrige konzertiert sie regelm\u00e4\u00dfig als Solistin, Kammermusikpartnerin und Liedbegleiterin im In- und Ausland (u.a. Deutschland, Tschechische Republik, Japan) mit Auftritten u.a. im Dvorak-Saal des Rudolfinums in Prag, im Konzerthaus Wien, im Radiokulturhaus Wien, beim S\u00fcdb\u00f6hmischen Festival, im Brucknerhaus Linz bei den Jean-Francaix-Tagen in Anwesenheit des Komponisten, bei den Salzburger Schlosskonzerten, im Rahmen der Freunde des Linzer Musiktheaters.<\/p><p>Von 2006-2011 wurde sie von der Organisation Live Music Now Wien unterst\u00fctzt. Radio und TV-Aufnahmen (zum Teil live-\u00dcbertragungen) beim \u00f6sterreichischen (ORF), japanischen, tschechischen und bayerischen Rundfunk (erster TV-Auftritt im Alter von 7 Jahren in der Sendung \u201eMeister von morgen\u201c).<\/p><p>Neben ihrer pianistischen T\u00e4tigkeit studiert sie seit Herbst 2008 Humanmedizin an der Medizinischen Universit\u00e4t Wien. In diesem Zusammenhang auch Konzertt\u00e4tigkeit mit der Camerata Medica Wien unter Dirigent Nicolas Radulescu im Radiokulturhaus Wien 2010.<\/p><p><br \/>(2012)<\/p>\t\t\t\t\t\t\t\t<\/div>\n\t\t\t\t<\/div>\n\t\t\t\t<div class=\"elementor-element elementor-element-9bcd0e2 elementor-widget elementor-widget-text-editor\" data-id=\"9bcd0e2\" data-element_type=\"widget\" data-widget_type=\"text-editor.default\">\n\t\t\t\t<div class=\"elementor-widget-container\">\n\t\t\t\t\t\t\t\t\t<p style=\"text-align: right;\">\n<a href=\"javascript:history.back();\">Zur\u00fcck<\/a>\n<\/p>\t\t\t\t\t\t\t\t<\/div>\n\t\t\t\t<\/div>\n\t\t\t\t<\/div>\n\t\t\t\t\t<\/div>\n\t\t\t\t<\/div>\n\t\t\t\t<\/div>\n\t\t","protected":false},"excerpt":{"rendered":"<p>Klavier Auftritte im Linzer Konzertverein: 20.03.2013, Fr\u00fchjahrskonzert Cornelia Eder wurde in Linz geboren und erhielt ihren ersten Klavierunterricht im Alter von vier Jahren. Zun\u00e4chst lernte sie bei Prof. M. Haider und Prof. G. Hemetsberger am Bruckner-Konservatorium Linz. Anschlie\u00dfend studierte sie bei Prof. Heinz Medjimorec an der Universit\u00e4t f\u00fcr Musik und darstellende Kunst in Wien, wo &hellip; <\/p>\n<p class=\"link-more\"><a href=\"https:\/\/wppool.abenteuerbox.at\/DA_KV_Linz\/?page_id=1180\" class=\"more-link\">Read more<span class=\"screen-reader-text\"> &#8222;Cornelia Eder&#8220;<\/span><\/a><\/p>\n","protected":false},"author":1,"featured_media":0,"parent":0,"menu_order":0,"comment_status":"closed","ping_status":"closed","template":"","meta":{"inspiro_hide_title":false,"footnotes":""},"class_list":["post-1180","page","type-page","status-publish","hentry"],"_links":{"self":[{"href":"https:\/\/wppool.abenteuerbox.at\/DA_KV_Linz\/index.php?rest_route=\/wp\/v2\/pages\/1180","targetHints":{"allow":["GET"]}}],"collection":[{"href":"https:\/\/wppool.abenteuerbox.at\/DA_KV_Linz\/index.php?rest_route=\/wp\/v2\/pages"}],"about":[{"href":"https:\/\/wppool.abenteuerbox.at\/DA_KV_Linz\/index.php?rest_route=\/wp\/v2\/types\/page"}],"author":[{"embeddable":true,"href":"https:\/\/wppool.abenteuerbox.at\/DA_KV_Linz\/index.php?rest_route=\/wp\/v2\/users\/1"}],"replies":[{"embeddable":true,"href":"https:\/\/wppool.abenteuerbox.at\/DA_KV_Linz\/index.php?rest_route=%2Fwp%2Fv2%2Fcomments&post=1180"}],"version-history":[{"count":16,"href":"https:\/\/wppool.abenteuerbox.at\/DA_KV_Linz\/index.php?rest_route=\/wp\/v2\/pages\/1180\/revisions"}],"predecessor-version":[{"id":6452,"href":"https:\/\/wppool.abenteuerbox.at\/DA_KV_Linz\/index.php?rest_route=\/wp\/v2\/pages\/1180\/revisions\/6452"}],"wp:attachment":[{"href":"https:\/\/wppool.abenteuerbox.at\/DA_KV_Linz\/index.php?rest_route=%2Fwp%2Fv2%2Fmedia&parent=1180"}],"curies":[{"name":"wp","href":"https:\/\/api.w.org\/{rel}","templated":true}]}}