{"id":1187,"date":"2025-01-11T12:55:32","date_gmt":"2025-01-11T11:55:32","guid":{"rendered":"https:\/\/wppool.abenteuerbox.at\/DA_KV_Linz\/?page_id=1187"},"modified":"2025-01-24T17:07:20","modified_gmt":"2025-01-24T16:07:20","slug":"johannes-wetzler","status":"publish","type":"page","link":"https:\/\/wppool.abenteuerbox.at\/DA_KV_Linz\/?page_id=1187","title":{"rendered":"Johannes Wetzler"},"content":{"rendered":"\t\t<div data-elementor-type=\"wp-page\" data-elementor-id=\"1187\" class=\"elementor elementor-1187\">\n\t\t\t\t<div class=\"elementor-element elementor-element-8815920 e-flex e-con-boxed e-con e-parent\" data-id=\"8815920\" data-element_type=\"container\">\n\t\t\t\t\t<div class=\"e-con-inner\">\n\t\t<div class=\"elementor-element elementor-element-06fb8b8 e-con-full e-flex e-con e-child\" data-id=\"06fb8b8\" data-element_type=\"container\">\n\t\t\t\t<div class=\"elementor-element elementor-element-4f5bef7 elementor-widget elementor-widget-heading\" data-id=\"4f5bef7\" data-element_type=\"widget\" data-widget_type=\"heading.default\">\n\t\t\t\t<div class=\"elementor-widget-container\">\n\t\t\t\t\t<h2 class=\"elementor-heading-title elementor-size-default\">Dirigent<\/h2>\t\t\t\t<\/div>\n\t\t\t\t<\/div>\n\t\t\t\t<div class=\"elementor-element elementor-element-ec32ede elementor-widget elementor-widget-text-editor\" data-id=\"ec32ede\" data-element_type=\"widget\" data-widget_type=\"text-editor.default\">\n\t\t\t\t<div class=\"elementor-widget-container\">\n\t\t\t\t\t\t\t\t\t<p><strong>Auftritte im Linzer Konzertverein:<\/strong><\/p><p>27.11.2013, Herbstkonzert<br \/>30.11.2011, Sinfoniekonzert<br \/>17.06.2011, Kirchenkonzert der Linzer Singakademie<br \/>01.12.2010, Konzert<br \/>02.12.2009, Jubil\u00e4umskonzert 90 Jahre LINZER KONZERTVEREIN<br \/>28.11.2007, Sinfoniekonzert<br \/>30.11.2005, Jubil\u00e4umskonzert 160 Jahre Linzer Singakademie<br \/>01.12.2004, Festkonzert 85 Jahre Linzer Konzertverein<br \/>28.04.2004, Jubil\u00e4umskonzert<br \/>27.03.1996, Sinfoniekonzert<br \/>30.11.1994, Festkonzert 75 Jahre Linzer Konzertverein<br \/>21.03.1994, Sinfoniekonzert<br \/>02.12.1992, Sinfoniekonzert<\/p>\t\t\t\t\t\t\t\t<\/div>\n\t\t\t\t<\/div>\n\t\t\t\t<\/div>\n\t\t<div class=\"elementor-element elementor-element-f53532f e-con-full e-flex e-con e-child\" data-id=\"f53532f\" data-element_type=\"container\">\n\t\t\t\t<div class=\"elementor-element elementor-element-967b812 elementor-widget elementor-widget-image\" data-id=\"967b812\" data-element_type=\"widget\" data-widget_type=\"image.default\">\n\t\t\t\t<div class=\"elementor-widget-container\">\n\t\t\t\t\t\t\t\t\t\t\t\t\t\t\t<img decoding=\"async\" width=\"182\" height=\"243\" src=\"https:\/\/wppool.abenteuerbox.at\/DA_KV_Linz\/wp-content\/uploads\/2025\/01\/Wetzler_Johannes.jpg\" class=\"attachment-large size-large wp-image-1189\" alt=\"\" sizes=\"100vw\" \/>\t\t\t\t\t\t\t\t\t\t\t\t\t\t\t<\/div>\n\t\t\t\t<\/div>\n\t\t\t\t<\/div>\n\t\t<div class=\"elementor-element elementor-element-eb5c743 e-con-full e-flex e-con e-child\" data-id=\"eb5c743\" data-element_type=\"container\">\n\t\t\t\t<div class=\"elementor-element elementor-element-da21ccd elementor-widget elementor-widget-text-editor\" data-id=\"da21ccd\" data-element_type=\"widget\" data-widget_type=\"text-editor.default\">\n\t\t\t\t<div class=\"elementor-widget-container\">\n\t\t\t\t\t\t\t\t\t<p>Johannes Wetzler wurde 1936 in St. Ingbert im Saarland geboren. Nach dem Abitur begann er am Konservatorium in Saarbr\u00fccken sein Studium und verdiente sich seine ersten Sporen als Chorleiter.<\/p><p>Ab 1959 besuchte er die Akademie f\u00fcr Musik und Darstellende Kunst in Wien, wo ihn unter anderen Hans Swarowsky, Hans Gillesberger und Ferdinand Grossmann unterrichteten.<br \/>1961 schloss er seine Studien mit dem Diplom ab und sein erstes Engagement trat er im Stadttheater Saarbr\u00fccken an. 1968 wechselte er als Chordirektor nach Klagenfurt und seit nunmehr vierzig Jahren ist er Linz beruflich verbunden.<br \/>Unter dem musikalischen Theaterleiter Theodor Guschlbauer wurde er zun\u00e4chst Chordirektor, 1974 Kapellmeister und verantwortlich f\u00fcr fast alle Operetten- und Musicalpremieren. Aber auch Operneinstudierungen und Koproduktionen z\u00e4hlten zu seinen Aufgaben. 31 Jahre lang war Johannes Wetzler am Linzer Landestheater t\u00e4tig.<br \/>Daneben machte er sich als Studienleiter, sp\u00e4ter als Chormeister der Linzer Singakademie verdient und 1979 als Gr\u00fcnder des Linzer Universit\u00e4tsorchesters, das er 28 Jahre lang leitete. Nunmehr gab er die Leitung in die H\u00e4nde des jungen Dirigenten Christian Radner.<\/p><p>F\u00fcr seine Verdienste um die Arbeit mit dem Universit\u00e4tsorchester wurde ihm 1989 das Ehrenzeichen der Johannes-Kepler-Universit\u00e4t verliehen und 1995 das Silberne Ehrenzeichen des Landes Ober\u00f6sterreich.<\/p><p>Johannes Wetzler dirigierte zwanzig Jahre lang Messen in St. Florian, bestritt Konzerte mit dem Brucknerorchester, dem Philharmonischen Orchester Pressburg, der Zagreber Philharmonie, dem Collegium Musicum der Musikschule der Stadt Linz und dem LINZER KONZERTVEREIN, dem er seit 1992 verbunden ist.<\/p><p>(2011)<\/p>\t\t\t\t\t\t\t\t<\/div>\n\t\t\t\t<\/div>\n\t\t\t\t<div class=\"elementor-element elementor-element-f3eca8b elementor-widget elementor-widget-text-editor\" data-id=\"f3eca8b\" data-element_type=\"widget\" data-widget_type=\"text-editor.default\">\n\t\t\t\t<div class=\"elementor-widget-container\">\n\t\t\t\t\t\t\t\t\t<p style=\"text-align: right;\">\n<a href=\"javascript:history.back();\">Zur\u00fcck<\/a>\n<\/p>\t\t\t\t\t\t\t\t<\/div>\n\t\t\t\t<\/div>\n\t\t\t\t<\/div>\n\t\t\t\t\t<\/div>\n\t\t\t\t<\/div>\n\t\t\t\t<\/div>\n\t\t","protected":false},"excerpt":{"rendered":"<p>Dirigent Auftritte im Linzer Konzertverein: 27.11.2013, Herbstkonzert30.11.2011, Sinfoniekonzert17.06.2011, Kirchenkonzert der Linzer Singakademie01.12.2010, Konzert02.12.2009, Jubil\u00e4umskonzert 90 Jahre LINZER KONZERTVEREIN28.11.2007, Sinfoniekonzert30.11.2005, Jubil\u00e4umskonzert 160 Jahre Linzer Singakademie01.12.2004, Festkonzert 85 Jahre Linzer Konzertverein28.04.2004, Jubil\u00e4umskonzert27.03.1996, Sinfoniekonzert30.11.1994, Festkonzert 75 Jahre Linzer Konzertverein21.03.1994, Sinfoniekonzert02.12.1992, Sinfoniekonzert Johannes Wetzler wurde 1936 in St. Ingbert im Saarland geboren. Nach dem Abitur begann er am Konservatorium &hellip; <\/p>\n<p class=\"link-more\"><a href=\"https:\/\/wppool.abenteuerbox.at\/DA_KV_Linz\/?page_id=1187\" class=\"more-link\">Read more<span class=\"screen-reader-text\"> &#8222;Johannes Wetzler&#8220;<\/span><\/a><\/p>\n","protected":false},"author":1,"featured_media":0,"parent":0,"menu_order":0,"comment_status":"closed","ping_status":"closed","template":"","meta":{"inspiro_hide_title":false,"footnotes":""},"class_list":["post-1187","page","type-page","status-publish","hentry"],"_links":{"self":[{"href":"https:\/\/wppool.abenteuerbox.at\/DA_KV_Linz\/index.php?rest_route=\/wp\/v2\/pages\/1187","targetHints":{"allow":["GET"]}}],"collection":[{"href":"https:\/\/wppool.abenteuerbox.at\/DA_KV_Linz\/index.php?rest_route=\/wp\/v2\/pages"}],"about":[{"href":"https:\/\/wppool.abenteuerbox.at\/DA_KV_Linz\/index.php?rest_route=\/wp\/v2\/types\/page"}],"author":[{"embeddable":true,"href":"https:\/\/wppool.abenteuerbox.at\/DA_KV_Linz\/index.php?rest_route=\/wp\/v2\/users\/1"}],"replies":[{"embeddable":true,"href":"https:\/\/wppool.abenteuerbox.at\/DA_KV_Linz\/index.php?rest_route=%2Fwp%2Fv2%2Fcomments&post=1187"}],"version-history":[{"count":16,"href":"https:\/\/wppool.abenteuerbox.at\/DA_KV_Linz\/index.php?rest_route=\/wp\/v2\/pages\/1187\/revisions"}],"predecessor-version":[{"id":6446,"href":"https:\/\/wppool.abenteuerbox.at\/DA_KV_Linz\/index.php?rest_route=\/wp\/v2\/pages\/1187\/revisions\/6446"}],"wp:attachment":[{"href":"https:\/\/wppool.abenteuerbox.at\/DA_KV_Linz\/index.php?rest_route=%2Fwp%2Fv2%2Fmedia&parent=1187"}],"curies":[{"name":"wp","href":"https:\/\/api.w.org\/{rel}","templated":true}]}}