{"id":1199,"date":"2025-01-11T13:00:46","date_gmt":"2025-01-11T12:00:46","guid":{"rendered":"https:\/\/wppool.abenteuerbox.at\/DA_KV_Linz\/?page_id=1199"},"modified":"2025-01-24T17:08:56","modified_gmt":"2025-01-24T16:08:56","slug":"matthias-schorn","status":"publish","type":"page","link":"https:\/\/wppool.abenteuerbox.at\/DA_KV_Linz\/?page_id=1199","title":{"rendered":"Matthias Schorn"},"content":{"rendered":"\t\t<div data-elementor-type=\"wp-page\" data-elementor-id=\"1199\" class=\"elementor elementor-1199\">\n\t\t\t\t<div class=\"elementor-element elementor-element-f140f1d e-flex e-con-boxed e-con e-parent\" data-id=\"f140f1d\" data-element_type=\"container\">\n\t\t\t\t\t<div class=\"e-con-inner\">\n\t\t<div class=\"elementor-element elementor-element-a312ee6 e-con-full e-flex e-con e-child\" data-id=\"a312ee6\" data-element_type=\"container\">\n\t\t\t\t<div class=\"elementor-element elementor-element-6512439 elementor-widget elementor-widget-heading\" data-id=\"6512439\" data-element_type=\"widget\" data-widget_type=\"heading.default\">\n\t\t\t\t<div class=\"elementor-widget-container\">\n\t\t\t\t\t<h2 class=\"elementor-heading-title elementor-size-default\">Klarinette<\/h2>\t\t\t\t<\/div>\n\t\t\t\t<\/div>\n\t\t\t\t<div class=\"elementor-element elementor-element-03d511f elementor-widget elementor-widget-text-editor\" data-id=\"03d511f\" data-element_type=\"widget\" data-widget_type=\"text-editor.default\">\n\t\t\t\t<div class=\"elementor-widget-container\">\n\t\t\t\t\t\t\t\t\t<p><strong>Auftritte im Linzer Konzertverein:<\/strong><\/p><p>28.11.2012, Sinfoniekonzert<\/p>\t\t\t\t\t\t\t\t<\/div>\n\t\t\t\t<\/div>\n\t\t\t\t<\/div>\n\t\t<div class=\"elementor-element elementor-element-a261b9e e-con-full e-flex e-con e-child\" data-id=\"a261b9e\" data-element_type=\"container\">\n\t\t\t\t<div class=\"elementor-element elementor-element-ab62ffe elementor-widget elementor-widget-image\" data-id=\"ab62ffe\" data-element_type=\"widget\" data-widget_type=\"image.default\">\n\t\t\t\t<div class=\"elementor-widget-container\">\n\t\t\t\t\t\t\t\t\t\t\t\t\t\t\t<img fetchpriority=\"high\" decoding=\"async\" width=\"200\" height=\"267\" src=\"https:\/\/wppool.abenteuerbox.at\/DA_KV_Linz\/wp-content\/uploads\/2025\/01\/Schorn_Matthias.jpg\" class=\"attachment-large size-large wp-image-1201\" alt=\"\" sizes=\"100vw\" \/>\t\t\t\t\t\t\t\t\t\t\t\t\t\t\t<\/div>\n\t\t\t\t<\/div>\n\t\t\t\t<\/div>\n\t\t<div class=\"elementor-element elementor-element-59bd3eb e-con-full e-flex e-con e-child\" data-id=\"59bd3eb\" data-element_type=\"container\">\n\t\t\t\t<div class=\"elementor-element elementor-element-99a8afe elementor-widget elementor-widget-text-editor\" data-id=\"99a8afe\" data-element_type=\"widget\" data-widget_type=\"text-editor.default\">\n\t\t\t\t<div class=\"elementor-widget-container\">\n\t\t\t\t\t\t\t\t\t<p>Matthias Schorn wurde 1982 in Salzburg geboren. Er studierte Konzertfach Klarinette an der Universit\u00e4t f\u00fcr Musik und darstellende Kunst Wien bei Johann Hindler und besuchte mehrere Meisterkurse, u.a. bei Alois Brandhofer in Salzburg.<\/p><p>Seine berufliche Laufbahn begann Matthias Schorn als Klarinettist beim Radio Symphonie Orchester Wien, 2007 wurde er nach Stationen beim Deutschen Symphonie Orchester Berlin und bei den M\u00fcnchner Philharmonikern als Soloklarinettist ins Orchester der Wiener Staatsoper bzw. zu den Wiener Philharmonikern engagiert.<\/p><p>Als Solist konzertiere er u. a. mit dem Deutschen Symphonie Orchester Berlin , dem Rundfunk Symphonie Orchester Berlin, dem Mendelssohn Kammerorchester Leipzig, dem Georgischen Kammerorchester Ingolstadt, dem Bruckner Orchester Linz , den London Mozart Players , dem M\u00fcnchner Kammerorchester , der Russischen Kammerphilharmonie St. Petersburg, den Wiener Mozartisten, dem Wiener Jeunesse Orchester, dem Innviertler Symphonie Orchester und der Wiener Kammerphilharmonie.<\/p><p>Weiters wurde er in den vergangenen Jahren regelm\u00e4\u00dfig als Soloklarinettist zu den Berliner Philharmonikern , in die Staatskapelle Dresden , zum NDR Symphonie Orchester Hamburg , zum Bayrischen Staatsorchester M\u00fcnchen , zur Camerata Salzburg und zum Wiener Kammerorchester eingeladen.<\/p><p>Neben seiner Orchestert\u00e4tigkeit und seinen Solo-Projekten ist ihm zudem die Kammermusik ein wichtiges Anliegen, zu seinen Partnern z\u00e4hlen u. a. Christoph Eschenbach, Daniel Hope, Wu Han, Gabor Boldoczki, Christopher Hinterhuber, Eszter Haffner, Philip Dukes, Hartmut Rhode, Daniel M\u00fcller-Schott, Raphael Wallfisch, Ernst Kovacic, Milan Turkovic, Jens Lindemann, Armin Mueller-Stahl, Julia Stemberger, Frank Hofmann, Erwin Steinhauer, das Faure Quartett, das Minetti Quartett, das Kungsbacka Piano Trio und das Quatour Ebene. Auf der Suche nach seinem eigenen Musizierideal gr\u00fcndete er verschiedene Kammermusikensembles wie das \u201eTrio Marc Chagall\u201c, das \u201eTheophil Ensemble Wien\u201c oder das Crossover Ensemble \u201eFaltenradio\u201c.<\/p><p>Matthias Schorn ist Jurymitglied verschiedener Wettbewerbe, leitet eine Klarinettenklasse an der Konservatorium Wien Privatuniversit\u00e4t und ist k\u00fcnstlerischer Leiter des von ihm gegr\u00fcndeten Festivals \u201ePalmKlang\u201c in Oberalm (Salzburg).<\/p><p>(2011)<\/p>\t\t\t\t\t\t\t\t<\/div>\n\t\t\t\t<\/div>\n\t\t\t\t<div class=\"elementor-element elementor-element-0a8a757 elementor-widget elementor-widget-text-editor\" data-id=\"0a8a757\" data-element_type=\"widget\" data-widget_type=\"text-editor.default\">\n\t\t\t\t<div class=\"elementor-widget-container\">\n\t\t\t\t\t\t\t\t\t<p style=\"text-align: right;\">\n<a href=\"javascript:history.back();\">Zur\u00fcck<\/a>\n<\/p>\t\t\t\t\t\t\t\t<\/div>\n\t\t\t\t<\/div>\n\t\t\t\t<\/div>\n\t\t\t\t\t<\/div>\n\t\t\t\t<\/div>\n\t\t\t\t<\/div>\n\t\t","protected":false},"excerpt":{"rendered":"<p>Klarinette Auftritte im Linzer Konzertverein: 28.11.2012, Sinfoniekonzert Matthias Schorn wurde 1982 in Salzburg geboren. Er studierte Konzertfach Klarinette an der Universit\u00e4t f\u00fcr Musik und darstellende Kunst Wien bei Johann Hindler und besuchte mehrere Meisterkurse, u.a. bei Alois Brandhofer in Salzburg. Seine berufliche Laufbahn begann Matthias Schorn als Klarinettist beim Radio Symphonie Orchester Wien, 2007 wurde &hellip; <\/p>\n<p class=\"link-more\"><a href=\"https:\/\/wppool.abenteuerbox.at\/DA_KV_Linz\/?page_id=1199\" class=\"more-link\">Read more<span class=\"screen-reader-text\"> &#8222;Matthias Schorn&#8220;<\/span><\/a><\/p>\n","protected":false},"author":1,"featured_media":0,"parent":0,"menu_order":0,"comment_status":"closed","ping_status":"closed","template":"","meta":{"inspiro_hide_title":false,"footnotes":""},"class_list":["post-1199","page","type-page","status-publish","hentry"],"_links":{"self":[{"href":"https:\/\/wppool.abenteuerbox.at\/DA_KV_Linz\/index.php?rest_route=\/wp\/v2\/pages\/1199","targetHints":{"allow":["GET"]}}],"collection":[{"href":"https:\/\/wppool.abenteuerbox.at\/DA_KV_Linz\/index.php?rest_route=\/wp\/v2\/pages"}],"about":[{"href":"https:\/\/wppool.abenteuerbox.at\/DA_KV_Linz\/index.php?rest_route=\/wp\/v2\/types\/page"}],"author":[{"embeddable":true,"href":"https:\/\/wppool.abenteuerbox.at\/DA_KV_Linz\/index.php?rest_route=\/wp\/v2\/users\/1"}],"replies":[{"embeddable":true,"href":"https:\/\/wppool.abenteuerbox.at\/DA_KV_Linz\/index.php?rest_route=%2Fwp%2Fv2%2Fcomments&post=1199"}],"version-history":[{"count":16,"href":"https:\/\/wppool.abenteuerbox.at\/DA_KV_Linz\/index.php?rest_route=\/wp\/v2\/pages\/1199\/revisions"}],"predecessor-version":[{"id":6455,"href":"https:\/\/wppool.abenteuerbox.at\/DA_KV_Linz\/index.php?rest_route=\/wp\/v2\/pages\/1199\/revisions\/6455"}],"wp:attachment":[{"href":"https:\/\/wppool.abenteuerbox.at\/DA_KV_Linz\/index.php?rest_route=%2Fwp%2Fv2%2Fmedia&parent=1199"}],"curies":[{"name":"wp","href":"https:\/\/api.w.org\/{rel}","templated":true}]}}