{"id":1205,"date":"2025-01-11T13:02:41","date_gmt":"2025-01-11T12:02:41","guid":{"rendered":"https:\/\/wppool.abenteuerbox.at\/DA_KV_Linz\/?page_id=1205"},"modified":"2025-01-24T17:09:25","modified_gmt":"2025-01-24T16:09:25","slug":"robert-bauerstatter","status":"publish","type":"page","link":"https:\/\/wppool.abenteuerbox.at\/DA_KV_Linz\/?page_id=1205","title":{"rendered":"Robert Bauerstatter"},"content":{"rendered":"\t\t<div data-elementor-type=\"wp-page\" data-elementor-id=\"1205\" class=\"elementor elementor-1205\">\n\t\t\t\t<div class=\"elementor-element elementor-element-7655c14 e-flex e-con-boxed e-con e-parent\" data-id=\"7655c14\" data-element_type=\"container\">\n\t\t\t\t\t<div class=\"e-con-inner\">\n\t\t<div class=\"elementor-element elementor-element-3a79dde e-con-full e-flex e-con e-child\" data-id=\"3a79dde\" data-element_type=\"container\">\n\t\t\t\t<div class=\"elementor-element elementor-element-bf8f882 elementor-widget elementor-widget-heading\" data-id=\"bf8f882\" data-element_type=\"widget\" data-widget_type=\"heading.default\">\n\t\t\t\t<div class=\"elementor-widget-container\">\n\t\t\t\t\t<h2 class=\"elementor-heading-title elementor-size-default\">Viola<\/h2>\t\t\t\t<\/div>\n\t\t\t\t<\/div>\n\t\t\t\t<div class=\"elementor-element elementor-element-0526f24 elementor-widget elementor-widget-text-editor\" data-id=\"0526f24\" data-element_type=\"widget\" data-widget_type=\"text-editor.default\">\n\t\t\t\t<div class=\"elementor-widget-container\">\n\t\t\t\t\t\t\t\t\t<p><strong>Auftritte im Linzer Konzertverein:<\/strong><\/p><p>28.11.2012, Sinfoniekonzert<br \/>27.11.1996, Sinfoniekonzert<\/p>\t\t\t\t\t\t\t\t<\/div>\n\t\t\t\t<\/div>\n\t\t\t\t<\/div>\n\t\t<div class=\"elementor-element elementor-element-850a9f9 e-con-full e-flex e-con e-child\" data-id=\"850a9f9\" data-element_type=\"container\">\n\t\t\t\t<div class=\"elementor-element elementor-element-e8fbc49 elementor-widget elementor-widget-image\" data-id=\"e8fbc49\" data-element_type=\"widget\" data-widget_type=\"image.default\">\n\t\t\t\t<div class=\"elementor-widget-container\">\n\t\t\t\t\t\t\t\t\t\t\t\t\t\t\t<img fetchpriority=\"high\" decoding=\"async\" width=\"202\" height=\"269\" src=\"https:\/\/wppool.abenteuerbox.at\/DA_KV_Linz\/wp-content\/uploads\/2025\/01\/Bauerstatter_Matthias.jpg\" class=\"attachment-large size-large wp-image-1207\" alt=\"\" sizes=\"100vw\" \/>\t\t\t\t\t\t\t\t\t\t\t\t\t\t\t<\/div>\n\t\t\t\t<\/div>\n\t\t\t\t<\/div>\n\t\t<div class=\"elementor-element elementor-element-a41c203 e-con-full e-flex e-con e-child\" data-id=\"a41c203\" data-element_type=\"container\">\n\t\t\t\t<div class=\"elementor-element elementor-element-9ddcd21 elementor-widget elementor-widget-text-editor\" data-id=\"9ddcd21\" data-element_type=\"widget\" data-widget_type=\"text-editor.default\">\n\t\t\t\t<div class=\"elementor-widget-container\">\n\t\t\t\t\t\t\t\t\t<p>Robert Bauerstatter wurde 1971 in Linz geboren. Seinen ersten Violinunterricht erhielt er im Alter von sechs Jahren an der Musikvolksschule in Leonding, die weitere musikalische Ausbildung erfolgte am Musikgymnasium Linz sowie am Bruckner-Konservatorium, wo er ab 1985 Violine bei Eberhart Schuster studierte, ehe er 1987 zur Viola wechselte und bei Franz Wall Unterricht nahm.<\/p><p>Ab 1989, also noch vor der im Jahre 1990 in Linz mit Auszeichnung abgelegten Matura, setzte er das Studium an der Universit\u00e4t f\u00fcr Musik und darstellende Kunst in Wien bei Prof. Siegfried F\u00fchrlinger und von 1996 an in der Klasse von Prof. Peter Ochsenhofer fort, wo er im Jahre 2000 die Diplompr\u00fcfung mit Auszeichnung bestand. Meisterkurse unter anderem bei Prof. Wolfgang Klos und G\u00e8rard Causs\u00e8.<\/p><p>Von 1998 bis 2001 war Robert Bauerstatter Bratschist des Nieder\u00f6sterreichischen Tonk\u00fcnstlerorchesters. Seit September 2001 ist er Mitglied des Orchesters der Wiener Staatsoper, seit 2004 Mitglied der Wiener Philharmoniker als Stimmf\u00fchrer der Bratschengruppe.<\/p><p>Parallel zur Orchestert\u00e4tigkeit widmet sich Robert Bauerstatter intensiv der Kammermusik, wobei er regelm\u00e4\u00dfig mit dem Wiener Philharmonia Ensemble, dem Wiener Kammerensemble, dem Ensemble Wiener Collage, dem K\u00fcchl-Quartett und anderen Kammermusikformationen.<\/p><p>Wiederholt spielte er auch bei offiziellen philharmonischen Feiern, etwa beim Besuch des Japanischen Kaiserpaares in Wien (Juli 2002), bei der Einweihung der Kapelle im ehemaligen Konzentrationslager Mauthausen (Oktober 2003) oder beim 15-Jahr-Jubil\u00e4um der Goldbullionm\u00fcnze &#8222;Wiener Philharmoniker&#8220; in M\u00fcnchen (Oktober 2004).<\/p><p>(2011)<\/p>\t\t\t\t\t\t\t\t<\/div>\n\t\t\t\t<\/div>\n\t\t\t\t<div class=\"elementor-element elementor-element-d600f89 elementor-widget elementor-widget-text-editor\" data-id=\"d600f89\" data-element_type=\"widget\" data-widget_type=\"text-editor.default\">\n\t\t\t\t<div class=\"elementor-widget-container\">\n\t\t\t\t\t\t\t\t\t<p style=\"text-align: right;\">\n<a href=\"javascript:history.back();\">Zur\u00fcck<\/a>\n<\/p>\t\t\t\t\t\t\t\t<\/div>\n\t\t\t\t<\/div>\n\t\t\t\t<\/div>\n\t\t\t\t\t<\/div>\n\t\t\t\t<\/div>\n\t\t\t\t<\/div>\n\t\t","protected":false},"excerpt":{"rendered":"<p>Viola Auftritte im Linzer Konzertverein: 28.11.2012, Sinfoniekonzert27.11.1996, Sinfoniekonzert Robert Bauerstatter wurde 1971 in Linz geboren. Seinen ersten Violinunterricht erhielt er im Alter von sechs Jahren an der Musikvolksschule in Leonding, die weitere musikalische Ausbildung erfolgte am Musikgymnasium Linz sowie am Bruckner-Konservatorium, wo er ab 1985 Violine bei Eberhart Schuster studierte, ehe er 1987 zur Viola &hellip; <\/p>\n<p class=\"link-more\"><a href=\"https:\/\/wppool.abenteuerbox.at\/DA_KV_Linz\/?page_id=1205\" class=\"more-link\">Read more<span class=\"screen-reader-text\"> &#8222;Robert Bauerstatter&#8220;<\/span><\/a><\/p>\n","protected":false},"author":1,"featured_media":0,"parent":0,"menu_order":0,"comment_status":"closed","ping_status":"closed","template":"","meta":{"inspiro_hide_title":false,"footnotes":""},"class_list":["post-1205","page","type-page","status-publish","hentry"],"_links":{"self":[{"href":"https:\/\/wppool.abenteuerbox.at\/DA_KV_Linz\/index.php?rest_route=\/wp\/v2\/pages\/1205","targetHints":{"allow":["GET"]}}],"collection":[{"href":"https:\/\/wppool.abenteuerbox.at\/DA_KV_Linz\/index.php?rest_route=\/wp\/v2\/pages"}],"about":[{"href":"https:\/\/wppool.abenteuerbox.at\/DA_KV_Linz\/index.php?rest_route=\/wp\/v2\/types\/page"}],"author":[{"embeddable":true,"href":"https:\/\/wppool.abenteuerbox.at\/DA_KV_Linz\/index.php?rest_route=\/wp\/v2\/users\/1"}],"replies":[{"embeddable":true,"href":"https:\/\/wppool.abenteuerbox.at\/DA_KV_Linz\/index.php?rest_route=%2Fwp%2Fv2%2Fcomments&post=1205"}],"version-history":[{"count":16,"href":"https:\/\/wppool.abenteuerbox.at\/DA_KV_Linz\/index.php?rest_route=\/wp\/v2\/pages\/1205\/revisions"}],"predecessor-version":[{"id":6458,"href":"https:\/\/wppool.abenteuerbox.at\/DA_KV_Linz\/index.php?rest_route=\/wp\/v2\/pages\/1205\/revisions\/6458"}],"wp:attachment":[{"href":"https:\/\/wppool.abenteuerbox.at\/DA_KV_Linz\/index.php?rest_route=%2Fwp%2Fv2%2Fmedia&parent=1205"}],"curies":[{"name":"wp","href":"https:\/\/api.w.org\/{rel}","templated":true}]}}