{"id":1224,"date":"2025-01-11T13:12:26","date_gmt":"2025-01-11T12:12:26","guid":{"rendered":"https:\/\/wppool.abenteuerbox.at\/DA_KV_Linz\/?page_id=1224"},"modified":"2025-01-24T17:10:42","modified_gmt":"2025-01-24T16:10:42","slug":"elisabeth-breuer","status":"publish","type":"page","link":"https:\/\/wppool.abenteuerbox.at\/DA_KV_Linz\/?page_id=1224","title":{"rendered":"Elisabeth Breuer"},"content":{"rendered":"\t\t<div data-elementor-type=\"wp-page\" data-elementor-id=\"1224\" class=\"elementor elementor-1224\">\n\t\t\t\t<div class=\"elementor-element elementor-element-b4ff4f0 e-flex e-con-boxed e-con e-parent\" data-id=\"b4ff4f0\" data-element_type=\"container\">\n\t\t\t\t\t<div class=\"e-con-inner\">\n\t\t<div class=\"elementor-element elementor-element-2de52b3 e-con-full e-flex e-con e-child\" data-id=\"2de52b3\" data-element_type=\"container\">\n\t\t\t\t<div class=\"elementor-element elementor-element-03796d1 elementor-widget elementor-widget-heading\" data-id=\"03796d1\" data-element_type=\"widget\" data-widget_type=\"heading.default\">\n\t\t\t\t<div class=\"elementor-widget-container\">\n\t\t\t\t\t<h2 class=\"elementor-heading-title elementor-size-default\">Sopran<\/h2>\t\t\t\t<\/div>\n\t\t\t\t<\/div>\n\t\t\t\t<div class=\"elementor-element elementor-element-a3994ec elementor-widget elementor-widget-text-editor\" data-id=\"a3994ec\" data-element_type=\"widget\" data-widget_type=\"text-editor.default\">\n\t\t\t\t<div class=\"elementor-widget-container\">\n\t\t\t\t\t\t\t\t\t<p><a href=\"https:\/\/www.elisabethbreuer.com\/\">www.elisabethbreuer.com<\/a><\/p><p><strong>Auftritte im Linzer Konzertverein:<\/strong><\/p><p>17.06.2011, Kirchenkonzert der Linzer Singakademie<\/p>\t\t\t\t\t\t\t\t<\/div>\n\t\t\t\t<\/div>\n\t\t\t\t<\/div>\n\t\t<div class=\"elementor-element elementor-element-46e5ddb e-con-full e-flex e-con e-child\" data-id=\"46e5ddb\" data-element_type=\"container\">\n\t\t\t\t<div class=\"elementor-element elementor-element-e265598 elementor-widget elementor-widget-image\" data-id=\"e265598\" data-element_type=\"widget\" data-widget_type=\"image.default\">\n\t\t\t\t<div class=\"elementor-widget-container\">\n\t\t\t\t\t\t\t\t\t\t\t\t\t\t\t<img decoding=\"async\" width=\"156\" height=\"200\" src=\"https:\/\/wppool.abenteuerbox.at\/DA_KV_Linz\/wp-content\/uploads\/2025\/01\/Breuer_Elisabeth.jpg\" class=\"attachment-large size-large wp-image-1227\" alt=\"\" sizes=\"100vw\" \/>\t\t\t\t\t\t\t\t\t\t\t\t\t\t\t<\/div>\n\t\t\t\t<\/div>\n\t\t\t\t<\/div>\n\t\t<div class=\"elementor-element elementor-element-87dd99d e-con-full e-flex e-con e-child\" data-id=\"87dd99d\" data-element_type=\"container\">\n\t\t\t\t<div class=\"elementor-element elementor-element-5ab329f elementor-widget elementor-widget-text-editor\" data-id=\"5ab329f\" data-element_type=\"widget\" data-widget_type=\"text-editor.default\">\n\t\t\t\t<div class=\"elementor-widget-container\">\n\t\t\t\t\t\t\t\t\t<p>Die steirische Sopranistin Elisabeth Breuer studierte an der Grazer Kunstuniversit\u00e4t bei Elisabeth Batrice.<\/p><p>Bereits w\u00e4hrend ihres Studiums gastierte die junge S\u00e4ngerin am Stadttheater Leoben als Zerlina und Papagena (Mozart \u2013 meine Liebe), am Wiener Schauspielhaus in der weiblichen Hauptrolle in Romeo+\/-Julia (UA), und sang die Sopranpartie in einer szenischen Auff\u00fchrung von H\u00e4ndel\u2019s Alexander\u2019s Feast beim Festival Opera aan Zee (NL). Im Parktheater Augsburg verk\u00f6rperte sie die Franzi (Wiener Blut), beim Montafoner Sommer die Karoline (Das rote K\u00e4ppchen) und war als Christel (Der Vogelh\u00e4ndler) im Musiktheater Sch\u00f6nbrunn zu erleben.<\/p><p>Nachdem Elisabeth Breuer in der vergangenen Spielzeit bereits als Amour und Clarine (Plat\u00e9e), als Emmie (Albert Herring), sowie als Schlafittchen (Das Traumfresserchen) am Linzer Landestheater gastierte, wird sie mit der Saison 2010\/11 ebendort festes Ensemblemitglied und u.a. als Minnie Faye (Hello Dolly) und Schlafittchen zu erleben sein, sowie die Clara in Kaspar H. (UA) von Balduin Sulzer singen.<\/p><p>Neben dem Operngesang pflegt Elisabeth Breuer auch eine rege T\u00e4tigkeit als Konzerts\u00e4ngerin. So war sie bisher u.a. in Monteverdis Marienvesper, H\u00e4ndels Messiah, Bachs Matth\u00e4uspassion, Haydns Stabat Mater, Orffs Carmina Burana, und in der \u00f6sterreichischen Erstauff\u00fchrung des Requiem ebraico von Eric Zeisl zu h\u00f6ren.<\/p><p>(2011)<\/p>\t\t\t\t\t\t\t\t<\/div>\n\t\t\t\t<\/div>\n\t\t\t\t<div class=\"elementor-element elementor-element-3de22e3 elementor-widget elementor-widget-text-editor\" data-id=\"3de22e3\" data-element_type=\"widget\" data-widget_type=\"text-editor.default\">\n\t\t\t\t<div class=\"elementor-widget-container\">\n\t\t\t\t\t\t\t\t\t<p style=\"text-align: right;\">\n<a href=\"javascript:history.back();\">Zur\u00fcck<\/a>\n<\/p>\t\t\t\t\t\t\t\t<\/div>\n\t\t\t\t<\/div>\n\t\t\t\t<\/div>\n\t\t\t\t\t<\/div>\n\t\t\t\t<\/div>\n\t\t\t\t<\/div>\n\t\t","protected":false},"excerpt":{"rendered":"<p>Sopran www.elisabethbreuer.com Auftritte im Linzer Konzertverein: 17.06.2011, Kirchenkonzert der Linzer Singakademie Die steirische Sopranistin Elisabeth Breuer studierte an der Grazer Kunstuniversit\u00e4t bei Elisabeth Batrice. Bereits w\u00e4hrend ihres Studiums gastierte die junge S\u00e4ngerin am Stadttheater Leoben als Zerlina und Papagena (Mozart \u2013 meine Liebe), am Wiener Schauspielhaus in der weiblichen Hauptrolle in Romeo+\/-Julia (UA), und sang &hellip; <\/p>\n<p class=\"link-more\"><a href=\"https:\/\/wppool.abenteuerbox.at\/DA_KV_Linz\/?page_id=1224\" class=\"more-link\">Read more<span class=\"screen-reader-text\"> &#8222;Elisabeth Breuer&#8220;<\/span><\/a><\/p>\n","protected":false},"author":1,"featured_media":0,"parent":0,"menu_order":0,"comment_status":"closed","ping_status":"closed","template":"","meta":{"inspiro_hide_title":false,"footnotes":""},"class_list":["post-1224","page","type-page","status-publish","hentry"],"_links":{"self":[{"href":"https:\/\/wppool.abenteuerbox.at\/DA_KV_Linz\/index.php?rest_route=\/wp\/v2\/pages\/1224","targetHints":{"allow":["GET"]}}],"collection":[{"href":"https:\/\/wppool.abenteuerbox.at\/DA_KV_Linz\/index.php?rest_route=\/wp\/v2\/pages"}],"about":[{"href":"https:\/\/wppool.abenteuerbox.at\/DA_KV_Linz\/index.php?rest_route=\/wp\/v2\/types\/page"}],"author":[{"embeddable":true,"href":"https:\/\/wppool.abenteuerbox.at\/DA_KV_Linz\/index.php?rest_route=\/wp\/v2\/users\/1"}],"replies":[{"embeddable":true,"href":"https:\/\/wppool.abenteuerbox.at\/DA_KV_Linz\/index.php?rest_route=%2Fwp%2Fv2%2Fcomments&post=1224"}],"version-history":[{"count":16,"href":"https:\/\/wppool.abenteuerbox.at\/DA_KV_Linz\/index.php?rest_route=\/wp\/v2\/pages\/1224\/revisions"}],"predecessor-version":[{"id":6464,"href":"https:\/\/wppool.abenteuerbox.at\/DA_KV_Linz\/index.php?rest_route=\/wp\/v2\/pages\/1224\/revisions\/6464"}],"wp:attachment":[{"href":"https:\/\/wppool.abenteuerbox.at\/DA_KV_Linz\/index.php?rest_route=%2Fwp%2Fv2%2Fmedia&parent=1224"}],"curies":[{"name":"wp","href":"https:\/\/api.w.org\/{rel}","templated":true}]}}