{"id":1241,"date":"2025-01-11T13:17:11","date_gmt":"2025-01-11T12:17:11","guid":{"rendered":"https:\/\/wppool.abenteuerbox.at\/DA_KV_Linz\/?page_id=1241"},"modified":"2025-01-24T17:11:33","modified_gmt":"2025-01-24T16:11:33","slug":"markus-miesenberger","status":"publish","type":"page","link":"https:\/\/wppool.abenteuerbox.at\/DA_KV_Linz\/?page_id=1241","title":{"rendered":"Markus Miesenberger"},"content":{"rendered":"\t\t<div data-elementor-type=\"wp-page\" data-elementor-id=\"1241\" class=\"elementor elementor-1241\">\n\t\t\t\t<div class=\"elementor-element elementor-element-122e291 e-flex e-con-boxed e-con e-parent\" data-id=\"122e291\" data-element_type=\"container\">\n\t\t\t\t\t<div class=\"e-con-inner\">\n\t\t<div class=\"elementor-element elementor-element-cada366 e-con-full e-flex e-con e-child\" data-id=\"cada366\" data-element_type=\"container\">\n\t\t\t\t<div class=\"elementor-element elementor-element-ee1b86d elementor-widget elementor-widget-heading\" data-id=\"ee1b86d\" data-element_type=\"widget\" data-widget_type=\"heading.default\">\n\t\t\t\t<div class=\"elementor-widget-container\">\n\t\t\t\t\t<h2 class=\"elementor-heading-title elementor-size-default\">Tenor<\/h2>\t\t\t\t<\/div>\n\t\t\t\t<\/div>\n\t\t\t\t<div class=\"elementor-element elementor-element-61d2635 elementor-widget elementor-widget-text-editor\" data-id=\"61d2635\" data-element_type=\"widget\" data-widget_type=\"text-editor.default\">\n\t\t\t\t<div class=\"elementor-widget-container\">\n\t\t\t\t\t\t\t\t\t<p><a href=\"https:\/\/www.markusmiesenberger.com\/home\/\">www.markusmiesenberger.com<\/a><\/p><p><strong>Auftritte im Linzer Konzertverein:<\/strong><\/p><p>17.06.2011, Kirchenkonzert der Linzer Singakademie<\/p>\t\t\t\t\t\t\t\t<\/div>\n\t\t\t\t<\/div>\n\t\t\t\t<\/div>\n\t\t<div class=\"elementor-element elementor-element-30e385d e-con-full e-flex e-con e-child\" data-id=\"30e385d\" data-element_type=\"container\">\n\t\t\t\t<div class=\"elementor-element elementor-element-c1291eb elementor-widget elementor-widget-image\" data-id=\"c1291eb\" data-element_type=\"widget\" data-widget_type=\"image.default\">\n\t\t\t\t<div class=\"elementor-widget-container\">\n\t\t\t\t\t\t\t\t\t\t\t\t\t\t\t<img decoding=\"async\" width=\"150\" height=\"200\" src=\"https:\/\/wppool.abenteuerbox.at\/DA_KV_Linz\/wp-content\/uploads\/2025\/01\/Miesenberger_Markus.jpg\" class=\"attachment-large size-large wp-image-1243\" alt=\"\" sizes=\"100vw\" \/>\t\t\t\t\t\t\t\t\t\t\t\t\t\t\t<\/div>\n\t\t\t\t<\/div>\n\t\t\t\t<\/div>\n\t\t<div class=\"elementor-element elementor-element-fae6040 e-con-full e-flex e-con e-child\" data-id=\"fae6040\" data-element_type=\"container\">\n\t\t\t\t<div class=\"elementor-element elementor-element-6cdf608 elementor-widget elementor-widget-text-editor\" data-id=\"6cdf608\" data-element_type=\"widget\" data-widget_type=\"text-editor.default\">\n\t\t\t\t<div class=\"elementor-widget-container\">\n\t\t\t\t\t\t\t\t\t<p>Markus Miesenberger, geboren in Linz, studierte an der Universit\u00e4t f\u00fcr Musik und darstellende Kunst in Wien Gesang, Oper und Lied und Oratorium u.a. bei Prof. KS Robert Holl und Prof. Sebastian Vittucci. Weitere Studien in den F\u00e4chern Violine bzw. Barockviola f\u00fchrten ihn ans Mozarteum, an die Universit\u00e4t f\u00fcr Musik und darstellende Kunst Wien und an die Anton Bruckner Universit\u00e4t Linz. 2006 und 2007 schloss er seine Studien mit dem Magister artium und dem Master of Arts ab.<\/p><p>Konzerte f\u00fchrten den jungen Tenor in weite Teile \u00d6sterreichs, nach Deutschland, Italien, Spanien, Frankreich und Polen. Als Solist gastierte er bei verschiedensten Festivals wie Styriarte, Carinthischer Sommer, Musica Sacra Linz, Brucknerfest Linz und Brucknertage St. Florian, beim Festival \u201eToujours Mozart\u201c in der Salzburger Residenz und im Palais Schwarzenberg in Wien, bei den Schlosskonzerten Eckartsau, bei Innt\u00f6ne Barock und er tritt regelm\u00e4\u00dfig im Grazer Stephaniensaal, der Grazer Helmut-Liszt-Halle, im Linzer Brucknerhaus und im Wiener Konzerthaus auf.<\/p><p>Opernengagements f\u00fchrten ihn ins Schlosstheater Sch\u00f6nbrunn, wo er in Carl Orffs \u201eDie Kluge\u201c und in der Operette \u201eDie Fledermaus\u201c von Johann Strau\u00df auftrat, mit der Wiener Taschenoper als \u201eTapferes Schneiderlein\u201c ins Wiener Museumsquartier und zu den Tiroler Festspielen Erl, als Anthony mit Stephen Sondheims \u201eSweeney Todd\u201c an das Linzer Landestheater, mit Giovanni Verrandos Oper \u201eAlex Br\u00fccke Langer\u201c an das Stadttheater Bozen und mit Herwig Reiters \u201eCampiello\u201c an die Neue Oper Wien.<\/p><p>Ebenfalls mit der Neuen Oper Wien stand er 2010 in der Rolle des Camille Desmoulins in Gottfried v. Einems Oper \u201eDanton\u2019s Tod\u201c auf der B\u00fchne der Halle E im Wiener Museumsquartier.<\/p><p>2011 gewann er den Franz Joseph Aumann Preis f\u00fcr Neuentdeckungen und innovative Interpretation von Barockmusik beim internationalen H.I.F. Biber Wettbewerb in St. Florian.<\/p><p>Markus Miesenberger arbeitete mit Dirigenten wie Andr\u00e9s Orozco-Estrada, Paul Angerer, Uwe Theimer, Alois J. Hochstrasser, Walter Kobera und Mikl\u00f3s Harazdy (Ungarische Staatsoper). Verschiedene CD-Produktionen und zahlreiche Rundfunk\u00fcbertragungen u.a. mit dem Barockensemble Ars Antiqua Austria stehen ebenso im Mittelpunkt seines k\u00fcnstlerischen Wirkens.<\/p><p>(2011)<\/p>\t\t\t\t\t\t\t\t<\/div>\n\t\t\t\t<\/div>\n\t\t\t\t<div class=\"elementor-element elementor-element-d38b237 elementor-widget elementor-widget-text-editor\" data-id=\"d38b237\" data-element_type=\"widget\" data-widget_type=\"text-editor.default\">\n\t\t\t\t<div class=\"elementor-widget-container\">\n\t\t\t\t\t\t\t\t\t<p style=\"text-align: right;\">\n<a href=\"javascript:history.back();\">Zur\u00fcck<\/a>\n<\/p>\t\t\t\t\t\t\t\t<\/div>\n\t\t\t\t<\/div>\n\t\t\t\t<\/div>\n\t\t\t\t\t<\/div>\n\t\t\t\t<\/div>\n\t\t\t\t<\/div>\n\t\t","protected":false},"excerpt":{"rendered":"<p>Tenor www.markusmiesenberger.com Auftritte im Linzer Konzertverein: 17.06.2011, Kirchenkonzert der Linzer Singakademie Markus Miesenberger, geboren in Linz, studierte an der Universit\u00e4t f\u00fcr Musik und darstellende Kunst in Wien Gesang, Oper und Lied und Oratorium u.a. bei Prof. KS Robert Holl und Prof. Sebastian Vittucci. Weitere Studien in den F\u00e4chern Violine bzw. Barockviola f\u00fchrten ihn ans Mozarteum, &hellip; <\/p>\n<p class=\"link-more\"><a href=\"https:\/\/wppool.abenteuerbox.at\/DA_KV_Linz\/?page_id=1241\" class=\"more-link\">Read more<span class=\"screen-reader-text\"> &#8222;Markus Miesenberger&#8220;<\/span><\/a><\/p>\n","protected":false},"author":1,"featured_media":0,"parent":0,"menu_order":0,"comment_status":"closed","ping_status":"closed","template":"","meta":{"inspiro_hide_title":false,"footnotes":""},"class_list":["post-1241","page","type-page","status-publish","hentry"],"_links":{"self":[{"href":"https:\/\/wppool.abenteuerbox.at\/DA_KV_Linz\/index.php?rest_route=\/wp\/v2\/pages\/1241","targetHints":{"allow":["GET"]}}],"collection":[{"href":"https:\/\/wppool.abenteuerbox.at\/DA_KV_Linz\/index.php?rest_route=\/wp\/v2\/pages"}],"about":[{"href":"https:\/\/wppool.abenteuerbox.at\/DA_KV_Linz\/index.php?rest_route=\/wp\/v2\/types\/page"}],"author":[{"embeddable":true,"href":"https:\/\/wppool.abenteuerbox.at\/DA_KV_Linz\/index.php?rest_route=\/wp\/v2\/users\/1"}],"replies":[{"embeddable":true,"href":"https:\/\/wppool.abenteuerbox.at\/DA_KV_Linz\/index.php?rest_route=%2Fwp%2Fv2%2Fcomments&post=1241"}],"version-history":[{"count":19,"href":"https:\/\/wppool.abenteuerbox.at\/DA_KV_Linz\/index.php?rest_route=\/wp\/v2\/pages\/1241\/revisions"}],"predecessor-version":[{"id":6470,"href":"https:\/\/wppool.abenteuerbox.at\/DA_KV_Linz\/index.php?rest_route=\/wp\/v2\/pages\/1241\/revisions\/6470"}],"wp:attachment":[{"href":"https:\/\/wppool.abenteuerbox.at\/DA_KV_Linz\/index.php?rest_route=%2Fwp%2Fv2%2Fmedia&parent=1241"}],"curies":[{"name":"wp","href":"https:\/\/api.w.org\/{rel}","templated":true}]}}