{"id":1250,"date":"2025-01-11T13:22:40","date_gmt":"2025-01-11T12:22:40","guid":{"rendered":"https:\/\/wppool.abenteuerbox.at\/DA_KV_Linz\/?page_id=1250"},"modified":"2025-01-24T17:12:29","modified_gmt":"2025-01-24T16:12:29","slug":"angelika-gruber","status":"publish","type":"page","link":"https:\/\/wppool.abenteuerbox.at\/DA_KV_Linz\/?page_id=1250","title":{"rendered":"Angelika Gruber"},"content":{"rendered":"\t\t<div data-elementor-type=\"wp-page\" data-elementor-id=\"1250\" class=\"elementor elementor-1250\">\n\t\t\t\t<div class=\"elementor-element elementor-element-970d3b4 e-flex e-con-boxed e-con e-parent\" data-id=\"970d3b4\" data-element_type=\"container\">\n\t\t\t\t\t<div class=\"e-con-inner\">\n\t\t<div class=\"elementor-element elementor-element-3b85da2 e-con-full e-flex e-con e-child\" data-id=\"3b85da2\" data-element_type=\"container\">\n\t\t\t\t<div class=\"elementor-element elementor-element-bef170c elementor-widget elementor-widget-heading\" data-id=\"bef170c\" data-element_type=\"widget\" data-widget_type=\"heading.default\">\n\t\t\t\t<div class=\"elementor-widget-container\">\n\t\t\t\t\t<h2 class=\"elementor-heading-title elementor-size-default\">Oboe<\/h2>\t\t\t\t<\/div>\n\t\t\t\t<\/div>\n\t\t\t\t<div class=\"elementor-element elementor-element-813af34 elementor-widget elementor-widget-text-editor\" data-id=\"813af34\" data-element_type=\"widget\" data-widget_type=\"text-editor.default\">\n\t\t\t\t<div class=\"elementor-widget-container\">\n\t\t\t\t\t\t\t\t\t<p><strong>Auftritte im Linzer Konzertverein:<\/strong><\/p><p>06.04.2011, Fr\u00fchjahrskonzert<\/p>\t\t\t\t\t\t\t\t<\/div>\n\t\t\t\t<\/div>\n\t\t\t\t<\/div>\n\t\t<div class=\"elementor-element elementor-element-2d29bd0 e-con-full e-flex e-con e-child\" data-id=\"2d29bd0\" data-element_type=\"container\">\n\t\t\t\t<div class=\"elementor-element elementor-element-cfc5e08 elementor-widget elementor-widget-image\" data-id=\"cfc5e08\" data-element_type=\"widget\" data-widget_type=\"image.default\">\n\t\t\t\t<div class=\"elementor-widget-container\">\n\t\t\t\t\t\t\t\t\t\t\t\t\t\t\t<img decoding=\"async\" width=\"150\" height=\"210\" src=\"https:\/\/wppool.abenteuerbox.at\/DA_KV_Linz\/wp-content\/uploads\/2025\/01\/Gruber-Harringer_Angelika.jpg\" class=\"attachment-large size-large wp-image-1253\" alt=\"\" sizes=\"100vw\" \/>\t\t\t\t\t\t\t\t\t\t\t\t\t\t\t<\/div>\n\t\t\t\t<\/div>\n\t\t\t\t<\/div>\n\t\t<div class=\"elementor-element elementor-element-0e0c8a3 e-con-full e-flex e-con e-child\" data-id=\"0e0c8a3\" data-element_type=\"container\">\n\t\t\t\t<div class=\"elementor-element elementor-element-3ff6149 elementor-widget elementor-widget-text-editor\" data-id=\"3ff6149\" data-element_type=\"widget\" data-widget_type=\"text-editor.default\">\n\t\t\t\t<div class=\"elementor-widget-container\">\n\t\t\t\t\t\t\t\t\t<p>Angelika Gruber wurde 1979 in Linz geboren. Schon fr\u00fch wurde ihre musikalische Begabung erkannt und mit sieben Jahren bekam sie ihren ersten Violinunterricht am damaligen Bruckner-Konservatorium in Linz bei Prof. Rudolf Hirscher. F\u00fcnf Jahre lang befasste sie sich mit der Geige, im zarten Alter von zw\u00f6lf entdeckte sie die Oboe als ihr Instrument und begann mit dem Unterricht bei Prof. Hans Georg Jacobi.<\/p><p>Parallel zu ihrer Ausbildung am Instrument besuchte sie das Musikgymnasium in Linz und im Jahr 2000 legte sie die Lehrbef\u00e4higungspr\u00fcfung f\u00fcr Oboe ab, gerade mal 21 Jahre alt.<\/p><p>So ganz &#8222;nebenbei&#8220; gewann sie 1997 und 1998 den Landes- und den Bundeswettbewerb &#8222;Prima La Musica&#8220; und schon als F\u00fcnfzehnj\u00e4hrige spielte sie im Orchester der Jungen \u00d6sterreichischen Philharmonie mit.<\/p><p>Neben ihrer Lehrt\u00e4tigkeit an f\u00fcnf Landesmusikschulen absolviert sie seit 2003 zahlreiche solistische Auftritte, unter anderem mit dem Universit\u00e4tsorchester Linz. Sie ist in mehreren Kammermusikensembles t\u00e4tig, so auch Mitglied des &#8222;Musicum Legnum&#8220; oder der Holzbl\u00e4serquintette &#8222;Arcobaleno&#8220; und &#8222;Pentaton&#8220;, sowie in unterschiedlichen Orchestern von den Kurorchestern Bad Ischl und Bad Hall, dem Lehar-Festival Bad Ischl, wo sie Oboe und Englischhorn spielt, \u00fcber das Linzer Kammerorchester und last not least im LINZER KONZERTVEREIN, dem sie seit 2003 als Erste Oboistin angeh\u00f6rt.<\/p><p>(2010)<\/p>\t\t\t\t\t\t\t\t<\/div>\n\t\t\t\t<\/div>\n\t\t\t\t<div class=\"elementor-element elementor-element-df4f5f7 elementor-widget elementor-widget-text-editor\" data-id=\"df4f5f7\" data-element_type=\"widget\" data-widget_type=\"text-editor.default\">\n\t\t\t\t<div class=\"elementor-widget-container\">\n\t\t\t\t\t\t\t\t\t<p style=\"text-align: right;\">\n<a href=\"javascript:history.back();\">Zur\u00fcck<\/a>\n<\/p>\t\t\t\t\t\t\t\t<\/div>\n\t\t\t\t<\/div>\n\t\t\t\t<\/div>\n\t\t\t\t\t<\/div>\n\t\t\t\t<\/div>\n\t\t\t\t<\/div>\n\t\t","protected":false},"excerpt":{"rendered":"<p>Oboe Auftritte im Linzer Konzertverein: 06.04.2011, Fr\u00fchjahrskonzert Angelika Gruber wurde 1979 in Linz geboren. Schon fr\u00fch wurde ihre musikalische Begabung erkannt und mit sieben Jahren bekam sie ihren ersten Violinunterricht am damaligen Bruckner-Konservatorium in Linz bei Prof. Rudolf Hirscher. F\u00fcnf Jahre lang befasste sie sich mit der Geige, im zarten Alter von zw\u00f6lf entdeckte sie &hellip; <\/p>\n<p class=\"link-more\"><a href=\"https:\/\/wppool.abenteuerbox.at\/DA_KV_Linz\/?page_id=1250\" class=\"more-link\">Read more<span class=\"screen-reader-text\"> &#8222;Angelika Gruber&#8220;<\/span><\/a><\/p>\n","protected":false},"author":1,"featured_media":0,"parent":0,"menu_order":0,"comment_status":"closed","ping_status":"closed","template":"","meta":{"inspiro_hide_title":false,"footnotes":""},"class_list":["post-1250","page","type-page","status-publish","hentry"],"_links":{"self":[{"href":"https:\/\/wppool.abenteuerbox.at\/DA_KV_Linz\/index.php?rest_route=\/wp\/v2\/pages\/1250","targetHints":{"allow":["GET"]}}],"collection":[{"href":"https:\/\/wppool.abenteuerbox.at\/DA_KV_Linz\/index.php?rest_route=\/wp\/v2\/pages"}],"about":[{"href":"https:\/\/wppool.abenteuerbox.at\/DA_KV_Linz\/index.php?rest_route=\/wp\/v2\/types\/page"}],"author":[{"embeddable":true,"href":"https:\/\/wppool.abenteuerbox.at\/DA_KV_Linz\/index.php?rest_route=\/wp\/v2\/users\/1"}],"replies":[{"embeddable":true,"href":"https:\/\/wppool.abenteuerbox.at\/DA_KV_Linz\/index.php?rest_route=%2Fwp%2Fv2%2Fcomments&post=1250"}],"version-history":[{"count":13,"href":"https:\/\/wppool.abenteuerbox.at\/DA_KV_Linz\/index.php?rest_route=\/wp\/v2\/pages\/1250\/revisions"}],"predecessor-version":[{"id":6473,"href":"https:\/\/wppool.abenteuerbox.at\/DA_KV_Linz\/index.php?rest_route=\/wp\/v2\/pages\/1250\/revisions\/6473"}],"wp:attachment":[{"href":"https:\/\/wppool.abenteuerbox.at\/DA_KV_Linz\/index.php?rest_route=%2Fwp%2Fv2%2Fmedia&parent=1250"}],"curies":[{"name":"wp","href":"https:\/\/api.w.org\/{rel}","templated":true}]}}