{"id":1267,"date":"2025-01-11T13:28:21","date_gmt":"2025-01-11T12:28:21","guid":{"rendered":"https:\/\/wppool.abenteuerbox.at\/DA_KV_Linz\/?page_id=1267"},"modified":"2025-01-24T17:13:29","modified_gmt":"2025-01-24T16:13:29","slug":"guenter-haumer","status":"publish","type":"page","link":"https:\/\/wppool.abenteuerbox.at\/DA_KV_Linz\/?page_id=1267","title":{"rendered":"G\u00fcnter Haumer"},"content":{"rendered":"\t\t<div data-elementor-type=\"wp-page\" data-elementor-id=\"1267\" class=\"elementor elementor-1267\">\n\t\t\t\t<div class=\"elementor-element elementor-element-2611310 e-flex e-con-boxed e-con e-parent\" data-id=\"2611310\" data-element_type=\"container\">\n\t\t\t\t\t<div class=\"e-con-inner\">\n\t\t<div class=\"elementor-element elementor-element-e5f1be3 e-con-full e-flex e-con e-child\" data-id=\"e5f1be3\" data-element_type=\"container\">\n\t\t\t\t<div class=\"elementor-element elementor-element-de11ef5 elementor-widget elementor-widget-heading\" data-id=\"de11ef5\" data-element_type=\"widget\" data-widget_type=\"heading.default\">\n\t\t\t\t<div class=\"elementor-widget-container\">\n\t\t\t\t\t<h2 class=\"elementor-heading-title elementor-size-default\">Bariton<\/h2>\t\t\t\t<\/div>\n\t\t\t\t<\/div>\n\t\t\t\t<div class=\"elementor-element elementor-element-a945513 elementor-widget elementor-widget-text-editor\" data-id=\"a945513\" data-element_type=\"widget\" data-widget_type=\"text-editor.default\">\n\t\t\t\t<div class=\"elementor-widget-container\">\n\t\t\t\t\t\t\t\t\t<p><a href=\"https:\/\/www.ghaumer.com\/\">www.ghaumer.com<\/a><\/p><p><strong>Auftritte im Linzer Konzertverein:<\/strong><\/p><p>01.12.2010, Konzert<\/p>\t\t\t\t\t\t\t\t<\/div>\n\t\t\t\t<\/div>\n\t\t\t\t<\/div>\n\t\t<div class=\"elementor-element elementor-element-e2219c4 e-con-full e-flex e-con e-child\" data-id=\"e2219c4\" data-element_type=\"container\">\n\t\t\t\t<div class=\"elementor-element elementor-element-b47bd89 elementor-widget elementor-widget-image\" data-id=\"b47bd89\" data-element_type=\"widget\" data-widget_type=\"image.default\">\n\t\t\t\t<div class=\"elementor-widget-container\">\n\t\t\t\t\t\t\t\t\t\t\t\t\t\t\t<img decoding=\"async\" width=\"152\" height=\"202\" src=\"https:\/\/wppool.abenteuerbox.at\/DA_KV_Linz\/wp-content\/uploads\/2025\/01\/Haumer_Guenter-1.jpg\" class=\"attachment-large size-large wp-image-6171\" alt=\"\" sizes=\"100vw\" \/>\t\t\t\t\t\t\t\t\t\t\t\t\t\t\t<\/div>\n\t\t\t\t<\/div>\n\t\t\t\t<\/div>\n\t\t<div class=\"elementor-element elementor-element-64c2d6c e-con-full e-flex e-con e-child\" data-id=\"64c2d6c\" data-element_type=\"container\">\n\t\t\t\t<div class=\"elementor-element elementor-element-6d16618 elementor-widget elementor-widget-text-editor\" data-id=\"6d16618\" data-element_type=\"widget\" data-widget_type=\"text-editor.default\">\n\t\t\t\t<div class=\"elementor-widget-container\">\n\t\t\t\t\t\t\t\t\t<p>Der \u00f6sterreichische Bariton G\u00fcnter Haumer studierte zun\u00e4chst Klarinette an der Hochschule f\u00fcr Musik und darstellende Kunst Wien bei Prof. Peter Schmidl.<br \/>Es folgten Studien in Gesang an der Universit\u00e4t f\u00fcr Musik und darstellende Kunst in Wien und am Royal College of Music in London.<br \/>Gesangsunterricht bei Prof. Helena Lazarska und Wicus Slabbert, sowie Meisterkurse bei Walter Berry, Roger Vignoles, Graham Johnson, Michael Chance, Wolfgang Holzmair, David Lutz erg\u00e4nzten seine Studien.<\/p><p>Auf der Opernb\u00fchne ist der Bariton in der zeitgen\u00f6ssischen Szene besonders pr\u00e4sent, wo er zuletzt beim Carinthischen Sommer die Rolle des Jesus in Jonathan Harveys \u201ePassion und Auferstehung\u201c, sowie Amfortas in \u201eMea culpa\u201c von Christoph Schlingensief am Wiener Burgtheater sang. In Rollen wie Don Giovanni, Il Conte Almaviva in Le nozze di Figaro, Danilo in Die Lustige Witwe, Demetrius in A Midsummernight\u00b4s Dream, Ramiro in L\u00b4heure espagnole, Aeneas in Dido und Aeneas war er in Europa und S\u00fcdamerika zu h\u00f6ren.<\/p><p>Im Konzertbereich ist G\u00fcnter Haumer sehr aktiv. Werke mit Orchester sang er unter der Leitung von Peter Schreier, Fabio Luisi, Sir David Willcocks, G\u00e9rard Lesne, Christian J\u00e4rvi, Sylvain Cambreling und Erwin Ortner. Auftritte in Musikverein Wien, Cit\u00e9 de la musique Paris, Salzburger Festspiele, Warschauer Philharmonie, Abbaye Royaumont, Stefaniensaal Graz, Festspielhaus St. P\u00f6lten, Brahmsfest M\u00fcrzzuschlag, und bei Alte Musik Festivals wie die Internationalen Barocktage Stift Melk und das Utrecht Alte Musik Festival.<\/p><p>Sein gro\u00dfes Interesse gilt der Liedinterpretation, besonders des romantisch und postromantischen Repertoires. Mit Unterst\u00fctzung der Erich Wolfgang Korngold \u2013 Gesellschaft und der London Royal Philhamonic Orchestra Society war G\u00fcnter Haumer im Gedenkjahr 2007 eingeladen in verschiedenen europ\u00e4ischen St\u00e4dten sein Liedschaffen zu pr\u00e4sentieren.<\/p><p>Zahlreiche CD und DVD-Aufnahmen, sowie Rundfunk- und Fernseh\u00fcbertragungen.<br \/>Anl\u00e4sslich des Mozartjahres 2006 war der Bariton Teil des Films \u201eWolfgang Wer?\u201c auf ARTE und ORF.<\/p><p>G\u00fcnter Haumer unterrichtet Gesang an der Universit\u00e4t f\u00fcr Musik und darstellende Kunst Wien.<\/p><p>(2010)<\/p>\t\t\t\t\t\t\t\t<\/div>\n\t\t\t\t<\/div>\n\t\t\t\t<div class=\"elementor-element elementor-element-c638e7c elementor-widget elementor-widget-text-editor\" data-id=\"c638e7c\" data-element_type=\"widget\" data-widget_type=\"text-editor.default\">\n\t\t\t\t<div class=\"elementor-widget-container\">\n\t\t\t\t\t\t\t\t\t<p style=\"text-align: right;\">\n<a href=\"javascript:history.back();\">Zur\u00fcck<\/a>\n<\/p>\t\t\t\t\t\t\t\t<\/div>\n\t\t\t\t<\/div>\n\t\t\t\t<\/div>\n\t\t\t\t\t<\/div>\n\t\t\t\t<\/div>\n\t\t<div class=\"elementor-element elementor-element-a9d85f7 e-flex e-con-boxed e-con e-parent\" data-id=\"a9d85f7\" data-element_type=\"container\">\n\t\t\t\t\t<div class=\"e-con-inner\">\n\t\t\t\t\t<\/div>\n\t\t\t\t<\/div>\n\t\t\t\t<\/div>\n\t\t","protected":false},"excerpt":{"rendered":"<p>Bariton www.ghaumer.com Auftritte im Linzer Konzertverein: 01.12.2010, Konzert Der \u00f6sterreichische Bariton G\u00fcnter Haumer studierte zun\u00e4chst Klarinette an der Hochschule f\u00fcr Musik und darstellende Kunst Wien bei Prof. Peter Schmidl.Es folgten Studien in Gesang an der Universit\u00e4t f\u00fcr Musik und darstellende Kunst in Wien und am Royal College of Music in London.Gesangsunterricht bei Prof. Helena Lazarska &hellip; <\/p>\n<p class=\"link-more\"><a href=\"https:\/\/wppool.abenteuerbox.at\/DA_KV_Linz\/?page_id=1267\" class=\"more-link\">Read more<span class=\"screen-reader-text\"> &#8222;G\u00fcnter Haumer&#8220;<\/span><\/a><\/p>\n","protected":false},"author":1,"featured_media":0,"parent":0,"menu_order":0,"comment_status":"closed","ping_status":"closed","template":"","meta":{"inspiro_hide_title":false,"footnotes":""},"class_list":["post-1267","page","type-page","status-publish","hentry"],"_links":{"self":[{"href":"https:\/\/wppool.abenteuerbox.at\/DA_KV_Linz\/index.php?rest_route=\/wp\/v2\/pages\/1267","targetHints":{"allow":["GET"]}}],"collection":[{"href":"https:\/\/wppool.abenteuerbox.at\/DA_KV_Linz\/index.php?rest_route=\/wp\/v2\/pages"}],"about":[{"href":"https:\/\/wppool.abenteuerbox.at\/DA_KV_Linz\/index.php?rest_route=\/wp\/v2\/types\/page"}],"author":[{"embeddable":true,"href":"https:\/\/wppool.abenteuerbox.at\/DA_KV_Linz\/index.php?rest_route=\/wp\/v2\/users\/1"}],"replies":[{"embeddable":true,"href":"https:\/\/wppool.abenteuerbox.at\/DA_KV_Linz\/index.php?rest_route=%2Fwp%2Fv2%2Fcomments&post=1267"}],"version-history":[{"count":16,"href":"https:\/\/wppool.abenteuerbox.at\/DA_KV_Linz\/index.php?rest_route=\/wp\/v2\/pages\/1267\/revisions"}],"predecessor-version":[{"id":6479,"href":"https:\/\/wppool.abenteuerbox.at\/DA_KV_Linz\/index.php?rest_route=\/wp\/v2\/pages\/1267\/revisions\/6479"}],"wp:attachment":[{"href":"https:\/\/wppool.abenteuerbox.at\/DA_KV_Linz\/index.php?rest_route=%2Fwp%2Fv2%2Fmedia&parent=1267"}],"curies":[{"name":"wp","href":"https:\/\/api.w.org\/{rel}","templated":true}]}}