{"id":1283,"date":"2025-01-11T13:35:40","date_gmt":"2025-01-11T12:35:40","guid":{"rendered":"https:\/\/wppool.abenteuerbox.at\/DA_KV_Linz\/?page_id=1283"},"modified":"2025-01-24T17:14:55","modified_gmt":"2025-01-24T16:14:55","slug":"matthias-bartolomey","status":"publish","type":"page","link":"https:\/\/wppool.abenteuerbox.at\/DA_KV_Linz\/?page_id=1283","title":{"rendered":"Matthias Bartolomey"},"content":{"rendered":"\t\t<div data-elementor-type=\"wp-page\" data-elementor-id=\"1283\" class=\"elementor elementor-1283\">\n\t\t\t\t<div class=\"elementor-element elementor-element-c22acb0 e-flex e-con-boxed e-con e-parent\" data-id=\"c22acb0\" data-element_type=\"container\">\n\t\t\t\t\t<div class=\"e-con-inner\">\n\t\t<div class=\"elementor-element elementor-element-7467fcc e-con-full e-flex e-con e-child\" data-id=\"7467fcc\" data-element_type=\"container\">\n\t\t\t\t<div class=\"elementor-element elementor-element-d3a936d elementor-widget elementor-widget-heading\" data-id=\"d3a936d\" data-element_type=\"widget\" data-widget_type=\"heading.default\">\n\t\t\t\t<div class=\"elementor-widget-container\">\n\t\t\t\t\t<h2 class=\"elementor-heading-title elementor-size-default\">Violoncello<\/h2>\t\t\t\t<\/div>\n\t\t\t\t<\/div>\n\t\t\t\t<div class=\"elementor-element elementor-element-8261705 elementor-widget elementor-widget-text-editor\" data-id=\"8261705\" data-element_type=\"widget\" data-widget_type=\"text-editor.default\">\n\t\t\t\t<div class=\"elementor-widget-container\">\n\t\t\t\t\t\t\t\t\t<p><strong>Auftritte im Linzer Konzertverein:<\/strong><\/p><p>17.03.2010, Fr\u00fchjahrskonzert<\/p>\t\t\t\t\t\t\t\t<\/div>\n\t\t\t\t<\/div>\n\t\t\t\t<\/div>\n\t\t<div class=\"elementor-element elementor-element-40dea5e e-con-full e-flex e-con e-child\" data-id=\"40dea5e\" data-element_type=\"container\">\n\t\t\t\t<div class=\"elementor-element elementor-element-f0a5d93 elementor-widget elementor-widget-image\" data-id=\"f0a5d93\" data-element_type=\"widget\" data-widget_type=\"image.default\">\n\t\t\t\t<div class=\"elementor-widget-container\">\n\t\t\t\t\t\t\t\t\t\t\t\t\t\t\t<img decoding=\"async\" width=\"133\" height=\"200\" src=\"https:\/\/wppool.abenteuerbox.at\/DA_KV_Linz\/wp-content\/uploads\/2025\/01\/Bartolomey_Matthias.jpg\" class=\"attachment-large size-large wp-image-1285\" alt=\"\" sizes=\"100vw\" \/>\t\t\t\t\t\t\t\t\t\t\t\t\t\t\t<\/div>\n\t\t\t\t<\/div>\n\t\t\t\t<\/div>\n\t\t<div class=\"elementor-element elementor-element-ea124db e-con-full e-flex e-con e-child\" data-id=\"ea124db\" data-element_type=\"container\">\n\t\t\t\t<div class=\"elementor-element elementor-element-c65559f elementor-widget elementor-widget-text-editor\" data-id=\"c65559f\" data-element_type=\"widget\" data-widget_type=\"text-editor.default\">\n\t\t\t\t<div class=\"elementor-widget-container\">\n\t\t\t\t\t\t\t\t\t<p>Matthias Bartolomey wurde 1985 in Wien geboren. Im Alter von sechs Jahren erhielt er den ersten Cellounterricht von seinem Vater, Franz Bartolomey. Ab 1995 absolvierte er ein Studium in der Vorbereitungsklasse, und seit 2002 als ordentlicher H\u00f6rer in der Konzertfachklasse bei Prof. Valentin Erben an der Universit\u00e4t f\u00fcr Musik und darstellende Kunst in Wien. Seit 2007 studiert er bei Clemens Hagen am Mozarteum Salzburg.<br \/>Im Jahr 2000 gewann Matthias den 1. Preis und wurde Bundessieger beim Jugendwettbewerb Prima la Musica. 2004 gewann er den 1. Preis bei Musica Juventutis. Zwei Jahre danach war er Preistr\u00e4ger beim Internationalen Brahms Wettbewerb in P\u00f6rtschach.<br \/>Zahlreiche Auftritte als Solist und Kammermusiker brachten Matthias Bartolomey u. a. in den Wiener Musikverein, ins Wiener Konzerthaus, ins Salzburger Festspielhaus\/Felsenreitschule, ins Schloss Mirabell\/Salzburg, ins Schloss Puchberg\/Wels, sowie nach Deutschland, Japan, China, die USA, Italien und Slowenien.<br \/>Im Zuge seiner solistischen und kammermusikalischen Projekte arbeitete er u. a. mit Mihaela Ursuleasa, Ernst Kovacic, Wolfgang Schulz, Stefan Vladar, Christian Altenburger, Quirine Viersen sowie dem Wiener Kammerorchester, dem Akademischen Orchesterverein, dem Domorchster St.Stephan, der Wiener Kammerphilharmonie und dem Sinfonieorchester der Universit\u00e4t Mozarteum zusammen.<br \/>Im Bereich der Orchestermusik wirkte Matthias bereits in der Wiener Staatsoper, bei den Wiener Philharmoniker, beim Chamber Orchestra of Europe (bei der Styriarte09 unter N. Harnoncourt) und im Oktober 2009 beim Mahler Chamber Orchestra mit. Weiters war er von 2000-2004 Teilnehmer des Internationalen Orchesterinstitut Attergau unter der Patronanz der Wiener Philharmoniker, unter den Dirigenten Valery Gergiev, Mariss Jansons und Bobby McFerrin.<br \/>2002 gr\u00fcndeten Matthias Bartolomey, gemeinsam mit Leonhard Roczek und Wolfram Gr\u00fcn, die aus drei Celli bestehende Rock-Formation &#8222;Metaphysis&#8220;. Die Idee dieses Projekts besteht in der Erweiterung des klanglichen und musikalischen Spektrums des Cellos, sowie der Losl\u00f6sung des Instruments von seiner traditionellen Rolle.<\/p><p>Meisterkurse absolvierte Matthias u. a. bei Prof. Wolfgang Herzer beim Internationalen Musikforum Trenta (Slowenien), bei Patrick Demenga und Christoph Richter in Bad Leonfelden, bei Mstislaw Rostropowitsch an der Universit\u00e4t f\u00fcr Musik und darstellende Kunst in Wien, bei Janos Starker in Kronberg bei Prof. G\u00fcnther Pichler(Alban Berg Quartett) in Siena und bei Heinrich Schiff am Mozarteum Salzburg.<\/p><p>Im November 2009 wurde ihm der &#8222;Ernst-Schenk-Preis&#8220; f\u00fcr junge Musiker der Mozartgemeinde Wien verliehen.<\/p><p>(2010)<\/p>\t\t\t\t\t\t\t\t<\/div>\n\t\t\t\t<\/div>\n\t\t\t\t<div class=\"elementor-element elementor-element-5003bb4 elementor-widget elementor-widget-text-editor\" data-id=\"5003bb4\" data-element_type=\"widget\" data-widget_type=\"text-editor.default\">\n\t\t\t\t<div class=\"elementor-widget-container\">\n\t\t\t\t\t\t\t\t\t<p style=\"text-align: right;\">\n<a href=\"javascript:history.back();\">Zur\u00fcck<\/a>\n<\/p>\t\t\t\t\t\t\t\t<\/div>\n\t\t\t\t<\/div>\n\t\t\t\t<\/div>\n\t\t\t\t\t<\/div>\n\t\t\t\t<\/div>\n\t\t\t\t<\/div>\n\t\t","protected":false},"excerpt":{"rendered":"<p>Violoncello Auftritte im Linzer Konzertverein: 17.03.2010, Fr\u00fchjahrskonzert Matthias Bartolomey wurde 1985 in Wien geboren. Im Alter von sechs Jahren erhielt er den ersten Cellounterricht von seinem Vater, Franz Bartolomey. Ab 1995 absolvierte er ein Studium in der Vorbereitungsklasse, und seit 2002 als ordentlicher H\u00f6rer in der Konzertfachklasse bei Prof. Valentin Erben an der Universit\u00e4t f\u00fcr &hellip; <\/p>\n<p class=\"link-more\"><a href=\"https:\/\/wppool.abenteuerbox.at\/DA_KV_Linz\/?page_id=1283\" class=\"more-link\">Read more<span class=\"screen-reader-text\"> &#8222;Matthias Bartolomey&#8220;<\/span><\/a><\/p>\n","protected":false},"author":1,"featured_media":0,"parent":0,"menu_order":0,"comment_status":"closed","ping_status":"closed","template":"","meta":{"inspiro_hide_title":false,"footnotes":""},"class_list":["post-1283","page","type-page","status-publish","hentry"],"_links":{"self":[{"href":"https:\/\/wppool.abenteuerbox.at\/DA_KV_Linz\/index.php?rest_route=\/wp\/v2\/pages\/1283","targetHints":{"allow":["GET"]}}],"collection":[{"href":"https:\/\/wppool.abenteuerbox.at\/DA_KV_Linz\/index.php?rest_route=\/wp\/v2\/pages"}],"about":[{"href":"https:\/\/wppool.abenteuerbox.at\/DA_KV_Linz\/index.php?rest_route=\/wp\/v2\/types\/page"}],"author":[{"embeddable":true,"href":"https:\/\/wppool.abenteuerbox.at\/DA_KV_Linz\/index.php?rest_route=\/wp\/v2\/users\/1"}],"replies":[{"embeddable":true,"href":"https:\/\/wppool.abenteuerbox.at\/DA_KV_Linz\/index.php?rest_route=%2Fwp%2Fv2%2Fcomments&post=1283"}],"version-history":[{"count":13,"href":"https:\/\/wppool.abenteuerbox.at\/DA_KV_Linz\/index.php?rest_route=\/wp\/v2\/pages\/1283\/revisions"}],"predecessor-version":[{"id":6485,"href":"https:\/\/wppool.abenteuerbox.at\/DA_KV_Linz\/index.php?rest_route=\/wp\/v2\/pages\/1283\/revisions\/6485"}],"wp:attachment":[{"href":"https:\/\/wppool.abenteuerbox.at\/DA_KV_Linz\/index.php?rest_route=%2Fwp%2Fv2%2Fmedia&parent=1283"}],"curies":[{"name":"wp","href":"https:\/\/api.w.org\/{rel}","templated":true}]}}