{"id":1289,"date":"2025-01-11T13:42:49","date_gmt":"2025-01-11T12:42:49","guid":{"rendered":"https:\/\/wppool.abenteuerbox.at\/DA_KV_Linz\/?page_id=1289"},"modified":"2025-01-24T20:11:45","modified_gmt":"2025-01-24T19:11:45","slug":"karen-robertson","status":"publish","type":"page","link":"https:\/\/wppool.abenteuerbox.at\/DA_KV_Linz\/?page_id=1289","title":{"rendered":"Karen Robertson"},"content":{"rendered":"\t\t<div data-elementor-type=\"wp-page\" data-elementor-id=\"1289\" class=\"elementor elementor-1289\">\n\t\t\t\t<div class=\"elementor-element elementor-element-2a2e423 e-flex e-con-boxed e-con e-parent\" data-id=\"2a2e423\" data-element_type=\"container\">\n\t\t\t\t\t<div class=\"e-con-inner\">\n\t\t<div class=\"elementor-element elementor-element-10a7a4e e-con-full e-flex e-con e-child\" data-id=\"10a7a4e\" data-element_type=\"container\">\n\t\t\t\t<div class=\"elementor-element elementor-element-4e77441 elementor-widget elementor-widget-heading\" data-id=\"4e77441\" data-element_type=\"widget\" data-widget_type=\"heading.default\">\n\t\t\t\t<div class=\"elementor-widget-container\">\n\t\t\t\t\t<h2 class=\"elementor-heading-title elementor-size-default\">Sopran<\/h2>\t\t\t\t<\/div>\n\t\t\t\t<\/div>\n\t\t\t\t<div class=\"elementor-element elementor-element-f946293 elementor-widget elementor-widget-text-editor\" data-id=\"f946293\" data-element_type=\"widget\" data-widget_type=\"text-editor.default\">\n\t\t\t\t<div class=\"elementor-widget-container\">\n\t\t\t\t\t\t\t\t\t<p><strong>Auftritte im Linzer Konzertverein:<\/strong><\/p><p>02.12.2009, Jubil\u00e4umskonzert 90 Jahre LINZER KONZERTVEREIN<br \/>28.11.2007, Sinfoniekonzert<\/p>\t\t\t\t\t\t\t\t<\/div>\n\t\t\t\t<\/div>\n\t\t\t\t<\/div>\n\t\t<div class=\"elementor-element elementor-element-4ce100e e-con-full e-flex e-con e-child\" data-id=\"4ce100e\" data-element_type=\"container\">\n\t\t\t\t<div class=\"elementor-element elementor-element-b32a66c elementor-widget elementor-widget-image\" data-id=\"b32a66c\" data-element_type=\"widget\" data-widget_type=\"image.default\">\n\t\t\t\t<div class=\"elementor-widget-container\">\n\t\t\t\t\t\t\t\t\t\t\t\t\t\t\t<img decoding=\"async\" width=\"149\" height=\"200\" src=\"https:\/\/wppool.abenteuerbox.at\/DA_KV_Linz\/wp-content\/uploads\/2025\/01\/Robertson_Karen.jpg\" class=\"attachment-large size-large wp-image-1291\" alt=\"\" sizes=\"100vw\" \/>\t\t\t\t\t\t\t\t\t\t\t\t\t\t\t<\/div>\n\t\t\t\t<\/div>\n\t\t\t\t<\/div>\n\t\t<div class=\"elementor-element elementor-element-2d64cce e-con-full e-flex e-con e-child\" data-id=\"2d64cce\" data-element_type=\"container\">\n\t\t\t\t<div class=\"elementor-element elementor-element-1a9d115 elementor-widget elementor-widget-text-editor\" data-id=\"1a9d115\" data-element_type=\"widget\" data-widget_type=\"text-editor.default\">\n\t\t\t\t<div class=\"elementor-widget-container\">\n\t\t\t\t\t\t\t\t\t<p>Karen Robertson ist geb\u00fcrtige Australierin und absolvierte ihre Ausbildung in ihrer Heimat und in Gro\u00dfbritannien. Ihre Karriere begann sie als Mezzosopranistin. So war sie bei ihrem ersten Engagement an der Victoria State Opera als Santuzza in &#8222;Cavalleria rusticana&#8220;, als Octavian in &#8222;Der Rosenkavalier&#8220; und als Komponist in &#8222;Ariadne auf Naxos&#8220; zu h\u00f6ren. 1988, hat sie bei dem Australien Broadcasting Commission&#8217;s &#8222;Young Performers Award&#8220; den ersten Preis gewonnen.<br \/><br \/>1989-1994 wurde sie Ensemblemitglied des Royal Opera House Covent Garden, und sang dort eine Vielzahl von Mezzo-Partien in Opern von Mozart, Meyerbeer, Puccini, Bizet, Donizetti, Rossini, Prokofjew, Richard Strauss und Wagner.<br \/><br \/>Nachdem sie zum Sopran-Fach gewechselt war, nahm Karen Robertson ein Engagement an das Landestheater Linz an, wo sie als Desdemona in &#8222;Othello&#8220; ihr Deb\u00fct gab. Zahlreiche gro\u00dfe Partien schlossen sich an: u.a. Tatjana in Tschaikowskis &#8222;Eugen Onegin&#8220;, Elsa in Wagners Lohengrin, Gr\u00e4fin in Richard Strauss&#8216; &#8222;Capriccio&#8220;, Senta in Wagners &#8222;Der fliegende Holl\u00e4nder&#8220;, Madame Butterfly in Puccinis gleichnamiger Oper, Leonore in Beethoven&#8217;s &#8222;Fidelio&#8220;, die Marschallin in Richard Strauss&#8216; &#8222;Rosenkavalier&#8220;, Elisabeth in Wagners &#8222;Tannh\u00e4user&#8220;, Isabella in Philip Glass&#8216; &#8222;The Voyage&#8220;, Santuzza in Mascagni&#8217;s &#8222;Cavalleria rusticana&#8220;, die Titel-Rolle in Puccini&#8217;s &#8222;Tosca&#8220;, die Hexe in Humperdinck&#8217;s &#8222;H\u00e4nsel und Gretel&#8220; und Ariadne in &#8222;Ariadne auf Naxos&#8220; von Richard Strauss.<br \/><br \/>Neben ihrem festen Engagement gastierte sie in Frankreich (Opera de Bastille, Cahors Festival), Britain (Leeds, Court Opera, Scottish National Opera), der Schweiz (Z\u00fcrich) und Deutschland (Bonn, Kassel) und ist auch als Konzerts\u00e4ngerin mit umfangreichem Repertoire regelm\u00e4\u00dfig t\u00e4tig.<br \/><br \/>(2007)<\/p>\t\t\t\t\t\t\t\t<\/div>\n\t\t\t\t<\/div>\n\t\t\t\t<div class=\"elementor-element elementor-element-0ca8b2d elementor-widget elementor-widget-text-editor\" data-id=\"0ca8b2d\" data-element_type=\"widget\" data-widget_type=\"text-editor.default\">\n\t\t\t\t<div class=\"elementor-widget-container\">\n\t\t\t\t\t\t\t\t\t<p style=\"text-align: right;\">\n<a href=\"javascript:history.back();\">Zur\u00fcck<\/a>\n<\/p>\t\t\t\t\t\t\t\t<\/div>\n\t\t\t\t<\/div>\n\t\t\t\t<\/div>\n\t\t\t\t\t<\/div>\n\t\t\t\t<\/div>\n\t\t\t\t<\/div>\n\t\t","protected":false},"excerpt":{"rendered":"<p>Sopran Auftritte im Linzer Konzertverein: 02.12.2009, Jubil\u00e4umskonzert 90 Jahre LINZER KONZERTVEREIN28.11.2007, Sinfoniekonzert Karen Robertson ist geb\u00fcrtige Australierin und absolvierte ihre Ausbildung in ihrer Heimat und in Gro\u00dfbritannien. Ihre Karriere begann sie als Mezzosopranistin. So war sie bei ihrem ersten Engagement an der Victoria State Opera als Santuzza in &#8222;Cavalleria rusticana&#8220;, als Octavian in &#8222;Der Rosenkavalier&#8220; &hellip; <\/p>\n<p class=\"link-more\"><a href=\"https:\/\/wppool.abenteuerbox.at\/DA_KV_Linz\/?page_id=1289\" class=\"more-link\">Read more<span class=\"screen-reader-text\"> &#8222;Karen Robertson&#8220;<\/span><\/a><\/p>\n","protected":false},"author":1,"featured_media":0,"parent":0,"menu_order":0,"comment_status":"closed","ping_status":"closed","template":"","meta":{"inspiro_hide_title":false,"footnotes":""},"class_list":["post-1289","page","type-page","status-publish","hentry"],"_links":{"self":[{"href":"https:\/\/wppool.abenteuerbox.at\/DA_KV_Linz\/index.php?rest_route=\/wp\/v2\/pages\/1289","targetHints":{"allow":["GET"]}}],"collection":[{"href":"https:\/\/wppool.abenteuerbox.at\/DA_KV_Linz\/index.php?rest_route=\/wp\/v2\/pages"}],"about":[{"href":"https:\/\/wppool.abenteuerbox.at\/DA_KV_Linz\/index.php?rest_route=\/wp\/v2\/types\/page"}],"author":[{"embeddable":true,"href":"https:\/\/wppool.abenteuerbox.at\/DA_KV_Linz\/index.php?rest_route=\/wp\/v2\/users\/1"}],"replies":[{"embeddable":true,"href":"https:\/\/wppool.abenteuerbox.at\/DA_KV_Linz\/index.php?rest_route=%2Fwp%2Fv2%2Fcomments&post=1289"}],"version-history":[{"count":13,"href":"https:\/\/wppool.abenteuerbox.at\/DA_KV_Linz\/index.php?rest_route=\/wp\/v2\/pages\/1289\/revisions"}],"predecessor-version":[{"id":7106,"href":"https:\/\/wppool.abenteuerbox.at\/DA_KV_Linz\/index.php?rest_route=\/wp\/v2\/pages\/1289\/revisions\/7106"}],"wp:attachment":[{"href":"https:\/\/wppool.abenteuerbox.at\/DA_KV_Linz\/index.php?rest_route=%2Fwp%2Fv2%2Fmedia&parent=1289"}],"curies":[{"name":"wp","href":"https:\/\/api.w.org\/{rel}","templated":true}]}}