{"id":1298,"date":"2025-01-11T13:45:09","date_gmt":"2025-01-11T12:45:09","guid":{"rendered":"https:\/\/wppool.abenteuerbox.at\/DA_KV_Linz\/?page_id=1298"},"modified":"2025-01-24T20:12:36","modified_gmt":"2025-01-24T19:12:36","slug":"sebastian-gogl","status":"publish","type":"page","link":"https:\/\/wppool.abenteuerbox.at\/DA_KV_Linz\/?page_id=1298","title":{"rendered":"Sebastian Gogl"},"content":{"rendered":"\t\t<div data-elementor-type=\"wp-page\" data-elementor-id=\"1298\" class=\"elementor elementor-1298\">\n\t\t\t\t<div class=\"elementor-element elementor-element-9bc0eaf e-flex e-con-boxed e-con e-parent\" data-id=\"9bc0eaf\" data-element_type=\"container\">\n\t\t\t\t\t<div class=\"e-con-inner\">\n\t\t<div class=\"elementor-element elementor-element-d1a950d e-con-full e-flex e-con e-child\" data-id=\"d1a950d\" data-element_type=\"container\">\n\t\t\t\t<div class=\"elementor-element elementor-element-20807ec elementor-widget elementor-widget-heading\" data-id=\"20807ec\" data-element_type=\"widget\" data-widget_type=\"heading.default\">\n\t\t\t\t<div class=\"elementor-widget-container\">\n\t\t\t\t\t<h2 class=\"elementor-heading-title elementor-size-default\">Violine<\/h2>\t\t\t\t<\/div>\n\t\t\t\t<\/div>\n\t\t\t\t<div class=\"elementor-element elementor-element-4075353 elementor-widget elementor-widget-text-editor\" data-id=\"4075353\" data-element_type=\"widget\" data-widget_type=\"text-editor.default\">\n\t\t\t\t<div class=\"elementor-widget-container\">\n\t\t\t\t\t\t\t\t\t<p><strong>Auftritte im Linzer Konzertverein:<\/strong><\/p><p>02.12.2009, Jubil\u00e4umskonzert 90 Jahre LINZER KONZERTVEREIN<\/p>\t\t\t\t\t\t\t\t<\/div>\n\t\t\t\t<\/div>\n\t\t\t\t<\/div>\n\t\t<div class=\"elementor-element elementor-element-9c7f79a e-con-full e-flex e-con e-child\" data-id=\"9c7f79a\" data-element_type=\"container\">\n\t\t\t\t<div class=\"elementor-element elementor-element-bcbdf57 elementor-widget elementor-widget-image\" data-id=\"bcbdf57\" data-element_type=\"widget\" data-widget_type=\"image.default\">\n\t\t\t\t<div class=\"elementor-widget-container\">\n\t\t\t\t\t\t\t\t\t\t\t\t\t\t\t<img decoding=\"async\" width=\"150\" height=\"201\" src=\"https:\/\/wppool.abenteuerbox.at\/DA_KV_Linz\/wp-content\/uploads\/2025\/01\/Gogl_Sebastian.jpg\" class=\"attachment-large size-large wp-image-1301\" alt=\"\" sizes=\"100vw\" \/>\t\t\t\t\t\t\t\t\t\t\t\t\t\t\t<\/div>\n\t\t\t\t<\/div>\n\t\t\t\t<\/div>\n\t\t<div class=\"elementor-element elementor-element-45dcb21 e-con-full e-flex e-con e-child\" data-id=\"45dcb21\" data-element_type=\"container\">\n\t\t\t\t<div class=\"elementor-element elementor-element-df58e08 elementor-widget elementor-widget-text-editor\" data-id=\"df58e08\" data-element_type=\"widget\" data-widget_type=\"text-editor.default\">\n\t\t\t\t<div class=\"elementor-widget-container\">\n\t\t\t\t\t\t\t\t\t<p>Sebastian Gogl, geboren 1990 in Ottnang, begann mit sechs Jahren das Violinspiel bei Roland Benz und Sigrid Teuchtmann an der Landesmusikschule in Ottnang. Er besuchte das Musikgymnasium Linz und erh\u00e4lt seit 2004 Unterricht in der Violinklasse von Albert Fischer an der Anton Bruckner Privatuniversit\u00e4t Linz. Derzeit studiert er Konzertfach sowie Instrumental- und Gesangsp\u00e4dagogik. Mit dem O\u00d6 Jugendsymphonieorchester f\u00fchrten ihn Tourneen nach Italien und Schweden. Auf Tournee in der Ukraine trat Sebastian Gogl im J\u00e4nner 2009 als Solist mit dem Philharmonieorchester Chernikov sowie im Tschaikowski Konservatorium Kiew auf.<\/p><p>(2009)<\/p>\t\t\t\t\t\t\t\t<\/div>\n\t\t\t\t<\/div>\n\t\t\t\t<div class=\"elementor-element elementor-element-8c3dee0 elementor-widget elementor-widget-text-editor\" data-id=\"8c3dee0\" data-element_type=\"widget\" data-widget_type=\"text-editor.default\">\n\t\t\t\t<div class=\"elementor-widget-container\">\n\t\t\t\t\t\t\t\t\t<p style=\"text-align: right;\">\n<a href=\"javascript:history.back();\">Zur\u00fcck<\/a>\n<\/p>\t\t\t\t\t\t\t\t<\/div>\n\t\t\t\t<\/div>\n\t\t\t\t<\/div>\n\t\t\t\t\t<\/div>\n\t\t\t\t<\/div>\n\t\t\t\t<\/div>\n\t\t","protected":false},"excerpt":{"rendered":"<p>Violine Auftritte im Linzer Konzertverein: 02.12.2009, Jubil\u00e4umskonzert 90 Jahre LINZER KONZERTVEREIN Sebastian Gogl, geboren 1990 in Ottnang, begann mit sechs Jahren das Violinspiel bei Roland Benz und Sigrid Teuchtmann an der Landesmusikschule in Ottnang. Er besuchte das Musikgymnasium Linz und erh\u00e4lt seit 2004 Unterricht in der Violinklasse von Albert Fischer an der Anton Bruckner Privatuniversit\u00e4t &hellip; <\/p>\n<p class=\"link-more\"><a href=\"https:\/\/wppool.abenteuerbox.at\/DA_KV_Linz\/?page_id=1298\" class=\"more-link\">Read more<span class=\"screen-reader-text\"> &#8222;Sebastian Gogl&#8220;<\/span><\/a><\/p>\n","protected":false},"author":1,"featured_media":0,"parent":0,"menu_order":0,"comment_status":"closed","ping_status":"closed","template":"","meta":{"inspiro_hide_title":false,"footnotes":""},"class_list":["post-1298","page","type-page","status-publish","hentry"],"_links":{"self":[{"href":"https:\/\/wppool.abenteuerbox.at\/DA_KV_Linz\/index.php?rest_route=\/wp\/v2\/pages\/1298","targetHints":{"allow":["GET"]}}],"collection":[{"href":"https:\/\/wppool.abenteuerbox.at\/DA_KV_Linz\/index.php?rest_route=\/wp\/v2\/pages"}],"about":[{"href":"https:\/\/wppool.abenteuerbox.at\/DA_KV_Linz\/index.php?rest_route=\/wp\/v2\/types\/page"}],"author":[{"embeddable":true,"href":"https:\/\/wppool.abenteuerbox.at\/DA_KV_Linz\/index.php?rest_route=\/wp\/v2\/users\/1"}],"replies":[{"embeddable":true,"href":"https:\/\/wppool.abenteuerbox.at\/DA_KV_Linz\/index.php?rest_route=%2Fwp%2Fv2%2Fcomments&post=1298"}],"version-history":[{"count":13,"href":"https:\/\/wppool.abenteuerbox.at\/DA_KV_Linz\/index.php?rest_route=\/wp\/v2\/pages\/1298\/revisions"}],"predecessor-version":[{"id":7148,"href":"https:\/\/wppool.abenteuerbox.at\/DA_KV_Linz\/index.php?rest_route=\/wp\/v2\/pages\/1298\/revisions\/7148"}],"wp:attachment":[{"href":"https:\/\/wppool.abenteuerbox.at\/DA_KV_Linz\/index.php?rest_route=%2Fwp%2Fv2%2Fmedia&parent=1298"}],"curies":[{"name":"wp","href":"https:\/\/api.w.org\/{rel}","templated":true}]}}