{"id":1306,"date":"2025-01-11T13:49:51","date_gmt":"2025-01-11T12:49:51","guid":{"rendered":"https:\/\/wppool.abenteuerbox.at\/DA_KV_Linz\/?page_id=1306"},"modified":"2025-01-24T20:13:35","modified_gmt":"2025-01-24T19:13:35","slug":"karl-aichhorn","status":"publish","type":"page","link":"https:\/\/wppool.abenteuerbox.at\/DA_KV_Linz\/?page_id=1306","title":{"rendered":"Karl Aichhorn"},"content":{"rendered":"\t\t<div data-elementor-type=\"wp-page\" data-elementor-id=\"1306\" class=\"elementor elementor-1306\">\n\t\t\t\t<div class=\"elementor-element elementor-element-feeb29e e-flex e-con-boxed e-con e-parent\" data-id=\"feeb29e\" data-element_type=\"container\">\n\t\t\t\t\t<div class=\"e-con-inner\">\n\t\t<div class=\"elementor-element elementor-element-c84767e e-con-full e-flex e-con e-child\" data-id=\"c84767e\" data-element_type=\"container\">\n\t\t\t\t<div class=\"elementor-element elementor-element-c2ca551 elementor-widget elementor-widget-heading\" data-id=\"c2ca551\" data-element_type=\"widget\" data-widget_type=\"heading.default\">\n\t\t\t\t<div class=\"elementor-widget-container\">\n\t\t\t\t\t<h2 class=\"elementor-heading-title elementor-size-default\">Dirigent<\/h2>\t\t\t\t<\/div>\n\t\t\t\t<\/div>\n\t\t\t\t<div class=\"elementor-element elementor-element-4edff9b elementor-widget elementor-widget-text-editor\" data-id=\"4edff9b\" data-element_type=\"widget\" data-widget_type=\"text-editor.default\">\n\t\t\t\t<div class=\"elementor-widget-container\">\n\t\t\t\t\t\t\t\t\t<p><strong>Auftritte im Linzer Konzertverein:<\/strong><\/p><p>29.04.2009, Fr\u00fchjahrskonzert &#8222;Hommage an Joseph Haydn&#8220; (1732-1809)<br \/>07.03.2007, Sinfoniekonzert<\/p>\t\t\t\t\t\t\t\t<\/div>\n\t\t\t\t<\/div>\n\t\t\t\t<\/div>\n\t\t<div class=\"elementor-element elementor-element-29afce3 e-con-full e-flex e-con e-child\" data-id=\"29afce3\" data-element_type=\"container\">\n\t\t\t\t<div class=\"elementor-element elementor-element-16ded5c elementor-widget elementor-widget-image\" data-id=\"16ded5c\" data-element_type=\"widget\" data-widget_type=\"image.default\">\n\t\t\t\t<div class=\"elementor-widget-container\">\n\t\t\t\t\t\t\t\t\t\t\t\t\t\t\t<img decoding=\"async\" width=\"155\" height=\"200\" src=\"https:\/\/wppool.abenteuerbox.at\/DA_KV_Linz\/wp-content\/uploads\/2025\/01\/Aichhorn_Karl.jpg\" class=\"attachment-large size-large wp-image-1308\" alt=\"\" sizes=\"100vw\" \/>\t\t\t\t\t\t\t\t\t\t\t\t\t\t\t<\/div>\n\t\t\t\t<\/div>\n\t\t\t\t<\/div>\n\t\t<div class=\"elementor-element elementor-element-b93434b e-con-full e-flex e-con e-child\" data-id=\"b93434b\" data-element_type=\"container\">\n\t\t\t\t<div class=\"elementor-element elementor-element-3a9f452 elementor-widget elementor-widget-text-editor\" data-id=\"3a9f452\" data-element_type=\"widget\" data-widget_type=\"text-editor.default\">\n\t\t\t\t<div class=\"elementor-widget-container\">\n\t\t\t\t\t\t\t\t\t<p>Nach einigen Jahren Unterricht an der Blockfl\u00f6te und am Tenorhorn entdeckte Karl Aichhorn seine Liebe zur Trompete. Im Anschluss an die Matura am Adalbert Stifter Gymnasium war er als Solo-Fl\u00fcgelhornist der Milit\u00e4rmusik O\u00d6 t\u00e4tig. Danach folgten Studien an der Universit\u00e4t f\u00fcr Musik und darstellende Kunst in Wien in den F\u00e4chern Musikerziehung und Instrumentalmusikerziehung mit Schlagwerk bei Prof. Kurt Prihoda (Wiener Philharmoniker), Prof. Fritz Ozmec (ORF-Big-Band) und Percussions bei Prof. Walter Schiefer (N\u00d6-Tonk\u00fcnstler), Konzertfach Trompete bei Prof. Adolf Holler (Wiener Philharmoniker), Gesangsp\u00e4dagogik bei Prof. Ernst Sobotka, sowie Schwerpunkt Dirigieren bei Prof. Herwig Reiter und Prof. Johannes Prinz.<\/p><p>W\u00e4hrend seiner Studienzeit konzertierte Karl Aichhorn als Solist und Orchestermusiker u.a. mit dem O\u00d6.Blasorchester unter Franz Welser-M\u00f6st, dem Jungen Orchester Wien und einer Tournee unter Claudio Abbado in ganz Europa.<\/p><p>Karl Aichhorn kommt einer Lehrt\u00e4tigkeit am Georg von Peuerbach-Gymnasium in Linz nach. Seit Abschluss des ECHA-Diploms \u201eSpezialist in Gifted Education\u201c an der Universit\u00e4t Nijmegen bet\u00e4tigt sich Karl Aichhorn auch in der Hochbegabtenf\u00f6rderung. Dar\u00fcber hinaus wirkt er in den Bereichen Lehreraus- und -fortbildung am Mozarteum Salzburg und an der P\u00e4dagogischen Hochschule Linz. Moderationen f\u00fcr Schulentwicklung stellen seit der Ausbildung mit abschlie\u00dfender Dekretverleihung ein weiteres Aufgabenfeld dar.<\/p><p>Zus\u00e4tzlich ist er t\u00e4tig als Bezirkskapellmeister Linz-Stadt, Chefdirigent des Linzer Kammerorchesters, Kapellmeister des Blasorchesters \u201eMusikkapelle der Kleinm\u00fcnchner\u201c, Arrangeur (Ensembles, Musicals, Sinfonisches Blasorchester), Dirigent von Kinderopern, Musikalischer Leiter von Grand Brass Quintett, Linzer Blechbl\u00e4ser Oktett und der Band Signpost.<\/p><p>Aktuell leitet Karl Aichhorn im Team das innovative Projekt \u201eHolz &amp; Blech\u201c f\u00fcr die Europ\u00e4ische Kulturhauptstadt Linz09.<\/p><p>(2009)<\/p>\t\t\t\t\t\t\t\t<\/div>\n\t\t\t\t<\/div>\n\t\t\t\t<div class=\"elementor-element elementor-element-b23f511 elementor-widget elementor-widget-text-editor\" data-id=\"b23f511\" data-element_type=\"widget\" data-widget_type=\"text-editor.default\">\n\t\t\t\t<div class=\"elementor-widget-container\">\n\t\t\t\t\t\t\t\t\t<p style=\"text-align: right;\">\n<a href=\"javascript:history.back();\">Zur\u00fcck<\/a>\n<\/p>\t\t\t\t\t\t\t\t<\/div>\n\t\t\t\t<\/div>\n\t\t\t\t<\/div>\n\t\t\t\t\t<\/div>\n\t\t\t\t<\/div>\n\t\t\t\t<\/div>\n\t\t","protected":false},"excerpt":{"rendered":"<p>Dirigent Auftritte im Linzer Konzertverein: 29.04.2009, Fr\u00fchjahrskonzert &#8222;Hommage an Joseph Haydn&#8220; (1732-1809)07.03.2007, Sinfoniekonzert Nach einigen Jahren Unterricht an der Blockfl\u00f6te und am Tenorhorn entdeckte Karl Aichhorn seine Liebe zur Trompete. Im Anschluss an die Matura am Adalbert Stifter Gymnasium war er als Solo-Fl\u00fcgelhornist der Milit\u00e4rmusik O\u00d6 t\u00e4tig. Danach folgten Studien an der Universit\u00e4t f\u00fcr Musik &hellip; <\/p>\n<p class=\"link-more\"><a href=\"https:\/\/wppool.abenteuerbox.at\/DA_KV_Linz\/?page_id=1306\" class=\"more-link\">Read more<span class=\"screen-reader-text\"> &#8222;Karl Aichhorn&#8220;<\/span><\/a><\/p>\n","protected":false},"author":1,"featured_media":0,"parent":0,"menu_order":0,"comment_status":"closed","ping_status":"closed","template":"","meta":{"inspiro_hide_title":false,"footnotes":""},"class_list":["post-1306","page","type-page","status-publish","hentry"],"_links":{"self":[{"href":"https:\/\/wppool.abenteuerbox.at\/DA_KV_Linz\/index.php?rest_route=\/wp\/v2\/pages\/1306","targetHints":{"allow":["GET"]}}],"collection":[{"href":"https:\/\/wppool.abenteuerbox.at\/DA_KV_Linz\/index.php?rest_route=\/wp\/v2\/pages"}],"about":[{"href":"https:\/\/wppool.abenteuerbox.at\/DA_KV_Linz\/index.php?rest_route=\/wp\/v2\/types\/page"}],"author":[{"embeddable":true,"href":"https:\/\/wppool.abenteuerbox.at\/DA_KV_Linz\/index.php?rest_route=\/wp\/v2\/users\/1"}],"replies":[{"embeddable":true,"href":"https:\/\/wppool.abenteuerbox.at\/DA_KV_Linz\/index.php?rest_route=%2Fwp%2Fv2%2Fcomments&post=1306"}],"version-history":[{"count":46,"href":"https:\/\/wppool.abenteuerbox.at\/DA_KV_Linz\/index.php?rest_route=\/wp\/v2\/pages\/1306\/revisions"}],"predecessor-version":[{"id":7155,"href":"https:\/\/wppool.abenteuerbox.at\/DA_KV_Linz\/index.php?rest_route=\/wp\/v2\/pages\/1306\/revisions\/7155"}],"wp:attachment":[{"href":"https:\/\/wppool.abenteuerbox.at\/DA_KV_Linz\/index.php?rest_route=%2Fwp%2Fv2%2Fmedia&parent=1306"}],"curies":[{"name":"wp","href":"https:\/\/api.w.org\/{rel}","templated":true}]}}