{"id":1312,"date":"2025-01-11T13:52:35","date_gmt":"2025-01-11T12:52:35","guid":{"rendered":"https:\/\/wppool.abenteuerbox.at\/DA_KV_Linz\/?page_id=1312"},"modified":"2025-01-24T20:14:19","modified_gmt":"2025-01-24T19:14:19","slug":"xavier-pignat","status":"publish","type":"page","link":"https:\/\/wppool.abenteuerbox.at\/DA_KV_Linz\/?page_id=1312","title":{"rendered":"Xavier Pignat"},"content":{"rendered":"\t\t<div data-elementor-type=\"wp-page\" data-elementor-id=\"1312\" class=\"elementor elementor-1312\">\n\t\t\t\t<div class=\"elementor-element elementor-element-54cf0f7 e-flex e-con-boxed e-con e-parent\" data-id=\"54cf0f7\" data-element_type=\"container\">\n\t\t\t\t\t<div class=\"e-con-inner\">\n\t\t<div class=\"elementor-element elementor-element-9989d8a e-con-full e-flex e-con e-child\" data-id=\"9989d8a\" data-element_type=\"container\">\n\t\t\t\t<div class=\"elementor-element elementor-element-9b43688 elementor-widget elementor-widget-heading\" data-id=\"9b43688\" data-element_type=\"widget\" data-widget_type=\"heading.default\">\n\t\t\t\t<div class=\"elementor-widget-container\">\n\t\t\t\t\t<h2 class=\"elementor-heading-title elementor-size-default\">Violoncello<\/h2>\t\t\t\t<\/div>\n\t\t\t\t<\/div>\n\t\t\t\t<div class=\"elementor-element elementor-element-703010b elementor-widget elementor-widget-text-editor\" data-id=\"703010b\" data-element_type=\"widget\" data-widget_type=\"text-editor.default\">\n\t\t\t\t<div class=\"elementor-widget-container\">\n\t\t\t\t\t\t\t\t\t<p><a href=\"https:\/\/www.trionotabene.ch\/\">www.trionotabene.ch<\/a><\/p><p><strong>Auftritte im Linzer Konzertverein:<\/strong><\/p><p>29.04.2009, Fr\u00fchjahrskonzert &#8222;Hommage an Joseph Haydn&#8220; (1732-1809)<\/p>\t\t\t\t\t\t\t\t<\/div>\n\t\t\t\t<\/div>\n\t\t\t\t<\/div>\n\t\t<div class=\"elementor-element elementor-element-fbc6686 e-con-full e-flex e-con e-child\" data-id=\"fbc6686\" data-element_type=\"container\">\n\t\t\t\t<div class=\"elementor-element elementor-element-892db93 elementor-widget elementor-widget-image\" data-id=\"892db93\" data-element_type=\"widget\" data-widget_type=\"image.default\">\n\t\t\t\t<div class=\"elementor-widget-container\">\n\t\t\t\t\t\t\t\t\t\t\t\t\t\t\t<img decoding=\"async\" width=\"150\" height=\"200\" src=\"https:\/\/wppool.abenteuerbox.at\/DA_KV_Linz\/wp-content\/uploads\/2025\/01\/Pignat_Xavier.jpg\" class=\"attachment-large size-large wp-image-1314\" alt=\"\" sizes=\"100vw\" \/>\t\t\t\t\t\t\t\t\t\t\t\t\t\t\t<\/div>\n\t\t\t\t<\/div>\n\t\t\t\t<\/div>\n\t\t<div class=\"elementor-element elementor-element-d66a7b6 e-con-full e-flex e-con e-child\" data-id=\"d66a7b6\" data-element_type=\"container\">\n\t\t\t\t<div class=\"elementor-element elementor-element-66606d8 elementor-widget elementor-widget-text-editor\" data-id=\"66606d8\" data-element_type=\"widget\" data-widget_type=\"text-editor.default\">\n\t\t\t\t<div class=\"elementor-widget-container\">\n\t\t\t\t\t\t\t\t\t<p>Xavier Pignat wurde 1979 in St-Maurice, Schweiz, geboren.<\/p><p>Zuerst studierte er am Konservatorium Lausanne bei Suzanne Rybicki-Varga. 2000 wechselte er zu Raphael Wallfisch und Thomas Grossenbacher an die Musikhochschule Z\u00fcrich, wo er 2005 das Solistendiplom mit Auszeichnung ablegte.<\/p><p>Er war Teilnehmer an verschiedenen Meisterkursen von Marcio Carneiro, Thomas und Patrick Demenga, Frans Helmerson und Menahem Pressler. Als Cellist des Trio Nota Bene konzertiert er an vielen Festivals in der Schweiz (Sine Nomine), Frankreich (la Roque d\u2019 Ant\u00e9ron) und Griechenland und wird unterst\u00fctzt von den Mitgliedern des Trio Wanderer. 2004 gewinnt er den internationalen Kammermusikwettbewerb von Hellevoets in Holland. Daneben spielt er in diversen Kammermusikformationen in \u00d6sterreich, S\u00fcdafrika, Argentinien, Brasilien und Costa Rica.<\/p><p>Xavier Pignat ist Zuz\u00fcger in der Tonhalle Orchester Z\u00fcrich und seit 2006 festes Mitglied des Opernhaus Orchester Z\u00fcrich.<\/p><p><br \/>(2008)<\/p>\t\t\t\t\t\t\t\t<\/div>\n\t\t\t\t<\/div>\n\t\t\t\t<div class=\"elementor-element elementor-element-0f1f2cc elementor-widget elementor-widget-text-editor\" data-id=\"0f1f2cc\" data-element_type=\"widget\" data-widget_type=\"text-editor.default\">\n\t\t\t\t<div class=\"elementor-widget-container\">\n\t\t\t\t\t\t\t\t\t<p style=\"text-align: right;\">\n<a href=\"javascript:history.back();\">Zur\u00fcck<\/a>\n<\/p>\t\t\t\t\t\t\t\t<\/div>\n\t\t\t\t<\/div>\n\t\t\t\t<\/div>\n\t\t\t\t\t<\/div>\n\t\t\t\t<\/div>\n\t\t\t\t<\/div>\n\t\t","protected":false},"excerpt":{"rendered":"<p>Violoncello www.trionotabene.ch Auftritte im Linzer Konzertverein: 29.04.2009, Fr\u00fchjahrskonzert &#8222;Hommage an Joseph Haydn&#8220; (1732-1809) Xavier Pignat wurde 1979 in St-Maurice, Schweiz, geboren. Zuerst studierte er am Konservatorium Lausanne bei Suzanne Rybicki-Varga. 2000 wechselte er zu Raphael Wallfisch und Thomas Grossenbacher an die Musikhochschule Z\u00fcrich, wo er 2005 das Solistendiplom mit Auszeichnung ablegte. Er war Teilnehmer an &hellip; <\/p>\n<p class=\"link-more\"><a href=\"https:\/\/wppool.abenteuerbox.at\/DA_KV_Linz\/?page_id=1312\" class=\"more-link\">Read more<span class=\"screen-reader-text\"> &#8222;Xavier Pignat&#8220;<\/span><\/a><\/p>\n","protected":false},"author":1,"featured_media":0,"parent":0,"menu_order":0,"comment_status":"closed","ping_status":"closed","template":"","meta":{"inspiro_hide_title":false,"footnotes":""},"class_list":["post-1312","page","type-page","status-publish","hentry"],"_links":{"self":[{"href":"https:\/\/wppool.abenteuerbox.at\/DA_KV_Linz\/index.php?rest_route=\/wp\/v2\/pages\/1312","targetHints":{"allow":["GET"]}}],"collection":[{"href":"https:\/\/wppool.abenteuerbox.at\/DA_KV_Linz\/index.php?rest_route=\/wp\/v2\/pages"}],"about":[{"href":"https:\/\/wppool.abenteuerbox.at\/DA_KV_Linz\/index.php?rest_route=\/wp\/v2\/types\/page"}],"author":[{"embeddable":true,"href":"https:\/\/wppool.abenteuerbox.at\/DA_KV_Linz\/index.php?rest_route=\/wp\/v2\/users\/1"}],"replies":[{"embeddable":true,"href":"https:\/\/wppool.abenteuerbox.at\/DA_KV_Linz\/index.php?rest_route=%2Fwp%2Fv2%2Fcomments&post=1312"}],"version-history":[{"count":16,"href":"https:\/\/wppool.abenteuerbox.at\/DA_KV_Linz\/index.php?rest_route=\/wp\/v2\/pages\/1312\/revisions"}],"predecessor-version":[{"id":7198,"href":"https:\/\/wppool.abenteuerbox.at\/DA_KV_Linz\/index.php?rest_route=\/wp\/v2\/pages\/1312\/revisions\/7198"}],"wp:attachment":[{"href":"https:\/\/wppool.abenteuerbox.at\/DA_KV_Linz\/index.php?rest_route=%2Fwp%2Fv2%2Fmedia&parent=1312"}],"curies":[{"name":"wp","href":"https:\/\/api.w.org\/{rel}","templated":true}]}}