{"id":1318,"date":"2025-01-11T13:55:47","date_gmt":"2025-01-11T12:55:47","guid":{"rendered":"https:\/\/wppool.abenteuerbox.at\/DA_KV_Linz\/?page_id=1318"},"modified":"2025-01-24T20:16:09","modified_gmt":"2025-01-24T19:16:09","slug":"mario-hossen","status":"publish","type":"page","link":"https:\/\/wppool.abenteuerbox.at\/DA_KV_Linz\/?page_id=1318","title":{"rendered":"Mario Hossen"},"content":{"rendered":"\t\t<div data-elementor-type=\"wp-page\" data-elementor-id=\"1318\" class=\"elementor elementor-1318\">\n\t\t\t\t<div class=\"elementor-element elementor-element-6217dc5 e-flex e-con-boxed e-con e-parent\" data-id=\"6217dc5\" data-element_type=\"container\">\n\t\t\t\t\t<div class=\"e-con-inner\">\n\t\t<div class=\"elementor-element elementor-element-f077657 e-con-full e-flex e-con e-child\" data-id=\"f077657\" data-element_type=\"container\">\n\t\t\t\t<div class=\"elementor-element elementor-element-2821bf9 elementor-widget elementor-widget-heading\" data-id=\"2821bf9\" data-element_type=\"widget\" data-widget_type=\"heading.default\">\n\t\t\t\t<div class=\"elementor-widget-container\">\n\t\t\t\t\t<h2 class=\"elementor-heading-title elementor-size-default\">Violine<\/h2>\t\t\t\t<\/div>\n\t\t\t\t<\/div>\n\t\t\t\t<div class=\"elementor-element elementor-element-11c04e0 elementor-widget elementor-widget-text-editor\" data-id=\"11c04e0\" data-element_type=\"widget\" data-widget_type=\"text-editor.default\">\n\t\t\t\t<div class=\"elementor-widget-container\">\n\t\t\t\t\t\t\t\t\t<p><a href=\"https:\/\/www.mariohossen.com\/\">www.mariohossen.com<\/a><\/p><p><strong>Auftritte im Linzer Konzertverein:<\/strong><\/p><p>26.11.2008, Sinfoniekonzert<br \/>22.11.2000, Sinfoniekonzert<\/p>\t\t\t\t\t\t\t\t<\/div>\n\t\t\t\t<\/div>\n\t\t\t\t<\/div>\n\t\t<div class=\"elementor-element elementor-element-6781bde e-con-full e-flex e-con e-child\" data-id=\"6781bde\" data-element_type=\"container\">\n\t\t\t\t<div class=\"elementor-element elementor-element-4cd12a5 elementor-widget elementor-widget-image\" data-id=\"4cd12a5\" data-element_type=\"widget\" data-widget_type=\"image.default\">\n\t\t\t\t<div class=\"elementor-widget-container\">\n\t\t\t\t\t\t\t\t\t\t\t\t\t\t\t<img fetchpriority=\"high\" decoding=\"async\" width=\"200\" height=\"300\" src=\"https:\/\/wppool.abenteuerbox.at\/DA_KV_Linz\/wp-content\/uploads\/2025\/01\/Hossen_Mario.jpg\" class=\"attachment-large size-large wp-image-1320\" alt=\"\" sizes=\"100vw\" \/>\t\t\t\t\t\t\t\t\t\t\t\t\t\t\t<\/div>\n\t\t\t\t<\/div>\n\t\t\t\t<\/div>\n\t\t<div class=\"elementor-element elementor-element-735195c e-con-full e-flex e-con e-child\" data-id=\"735195c\" data-element_type=\"container\">\n\t\t\t\t<div class=\"elementor-element elementor-element-1e8e24a elementor-widget elementor-widget-text-editor\" data-id=\"1e8e24a\" data-element_type=\"widget\" data-widget_type=\"text-editor.default\">\n\t\t\t\t<div class=\"elementor-widget-container\">\n\t\t\t\t\t\t\t\t\t<p>Der Geiger Mario Hossen begann seine Violinausbildung in Bulgarien, wo er schon sehr fr\u00fch als Wunderkind bekannt wurde. Sein Deb\u00fct als Solist mit Orchester gab er im Alter von 8 Jahren. Sp\u00e4ter setzte er seine Studien in Wien bei Prof. M. Frischenschlager, Paris (Prof. Gerard Poulet) und London (I. Nieman) fort.<br \/><br \/>Er ist ein Konzertsolist von internationalem Ruf und spielte als Solist unter anderem mit dem English Chamber Orchestra, Sofia Radio Symphony Orchestra, West Deutscher Rundfunk, Bruckner Orchester Linz, Tschaikowsky Symphonieorchesters des Moskauer Rundfunks, Orchestra da camera de La Scala di Milano, Sofia Philharmonic Orchestra, Charlotte Philharmonic Orchestra, Orquesta Sinfonica del Estado de Mexico, Orquestra Sinfonica UANL, Ankara Presidential Symphonic Orchestra, Josef Suk Kammerorchester Prague, Wiener Jeunesse Orchester, Prague Radio Symphony Orchestra, Wiener Solisten, Camerata de Versailles, Orpheus Academy Orchestra, Orchestra di Venezia, Baltic Philharmonie, Capella Istropolitana, Budapest Philharmonie etc.<br \/><br \/>Seine Konzertt\u00e4tigkeit f\u00fchrte ihn in die USA (Carnegie Hall), \u00d6sterreich (Konzerthaus- Wien, Brucknerhaus- Linz), Italien, Frankreich, in die Schweiz (Victoria Hall Geneva, Tonhalle Z\u00fcrich), Spanien, Lettland, T\u00fcrkei, Mexiko, Ungarn, Slowenien, China, Japan etc. Neben seiner solistischen T\u00e4tigkeit entwickelte sich die Kammermusik und P\u00e4dagogik zu einem besonderen Schwerpunkt seiner k\u00fcnstlerischen Arbeit. Er konzertiert mit Partnern wie Jean Bernard Pommier, Adrian Oetiker, Milena Mollova, Harald Ossberger, Israel Yinon um nur einige zu nennen.<br \/><br \/>Mario Hossen ist Tr\u00e4ger mehrerer internationaler Preise und Auszeichnungen.<br \/><br \/>Er gilt als einer der f\u00fchrenden Paganini-Interpreten seiner Generation. Die Auff\u00fchrungen aller 6 Paganini Konzerte, der 24 Capricci und den 10 Beethoven Violinsonaten, werden von Seiten der Kritiker und des Publikums hoch gesch\u00e4tzt.<br \/><br \/>Er ist k\u00fcnstlerischer Leiter des \u201eLes Orpheistes Festival Orchestra\u201c und International Music Academy Orpheus. Zurzeit ist er Gastprofessor an der New Bulgarian University Sofia und Prof.ass in Escuela Superior de M\u00fasica Reina Sof\u00eda Madrid.<br \/><br \/>Mario Hossen spielt eine G. B. Guadagnini (1749) eine Leihgabe aus der Sammlung der \u00f6sterreichischen Nationalbank.<br \/><br \/>(2008)<\/p>\t\t\t\t\t\t\t\t<\/div>\n\t\t\t\t<\/div>\n\t\t\t\t<div class=\"elementor-element elementor-element-3b6e255 elementor-widget elementor-widget-text-editor\" data-id=\"3b6e255\" data-element_type=\"widget\" data-widget_type=\"text-editor.default\">\n\t\t\t\t<div class=\"elementor-widget-container\">\n\t\t\t\t\t\t\t\t\t<p style=\"text-align: right;\">\n<a href=\"javascript:history.back();\">Zur\u00fcck<\/a>\n<\/p>\t\t\t\t\t\t\t\t<\/div>\n\t\t\t\t<\/div>\n\t\t\t\t<\/div>\n\t\t\t\t\t<\/div>\n\t\t\t\t<\/div>\n\t\t\t\t<\/div>\n\t\t","protected":false},"excerpt":{"rendered":"<p>Violine www.mariohossen.com Auftritte im Linzer Konzertverein: 26.11.2008, Sinfoniekonzert22.11.2000, Sinfoniekonzert Der Geiger Mario Hossen begann seine Violinausbildung in Bulgarien, wo er schon sehr fr\u00fch als Wunderkind bekannt wurde. Sein Deb\u00fct als Solist mit Orchester gab er im Alter von 8 Jahren. Sp\u00e4ter setzte er seine Studien in Wien bei Prof. M. Frischenschlager, Paris (Prof. Gerard Poulet) &hellip; <\/p>\n<p class=\"link-more\"><a href=\"https:\/\/wppool.abenteuerbox.at\/DA_KV_Linz\/?page_id=1318\" class=\"more-link\">Read more<span class=\"screen-reader-text\"> &#8222;Mario Hossen&#8220;<\/span><\/a><\/p>\n","protected":false},"author":1,"featured_media":0,"parent":0,"menu_order":0,"comment_status":"closed","ping_status":"closed","template":"","meta":{"inspiro_hide_title":false,"footnotes":""},"class_list":["post-1318","page","type-page","status-publish","hentry"],"_links":{"self":[{"href":"https:\/\/wppool.abenteuerbox.at\/DA_KV_Linz\/index.php?rest_route=\/wp\/v2\/pages\/1318","targetHints":{"allow":["GET"]}}],"collection":[{"href":"https:\/\/wppool.abenteuerbox.at\/DA_KV_Linz\/index.php?rest_route=\/wp\/v2\/pages"}],"about":[{"href":"https:\/\/wppool.abenteuerbox.at\/DA_KV_Linz\/index.php?rest_route=\/wp\/v2\/types\/page"}],"author":[{"embeddable":true,"href":"https:\/\/wppool.abenteuerbox.at\/DA_KV_Linz\/index.php?rest_route=\/wp\/v2\/users\/1"}],"replies":[{"embeddable":true,"href":"https:\/\/wppool.abenteuerbox.at\/DA_KV_Linz\/index.php?rest_route=%2Fwp%2Fv2%2Fcomments&post=1318"}],"version-history":[{"count":16,"href":"https:\/\/wppool.abenteuerbox.at\/DA_KV_Linz\/index.php?rest_route=\/wp\/v2\/pages\/1318\/revisions"}],"predecessor-version":[{"id":7231,"href":"https:\/\/wppool.abenteuerbox.at\/DA_KV_Linz\/index.php?rest_route=\/wp\/v2\/pages\/1318\/revisions\/7231"}],"wp:attachment":[{"href":"https:\/\/wppool.abenteuerbox.at\/DA_KV_Linz\/index.php?rest_route=%2Fwp%2Fv2%2Fmedia&parent=1318"}],"curies":[{"name":"wp","href":"https:\/\/api.w.org\/{rel}","templated":true}]}}