{"id":1327,"date":"2025-01-11T14:03:28","date_gmt":"2025-01-11T13:03:28","guid":{"rendered":"https:\/\/wppool.abenteuerbox.at\/DA_KV_Linz\/?page_id=1327"},"modified":"2025-01-24T20:17:50","modified_gmt":"2025-01-24T19:17:50","slug":"michael-nowak","status":"publish","type":"page","link":"https:\/\/wppool.abenteuerbox.at\/DA_KV_Linz\/?page_id=1327","title":{"rendered":"Michael Nowak"},"content":{"rendered":"\t\t<div data-elementor-type=\"wp-page\" data-elementor-id=\"1327\" class=\"elementor elementor-1327\">\n\t\t\t\t<div class=\"elementor-element elementor-element-b72faba e-flex e-con-boxed e-con e-parent\" data-id=\"b72faba\" data-element_type=\"container\">\n\t\t\t\t\t<div class=\"e-con-inner\">\n\t\t<div class=\"elementor-element elementor-element-729b86e e-con-full e-flex e-con e-child\" data-id=\"729b86e\" data-element_type=\"container\">\n\t\t\t\t<div class=\"elementor-element elementor-element-b394e1b elementor-widget elementor-widget-heading\" data-id=\"b394e1b\" data-element_type=\"widget\" data-widget_type=\"heading.default\">\n\t\t\t\t<div class=\"elementor-widget-container\">\n\t\t\t\t\t<h2 class=\"elementor-heading-title elementor-size-default\">Tenor<\/h2>\t\t\t\t<\/div>\n\t\t\t\t<\/div>\n\t\t\t\t<div class=\"elementor-element elementor-element-3131179 elementor-widget elementor-widget-text-editor\" data-id=\"3131179\" data-element_type=\"widget\" data-widget_type=\"text-editor.default\">\n\t\t\t\t<div class=\"elementor-widget-container\">\n\t\t\t\t\t\t\t\t\t<p><strong>Auftritte im Linzer Konzertverein:<\/strong><\/p><p>28.11.2007, Sinfoniekonzert<\/p>\t\t\t\t\t\t\t\t<\/div>\n\t\t\t\t<\/div>\n\t\t\t\t<\/div>\n\t\t<div class=\"elementor-element elementor-element-40a3cb0 e-con-full e-flex e-con e-child\" data-id=\"40a3cb0\" data-element_type=\"container\">\n\t\t\t\t<div class=\"elementor-element elementor-element-1c615f2 elementor-widget elementor-widget-image\" data-id=\"1c615f2\" data-element_type=\"widget\" data-widget_type=\"image.default\">\n\t\t\t\t<div class=\"elementor-widget-container\">\n\t\t\t\t\t\t\t\t\t\t\t\t\t\t\t<img decoding=\"async\" width=\"150\" height=\"200\" src=\"https:\/\/wppool.abenteuerbox.at\/DA_KV_Linz\/wp-content\/uploads\/2025\/01\/Nowak_Michael.jpg\" class=\"attachment-large size-large wp-image-1330\" alt=\"\" sizes=\"100vw\" \/>\t\t\t\t\t\t\t\t\t\t\t\t\t\t\t<\/div>\n\t\t\t\t<\/div>\n\t\t\t\t<\/div>\n\t\t<div class=\"elementor-element elementor-element-be195d1 e-con-full e-flex e-con e-child\" data-id=\"be195d1\" data-element_type=\"container\">\n\t\t\t\t<div class=\"elementor-element elementor-element-0ce8f1f elementor-widget elementor-widget-text-editor\" data-id=\"0ce8f1f\" data-element_type=\"widget\" data-widget_type=\"text-editor.default\">\n\t\t\t\t<div class=\"elementor-widget-container\">\n\t\t\t\t\t\t\t\t\t<p>Der geb\u00fcrtige Innsbrucker war bei den Wiener S\u00e4ngerknaben und anschlie\u00dfend nahm er sein Gesangsstudium am Linzer Brucknerkonservatorium bei Prof. Gerald Trabesinger auf, das er mit Auszeichnung abschloss.<br \/>Am Badischen Staatstheater Karlsruhe, dem Nieders\u00e4chsischen Staatstheater Hannover und zahlreichen Gastspielen (beispielsweise Kassel, Frankfurt, Koblenz und Helsinki) erarbeitete er sich ein umfassendes Opernrepertoire.<br \/>Kritiken bescheinigten ihm einen hellen, treffsicheren Tenor, den Michael Nowak bei zahlreichen internationalen Festivals wie dem Internationalen Brucknerfest Linz (&#8222;Rheingold&#8220; 2004 ), den Wiener Festwochen, den Donaufestwochen, dem Wiener Osterklangfestival, den Internationalen H\u00e4ndelfestspielen in Halle oder dem Carinthischen Sommer erstrahlen lie\u00df \u2013 um nur einige zu nennen.<br \/>Nicht nur auf der Opernb\u00fchne ist Michael Nowak zu Hause, auch in vielen bekannten Konzerts\u00e4len sang er Johann Sebastian Bachs Passionen, Werke von Georg Friedrich H\u00e4ndel, Joseph Haydn, Franz Schubert, Anton Bruckner oder Ludwig van Beethoven, das Requiem und Messen von Wolfgang Amadeus Mozart, sowie in N\u00fcrnberg und Bern Giuseppe Verdis Requiem.<br \/>Rundfunkaufnahmen und CD-Einspielungen, unter anderem Peter Androschs &#8222;Geschnitzte Heiligkeit&#8220; runden sein musikalisches Oeuvre ab.<br \/>Seit 1991 ist Michael Nowak in Wels wohnhaft und seit 2002 als Gesangsp\u00e4dagoge an der Musikschule in Traun t\u00e4tig.<\/p><p>(2007)<\/p>\t\t\t\t\t\t\t\t<\/div>\n\t\t\t\t<\/div>\n\t\t\t\t<div class=\"elementor-element elementor-element-89f0c90 elementor-widget elementor-widget-text-editor\" data-id=\"89f0c90\" data-element_type=\"widget\" data-widget_type=\"text-editor.default\">\n\t\t\t\t<div class=\"elementor-widget-container\">\n\t\t\t\t\t\t\t\t\t<p style=\"text-align: right;\">\n<a href=\"javascript:history.back();\">Zur\u00fcck<\/a>\n<\/p>\t\t\t\t\t\t\t\t<\/div>\n\t\t\t\t<\/div>\n\t\t\t\t<\/div>\n\t\t\t\t\t<\/div>\n\t\t\t\t<\/div>\n\t\t\t\t<\/div>\n\t\t","protected":false},"excerpt":{"rendered":"<p>Tenor Auftritte im Linzer Konzertverein: 28.11.2007, Sinfoniekonzert Der geb\u00fcrtige Innsbrucker war bei den Wiener S\u00e4ngerknaben und anschlie\u00dfend nahm er sein Gesangsstudium am Linzer Brucknerkonservatorium bei Prof. Gerald Trabesinger auf, das er mit Auszeichnung abschloss.Am Badischen Staatstheater Karlsruhe, dem Nieders\u00e4chsischen Staatstheater Hannover und zahlreichen Gastspielen (beispielsweise Kassel, Frankfurt, Koblenz und Helsinki) erarbeitete er sich ein umfassendes &hellip; <\/p>\n<p class=\"link-more\"><a href=\"https:\/\/wppool.abenteuerbox.at\/DA_KV_Linz\/?page_id=1327\" class=\"more-link\">Read more<span class=\"screen-reader-text\"> &#8222;Michael Nowak&#8220;<\/span><\/a><\/p>\n","protected":false},"author":1,"featured_media":0,"parent":0,"menu_order":0,"comment_status":"closed","ping_status":"closed","template":"","meta":{"inspiro_hide_title":false,"footnotes":""},"class_list":["post-1327","page","type-page","status-publish","hentry"],"_links":{"self":[{"href":"https:\/\/wppool.abenteuerbox.at\/DA_KV_Linz\/index.php?rest_route=\/wp\/v2\/pages\/1327","targetHints":{"allow":["GET"]}}],"collection":[{"href":"https:\/\/wppool.abenteuerbox.at\/DA_KV_Linz\/index.php?rest_route=\/wp\/v2\/pages"}],"about":[{"href":"https:\/\/wppool.abenteuerbox.at\/DA_KV_Linz\/index.php?rest_route=\/wp\/v2\/types\/page"}],"author":[{"embeddable":true,"href":"https:\/\/wppool.abenteuerbox.at\/DA_KV_Linz\/index.php?rest_route=\/wp\/v2\/users\/1"}],"replies":[{"embeddable":true,"href":"https:\/\/wppool.abenteuerbox.at\/DA_KV_Linz\/index.php?rest_route=%2Fwp%2Fv2%2Fcomments&post=1327"}],"version-history":[{"count":13,"href":"https:\/\/wppool.abenteuerbox.at\/DA_KV_Linz\/index.php?rest_route=\/wp\/v2\/pages\/1327\/revisions"}],"predecessor-version":[{"id":7247,"href":"https:\/\/wppool.abenteuerbox.at\/DA_KV_Linz\/index.php?rest_route=\/wp\/v2\/pages\/1327\/revisions\/7247"}],"wp:attachment":[{"href":"https:\/\/wppool.abenteuerbox.at\/DA_KV_Linz\/index.php?rest_route=%2Fwp%2Fv2%2Fmedia&parent=1327"}],"curies":[{"name":"wp","href":"https:\/\/api.w.org\/{rel}","templated":true}]}}