{"id":1334,"date":"2025-01-11T14:06:43","date_gmt":"2025-01-11T13:06:43","guid":{"rendered":"https:\/\/wppool.abenteuerbox.at\/DA_KV_Linz\/?page_id=1334"},"modified":"2025-01-24T20:18:23","modified_gmt":"2025-01-24T19:18:23","slug":"franz-kalchmair","status":"publish","type":"page","link":"https:\/\/wppool.abenteuerbox.at\/DA_KV_Linz\/?page_id=1334","title":{"rendered":"Franz Kalchmair"},"content":{"rendered":"\t\t<div data-elementor-type=\"wp-page\" data-elementor-id=\"1334\" class=\"elementor elementor-1334\">\n\t\t\t\t<div class=\"elementor-element elementor-element-1300ae2 e-flex e-con-boxed e-con e-parent\" data-id=\"1300ae2\" data-element_type=\"container\">\n\t\t\t\t\t<div class=\"e-con-inner\">\n\t\t<div class=\"elementor-element elementor-element-3b2e58c e-con-full e-flex e-con e-child\" data-id=\"3b2e58c\" data-element_type=\"container\">\n\t\t\t\t<div class=\"elementor-element elementor-element-49a434f elementor-widget elementor-widget-heading\" data-id=\"49a434f\" data-element_type=\"widget\" data-widget_type=\"heading.default\">\n\t\t\t\t<div class=\"elementor-widget-container\">\n\t\t\t\t\t<h2 class=\"elementor-heading-title elementor-size-default\">Bass<\/h2>\t\t\t\t<\/div>\n\t\t\t\t<\/div>\n\t\t\t\t<div class=\"elementor-element elementor-element-ec547f7 elementor-widget elementor-widget-text-editor\" data-id=\"ec547f7\" data-element_type=\"widget\" data-widget_type=\"text-editor.default\">\n\t\t\t\t<div class=\"elementor-widget-container\">\n\t\t\t\t\t\t\t\t\t<p><strong>Auftritte im Linzer Konzertverein:<\/strong><\/p><p>28.11.2007, Sinfoniekonzert<br \/>30.11.1994, Festkonzert 75 Jahre Linzer Konzertverein<\/p>\t\t\t\t\t\t\t\t<\/div>\n\t\t\t\t<\/div>\n\t\t\t\t<\/div>\n\t\t<div class=\"elementor-element elementor-element-da6451e e-con-full e-flex e-con e-child\" data-id=\"da6451e\" data-element_type=\"container\">\n\t\t\t\t<div class=\"elementor-element elementor-element-e2f5850 elementor-widget elementor-widget-image\" data-id=\"e2f5850\" data-element_type=\"widget\" data-widget_type=\"image.default\">\n\t\t\t\t<div class=\"elementor-widget-container\">\n\t\t\t\t\t\t\t\t\t\t\t\t\t\t\t<img decoding=\"async\" width=\"150\" height=\"200\" src=\"https:\/\/wppool.abenteuerbox.at\/DA_KV_Linz\/wp-content\/uploads\/2025\/01\/Kalchmair_Franz.jpg\" class=\"attachment-large size-large wp-image-1336\" alt=\"\" sizes=\"100vw\" \/>\t\t\t\t\t\t\t\t\t\t\t\t\t\t\t<\/div>\n\t\t\t\t<\/div>\n\t\t\t\t<\/div>\n\t\t<div class=\"elementor-element elementor-element-8ea482d e-con-full e-flex e-con e-child\" data-id=\"8ea482d\" data-element_type=\"container\">\n\t\t\t\t<div class=\"elementor-element elementor-element-fc33d59 elementor-widget elementor-widget-text-editor\" data-id=\"fc33d59\" data-element_type=\"widget\" data-widget_type=\"text-editor.default\">\n\t\t\t\t<div class=\"elementor-widget-container\">\n\t\t\t\t\t\t\t\t\t<p>Geboren an einem 22. Dezember in Thalheim bei Wels, erhielt Franz Kalchmair seine erste musikalische Ausbildung bei den Florianer S\u00e4ngerknaben. Sp\u00e4ter nahm er Unterricht am damaligen Brucknerkonservatorium in Linz bei Gertrude Burgsthaler, besuchte Meisterklassen bei Kammers\u00e4nger Kurt Equiluz und Josef Greindl.<br \/>Kurzzeitig nahm er Abschied von der Musik und bewirtschaftete den Hof seiner Eltern, wo er noch heute mit Frau und vier Kindern lebt.<br \/>Es zog ihn aber auf die Bretter, die die Welt bedeuten zur\u00fcck und sein Operndeb\u00fct gab er am Linzer Landes-theater in der &#8222;Verkauften Braut&#8220;. Ein festes Engagement in Linz trat er 1991 an. Hier erarbeitete er sich ein breit gef\u00e4chertes Bassistenrepertoire, das von Wagner \u00fcber Mozart bis Richard Strauss. Als Baron Ochs von Lerchenau stand er in Helsinki auf der Opern-b\u00fchne.<br \/>Aber nicht nur in der Klassik ist er zuhause. Die Bandbreite seiner Einstudie-rungen umfasst auch Werke von Hans Werner Henze, Kurt Schwertsik, Ernst Ludwig Leitner, Gunter Waldeck und Balduin Sulzer.<br \/>Schauspielerisch austoben konnte er sich bei seinen zahlreichen Operettenauftritten<br \/>Von der Stadt Wels wurde er mit der Kulturmedaille in Gold und dem &#8222;Maximilian&#8220; ausgezeichnet, von seiner Heimatgemeinde Thalheim mit dem Ehrenring bedacht.<br \/>Wenn er nicht auf einer Theaterb\u00fchne steht, veranstaltet er auf seinem Bauernhof Konzerte oder spielt CDs ein.<\/p><p>(1994)<\/p>\t\t\t\t\t\t\t\t<\/div>\n\t\t\t\t<\/div>\n\t\t\t\t<div class=\"elementor-element elementor-element-f8c984c elementor-widget elementor-widget-text-editor\" data-id=\"f8c984c\" data-element_type=\"widget\" data-widget_type=\"text-editor.default\">\n\t\t\t\t<div class=\"elementor-widget-container\">\n\t\t\t\t\t\t\t\t\t<p style=\"text-align: right;\">\n<a href=\"javascript:history.back();\">Zur\u00fcck<\/a>\n<\/p>\t\t\t\t\t\t\t\t<\/div>\n\t\t\t\t<\/div>\n\t\t\t\t<\/div>\n\t\t\t\t\t<\/div>\n\t\t\t\t<\/div>\n\t\t\t\t<\/div>\n\t\t","protected":false},"excerpt":{"rendered":"<p>Bass Auftritte im Linzer Konzertverein: 28.11.2007, Sinfoniekonzert30.11.1994, Festkonzert 75 Jahre Linzer Konzertverein Geboren an einem 22. Dezember in Thalheim bei Wels, erhielt Franz Kalchmair seine erste musikalische Ausbildung bei den Florianer S\u00e4ngerknaben. Sp\u00e4ter nahm er Unterricht am damaligen Brucknerkonservatorium in Linz bei Gertrude Burgsthaler, besuchte Meisterklassen bei Kammers\u00e4nger Kurt Equiluz und Josef Greindl.Kurzzeitig nahm er &hellip; <\/p>\n<p class=\"link-more\"><a href=\"https:\/\/wppool.abenteuerbox.at\/DA_KV_Linz\/?page_id=1334\" class=\"more-link\">Read more<span class=\"screen-reader-text\"> &#8222;Franz Kalchmair&#8220;<\/span><\/a><\/p>\n","protected":false},"author":1,"featured_media":0,"parent":0,"menu_order":0,"comment_status":"closed","ping_status":"closed","template":"","meta":{"inspiro_hide_title":false,"footnotes":""},"class_list":["post-1334","page","type-page","status-publish","hentry"],"_links":{"self":[{"href":"https:\/\/wppool.abenteuerbox.at\/DA_KV_Linz\/index.php?rest_route=\/wp\/v2\/pages\/1334","targetHints":{"allow":["GET"]}}],"collection":[{"href":"https:\/\/wppool.abenteuerbox.at\/DA_KV_Linz\/index.php?rest_route=\/wp\/v2\/pages"}],"about":[{"href":"https:\/\/wppool.abenteuerbox.at\/DA_KV_Linz\/index.php?rest_route=\/wp\/v2\/types\/page"}],"author":[{"embeddable":true,"href":"https:\/\/wppool.abenteuerbox.at\/DA_KV_Linz\/index.php?rest_route=\/wp\/v2\/users\/1"}],"replies":[{"embeddable":true,"href":"https:\/\/wppool.abenteuerbox.at\/DA_KV_Linz\/index.php?rest_route=%2Fwp%2Fv2%2Fcomments&post=1334"}],"version-history":[{"count":16,"href":"https:\/\/wppool.abenteuerbox.at\/DA_KV_Linz\/index.php?rest_route=\/wp\/v2\/pages\/1334\/revisions"}],"predecessor-version":[{"id":7250,"href":"https:\/\/wppool.abenteuerbox.at\/DA_KV_Linz\/index.php?rest_route=\/wp\/v2\/pages\/1334\/revisions\/7250"}],"wp:attachment":[{"href":"https:\/\/wppool.abenteuerbox.at\/DA_KV_Linz\/index.php?rest_route=%2Fwp%2Fv2%2Fmedia&parent=1334"}],"curies":[{"name":"wp","href":"https:\/\/api.w.org\/{rel}","templated":true}]}}