{"id":1343,"date":"2025-01-11T14:13:19","date_gmt":"2025-01-11T13:13:19","guid":{"rendered":"https:\/\/wppool.abenteuerbox.at\/DA_KV_Linz\/?page_id=1343"},"modified":"2025-01-24T20:20:02","modified_gmt":"2025-01-24T19:20:02","slug":"ferdinand-steiner","status":"publish","type":"page","link":"https:\/\/wppool.abenteuerbox.at\/DA_KV_Linz\/?page_id=1343","title":{"rendered":"Ferdinand Steiner"},"content":{"rendered":"\t\t<div data-elementor-type=\"wp-page\" data-elementor-id=\"1343\" class=\"elementor elementor-1343\">\n\t\t\t\t<div class=\"elementor-element elementor-element-4d06424 e-flex e-con-boxed e-con e-parent\" data-id=\"4d06424\" data-element_type=\"container\">\n\t\t\t\t\t<div class=\"e-con-inner\">\n\t\t<div class=\"elementor-element elementor-element-8ef1c8c e-con-full e-flex e-con e-child\" data-id=\"8ef1c8c\" data-element_type=\"container\">\n\t\t\t\t<div class=\"elementor-element elementor-element-a249b15 elementor-widget elementor-widget-heading\" data-id=\"a249b15\" data-element_type=\"widget\" data-widget_type=\"heading.default\">\n\t\t\t\t<div class=\"elementor-widget-container\">\n\t\t\t\t\t<h2 class=\"elementor-heading-title elementor-size-default\">Klarinette<\/h2>\t\t\t\t<\/div>\n\t\t\t\t<\/div>\n\t\t\t\t<div class=\"elementor-element elementor-element-d7e6015 elementor-widget elementor-widget-text-editor\" data-id=\"d7e6015\" data-element_type=\"widget\" data-widget_type=\"text-editor.default\">\n\t\t\t\t<div class=\"elementor-widget-container\">\n\t\t\t\t\t\t\t\t\t<p><strong>Auftritte im Linzer Konzertverein:<\/strong><\/p><p>29.11.2006, Sinfoniekonzert<\/p>\t\t\t\t\t\t\t\t<\/div>\n\t\t\t\t<\/div>\n\t\t\t\t<\/div>\n\t\t<div class=\"elementor-element elementor-element-da751a3 e-con-full e-flex e-con e-child\" data-id=\"da751a3\" data-element_type=\"container\">\n\t\t\t\t<div class=\"elementor-element elementor-element-9a306bd elementor-widget elementor-widget-image\" data-id=\"9a306bd\" data-element_type=\"widget\" data-widget_type=\"image.default\">\n\t\t\t\t<div class=\"elementor-widget-container\">\n\t\t\t\t\t\t\t\t\t\t\t\t\t\t\t<img decoding=\"async\" width=\"155\" height=\"200\" src=\"https:\/\/wppool.abenteuerbox.at\/DA_KV_Linz\/wp-content\/uploads\/2025\/01\/Steiner_Ferdinand.jpg\" class=\"attachment-large size-large wp-image-1345\" alt=\"\" sizes=\"100vw\" \/>\t\t\t\t\t\t\t\t\t\t\t\t\t\t\t<\/div>\n\t\t\t\t<\/div>\n\t\t\t\t<\/div>\n\t\t<div class=\"elementor-element elementor-element-a0aa47e e-con-full e-flex e-con e-child\" data-id=\"a0aa47e\" data-element_type=\"container\">\n\t\t\t\t<div class=\"elementor-element elementor-element-06a1273 elementor-widget elementor-widget-text-editor\" data-id=\"06a1273\" data-element_type=\"widget\" data-widget_type=\"text-editor.default\">\n\t\t\t\t<div class=\"elementor-widget-container\">\n\t\t\t\t\t\t\t\t\t<p>Geboren am 4. Dezember 1970 in Aichkirchen bei Lambach.<\/p><p>Konzertfachstudium an der Universit\u00e4t f\u00fcr Musik in Wien, zuletzt bei Professor Ernst Ottensamer. Diplompr\u00fcfung mit Auszeichnung. Postgraduales Studium der Klarinette bei Prof. Alois Brandhofer am Mozarteum in Salzburg. Absolvent mehrerer Meisterkurse.<\/p><p>Von 1991 bis 1996 als Substitut t\u00e4tig bei den Wiener Philharmonikern, in der Wiener Staatsoper, beim Radio Symphonieorchester Wien sowie im Theater an der Wien.<\/p><p>Seit 1997 Soloklarinettist im Mozarteum Orchester Salzburg.<\/p><p>Regelm\u00e4\u00dfige Mitwirkung bei der Camerata Salzburg unter Dirigenten wie Franz<br \/>Welser M\u00f6st, Sir Roger Norrington und Sir Neville Marriner.<\/p><p>Regelm\u00e4\u00dfige Solokonzerte unter anderen mit dem Mozarteum Orchester Salzburg, den Stuttgarter Philharmonikern, dem Philharmonischen Orchester S\u00fcdwestfalen und dem Salzburger Kammerorchester.<\/p><p>Umfangreiche kammermusikalische T\u00e4tigkeit und Konzertreisen nach Asien, S\u00fcdamerika, in die USA und zu namhaften Festivals in Europa.<\/p><p>(2006)<\/p>\t\t\t\t\t\t\t\t<\/div>\n\t\t\t\t<\/div>\n\t\t\t\t<div class=\"elementor-element elementor-element-8f3cc4c elementor-widget elementor-widget-text-editor\" data-id=\"8f3cc4c\" data-element_type=\"widget\" data-widget_type=\"text-editor.default\">\n\t\t\t\t<div class=\"elementor-widget-container\">\n\t\t\t\t\t\t\t\t\t<p style=\"text-align: right;\">\n<a href=\"javascript:history.back();\">Zur\u00fcck<\/a>\n<\/p>\t\t\t\t\t\t\t\t<\/div>\n\t\t\t\t<\/div>\n\t\t\t\t<\/div>\n\t\t\t\t\t<\/div>\n\t\t\t\t<\/div>\n\t\t\t\t<\/div>\n\t\t","protected":false},"excerpt":{"rendered":"<p>Klarinette Auftritte im Linzer Konzertverein: 29.11.2006, Sinfoniekonzert Geboren am 4. Dezember 1970 in Aichkirchen bei Lambach. Konzertfachstudium an der Universit\u00e4t f\u00fcr Musik in Wien, zuletzt bei Professor Ernst Ottensamer. Diplompr\u00fcfung mit Auszeichnung. Postgraduales Studium der Klarinette bei Prof. Alois Brandhofer am Mozarteum in Salzburg. Absolvent mehrerer Meisterkurse. Von 1991 bis 1996 als Substitut t\u00e4tig bei &hellip; <\/p>\n<p class=\"link-more\"><a href=\"https:\/\/wppool.abenteuerbox.at\/DA_KV_Linz\/?page_id=1343\" class=\"more-link\">Read more<span class=\"screen-reader-text\"> &#8222;Ferdinand Steiner&#8220;<\/span><\/a><\/p>\n","protected":false},"author":1,"featured_media":0,"parent":0,"menu_order":0,"comment_status":"closed","ping_status":"closed","template":"","meta":{"inspiro_hide_title":false,"footnotes":""},"class_list":["post-1343","page","type-page","status-publish","hentry"],"_links":{"self":[{"href":"https:\/\/wppool.abenteuerbox.at\/DA_KV_Linz\/index.php?rest_route=\/wp\/v2\/pages\/1343","targetHints":{"allow":["GET"]}}],"collection":[{"href":"https:\/\/wppool.abenteuerbox.at\/DA_KV_Linz\/index.php?rest_route=\/wp\/v2\/pages"}],"about":[{"href":"https:\/\/wppool.abenteuerbox.at\/DA_KV_Linz\/index.php?rest_route=\/wp\/v2\/types\/page"}],"author":[{"embeddable":true,"href":"https:\/\/wppool.abenteuerbox.at\/DA_KV_Linz\/index.php?rest_route=\/wp\/v2\/users\/1"}],"replies":[{"embeddable":true,"href":"https:\/\/wppool.abenteuerbox.at\/DA_KV_Linz\/index.php?rest_route=%2Fwp%2Fv2%2Fcomments&post=1343"}],"version-history":[{"count":16,"href":"https:\/\/wppool.abenteuerbox.at\/DA_KV_Linz\/index.php?rest_route=\/wp\/v2\/pages\/1343\/revisions"}],"predecessor-version":[{"id":7253,"href":"https:\/\/wppool.abenteuerbox.at\/DA_KV_Linz\/index.php?rest_route=\/wp\/v2\/pages\/1343\/revisions\/7253"}],"wp:attachment":[{"href":"https:\/\/wppool.abenteuerbox.at\/DA_KV_Linz\/index.php?rest_route=%2Fwp%2Fv2%2Fmedia&parent=1343"}],"curies":[{"name":"wp","href":"https:\/\/api.w.org\/{rel}","templated":true}]}}