{"id":1352,"date":"2025-01-11T14:16:57","date_gmt":"2025-01-11T13:16:57","guid":{"rendered":"https:\/\/wppool.abenteuerbox.at\/DA_KV_Linz\/?page_id=1352"},"modified":"2025-01-24T20:20:36","modified_gmt":"2025-01-24T19:20:36","slug":"maria-chiu","status":"publish","type":"page","link":"https:\/\/wppool.abenteuerbox.at\/DA_KV_Linz\/?page_id=1352","title":{"rendered":"Maria Chiu"},"content":{"rendered":"\t\t<div data-elementor-type=\"wp-page\" data-elementor-id=\"1352\" class=\"elementor elementor-1352\">\n\t\t\t\t<div class=\"elementor-element elementor-element-d236183 e-flex e-con-boxed e-con e-parent\" data-id=\"d236183\" data-element_type=\"container\">\n\t\t\t\t\t<div class=\"e-con-inner\">\n\t\t<div class=\"elementor-element elementor-element-7d397c6 e-con-full e-flex e-con e-child\" data-id=\"7d397c6\" data-element_type=\"container\">\n\t\t\t\t<div class=\"elementor-element elementor-element-9ef3cf8 elementor-widget elementor-widget-heading\" data-id=\"9ef3cf8\" data-element_type=\"widget\" data-widget_type=\"heading.default\">\n\t\t\t\t<div class=\"elementor-widget-container\">\n\t\t\t\t\t<h2 class=\"elementor-heading-title elementor-size-default\">Maria Chiu<\/h2>\t\t\t\t<\/div>\n\t\t\t\t<\/div>\n\t\t\t\t<div class=\"elementor-element elementor-element-e5beeea elementor-widget elementor-widget-text-editor\" data-id=\"e5beeea\" data-element_type=\"widget\" data-widget_type=\"text-editor.default\">\n\t\t\t\t<div class=\"elementor-widget-container\">\n\t\t\t\t\t\t\t\t\t<p><strong>Auftritte im Linzer Konzertverein:<\/strong><\/p><p>05.04.2006, Sinfoniekonzert<\/p>\t\t\t\t\t\t\t\t<\/div>\n\t\t\t\t<\/div>\n\t\t\t\t<\/div>\n\t\t<div class=\"elementor-element elementor-element-0074ef5 e-con-full e-flex e-con e-child\" data-id=\"0074ef5\" data-element_type=\"container\">\n\t\t\t\t<div class=\"elementor-element elementor-element-d8d0231 elementor-widget elementor-widget-image\" data-id=\"d8d0231\" data-element_type=\"widget\" data-widget_type=\"image.default\">\n\t\t\t\t<div class=\"elementor-widget-container\">\n\t\t\t\t\t\t\t\t\t\t\t\t\t\t\t<img fetchpriority=\"high\" decoding=\"async\" width=\"466\" height=\"600\" src=\"https:\/\/wppool.abenteuerbox.at\/DA_KV_Linz\/wp-content\/uploads\/2025\/01\/Chiu_Maria.jpg\" class=\"attachment-large size-large wp-image-1355\" alt=\"\" srcset=\"https:\/\/wppool.abenteuerbox.at\/DA_KV_Linz\/wp-content\/uploads\/2025\/01\/Chiu_Maria.jpg 466w, https:\/\/wppool.abenteuerbox.at\/DA_KV_Linz\/wp-content\/uploads\/2025\/01\/Chiu_Maria-233x300.jpg 233w\" sizes=\"100vw\" \/>\t\t\t\t\t\t\t\t\t\t\t\t\t\t\t<\/div>\n\t\t\t\t<\/div>\n\t\t\t\t<\/div>\n\t\t<div class=\"elementor-element elementor-element-b3e5079 e-con-full e-flex e-con e-child\" data-id=\"b3e5079\" data-element_type=\"container\">\n\t\t\t\t<div class=\"elementor-element elementor-element-2b85ef0 elementor-widget elementor-widget-text-editor\" data-id=\"2b85ef0\" data-element_type=\"widget\" data-widget_type=\"text-editor.default\">\n\t\t\t\t<div class=\"elementor-widget-container\">\n\t\t\t\t\t\t\t\t\t<p>Musikerin, Malerin, P\u00e4dagogin; studierte Klavier, Dirigieren, Musikerziehung und Malerei am Brucknerkonservatorium Linz (Prof. Hemetsberger, Prof. Dechant), an der &#8222;Universit\u00e4t f\u00fcr Musik und darstellende Kunst Wien&#8220; (Prof. R\u00f6\u00dfler, Prof. Geanta), sowie an der &#8222;Akademie der Bildenden K\u00fcnste Wien&#8220; (Meisterklasse f\u00fcr Malerei Prof. Hubert Schmalix &#8211; Prof. Peter DressIer). Abschluss aller Studienrichtungen mit Auszeichnung. Tempor\u00e4res Studium von Jus und Theologie. K\u00fcnstlerische Auftragsarbeiten f\u00fcr Firmen, Kl\u00f6ster, CD-Produktionen, Benefizveranstaltungen.<\/p><p><br \/>W\u00e4hrend der Studienzeit Preise bei &#8222;Jugend musiziert&#8220;, &#8222;B\u00f6sen\u00acdorfer-Stipendium&#8220;, &#8222;Bayreuth-Stipendium&#8220;, &#8222;Tokyo Foundation Stipendium&#8220;. Beim Wettbewerb &#8222;Tourismus&#8220; verlieh ihr die Akademie der Bildenden K\u00fcnste Wien 2002 den Sonderpreis f\u00fcr Malerei.<\/p><p><br \/>Orchesterarbeit mit: Jeunesse-Orchester Linz (k\u00fcnstlerische Leitung von 1997 &#8211; 2000), Bruckner-Orchester Linz, Budweiser Philharmonie, Wiener Kammeroper, Reichenauer Festspiele, Wiener Frauenkammerorchester, Linzer Kammerorchester, Kunitachi Hochschulorchester Tokyo, Kawaminami Chor Japan, Mozart Jugendorchester Japan, Kirchenmusikleitung im Stift Wilhering, Kurorchester im Raum O\u00d6., Chorleiter- und Korrepe\u00actitionst\u00e4tigkeiten mit\/f\u00fcr verschiedenste K\u00fcnstler, Fernsehrauftritte und Rundfunkmitschnitte f\u00fcr den ORF.<\/p><p><br \/>Interviews: Modern Times Media 2\/1998, Modern Times Media Juni 2002, Vision &#8211; \u00d6sterreich Ansichten eines Landes 2003.<\/p><p>(2006)<\/p>\t\t\t\t\t\t\t\t<\/div>\n\t\t\t\t<\/div>\n\t\t\t\t<div class=\"elementor-element elementor-element-08b46ec elementor-widget elementor-widget-text-editor\" data-id=\"08b46ec\" data-element_type=\"widget\" data-widget_type=\"text-editor.default\">\n\t\t\t\t<div class=\"elementor-widget-container\">\n\t\t\t\t\t\t\t\t\t<p style=\"text-align: right;\">\n<a href=\"javascript:history.back();\">Zur\u00fcck<\/a>\n<\/p>\t\t\t\t\t\t\t\t<\/div>\n\t\t\t\t<\/div>\n\t\t\t\t<\/div>\n\t\t\t\t\t<\/div>\n\t\t\t\t<\/div>\n\t\t\t\t<\/div>\n\t\t","protected":false},"excerpt":{"rendered":"<p>Maria Chiu Auftritte im Linzer Konzertverein: 05.04.2006, Sinfoniekonzert Musikerin, Malerin, P\u00e4dagogin; studierte Klavier, Dirigieren, Musikerziehung und Malerei am Brucknerkonservatorium Linz (Prof. Hemetsberger, Prof. Dechant), an der &#8222;Universit\u00e4t f\u00fcr Musik und darstellende Kunst Wien&#8220; (Prof. R\u00f6\u00dfler, Prof. Geanta), sowie an der &#8222;Akademie der Bildenden K\u00fcnste Wien&#8220; (Meisterklasse f\u00fcr Malerei Prof. Hubert Schmalix &#8211; Prof. Peter DressIer). &hellip; <\/p>\n<p class=\"link-more\"><a href=\"https:\/\/wppool.abenteuerbox.at\/DA_KV_Linz\/?page_id=1352\" class=\"more-link\">Read more<span class=\"screen-reader-text\"> &#8222;Maria Chiu&#8220;<\/span><\/a><\/p>\n","protected":false},"author":1,"featured_media":0,"parent":0,"menu_order":0,"comment_status":"closed","ping_status":"closed","template":"","meta":{"inspiro_hide_title":false,"footnotes":""},"class_list":["post-1352","page","type-page","status-publish","hentry"],"_links":{"self":[{"href":"https:\/\/wppool.abenteuerbox.at\/DA_KV_Linz\/index.php?rest_route=\/wp\/v2\/pages\/1352","targetHints":{"allow":["GET"]}}],"collection":[{"href":"https:\/\/wppool.abenteuerbox.at\/DA_KV_Linz\/index.php?rest_route=\/wp\/v2\/pages"}],"about":[{"href":"https:\/\/wppool.abenteuerbox.at\/DA_KV_Linz\/index.php?rest_route=\/wp\/v2\/types\/page"}],"author":[{"embeddable":true,"href":"https:\/\/wppool.abenteuerbox.at\/DA_KV_Linz\/index.php?rest_route=\/wp\/v2\/users\/1"}],"replies":[{"embeddable":true,"href":"https:\/\/wppool.abenteuerbox.at\/DA_KV_Linz\/index.php?rest_route=%2Fwp%2Fv2%2Fcomments&post=1352"}],"version-history":[{"count":16,"href":"https:\/\/wppool.abenteuerbox.at\/DA_KV_Linz\/index.php?rest_route=\/wp\/v2\/pages\/1352\/revisions"}],"predecessor-version":[{"id":7257,"href":"https:\/\/wppool.abenteuerbox.at\/DA_KV_Linz\/index.php?rest_route=\/wp\/v2\/pages\/1352\/revisions\/7257"}],"wp:attachment":[{"href":"https:\/\/wppool.abenteuerbox.at\/DA_KV_Linz\/index.php?rest_route=%2Fwp%2Fv2%2Fmedia&parent=1352"}],"curies":[{"name":"wp","href":"https:\/\/api.w.org\/{rel}","templated":true}]}}