{"id":1374,"date":"2025-01-11T14:31:11","date_gmt":"2025-01-11T13:31:11","guid":{"rendered":"https:\/\/wppool.abenteuerbox.at\/DA_KV_Linz\/?page_id=1374"},"modified":"2025-01-24T20:22:13","modified_gmt":"2025-01-24T19:22:13","slug":"eduard-matscheko","status":"publish","type":"page","link":"https:\/\/wppool.abenteuerbox.at\/DA_KV_Linz\/?page_id=1374","title":{"rendered":"Eduard Matscheko"},"content":{"rendered":"\t\t<div data-elementor-type=\"wp-page\" data-elementor-id=\"1374\" class=\"elementor elementor-1374\">\n\t\t\t\t<div class=\"elementor-element elementor-element-9ca642e e-flex e-con-boxed e-con e-parent\" data-id=\"9ca642e\" data-element_type=\"container\">\n\t\t\t\t\t<div class=\"e-con-inner\">\n\t\t<div class=\"elementor-element elementor-element-ba491eb e-con-full e-flex e-con e-child\" data-id=\"ba491eb\" data-element_type=\"container\">\n\t\t\t\t<div class=\"elementor-element elementor-element-7cac96f elementor-widget elementor-widget-heading\" data-id=\"7cac96f\" data-element_type=\"widget\" data-widget_type=\"heading.default\">\n\t\t\t\t<div class=\"elementor-widget-container\">\n\t\t\t\t\t<h2 class=\"elementor-heading-title elementor-size-default\">Dirigent<\/h2>\t\t\t\t<\/div>\n\t\t\t\t<\/div>\n\t\t\t\t<div class=\"elementor-element elementor-element-fb0643c elementor-widget elementor-widget-text-editor\" data-id=\"fb0643c\" data-element_type=\"widget\" data-widget_type=\"text-editor.default\">\n\t\t\t\t<div class=\"elementor-widget-container\">\n\t\t\t\t\t\t\t\t\t<p><strong>Auftritte im Linzer Konzertverein:<\/strong><\/p><p>20.04.2005, Sinfoniekonzert<br \/>04.12.2002, Sinfoniekonzert<br \/>08.03.2000, Sinfoniekonzert<\/p>\t\t\t\t\t\t\t\t<\/div>\n\t\t\t\t<\/div>\n\t\t\t\t<\/div>\n\t\t<div class=\"elementor-element elementor-element-b4fd572 e-con-full e-flex e-con e-child\" data-id=\"b4fd572\" data-element_type=\"container\">\n\t\t\t\t<div class=\"elementor-element elementor-element-6ab7b27 elementor-widget elementor-widget-image\" data-id=\"6ab7b27\" data-element_type=\"widget\" data-widget_type=\"image.default\">\n\t\t\t\t<div class=\"elementor-widget-container\">\n\t\t\t\t\t\t\t\t\t\t\t\t\t\t\t<img decoding=\"async\" width=\"156\" height=\"200\" src=\"https:\/\/wppool.abenteuerbox.at\/DA_KV_Linz\/wp-content\/uploads\/2025\/01\/Matscheko_Eduard.jpg\" class=\"attachment-large size-large wp-image-1377\" alt=\"\" sizes=\"100vw\" \/>\t\t\t\t\t\t\t\t\t\t\t\t\t\t\t<\/div>\n\t\t\t\t<\/div>\n\t\t\t\t<\/div>\n\t\t<div class=\"elementor-element elementor-element-ada5bf4 e-con-full e-flex e-con e-child\" data-id=\"ada5bf4\" data-element_type=\"container\">\n\t\t\t\t<div class=\"elementor-element elementor-element-6a4fc60 elementor-widget elementor-widget-text-editor\" data-id=\"6a4fc60\" data-element_type=\"widget\" data-widget_type=\"text-editor.default\">\n\t\t\t\t<div class=\"elementor-widget-container\">\n\t\t\t\t\t\t\t\t\t<p>Geboren 1970 studierte Violine in Linz und Wien, besuchte das Musikgymnasium Linz und wurde dort von dem Komponisten Balduin Sulzer als Konzertmeister und Dirigent gef\u00f6rdert.<\/p><p>Er leitete das Jeunesse Orchester Linz und war Stimmf\u00fchrer im \u201eensemble aktuell\u201c unter Franz Welser-M\u00f6st, mehrfach auch dessen Assistent.<\/p><p>Er dirigierte in der Folge beim Brucknerorchester (Joseph Bayer \u201eDie Puppenfee\u201c), an der Wiener Kammeroper (\u201eDie Schwestern von Prag\u201c von Wenzel M\u00fcller), 10 Jahre lang die Festmessen im Stift Wilhering und div. O\u00d6 Orchester mit symphonischem Programm (V\u00f6cklabruck, Freistadt, Collegium musicum Linz, Linzer Konzertverein&#8230;) dazu unz\u00e4hlige Operettenkonzerte.<\/p><p>Seit 2001 leitet Matscheko den Kirchenchor Christk\u00f6nig, der regelm\u00e4\u00dfig auch als Konzertchor auftritt (Bruckner Messe in e-Moll, Mozart Lauretanische Litanei, Sulzer, Federspieler u.a.<\/p><p>Matscheko unterrichtet Violine an den O\u00d6 Landesmusikschulen Freistadt, Neumarkt und Steyr.<\/p><p>(2002)<\/p>\t\t\t\t\t\t\t\t<\/div>\n\t\t\t\t<\/div>\n\t\t\t\t<div class=\"elementor-element elementor-element-ea5865a elementor-widget elementor-widget-text-editor\" data-id=\"ea5865a\" data-element_type=\"widget\" data-widget_type=\"text-editor.default\">\n\t\t\t\t<div class=\"elementor-widget-container\">\n\t\t\t\t\t\t\t\t\t<p style=\"text-align: right;\">\n<a href=\"javascript:history.back();\">Zur\u00fcck<\/a>\n<\/p>\t\t\t\t\t\t\t\t<\/div>\n\t\t\t\t<\/div>\n\t\t\t\t<\/div>\n\t\t\t\t\t<\/div>\n\t\t\t\t<\/div>\n\t\t\t\t<\/div>\n\t\t","protected":false},"excerpt":{"rendered":"<p>Dirigent Auftritte im Linzer Konzertverein: 20.04.2005, Sinfoniekonzert04.12.2002, Sinfoniekonzert08.03.2000, Sinfoniekonzert Geboren 1970 studierte Violine in Linz und Wien, besuchte das Musikgymnasium Linz und wurde dort von dem Komponisten Balduin Sulzer als Konzertmeister und Dirigent gef\u00f6rdert. Er leitete das Jeunesse Orchester Linz und war Stimmf\u00fchrer im \u201eensemble aktuell\u201c unter Franz Welser-M\u00f6st, mehrfach auch dessen Assistent. Er dirigierte &hellip; <\/p>\n<p class=\"link-more\"><a href=\"https:\/\/wppool.abenteuerbox.at\/DA_KV_Linz\/?page_id=1374\" class=\"more-link\">Read more<span class=\"screen-reader-text\"> &#8222;Eduard Matscheko&#8220;<\/span><\/a><\/p>\n","protected":false},"author":1,"featured_media":0,"parent":0,"menu_order":0,"comment_status":"closed","ping_status":"closed","template":"","meta":{"inspiro_hide_title":false,"footnotes":""},"class_list":["post-1374","page","type-page","status-publish","hentry"],"_links":{"self":[{"href":"https:\/\/wppool.abenteuerbox.at\/DA_KV_Linz\/index.php?rest_route=\/wp\/v2\/pages\/1374","targetHints":{"allow":["GET"]}}],"collection":[{"href":"https:\/\/wppool.abenteuerbox.at\/DA_KV_Linz\/index.php?rest_route=\/wp\/v2\/pages"}],"about":[{"href":"https:\/\/wppool.abenteuerbox.at\/DA_KV_Linz\/index.php?rest_route=\/wp\/v2\/types\/page"}],"author":[{"embeddable":true,"href":"https:\/\/wppool.abenteuerbox.at\/DA_KV_Linz\/index.php?rest_route=\/wp\/v2\/users\/1"}],"replies":[{"embeddable":true,"href":"https:\/\/wppool.abenteuerbox.at\/DA_KV_Linz\/index.php?rest_route=%2Fwp%2Fv2%2Fcomments&post=1374"}],"version-history":[{"count":13,"href":"https:\/\/wppool.abenteuerbox.at\/DA_KV_Linz\/index.php?rest_route=\/wp\/v2\/pages\/1374\/revisions"}],"predecessor-version":[{"id":7307,"href":"https:\/\/wppool.abenteuerbox.at\/DA_KV_Linz\/index.php?rest_route=\/wp\/v2\/pages\/1374\/revisions\/7307"}],"wp:attachment":[{"href":"https:\/\/wppool.abenteuerbox.at\/DA_KV_Linz\/index.php?rest_route=%2Fwp%2Fv2%2Fmedia&parent=1374"}],"curies":[{"name":"wp","href":"https:\/\/api.w.org\/{rel}","templated":true}]}}