{"id":1381,"date":"2025-01-11T14:33:32","date_gmt":"2025-01-11T13:33:32","guid":{"rendered":"https:\/\/wppool.abenteuerbox.at\/DA_KV_Linz\/?page_id=1381"},"modified":"2025-01-24T20:22:59","modified_gmt":"2025-01-24T19:22:59","slug":"petra-pogady","status":"publish","type":"page","link":"https:\/\/wppool.abenteuerbox.at\/DA_KV_Linz\/?page_id=1381","title":{"rendered":"Petra Pog\u00e0dy"},"content":{"rendered":"\t\t<div data-elementor-type=\"wp-page\" data-elementor-id=\"1381\" class=\"elementor elementor-1381\">\n\t\t\t\t<div class=\"elementor-element elementor-element-b4d8e28 e-flex e-con-boxed e-con e-parent\" data-id=\"b4d8e28\" data-element_type=\"container\">\n\t\t\t\t\t<div class=\"e-con-inner\">\n\t\t<div class=\"elementor-element elementor-element-891209a e-con-full e-flex e-con e-child\" data-id=\"891209a\" data-element_type=\"container\">\n\t\t\t\t<div class=\"elementor-element elementor-element-e8e9842 elementor-widget elementor-widget-heading\" data-id=\"e8e9842\" data-element_type=\"widget\" data-widget_type=\"heading.default\">\n\t\t\t\t<div class=\"elementor-widget-container\">\n\t\t\t\t\t<h2 class=\"elementor-heading-title elementor-size-default\">Klavier<\/h2>\t\t\t\t<\/div>\n\t\t\t\t<\/div>\n\t\t\t\t<div class=\"elementor-element elementor-element-678ecd7 elementor-widget elementor-widget-text-editor\" data-id=\"678ecd7\" data-element_type=\"widget\" data-widget_type=\"text-editor.default\">\n\t\t\t\t<div class=\"elementor-widget-container\">\n\t\t\t\t\t\t\t\t\t<p><strong>Auftritte im Linzer Konzertverein:<\/strong><\/p><p>20.04.2005, Sinfoniekonzert<\/p>\t\t\t\t\t\t\t\t<\/div>\n\t\t\t\t<\/div>\n\t\t\t\t<\/div>\n\t\t<div class=\"elementor-element elementor-element-c509d1f e-con-full e-flex e-con e-child\" data-id=\"c509d1f\" data-element_type=\"container\">\n\t\t\t\t<div class=\"elementor-element elementor-element-227fdeb elementor-widget elementor-widget-image\" data-id=\"227fdeb\" data-element_type=\"widget\" data-widget_type=\"image.default\">\n\t\t\t\t<div class=\"elementor-widget-container\">\n\t\t\t\t\t\t\t\t\t\t\t\t\t\t\t<img decoding=\"async\" width=\"155\" height=\"200\" src=\"https:\/\/wppool.abenteuerbox.at\/DA_KV_Linz\/wp-content\/uploads\/2025\/01\/Pogady_Petra.jpg\" class=\"attachment-large size-large wp-image-1383\" alt=\"\" sizes=\"100vw\" \/>\t\t\t\t\t\t\t\t\t\t\t\t\t\t\t<\/div>\n\t\t\t\t<\/div>\n\t\t\t\t<\/div>\n\t\t<div class=\"elementor-element elementor-element-1a0cf8a e-con-full e-flex e-con e-child\" data-id=\"1a0cf8a\" data-element_type=\"container\">\n\t\t\t\t<div class=\"elementor-element elementor-element-f0052d9 elementor-widget elementor-widget-text-editor\" data-id=\"f0052d9\" data-element_type=\"widget\" data-widget_type=\"text-editor.default\">\n\t\t\t\t<div class=\"elementor-widget-container\">\n\t\t\t\t\t\t\t\t\t<p>Petra Pog\u00e1dy wurde 1985 In Bratislava \/Slowakei geboren und begann mit dem Klavierunterricht im Alter von 5 Jahren bei Zuzana Hruskova. Bereits zwei Jahre sp\u00e4ter, als sie mit ihrer Familie nach \u00d6sterreich zog, wurde sie Sch\u00fclerin am Brucknerkonservatorium Linz, der heutigen Anton Bruckner Privatuniversit\u00e4t. Hier setzte sie ihre Ausbildung bei Prof. Gottfried Hemetsberger fort. In den folgenden Jahren wurde sie mehrfache Gewinnerin des \u00f6sterreichischen Musikwettbewerbes \u201ePrima La Musica&#8220; (Landes &#8211; und Bundeswettbewerb).<br \/>Neben ihrer solistischen T\u00e4tigkeit trat sie auch vielfach kammermusikalisch<br \/>mit ihrem Bruder Filip (Violine) auf. Mit 14 Jahren gab Petra Pog\u00e1dy<br \/>ihren ersten Klavierabend im gro\u00dfen Saal des Brucknerkonservatoriums,<br \/>im gleichen Jahr hatte sie mit ihrem Bruder einen Life &#8211; Auftritt im slowakischen Staatsfernsehen.<br \/>Von 1998 &#8211; 2001 war sie Sch\u00fclerin des \u201eK\u00fcnstlerischen Basisstudiums&#8220;, einer Studienrichtung f\u00fcr besonders begabte Jugendliche am Linzer Konservatorium.<br \/>2001 gewann sie f\u00fcnfzehnj\u00e4hrig das begehrte B\u00f6sendorferstipendium als j\u00fcngste im Teilnehmerfeld.<br \/>Seit Herbst 2003 studiert Petra Pog\u00e1dy an der Universit\u00e4t f\u00fcr Musik und darstellende Kunst in Wien Konzertfach Klavier bei Stefan Vladar.<br \/>In den letzten Jahren trat sie in ganz \u00d6sterreich, Tschechien, der Slowakei und Italien auf.<\/p><p>(2005)<\/p>\t\t\t\t\t\t\t\t<\/div>\n\t\t\t\t<\/div>\n\t\t\t\t<div class=\"elementor-element elementor-element-4f88718 elementor-widget elementor-widget-text-editor\" data-id=\"4f88718\" data-element_type=\"widget\" data-widget_type=\"text-editor.default\">\n\t\t\t\t<div class=\"elementor-widget-container\">\n\t\t\t\t\t\t\t\t\t<p style=\"text-align: right;\">\n<a href=\"javascript:history.back();\">Zur\u00fcck<\/a>\n<\/p>\t\t\t\t\t\t\t\t<\/div>\n\t\t\t\t<\/div>\n\t\t\t\t<\/div>\n\t\t\t\t\t<\/div>\n\t\t\t\t<\/div>\n\t\t\t\t<\/div>\n\t\t","protected":false},"excerpt":{"rendered":"<p>Klavier Auftritte im Linzer Konzertverein: 20.04.2005, Sinfoniekonzert Petra Pog\u00e1dy wurde 1985 In Bratislava \/Slowakei geboren und begann mit dem Klavierunterricht im Alter von 5 Jahren bei Zuzana Hruskova. Bereits zwei Jahre sp\u00e4ter, als sie mit ihrer Familie nach \u00d6sterreich zog, wurde sie Sch\u00fclerin am Brucknerkonservatorium Linz, der heutigen Anton Bruckner Privatuniversit\u00e4t. Hier setzte sie ihre &hellip; <\/p>\n<p class=\"link-more\"><a href=\"https:\/\/wppool.abenteuerbox.at\/DA_KV_Linz\/?page_id=1381\" class=\"more-link\">Read more<span class=\"screen-reader-text\"> &#8222;Petra Pog\u00e0dy&#8220;<\/span><\/a><\/p>\n","protected":false},"author":1,"featured_media":0,"parent":0,"menu_order":0,"comment_status":"closed","ping_status":"closed","template":"","meta":{"inspiro_hide_title":false,"footnotes":""},"class_list":["post-1381","page","type-page","status-publish","hentry"],"_links":{"self":[{"href":"https:\/\/wppool.abenteuerbox.at\/DA_KV_Linz\/index.php?rest_route=\/wp\/v2\/pages\/1381","targetHints":{"allow":["GET"]}}],"collection":[{"href":"https:\/\/wppool.abenteuerbox.at\/DA_KV_Linz\/index.php?rest_route=\/wp\/v2\/pages"}],"about":[{"href":"https:\/\/wppool.abenteuerbox.at\/DA_KV_Linz\/index.php?rest_route=\/wp\/v2\/types\/page"}],"author":[{"embeddable":true,"href":"https:\/\/wppool.abenteuerbox.at\/DA_KV_Linz\/index.php?rest_route=\/wp\/v2\/users\/1"}],"replies":[{"embeddable":true,"href":"https:\/\/wppool.abenteuerbox.at\/DA_KV_Linz\/index.php?rest_route=%2Fwp%2Fv2%2Fcomments&post=1381"}],"version-history":[{"count":13,"href":"https:\/\/wppool.abenteuerbox.at\/DA_KV_Linz\/index.php?rest_route=\/wp\/v2\/pages\/1381\/revisions"}],"predecessor-version":[{"id":7310,"href":"https:\/\/wppool.abenteuerbox.at\/DA_KV_Linz\/index.php?rest_route=\/wp\/v2\/pages\/1381\/revisions\/7310"}],"wp:attachment":[{"href":"https:\/\/wppool.abenteuerbox.at\/DA_KV_Linz\/index.php?rest_route=%2Fwp%2Fv2%2Fmedia&parent=1381"}],"curies":[{"name":"wp","href":"https:\/\/api.w.org\/{rel}","templated":true}]}}