{"id":1390,"date":"2025-01-11T14:40:56","date_gmt":"2025-01-11T13:40:56","guid":{"rendered":"https:\/\/wppool.abenteuerbox.at\/DA_KV_Linz\/?page_id=1390"},"modified":"2025-01-24T20:23:25","modified_gmt":"2025-01-24T19:23:25","slug":"filip-pogady","status":"publish","type":"page","link":"https:\/\/wppool.abenteuerbox.at\/DA_KV_Linz\/?page_id=1390","title":{"rendered":"Filip Pog\u00e0dy"},"content":{"rendered":"\t\t<div data-elementor-type=\"wp-page\" data-elementor-id=\"1390\" class=\"elementor elementor-1390\">\n\t\t\t\t<div class=\"elementor-element elementor-element-a266c90 e-flex e-con-boxed e-con e-parent\" data-id=\"a266c90\" data-element_type=\"container\">\n\t\t\t\t\t<div class=\"e-con-inner\">\n\t\t<div class=\"elementor-element elementor-element-2a593ad e-con-full e-flex e-con e-child\" data-id=\"2a593ad\" data-element_type=\"container\">\n\t\t\t\t<div class=\"elementor-element elementor-element-e4c9c8d elementor-widget elementor-widget-heading\" data-id=\"e4c9c8d\" data-element_type=\"widget\" data-widget_type=\"heading.default\">\n\t\t\t\t<div class=\"elementor-widget-container\">\n\t\t\t\t\t<h2 class=\"elementor-heading-title elementor-size-default\">Violine<\/h2>\t\t\t\t<\/div>\n\t\t\t\t<\/div>\n\t\t\t\t<div class=\"elementor-element elementor-element-107f604 elementor-widget elementor-widget-text-editor\" data-id=\"107f604\" data-element_type=\"widget\" data-widget_type=\"text-editor.default\">\n\t\t\t\t<div class=\"elementor-widget-container\">\n\t\t\t\t\t\t\t\t\t<p><strong>Auftritte im Linzer Konzertverein:<\/strong><\/p><p>20.04.2005, Sinfoniekonzert<\/p>\t\t\t\t\t\t\t\t<\/div>\n\t\t\t\t<\/div>\n\t\t\t\t<\/div>\n\t\t<div class=\"elementor-element elementor-element-3685c77 e-con-full e-flex e-con e-child\" data-id=\"3685c77\" data-element_type=\"container\">\n\t\t\t\t<div class=\"elementor-element elementor-element-5c23e69 elementor-widget elementor-widget-image\" data-id=\"5c23e69\" data-element_type=\"widget\" data-widget_type=\"image.default\">\n\t\t\t\t<div class=\"elementor-widget-container\">\n\t\t\t\t\t\t\t\t\t\t\t\t\t\t\t<img decoding=\"async\" width=\"155\" height=\"200\" src=\"https:\/\/wppool.abenteuerbox.at\/DA_KV_Linz\/wp-content\/uploads\/2025\/01\/Pogady_Filip.jpg\" class=\"attachment-large size-large wp-image-1393\" alt=\"\" sizes=\"100vw\" \/>\t\t\t\t\t\t\t\t\t\t\t\t\t\t\t<\/div>\n\t\t\t\t<\/div>\n\t\t\t\t<\/div>\n\t\t<div class=\"elementor-element elementor-element-0564923 e-con-full e-flex e-con e-child\" data-id=\"0564923\" data-element_type=\"container\">\n\t\t\t\t<div class=\"elementor-element elementor-element-6b7a5fe elementor-widget elementor-widget-text-editor\" data-id=\"6b7a5fe\" data-element_type=\"widget\" data-widget_type=\"text-editor.default\">\n\t\t\t\t<div class=\"elementor-widget-container\">\n\t\t\t\t\t\t\t\t\t<p>Filip Maria Pog\u00e1dy wurde 1987 in der Slowakei (Pressburg) geboren und erhielt seinen ersten Geigenunterricht im Alter von 7 Jahren. Zun\u00e4chst erhielt er Unterricht bei Prof. Bohumil Semik am Brucknerkonservatorium in Linz, dann nahm er Privatunterricht bei Dr. Tomasz Liebig. Seit 2002 nimmt er Unterricht bei Prof. Arkadij Winokurov an der Anton Bruckner Privatuniversit\u00e4t in Linz.<br \/>Im Jahre 2000 wurde er Mitglied des KBS (k\u00fcnstlerisches Basisstudium) &#8211; einer Organisation f\u00fcr junge Begabungen an der Musikuniversit\u00e4t in Linz. Er ist mehrfacher erster Preistr\u00e4ger des \u00f6sterreichischen Bundeswettbewerbs \u201ePrima la Musica&#8220;. Bereits als elfj\u00e4hriger gewann er den 1. Preis beim Tsusuki-Violinwettbewerb in Wien. Im Jahre 1998 trat er im slowakischen Staatsfernsehen live mit seiner Schwester Petra auf, die zurzeit an der Musikuniversit\u00e4t in Wien Klavier studiert.<br \/>2000 und 2002 wurden Filip Pog\u00e1dy Sonderpreise der Ober\u00f6sterreichischen Streichervereinigung f\u00fcr besondere Leistungen beim Wettbewerb \u201ePrima la Musica&#8220; verliehen.<br \/>Mit seiner Schwester Petra, tritt er oft solistisch als auch kammermusikalisch auf.<br \/>Auftritte in renommierten S\u00e4len (Wiener Konzerthaus, Rudolfinum Prag&#8230;)<\/p><p>(2005)<\/p>\t\t\t\t\t\t\t\t<\/div>\n\t\t\t\t<\/div>\n\t\t\t\t<div class=\"elementor-element elementor-element-fb1326e elementor-widget elementor-widget-text-editor\" data-id=\"fb1326e\" data-element_type=\"widget\" data-widget_type=\"text-editor.default\">\n\t\t\t\t<div class=\"elementor-widget-container\">\n\t\t\t\t\t\t\t\t\t<p style=\"text-align: right;\">\n<a href=\"javascript:history.back();\">Zur\u00fcck<\/a>\n<\/p>\t\t\t\t\t\t\t\t<\/div>\n\t\t\t\t<\/div>\n\t\t\t\t<\/div>\n\t\t\t\t\t<\/div>\n\t\t\t\t<\/div>\n\t\t\t\t<\/div>\n\t\t","protected":false},"excerpt":{"rendered":"<p>Violine Auftritte im Linzer Konzertverein: 20.04.2005, Sinfoniekonzert Filip Maria Pog\u00e1dy wurde 1987 in der Slowakei (Pressburg) geboren und erhielt seinen ersten Geigenunterricht im Alter von 7 Jahren. Zun\u00e4chst erhielt er Unterricht bei Prof. Bohumil Semik am Brucknerkonservatorium in Linz, dann nahm er Privatunterricht bei Dr. Tomasz Liebig. Seit 2002 nimmt er Unterricht bei Prof. Arkadij &hellip; <\/p>\n<p class=\"link-more\"><a href=\"https:\/\/wppool.abenteuerbox.at\/DA_KV_Linz\/?page_id=1390\" class=\"more-link\">Read more<span class=\"screen-reader-text\"> &#8222;Filip Pog\u00e0dy&#8220;<\/span><\/a><\/p>\n","protected":false},"author":1,"featured_media":0,"parent":0,"menu_order":0,"comment_status":"closed","ping_status":"closed","template":"","meta":{"inspiro_hide_title":false,"footnotes":""},"class_list":["post-1390","page","type-page","status-publish","hentry"],"_links":{"self":[{"href":"https:\/\/wppool.abenteuerbox.at\/DA_KV_Linz\/index.php?rest_route=\/wp\/v2\/pages\/1390","targetHints":{"allow":["GET"]}}],"collection":[{"href":"https:\/\/wppool.abenteuerbox.at\/DA_KV_Linz\/index.php?rest_route=\/wp\/v2\/pages"}],"about":[{"href":"https:\/\/wppool.abenteuerbox.at\/DA_KV_Linz\/index.php?rest_route=\/wp\/v2\/types\/page"}],"author":[{"embeddable":true,"href":"https:\/\/wppool.abenteuerbox.at\/DA_KV_Linz\/index.php?rest_route=\/wp\/v2\/users\/1"}],"replies":[{"embeddable":true,"href":"https:\/\/wppool.abenteuerbox.at\/DA_KV_Linz\/index.php?rest_route=%2Fwp%2Fv2%2Fcomments&post=1390"}],"version-history":[{"count":13,"href":"https:\/\/wppool.abenteuerbox.at\/DA_KV_Linz\/index.php?rest_route=\/wp\/v2\/pages\/1390\/revisions"}],"predecessor-version":[{"id":7313,"href":"https:\/\/wppool.abenteuerbox.at\/DA_KV_Linz\/index.php?rest_route=\/wp\/v2\/pages\/1390\/revisions\/7313"}],"wp:attachment":[{"href":"https:\/\/wppool.abenteuerbox.at\/DA_KV_Linz\/index.php?rest_route=%2Fwp%2Fv2%2Fmedia&parent=1390"}],"curies":[{"name":"wp","href":"https:\/\/api.w.org\/{rel}","templated":true}]}}