{"id":1407,"date":"2025-01-12T16:52:17","date_gmt":"2025-01-12T15:52:17","guid":{"rendered":"https:\/\/wppool.abenteuerbox.at\/DA_KV_Linz\/?page_id=1407"},"modified":"2025-01-22T20:56:35","modified_gmt":"2025-01-22T19:56:35","slug":"elementor-1407","status":"publish","type":"page","link":"https:\/\/wppool.abenteuerbox.at\/DA_KV_Linz\/?page_id=1407","title":{"rendered":"Datenschutzerkl\u00e4rung"},"content":{"rendered":"\t\t<div data-elementor-type=\"wp-page\" data-elementor-id=\"1407\" class=\"elementor elementor-1407\">\n\t\t\t\t<div class=\"elementor-element elementor-element-4b6138c e-flex e-con-boxed e-con e-parent\" data-id=\"4b6138c\" data-element_type=\"container\">\n\t\t\t\t\t<div class=\"e-con-inner\">\n\t\t\t\t<div class=\"elementor-element elementor-element-72503ec elementor-widget elementor-widget-text-editor\" data-id=\"72503ec\" data-element_type=\"widget\" data-widget_type=\"text-editor.default\">\n\t\t\t\t<div class=\"elementor-widget-container\">\n\t\t\t\t\t\t\t\t\t<p>In folgender Datenschutzerkl\u00e4rung informieren wir Sie \u00fcber die wichtigsten Aspekte der Datenverarbeitung im Rahmen unserer Website. Wir erheben und verarbeiten personenbezogene Daten nur auf Grundlage der gesetzlichen Bestimmungen (Datenschutzgrundverordnung, Telekommunikationsgesetz 2003).<\/p><p>Sobald Sie als Benutzer auf unsere Webseite zugreifen oder diese besuchen wird Ihre IP-Adresse, Beginn sowie Beginn und Ende der Sitzung erfasst. Dies ist technisch bedingt und stellt somit ein berechtigtes Interesse iSv Art 6 Abs 1 lit f DSGVO.<\/p><p><strong>Kontakt mit uns<\/strong><\/p><p>Wenn Sie uns per Email kontaktieren, dann werden die von Ihnen an uns \u00fcbermittelten Daten zwecks Bearbeitung Ihrer Anfrage oder f\u00fcr den Fall von weiteren Anschlussfragen f\u00fcr sechs Monate bei uns gespeichert. Es erfolgt, ohne Ihre Einwilligung, keine Weitergabe Ihrer \u00fcbermittelten Daten.<\/p><p><strong>Datenspeicherung<\/strong><\/p><p>F\u00fcr die Vertragsabwicklung werden auch folgende Daten bei uns gespeichert:<br \/>Name, Anschrift, E-Mail, Telefonnummer.<\/p><p>Die von Ihnen bereitgestellten Daten sind f\u00fcr die Vertragserf\u00fcllung und zur Durchf\u00fchrung vorvertraglicher Ma\u00dfnahmen erforderlich. Ein Vertragsabschluss ohne dieser Daten ist nicht m\u00f6glich. Eine \u00dcbermittlung der erhobenen Daten an Dritte erfolgt nicht.<\/p><p>Sollte es zu einem R\u00fccktritt bei Konzertkartenkauf kommen, werden diese bei uns gespeicherten Daten gel\u00f6scht. Solle ein Vertragsabschluss zustande kommen, werden s\u00e4mtliche Daten, resultierend aus dem Vertragsverh\u00e4ltnis, bis zum Ablauf der steuerrechtlichen Aufbewahrungsfirst (7 Jahre) gespeichert. Der \u00fcbermittelte Name, die Anschrift, gekaufte Waren und Kaufdatum werden dar\u00fcber hinaus bis zum Ablauf der Produkthaftung (10 Jahre) gespeichert. Die Datenverarbeitung erfolgt auf Basis der gesetzlichen Bestimmungen des \u00a7 96 Abs 3 TKG sowie des Art 6 Abs 1 lit a (Einwilligung) und\/oder lit b (notwendig zur Vertragserf\u00fcllung) der DSGVO.<\/p><p><strong>Google Fonts<\/strong><\/p><p>Unsere Website verwendet Schriftarten von \u201eGoogle Fonts\u201c. Der Dienstanbieter dieser Funktion ist:<\/p><ul><li>Google Ireland Limited Gordon House, Barrow Street Dublin 4. Ireland<\/li><\/ul><p>Tel: +353 1 543 1000<\/p><p>Beim Aufrufen dieser Webseite l\u00e4dt Ihr Browser Schriftarten und speichert diese in den Cache. Da Sie, als Besucher der Webseite, Daten des Dienstanbieters empfangen kann Google unter Umst\u00e4nden Cookies auf Ihrem Rechner setzen oder analysieren.<\/p><p>Die Nutzung von \u201eGoogle-Fonts\u201c dient der Optimierung unserer Dienstleistung und der einheitlichen Darstellung von Inhalten. Dies stellt ein berechtigtes Interesse im Sinne von Art. 6 Abs. 1 lit. f DSGVO dar.<\/p><p>Weitere Informationen zu Google Fonts erhalten Sie unter folgendem Link:<\/p><ul><li><a href=\"https:\/\/developers.google.com\/fonts\/faq\"> https:\/\/developers.google.com\/fonts\/faq <\/a><\/li><\/ul><p>Weitere Informationen \u00fcber den Umgang mit Nutzerdaten von Google k\u00f6nnen Sie der Datenschutzerkl\u00e4rung entnehmen:<\/p><ul><li><a href=\"https:\/\/policies.google.com\/privacy?hl=de\"> https:\/\/policies.google.com\/privacy?hl=de <\/a> .<\/li><\/ul><p>Google verarbeitet die Daten auch in den USA, hat sich jedoch dem <br \/>EU-US Privacy-Shield unterworfen.<\/p><p><a href=\"https:\/\/www.privacyshield.gov\/EU-US-Framework\"> https:\/\/www.privacyshield.gov\/EU-US-Framework<\/a><\/p><p><strong>Newsletter<\/strong><\/p><p>Sie haben die M\u00f6glichkeit, \u00fcber unsere Website unseren Newsletter zu abonnieren. Hierf\u00fcr ben\u00f6tigen wir Ihre E-Mail-Adresse und ihre Erkl\u00e4rung, dass Sie mit dem Bezug des Newsletters einverstanden sind.<\/p><p><strong>Ihre Rechte als Betroffener<\/strong><\/p><p>Sie als Betroffener haben bez\u00fcglich Ihrer Daten, welche bei uns gespeichert sind grunds\u00e4tzlich ein Recht auf:<\/p><ul><li>Auskunft<\/li><li>L\u00f6schung der Daten<\/li><li>Berichtigung der Daten<\/li><li>\u00dcbertragbarkeit der Daten<\/li><li>Wiederruf und Widerspruch zur Datenverarbeitung<\/li><li>Einschr\u00e4nkung<\/li><\/ul><p>Wenn sie vermuten, dass im Zuge der Verarbeitung Ihrer Daten Verst\u00f6\u00dfe gegen das Datenschutzrecht passiert sind, so haben Sie die M\u00f6glichkeit sich bei uns (office@linzer-konzertverein.at) oder der Datenschutzbeh\u00f6rde zu beschweren.<\/p><p><strong>Sie erreichen uns unter folgenden Kontaktdaten:<\/strong><\/p><p>Webseitenbetreiber: Linzer Konzertverein<br \/>Telefonnummer: +43-(0)676-6259146<br \/>Email: office@linzer-konzertverein.at<\/p><p>Quelle: <b><a href=\"https:\/\/www.fairesrecht.at\/kostenlos-datenschutzerklaerung-erstellen-generator.php\">Datenschutzgenerator \u00d6sterreich DSGVO<\/a><\/b><\/p>\t\t\t\t\t\t\t\t<\/div>\n\t\t\t\t<\/div>\n\t\t\t\t\t<\/div>\n\t\t\t\t<\/div>\n\t\t\t\t<\/div>\n\t\t","protected":false},"excerpt":{"rendered":"<p>In folgender Datenschutzerkl\u00e4rung informieren wir Sie \u00fcber die wichtigsten Aspekte der Datenverarbeitung im Rahmen unserer Website. Wir erheben und verarbeiten personenbezogene Daten nur auf Grundlage der gesetzlichen Bestimmungen (Datenschutzgrundverordnung, Telekommunikationsgesetz 2003). Sobald Sie als Benutzer auf unsere Webseite zugreifen oder diese besuchen wird Ihre IP-Adresse, Beginn sowie Beginn und Ende der Sitzung erfasst. Dies ist &hellip; <\/p>\n<p class=\"link-more\"><a href=\"https:\/\/wppool.abenteuerbox.at\/DA_KV_Linz\/?page_id=1407\" class=\"more-link\">Read more<span class=\"screen-reader-text\"> &#8222;Datenschutzerkl\u00e4rung&#8220;<\/span><\/a><\/p>\n","protected":false},"author":1,"featured_media":0,"parent":0,"menu_order":0,"comment_status":"closed","ping_status":"closed","template":"","meta":{"inspiro_hide_title":false,"footnotes":""},"class_list":["post-1407","page","type-page","status-publish","hentry"],"_links":{"self":[{"href":"https:\/\/wppool.abenteuerbox.at\/DA_KV_Linz\/index.php?rest_route=\/wp\/v2\/pages\/1407","targetHints":{"allow":["GET"]}}],"collection":[{"href":"https:\/\/wppool.abenteuerbox.at\/DA_KV_Linz\/index.php?rest_route=\/wp\/v2\/pages"}],"about":[{"href":"https:\/\/wppool.abenteuerbox.at\/DA_KV_Linz\/index.php?rest_route=\/wp\/v2\/types\/page"}],"author":[{"embeddable":true,"href":"https:\/\/wppool.abenteuerbox.at\/DA_KV_Linz\/index.php?rest_route=\/wp\/v2\/users\/1"}],"replies":[{"embeddable":true,"href":"https:\/\/wppool.abenteuerbox.at\/DA_KV_Linz\/index.php?rest_route=%2Fwp%2Fv2%2Fcomments&post=1407"}],"version-history":[{"count":14,"href":"https:\/\/wppool.abenteuerbox.at\/DA_KV_Linz\/index.php?rest_route=\/wp\/v2\/pages\/1407\/revisions"}],"predecessor-version":[{"id":6040,"href":"https:\/\/wppool.abenteuerbox.at\/DA_KV_Linz\/index.php?rest_route=\/wp\/v2\/pages\/1407\/revisions\/6040"}],"wp:attachment":[{"href":"https:\/\/wppool.abenteuerbox.at\/DA_KV_Linz\/index.php?rest_route=%2Fwp%2Fv2%2Fmedia&parent=1407"}],"curies":[{"name":"wp","href":"https:\/\/api.w.org\/{rel}","templated":true}]}}