{"id":1458,"date":"2025-01-13T12:33:20","date_gmt":"2025-01-13T11:33:20","guid":{"rendered":"https:\/\/wppool.abenteuerbox.at\/DA_KV_Linz\/?page_id=1458"},"modified":"2025-01-24T20:25:09","modified_gmt":"2025-01-24T19:25:09","slug":"eric-laporte","status":"publish","type":"page","link":"https:\/\/wppool.abenteuerbox.at\/DA_KV_Linz\/?page_id=1458","title":{"rendered":"Eric Laporte"},"content":{"rendered":"\t\t<div data-elementor-type=\"wp-page\" data-elementor-id=\"1458\" class=\"elementor elementor-1458\">\n\t\t\t\t<div class=\"elementor-element elementor-element-fe0944a e-flex e-con-boxed e-con e-parent\" data-id=\"fe0944a\" data-element_type=\"container\">\n\t\t\t\t\t<div class=\"e-con-inner\">\n\t\t<div class=\"elementor-element elementor-element-26f9011 e-con-full e-flex e-con e-child\" data-id=\"26f9011\" data-element_type=\"container\">\n\t\t\t\t<div class=\"elementor-element elementor-element-51f24d4 elementor-widget elementor-widget-heading\" data-id=\"51f24d4\" data-element_type=\"widget\" data-widget_type=\"heading.default\">\n\t\t\t\t<div class=\"elementor-widget-container\">\n\t\t\t\t\t<h2 class=\"elementor-heading-title elementor-size-default\">Tenor<\/h2>\t\t\t\t<\/div>\n\t\t\t\t<\/div>\n\t\t\t\t<div class=\"elementor-element elementor-element-4890d88 elementor-widget elementor-widget-text-editor\" data-id=\"4890d88\" data-element_type=\"widget\" data-widget_type=\"text-editor.default\">\n\t\t\t\t<div class=\"elementor-widget-container\">\n\t\t\t\t\t\t\t\t\t<p><strong>Auftritte im Linzer Konzertverein:<\/strong><\/p><p>01.12.2004, Festkonzert 85 Jahre Linzer Konzertverein<br \/>28.04.2004, Jubil\u00e4umskonzert<\/p>\t\t\t\t\t\t\t\t<\/div>\n\t\t\t\t<\/div>\n\t\t\t\t<\/div>\n\t\t<div class=\"elementor-element elementor-element-9853168 e-con-full e-flex e-con e-child\" data-id=\"9853168\" data-element_type=\"container\">\n\t\t\t\t<\/div>\n\t\t<div class=\"elementor-element elementor-element-907c325 e-con-full e-flex e-con e-child\" data-id=\"907c325\" data-element_type=\"container\">\n\t\t\t\t<div class=\"elementor-element elementor-element-251d170 elementor-widget elementor-widget-text-editor\" data-id=\"251d170\" data-element_type=\"widget\" data-widget_type=\"text-editor.default\">\n\t\t\t\t<div class=\"elementor-widget-container\">\n\t\t\t\t\t\t\t\t\t<p>Eric Laporte, 1999 Preistr\u00e4ger im Belvedere Wettbewerb Wien und im Jeunesses Musicales du Canada Singing Competition, ist einer der kommenden Ten\u00f6re Kanadas. Er deb\u00fctierte an der Opera de Montreal in der Partie des Nemorino in \u201el\u2019Elisir d&#8217;amore\u201c und ging mit dieser Produktion auf eine Kanada-Tournee. Sein europ\u00e4isches Deb\u00fct folgte im September 2000 am Landestheater Salzburg, wo er als Tamino in \u201eDie Zauberfl\u00f6te\u201c auf der B\u00fchne stand und als Mozartinterpret gro\u00dfen Anklang fand.<br \/>Ab Februar 2001 war Laporte Ensemblemitglied des Landestheaters Linz und begeisterte Publikum und Presse, die ihm u.a. neben seinem stimmlichen Potential das gewisse Etwas. \u201eattestierte\u201c, das ihn aus der Endlosreihe der Ten\u00f6re heraushebe: eine unglaubliche kom\u00f6diantische Ader (Ober\u00f6sterreichische Nachrichten). \u00dcber seinen Ferrando in \u201eCosi fan tutte\u201c war zu lesen: \u201eAls vokale Delikatesse servierte Eric Laporte mit kultivierter Phrasierung und tenoralem Klangreiz die ber\u00fchmte Arie \u201eUn aura amorosa\u201c. (Salzburger Nachrichten).<br \/>In Linz verk\u00f6rperte er Ernesto in \u201eDon Pasquale\u201c, den Italienischen S\u00e4nger in \u201eDer Rosenkavalier\u201c, Libenskof in \u201eDie Reise nach Reims\u201c, Nemorino in \u201el&#8217;Elisir d&#8217;amore\u201c, Ferrando in \u201eCosi fan tutte\u201c, Camille in \u201eDie lustige Witwe\u201c und Fenton in \u201eDie lustigen Weiber von Windsor\u201c.<br \/>Laporte gastiert periodisch an verschiedenen Opernh\u00e4usern (u.a. in K\u00f6ln. D\u00fcsseldorf), bei Festspielen (u.a. dem Brucknerfest Linz) und mit diversen Orchestern in Europa und Nordamerika. Seit der Spielzeit 2003\/2004 ist er am Theater der Bundesstadt Bonn engagiert und wird in den Rollen Jonathan in Handels \u201eSaul\u201c, Tamino in \u201eDie Zauberfl\u00f6te\u201c, Conte Almaviva in \u201eIl Barbiere di Siviglia\u201c, und als Titelfigur in Rameaus \u201eDardanus\u201c zu sehen und zu h\u00f6ren sein.<br \/>Laportes Repertoire umfasst auch viele franz\u00f6sische Partien seines Faches, u.a. Des Grieux \u201eManon\u201c, Nadir \u201eDie Perlenfischer\u201c und Chappelou \u201eDer Postillon von Longjumeau\u201c. Liederzyklen, m\u00e8lodies francaises und verschiedene geistliche Werke des 17. und 18. Jahrhunderts komplettieren sein Repertoire.<br \/><br \/>(2004)<\/p>\t\t\t\t\t\t\t\t<\/div>\n\t\t\t\t<\/div>\n\t\t\t\t<div class=\"elementor-element elementor-element-98ec06f elementor-widget elementor-widget-text-editor\" data-id=\"98ec06f\" data-element_type=\"widget\" data-widget_type=\"text-editor.default\">\n\t\t\t\t<div class=\"elementor-widget-container\">\n\t\t\t\t\t\t\t\t\t<p style=\"text-align: right;\">\n<a href=\"javascript:history.back();\">Zur\u00fcck<\/a>\n<\/p>\t\t\t\t\t\t\t\t<\/div>\n\t\t\t\t<\/div>\n\t\t\t\t<\/div>\n\t\t\t\t\t<\/div>\n\t\t\t\t<\/div>\n\t\t\t\t<\/div>\n\t\t","protected":false},"excerpt":{"rendered":"<p>Tenor Auftritte im Linzer Konzertverein: 01.12.2004, Festkonzert 85 Jahre Linzer Konzertverein28.04.2004, Jubil\u00e4umskonzert Eric Laporte, 1999 Preistr\u00e4ger im Belvedere Wettbewerb Wien und im Jeunesses Musicales du Canada Singing Competition, ist einer der kommenden Ten\u00f6re Kanadas. Er deb\u00fctierte an der Opera de Montreal in der Partie des Nemorino in \u201el\u2019Elisir d&#8217;amore\u201c und ging mit dieser Produktion auf &hellip; <\/p>\n<p class=\"link-more\"><a href=\"https:\/\/wppool.abenteuerbox.at\/DA_KV_Linz\/?page_id=1458\" class=\"more-link\">Read more<span class=\"screen-reader-text\"> &#8222;Eric Laporte&#8220;<\/span><\/a><\/p>\n","protected":false},"author":1,"featured_media":0,"parent":0,"menu_order":0,"comment_status":"closed","ping_status":"closed","template":"","meta":{"inspiro_hide_title":false,"footnotes":""},"class_list":["post-1458","page","type-page","status-publish","hentry"],"_links":{"self":[{"href":"https:\/\/wppool.abenteuerbox.at\/DA_KV_Linz\/index.php?rest_route=\/wp\/v2\/pages\/1458","targetHints":{"allow":["GET"]}}],"collection":[{"href":"https:\/\/wppool.abenteuerbox.at\/DA_KV_Linz\/index.php?rest_route=\/wp\/v2\/pages"}],"about":[{"href":"https:\/\/wppool.abenteuerbox.at\/DA_KV_Linz\/index.php?rest_route=\/wp\/v2\/types\/page"}],"author":[{"embeddable":true,"href":"https:\/\/wppool.abenteuerbox.at\/DA_KV_Linz\/index.php?rest_route=\/wp\/v2\/users\/1"}],"replies":[{"embeddable":true,"href":"https:\/\/wppool.abenteuerbox.at\/DA_KV_Linz\/index.php?rest_route=%2Fwp%2Fv2%2Fcomments&post=1458"}],"version-history":[{"count":13,"href":"https:\/\/wppool.abenteuerbox.at\/DA_KV_Linz\/index.php?rest_route=\/wp\/v2\/pages\/1458\/revisions"}],"predecessor-version":[{"id":7334,"href":"https:\/\/wppool.abenteuerbox.at\/DA_KV_Linz\/index.php?rest_route=\/wp\/v2\/pages\/1458\/revisions\/7334"}],"wp:attachment":[{"href":"https:\/\/wppool.abenteuerbox.at\/DA_KV_Linz\/index.php?rest_route=%2Fwp%2Fv2%2Fmedia&parent=1458"}],"curies":[{"name":"wp","href":"https:\/\/api.w.org\/{rel}","templated":true}]}}