{"id":1472,"date":"2025-01-13T12:37:42","date_gmt":"2025-01-13T11:37:42","guid":{"rendered":"https:\/\/wppool.abenteuerbox.at\/DA_KV_Linz\/?page_id=1472"},"modified":"2025-01-24T20:26:11","modified_gmt":"2025-01-24T19:26:11","slug":"andrea-lang","status":"publish","type":"page","link":"https:\/\/wppool.abenteuerbox.at\/DA_KV_Linz\/?page_id=1472","title":{"rendered":"Andrea Lang"},"content":{"rendered":"\t\t<div data-elementor-type=\"wp-page\" data-elementor-id=\"1472\" class=\"elementor elementor-1472\">\n\t\t\t\t<div class=\"elementor-element elementor-element-2a86ecd e-flex e-con-boxed e-con e-parent\" data-id=\"2a86ecd\" data-element_type=\"container\">\n\t\t\t\t\t<div class=\"e-con-inner\">\n\t\t<div class=\"elementor-element elementor-element-d3a7c40 e-con-full e-flex e-con e-child\" data-id=\"d3a7c40\" data-element_type=\"container\">\n\t\t\t\t<div class=\"elementor-element elementor-element-fa1ae3b elementor-widget elementor-widget-heading\" data-id=\"fa1ae3b\" data-element_type=\"widget\" data-widget_type=\"heading.default\">\n\t\t\t\t<div class=\"elementor-widget-container\">\n\t\t\t\t\t<h2 class=\"elementor-heading-title elementor-size-default\">Sopran<\/h2>\t\t\t\t<\/div>\n\t\t\t\t<\/div>\n\t\t\t\t<div class=\"elementor-element elementor-element-5e643bb elementor-widget elementor-widget-text-editor\" data-id=\"5e643bb\" data-element_type=\"widget\" data-widget_type=\"text-editor.default\">\n\t\t\t\t<div class=\"elementor-widget-container\">\n\t\t\t\t\t\t\t\t\t<p><strong>Auftritte im Linzer Konzertverein:<\/strong><\/p><p>28.04.2004, Jubil\u00e4umskonzert<\/p>\t\t\t\t\t\t\t\t<\/div>\n\t\t\t\t<\/div>\n\t\t\t\t<\/div>\n\t\t<div class=\"elementor-element elementor-element-60f9073 e-con-full e-flex e-con e-child\" data-id=\"60f9073\" data-element_type=\"container\">\n\t\t\t\t<\/div>\n\t\t<div class=\"elementor-element elementor-element-e1616aa e-con-full e-flex e-con e-child\" data-id=\"e1616aa\" data-element_type=\"container\">\n\t\t\t\t<div class=\"elementor-element elementor-element-eddf8ca elementor-widget elementor-widget-text-editor\" data-id=\"eddf8ca\" data-element_type=\"widget\" data-widget_type=\"text-editor.default\">\n\t\t\t\t<div class=\"elementor-widget-container\">\n\t\t\t\t\t\t\t\t\t<p>Die geb\u00fcrtige Schweizerin Andrea Lang absolvierte ihr Gesangsstudium an der Hochschule der K\u00fcnste Berlin bei Frau Prof. Ingrid Figur und bestand das Konzertexamen \u201emit Auszeichnung&#8220;.<br \/><br \/>Sie war mehrfach aktive Teilnehmerin bei verschiedenen Meisterkursen wie der Internationalen Sommerakademie Mozarteum in Salzburg, der Internationalen Bachakademie in Stuttgart, dem Steans Institute for Young Artists am Ravinia Festival in Chicago und Meisterklassen f\u00fcr Liedliteratur des 20. Jahrhunderts in Berlin.<br \/><br \/>In diesem Rahmen genoss sie Unterricht bei namhaften K\u00fcnstlern wie u.a. Peter Schreier, Thomas Allen, Frederica von Stade, Barbara Bonney, Roger Vignoles, Helmut Rilling und Aribert Reimann. 1999 gewann die Sopranistin den 3. Preis beim Internationalen Paula Lindberg-Salomon-Liedwettbewerb und 2003 war sie als einzige Schweizerin eine der wenig auserw\u00e4hlten S\u00e4ngerinnen beim Placido Domingo-Gesangswettbewerb \u201eOperalia&#8220;. Andrea Lang war Stipendiatin des Migros-Genossenschafts-Bundes und der Ernst G\u00f6hner-Stiftung sowie der Ria und Arthur Dietschweiler-Stiftung in der Schweiz.<br \/><br \/>W\u00e4hrend drei Spielzeiten war die Sopranistin Ensemblemitglied am Landestheater Linz, wo sie in vielen wichtigen Opernpartien ihres Fachs zu h\u00f6ren war, u. a. als Norina in Donizettis Don Pasquale, \u00c4nnchen in Webers Freisch\u00fctz, Despina in Mozarts Cosi fan tutte, Sophie in Richard Strauss&#8216; Rosenkavalier und Adina in Donizettis L&#8216; Elisir d&#8216; amore. Zu ihren gr\u00f6\u00dften Opernerfolgen z\u00e4hlt des Weiteren ihr Deb\u00fct am Gro\u00dfen Festspielhaus Bregenz, wo sie im Dezember 2001 die Rolle der Gretel in Humpernicks M\u00e4rchenoper H\u00e4nsel und Gretel verk\u00f6rperte.<br \/><br \/>Rege Opern- und Konzertt\u00e4tigkeit f\u00fchren die freischaffende S\u00e4ngerin ins In- und Ausland. So war sie unter anderem beim Brucknerfest in Linz und im Wiener Konzerthaus unter Dennis Russel Davies als Marzelline in Beethovens Leonore, bei den Herbstlichen Musiktagen Bad Urach, in der Urauff\u00fchrung von Siegfried Wagners Oper Rainulf und Adelasia als Graziella, in einer konzertanten Auff\u00fchrungsserie von Mozarts Le nozze di Figaro in Japan als Susanna und w\u00e4hrend einer Konzerttournee in S\u00fcdtirol unter der Leitung von Gustav K\u00fchn zu h\u00f6ren.<br \/><br \/>(2004)<\/p>\t\t\t\t\t\t\t\t<\/div>\n\t\t\t\t<\/div>\n\t\t\t\t<div class=\"elementor-element elementor-element-8b0a64a elementor-widget elementor-widget-text-editor\" data-id=\"8b0a64a\" data-element_type=\"widget\" data-widget_type=\"text-editor.default\">\n\t\t\t\t<div class=\"elementor-widget-container\">\n\t\t\t\t\t\t\t\t\t<p style=\"text-align: right;\">\n<a href=\"javascript:history.back();\">Zur\u00fcck<\/a>\n<\/p>\t\t\t\t\t\t\t\t<\/div>\n\t\t\t\t<\/div>\n\t\t\t\t<\/div>\n\t\t\t\t\t<\/div>\n\t\t\t\t<\/div>\n\t\t\t\t<\/div>\n\t\t","protected":false},"excerpt":{"rendered":"<p>Sopran Auftritte im Linzer Konzertverein: 28.04.2004, Jubil\u00e4umskonzert Die geb\u00fcrtige Schweizerin Andrea Lang absolvierte ihr Gesangsstudium an der Hochschule der K\u00fcnste Berlin bei Frau Prof. Ingrid Figur und bestand das Konzertexamen \u201emit Auszeichnung&#8220;. Sie war mehrfach aktive Teilnehmerin bei verschiedenen Meisterkursen wie der Internationalen Sommerakademie Mozarteum in Salzburg, der Internationalen Bachakademie in Stuttgart, dem Steans Institute &hellip; <\/p>\n<p class=\"link-more\"><a href=\"https:\/\/wppool.abenteuerbox.at\/DA_KV_Linz\/?page_id=1472\" class=\"more-link\">Read more<span class=\"screen-reader-text\"> &#8222;Andrea Lang&#8220;<\/span><\/a><\/p>\n","protected":false},"author":1,"featured_media":0,"parent":0,"menu_order":0,"comment_status":"closed","ping_status":"closed","template":"","meta":{"inspiro_hide_title":false,"footnotes":""},"class_list":["post-1472","page","type-page","status-publish","hentry"],"_links":{"self":[{"href":"https:\/\/wppool.abenteuerbox.at\/DA_KV_Linz\/index.php?rest_route=\/wp\/v2\/pages\/1472","targetHints":{"allow":["GET"]}}],"collection":[{"href":"https:\/\/wppool.abenteuerbox.at\/DA_KV_Linz\/index.php?rest_route=\/wp\/v2\/pages"}],"about":[{"href":"https:\/\/wppool.abenteuerbox.at\/DA_KV_Linz\/index.php?rest_route=\/wp\/v2\/types\/page"}],"author":[{"embeddable":true,"href":"https:\/\/wppool.abenteuerbox.at\/DA_KV_Linz\/index.php?rest_route=\/wp\/v2\/users\/1"}],"replies":[{"embeddable":true,"href":"https:\/\/wppool.abenteuerbox.at\/DA_KV_Linz\/index.php?rest_route=%2Fwp%2Fv2%2Fcomments&post=1472"}],"version-history":[{"count":13,"href":"https:\/\/wppool.abenteuerbox.at\/DA_KV_Linz\/index.php?rest_route=\/wp\/v2\/pages\/1472\/revisions"}],"predecessor-version":[{"id":7337,"href":"https:\/\/wppool.abenteuerbox.at\/DA_KV_Linz\/index.php?rest_route=\/wp\/v2\/pages\/1472\/revisions\/7337"}],"wp:attachment":[{"href":"https:\/\/wppool.abenteuerbox.at\/DA_KV_Linz\/index.php?rest_route=%2Fwp%2Fv2%2Fmedia&parent=1472"}],"curies":[{"name":"wp","href":"https:\/\/api.w.org\/{rel}","templated":true}]}}