{"id":1489,"date":"2025-01-13T12:43:35","date_gmt":"2025-01-13T11:43:35","guid":{"rendered":"https:\/\/wppool.abenteuerbox.at\/DA_KV_Linz\/?page_id=1489"},"modified":"2025-01-24T20:27:41","modified_gmt":"2025-01-24T19:27:41","slug":"robert-habenschuss","status":"publish","type":"page","link":"https:\/\/wppool.abenteuerbox.at\/DA_KV_Linz\/?page_id=1489","title":{"rendered":"Robert Habenschuss"},"content":{"rendered":"\t\t<div data-elementor-type=\"wp-page\" data-elementor-id=\"1489\" class=\"elementor elementor-1489\">\n\t\t\t\t<div class=\"elementor-element elementor-element-8aa7a42 e-flex e-con-boxed e-con e-parent\" data-id=\"8aa7a42\" data-element_type=\"container\">\n\t\t\t\t\t<div class=\"e-con-inner\">\n\t\t<div class=\"elementor-element elementor-element-9b58a8c e-con-full e-flex e-con e-child\" data-id=\"9b58a8c\" data-element_type=\"container\">\n\t\t\t\t<div class=\"elementor-element elementor-element-73d2bef elementor-widget elementor-widget-heading\" data-id=\"73d2bef\" data-element_type=\"widget\" data-widget_type=\"heading.default\">\n\t\t\t\t<div class=\"elementor-widget-container\">\n\t\t\t\t\t<h2 class=\"elementor-heading-title elementor-size-default\">Dirigent<\/h2>\t\t\t\t<\/div>\n\t\t\t\t<\/div>\n\t\t\t\t<div class=\"elementor-element elementor-element-d434b3e elementor-widget elementor-widget-text-editor\" data-id=\"d434b3e\" data-element_type=\"widget\" data-widget_type=\"text-editor.default\">\n\t\t\t\t<div class=\"elementor-widget-container\">\n\t\t\t\t\t\t\t\t\t<p><strong>Auftritte im Linzer Konzertverein:<\/strong><\/p><p><br \/>03.12.2003, Sinfoniekonzert<br \/>09.04.2003, Sinfoniekonzert<br \/>10.04.2002, Sinfoniekonzert<br \/>06.02.2002, Konzert mit den Sch\u00fclerinnen der Allgemeinen Tanzklasse des Brucknerkonservatoriums (Einstudierung: Renate Makovec)<br \/>28.03.2001, Sinfoniekonzert<br \/>10.03.2001, Fr\u00fchlingsgala<br \/>01.12.1999, Festkonzert 80 Jahre Linzer Konzertverein<br \/>24.03.1999, Sinfoniekonzert<br \/>25.11.1998, Sinfoniekonzert<br \/>12.03.1997, Sinfoniekonzert<br \/>27.11.1996, Sinfoniekonzert<br \/>29.11.1995, Sinfoniekonzert<br \/>05.04.1995, Sinfoniekonzert<br \/>01.12.1993, Sinfoniekonzert<\/p>\t\t\t\t\t\t\t\t<\/div>\n\t\t\t\t<\/div>\n\t\t\t\t<\/div>\n\t\t<div class=\"elementor-element elementor-element-5af7d89 e-con-full e-flex e-con e-child\" data-id=\"5af7d89\" data-element_type=\"container\">\n\t\t\t\t<div class=\"elementor-element elementor-element-5dbab5e elementor-widget elementor-widget-image\" data-id=\"5dbab5e\" data-element_type=\"widget\" data-widget_type=\"image.default\">\n\t\t\t\t<div class=\"elementor-widget-container\">\n\t\t\t\t\t\t\t\t\t\t\t\t\t\t\t<img decoding=\"async\" width=\"155\" height=\"200\" src=\"https:\/\/wppool.abenteuerbox.at\/DA_KV_Linz\/wp-content\/uploads\/2025\/01\/Habenschuss_Robert.jpg\" class=\"attachment-large size-large wp-image-1492\" alt=\"\" sizes=\"100vw\" \/>\t\t\t\t\t\t\t\t\t\t\t\t\t\t\t<\/div>\n\t\t\t\t<\/div>\n\t\t\t\t<\/div>\n\t\t<div class=\"elementor-element elementor-element-7eee5d7 e-con-full e-flex e-con e-child\" data-id=\"7eee5d7\" data-element_type=\"container\">\n\t\t\t\t<div class=\"elementor-element elementor-element-799736a elementor-widget elementor-widget-text-editor\" data-id=\"799736a\" data-element_type=\"widget\" data-widget_type=\"text-editor.default\">\n\t\t\t\t<div class=\"elementor-widget-container\">\n\t\t\t\t\t\t\t\t\t<p>1969 Beginn des Musikstudiums am Brucknerkonservatorium Linz.<br \/>1971 und 1973 Preistr\u00e4ger bei &#8222;Jugend musiziert&#8220; in Leoben.<br \/>1975 staatliche Lehrbef\u00e4higung mit Auszeichnung f\u00fcr Klarinette und Blockfl\u00f6te.<br \/>1976-1980 Lehrer an der Musikschule Linz.<br \/>1977 Diplompr\u00fcfung mit Auszeichnung f\u00fcr Klarinette.<br \/>1978 Kapellmeisterabschlu\u00dfpr\u00fcfung mit Auszeichnung.<br \/>1978-1980 Studium an der Musikhochschule Wien.<br \/>1979-1981 Dirigentenausbildung am Bruckner-Konservatorium Linz.<br \/>1984 Preis als bester Dirigent bei den 29. internationalen Rasteder Musiktagen (BRD).<br \/>1985 Dirigent beim Symphonieorchester Marchtrenk.<br \/>1989 Ehrenzeichen in Silber des ober\u00f6sterreichischen Blasmusikverbandes .<br \/>1990 Kulturmedaille der Stadt Linz.<br \/><br \/>(1993)<\/p>\t\t\t\t\t\t\t\t<\/div>\n\t\t\t\t<\/div>\n\t\t\t\t<div class=\"elementor-element elementor-element-7384729 elementor-widget elementor-widget-text-editor\" data-id=\"7384729\" data-element_type=\"widget\" data-widget_type=\"text-editor.default\">\n\t\t\t\t<div class=\"elementor-widget-container\">\n\t\t\t\t\t\t\t\t\t<p style=\"text-align: right;\">\n<a href=\"javascript:history.back();\">Zur\u00fcck<\/a>\n<\/p>\t\t\t\t\t\t\t\t<\/div>\n\t\t\t\t<\/div>\n\t\t\t\t<\/div>\n\t\t\t\t\t<\/div>\n\t\t\t\t<\/div>\n\t\t\t\t<\/div>\n\t\t","protected":false},"excerpt":{"rendered":"<p>Dirigent Auftritte im Linzer Konzertverein: 03.12.2003, Sinfoniekonzert09.04.2003, Sinfoniekonzert10.04.2002, Sinfoniekonzert06.02.2002, Konzert mit den Sch\u00fclerinnen der Allgemeinen Tanzklasse des Brucknerkonservatoriums (Einstudierung: Renate Makovec)28.03.2001, Sinfoniekonzert10.03.2001, Fr\u00fchlingsgala01.12.1999, Festkonzert 80 Jahre Linzer Konzertverein24.03.1999, Sinfoniekonzert25.11.1998, Sinfoniekonzert12.03.1997, Sinfoniekonzert27.11.1996, Sinfoniekonzert29.11.1995, Sinfoniekonzert05.04.1995, Sinfoniekonzert01.12.1993, Sinfoniekonzert 1969 Beginn des Musikstudiums am Brucknerkonservatorium Linz.1971 und 1973 Preistr\u00e4ger bei &#8222;Jugend musiziert&#8220; in Leoben.1975 staatliche Lehrbef\u00e4higung mit Auszeichnung f\u00fcr &hellip; <\/p>\n<p class=\"link-more\"><a href=\"https:\/\/wppool.abenteuerbox.at\/DA_KV_Linz\/?page_id=1489\" class=\"more-link\">Read more<span class=\"screen-reader-text\"> &#8222;Robert Habenschuss&#8220;<\/span><\/a><\/p>\n","protected":false},"author":1,"featured_media":0,"parent":0,"menu_order":0,"comment_status":"closed","ping_status":"closed","template":"","meta":{"inspiro_hide_title":false,"footnotes":""},"class_list":["post-1489","page","type-page","status-publish","hentry"],"_links":{"self":[{"href":"https:\/\/wppool.abenteuerbox.at\/DA_KV_Linz\/index.php?rest_route=\/wp\/v2\/pages\/1489","targetHints":{"allow":["GET"]}}],"collection":[{"href":"https:\/\/wppool.abenteuerbox.at\/DA_KV_Linz\/index.php?rest_route=\/wp\/v2\/pages"}],"about":[{"href":"https:\/\/wppool.abenteuerbox.at\/DA_KV_Linz\/index.php?rest_route=\/wp\/v2\/types\/page"}],"author":[{"embeddable":true,"href":"https:\/\/wppool.abenteuerbox.at\/DA_KV_Linz\/index.php?rest_route=\/wp\/v2\/users\/1"}],"replies":[{"embeddable":true,"href":"https:\/\/wppool.abenteuerbox.at\/DA_KV_Linz\/index.php?rest_route=%2Fwp%2Fv2%2Fcomments&post=1489"}],"version-history":[{"count":13,"href":"https:\/\/wppool.abenteuerbox.at\/DA_KV_Linz\/index.php?rest_route=\/wp\/v2\/pages\/1489\/revisions"}],"predecessor-version":[{"id":7343,"href":"https:\/\/wppool.abenteuerbox.at\/DA_KV_Linz\/index.php?rest_route=\/wp\/v2\/pages\/1489\/revisions\/7343"}],"wp:attachment":[{"href":"https:\/\/wppool.abenteuerbox.at\/DA_KV_Linz\/index.php?rest_route=%2Fwp%2Fv2%2Fmedia&parent=1489"}],"curies":[{"name":"wp","href":"https:\/\/api.w.org\/{rel}","templated":true}]}}