{"id":1496,"date":"2025-01-13T12:46:33","date_gmt":"2025-01-13T11:46:33","guid":{"rendered":"https:\/\/wppool.abenteuerbox.at\/DA_KV_Linz\/?page_id=1496"},"modified":"2025-01-24T20:28:18","modified_gmt":"2025-01-24T19:28:18","slug":"yvonne-brugger","status":"publish","type":"page","link":"https:\/\/wppool.abenteuerbox.at\/DA_KV_Linz\/?page_id=1496","title":{"rendered":"Yvonne Brugger"},"content":{"rendered":"\t\t<div data-elementor-type=\"wp-page\" data-elementor-id=\"1496\" class=\"elementor elementor-1496\">\n\t\t\t\t<div class=\"elementor-element elementor-element-8037210 e-flex e-con-boxed e-con e-parent\" data-id=\"8037210\" data-element_type=\"container\">\n\t\t\t\t\t<div class=\"e-con-inner\">\n\t\t<div class=\"elementor-element elementor-element-8509177 e-con-full e-flex e-con e-child\" data-id=\"8509177\" data-element_type=\"container\">\n\t\t\t\t<div class=\"elementor-element elementor-element-bf8bf14 elementor-widget elementor-widget-heading\" data-id=\"bf8bf14\" data-element_type=\"widget\" data-widget_type=\"heading.default\">\n\t\t\t\t<div class=\"elementor-widget-container\">\n\t\t\t\t\t<h2 class=\"elementor-heading-title elementor-size-default\">Klavier<\/h2>\t\t\t\t<\/div>\n\t\t\t\t<\/div>\n\t\t\t\t<div class=\"elementor-element elementor-element-0ddc47d elementor-widget elementor-widget-text-editor\" data-id=\"0ddc47d\" data-element_type=\"widget\" data-widget_type=\"text-editor.default\">\n\t\t\t\t<div class=\"elementor-widget-container\">\n\t\t\t\t\t\t\t\t\t<p><strong>Auftritte im Linzer Konzertverein:<\/strong><\/p><p>03.12.2003, Sinfoniekonzert<br \/>24.03.1999, Sinfoniekonzert<\/p>\t\t\t\t\t\t\t\t<\/div>\n\t\t\t\t<\/div>\n\t\t\t\t<\/div>\n\t\t<div class=\"elementor-element elementor-element-b94a297 e-con-full e-flex e-con e-child\" data-id=\"b94a297\" data-element_type=\"container\">\n\t\t\t\t<div class=\"elementor-element elementor-element-c920f33 elementor-widget elementor-widget-image\" data-id=\"c920f33\" data-element_type=\"widget\" data-widget_type=\"image.default\">\n\t\t\t\t<div class=\"elementor-widget-container\">\n\t\t\t\t\t\t\t\t\t\t\t\t\t\t\t<img decoding=\"async\" width=\"155\" height=\"200\" src=\"https:\/\/wppool.abenteuerbox.at\/DA_KV_Linz\/wp-content\/uploads\/2025\/01\/Brugger_Yvonne.jpg\" class=\"attachment-large size-large wp-image-1498\" alt=\"\" sizes=\"100vw\" \/>\t\t\t\t\t\t\t\t\t\t\t\t\t\t\t<\/div>\n\t\t\t\t<\/div>\n\t\t\t\t<\/div>\n\t\t<div class=\"elementor-element elementor-element-5fb8a0c e-con-full e-flex e-con e-child\" data-id=\"5fb8a0c\" data-element_type=\"container\">\n\t\t\t\t<div class=\"elementor-element elementor-element-82236ce elementor-widget elementor-widget-text-editor\" data-id=\"82236ce\" data-element_type=\"widget\" data-widget_type=\"text-editor.default\">\n\t\t\t\t<div class=\"elementor-widget-container\">\n\t\t\t\t\t\t\t\t\t<p>Yvonne Brugger wurde 1982 in Bad Ischl geboren und studiert seit ihrem sechsten Lebensjahr am Salzburger Mozarteum bei Prof. Anton Czjzek. Im Alter von 12 Jahren deb\u00fctierte sie im Mozartsaal des Konzerthauses Wien als Solistin des Lehar Orchesters mit gro\u00dfem Erfolg,<br \/><br \/>Parallel dazu war sie erste Preistr\u00e4gerin beim Wettbewerb &#8222;Prima la Musica&#8220; und spielte mehrmals Klavierkonzerte von Josef Haydn und Wolfgang Amadeus Mozart mit diversen Jugendorchestern, sowie bei einigen Rundfunkaufnahmen im Landesstudio Salzburg.<br \/>Im Jahre 1999 Deb\u00fct mit dem Linzer Konzertverein im gro\u00dfen Saal des Brucknerhauses Linz.<br \/><br \/>Zus\u00e4tzlich nahm sie an mehreren Meisterkursen bei Prof. Alois Kontarsky und Prof. Karl Heinz K\u00e4mmerling teil.<br \/><br \/>(1999)<\/p>\t\t\t\t\t\t\t\t<\/div>\n\t\t\t\t<\/div>\n\t\t\t\t<div class=\"elementor-element elementor-element-d1f0b1a elementor-widget elementor-widget-text-editor\" data-id=\"d1f0b1a\" data-element_type=\"widget\" data-widget_type=\"text-editor.default\">\n\t\t\t\t<div class=\"elementor-widget-container\">\n\t\t\t\t\t\t\t\t\t<p style=\"text-align: right;\">\n<a href=\"javascript:history.back();\">Zur\u00fcck<\/a>\n<\/p>\t\t\t\t\t\t\t\t<\/div>\n\t\t\t\t<\/div>\n\t\t\t\t<\/div>\n\t\t\t\t\t<\/div>\n\t\t\t\t<\/div>\n\t\t\t\t<\/div>\n\t\t","protected":false},"excerpt":{"rendered":"<p>Klavier Auftritte im Linzer Konzertverein: 03.12.2003, Sinfoniekonzert24.03.1999, Sinfoniekonzert Yvonne Brugger wurde 1982 in Bad Ischl geboren und studiert seit ihrem sechsten Lebensjahr am Salzburger Mozarteum bei Prof. Anton Czjzek. Im Alter von 12 Jahren deb\u00fctierte sie im Mozartsaal des Konzerthauses Wien als Solistin des Lehar Orchesters mit gro\u00dfem Erfolg, Parallel dazu war sie erste Preistr\u00e4gerin &hellip; <\/p>\n<p class=\"link-more\"><a href=\"https:\/\/wppool.abenteuerbox.at\/DA_KV_Linz\/?page_id=1496\" class=\"more-link\">Read more<span class=\"screen-reader-text\"> &#8222;Yvonne Brugger&#8220;<\/span><\/a><\/p>\n","protected":false},"author":1,"featured_media":0,"parent":0,"menu_order":0,"comment_status":"closed","ping_status":"closed","template":"","meta":{"inspiro_hide_title":false,"footnotes":""},"class_list":["post-1496","page","type-page","status-publish","hentry"],"_links":{"self":[{"href":"https:\/\/wppool.abenteuerbox.at\/DA_KV_Linz\/index.php?rest_route=\/wp\/v2\/pages\/1496","targetHints":{"allow":["GET"]}}],"collection":[{"href":"https:\/\/wppool.abenteuerbox.at\/DA_KV_Linz\/index.php?rest_route=\/wp\/v2\/pages"}],"about":[{"href":"https:\/\/wppool.abenteuerbox.at\/DA_KV_Linz\/index.php?rest_route=\/wp\/v2\/types\/page"}],"author":[{"embeddable":true,"href":"https:\/\/wppool.abenteuerbox.at\/DA_KV_Linz\/index.php?rest_route=\/wp\/v2\/users\/1"}],"replies":[{"embeddable":true,"href":"https:\/\/wppool.abenteuerbox.at\/DA_KV_Linz\/index.php?rest_route=%2Fwp%2Fv2%2Fcomments&post=1496"}],"version-history":[{"count":19,"href":"https:\/\/wppool.abenteuerbox.at\/DA_KV_Linz\/index.php?rest_route=\/wp\/v2\/pages\/1496\/revisions"}],"predecessor-version":[{"id":7349,"href":"https:\/\/wppool.abenteuerbox.at\/DA_KV_Linz\/index.php?rest_route=\/wp\/v2\/pages\/1496\/revisions\/7349"}],"wp:attachment":[{"href":"https:\/\/wppool.abenteuerbox.at\/DA_KV_Linz\/index.php?rest_route=%2Fwp%2Fv2%2Fmedia&parent=1496"}],"curies":[{"name":"wp","href":"https:\/\/api.w.org\/{rel}","templated":true}]}}