{"id":1506,"date":"2025-01-13T12:55:07","date_gmt":"2025-01-13T11:55:07","guid":{"rendered":"https:\/\/wppool.abenteuerbox.at\/DA_KV_Linz\/?page_id=1506"},"modified":"2025-01-24T20:28:55","modified_gmt":"2025-01-24T19:28:55","slug":"stefan-stroissnig","status":"publish","type":"page","link":"https:\/\/wppool.abenteuerbox.at\/DA_KV_Linz\/?page_id=1506","title":{"rendered":"Stefan Stroissnig"},"content":{"rendered":"\t\t<div data-elementor-type=\"wp-page\" data-elementor-id=\"1506\" class=\"elementor elementor-1506\">\n\t\t\t\t<div class=\"elementor-element elementor-element-7ad5115 e-flex e-con-boxed e-con e-parent\" data-id=\"7ad5115\" data-element_type=\"container\">\n\t\t\t\t\t<div class=\"e-con-inner\">\n\t\t<div class=\"elementor-element elementor-element-07d545e e-con-full e-flex e-con e-child\" data-id=\"07d545e\" data-element_type=\"container\">\n\t\t\t\t<div class=\"elementor-element elementor-element-8c94460 elementor-widget elementor-widget-heading\" data-id=\"8c94460\" data-element_type=\"widget\" data-widget_type=\"heading.default\">\n\t\t\t\t<div class=\"elementor-widget-container\">\n\t\t\t\t\t<h2 class=\"elementor-heading-title elementor-size-default\">Klavier<\/h2>\t\t\t\t<\/div>\n\t\t\t\t<\/div>\n\t\t\t\t<div class=\"elementor-element elementor-element-461ef08 elementor-widget elementor-widget-text-editor\" data-id=\"461ef08\" data-element_type=\"widget\" data-widget_type=\"text-editor.default\">\n\t\t\t\t<div class=\"elementor-widget-container\">\n\t\t\t\t\t\t\t\t\t<p><strong>Auftritte im Linzer Konzertverein:<\/strong><\/p><p>09.04.2003, Sinfoniekonzert<\/p>\t\t\t\t\t\t\t\t<\/div>\n\t\t\t\t<\/div>\n\t\t\t\t<\/div>\n\t\t<div class=\"elementor-element elementor-element-db79af4 e-con-full e-flex e-con e-child\" data-id=\"db79af4\" data-element_type=\"container\">\n\t\t\t\t<div class=\"elementor-element elementor-element-5ac5cb8 elementor-widget elementor-widget-image\" data-id=\"5ac5cb8\" data-element_type=\"widget\" data-widget_type=\"image.default\">\n\t\t\t\t<div class=\"elementor-widget-container\">\n\t\t\t\t\t\t\t\t\t\t\t\t\t\t\t<img decoding=\"async\" width=\"155\" height=\"200\" src=\"https:\/\/wppool.abenteuerbox.at\/DA_KV_Linz\/wp-content\/uploads\/2025\/01\/Stroissnig_Stefan.jpg\" class=\"attachment-large size-large wp-image-1508\" alt=\"\" sizes=\"100vw\" \/>\t\t\t\t\t\t\t\t\t\t\t\t\t\t\t<\/div>\n\t\t\t\t<\/div>\n\t\t\t\t<\/div>\n\t\t<div class=\"elementor-element elementor-element-dbceae0 e-con-full e-flex e-con e-child\" data-id=\"dbceae0\" data-element_type=\"container\">\n\t\t\t\t<div class=\"elementor-element elementor-element-87368cf elementor-widget elementor-widget-text-editor\" data-id=\"87368cf\" data-element_type=\"widget\" data-widget_type=\"text-editor.default\">\n\t\t\t\t<div class=\"elementor-widget-container\">\n\t\t\t\t\t\t\t\t\t<p>Stefan Stroissnig wurde 1985 in Wien geboren. Er studiert Klavier bei Prof. Oleg Maisenberg an der Universit\u00e4t f\u00fcr Musik in Wien. Erster Klavierunterricht im Alter von 7 Jahren bei Mag. Gerhard Hofer an der Landesmusikschule Marchtrenk.<br \/>Von 1996-1999 studierte er am Bruckner-Konservatorium in Linz und von 1999 -2000 bei Vadim Suchanov in M\u00fcnchen. Weitere Studien bei Dmitri Bashkirov und Rudolf Kehrer. Er gewann mehrere erste Preise bei nationalen und internationalen Wettbewerben, u.a. Prima La Musica, B\u00f6sendorfer Stipendium, Das Podium, Musica Juventutis (Wien) und Vittoria Caffa Righetto (Italien). Er war Preistr\u00e4ger beim Internationalen Wettbewerb f\u00fcr junge Pianisten in Ettlingen (Deutschland) und erhielt eine Auszeichnung f\u00fcr die beste Interpretation eines Werkes von Bohuslav Martinu beim Rundfunk-Wettbewerb Concertino Praga. Im November 2000 gewann er den ersten Preis sowie den EMCY-Award beim Internationalen Klavierwettbewerb in Karlstad\/ Schweden (Greta Erikson&#8217;s Piano Competition) und im J\u00e4nner 2002 wurde er zur Finalrunde der Young Concert Artists Auditions in New York eingeladen.<br \/>Seit seinem zw\u00f6lften Lebensjahr regelm\u00e4\u00dfige Konzertauftritte als Solist, Kammermusiker und mit Orchester in Schweden, Italien, Japan, Deutschland. D\u00e4nemark. Einladungen u.a. zum S\u00fcdb\u00f6hmischen Musikfestival Concertino Praga, zum Klavierfestival Ruhr (auf Einladung von Prof. Dmitri Bashkirov), zum Internationalen Musikfestival 2002 in Kyoto (Japan) sowie zu Klavierrecitals in Kopenhagen (Klavierfestival des D\u00e4nischen Rundfunks 2001) und beim Carinthischen Sommer 2002. Zahlreiche Rundflinkaufnahmen.<br \/><br \/>(2003)<\/p>\t\t\t\t\t\t\t\t<\/div>\n\t\t\t\t<\/div>\n\t\t\t\t<div class=\"elementor-element elementor-element-7116f48 elementor-widget elementor-widget-text-editor\" data-id=\"7116f48\" data-element_type=\"widget\" data-widget_type=\"text-editor.default\">\n\t\t\t\t<div class=\"elementor-widget-container\">\n\t\t\t\t\t\t\t\t\t<p style=\"text-align: right;\">\n<a href=\"javascript:history.back();\">Zur\u00fcck<\/a>\n<\/p>\t\t\t\t\t\t\t\t<\/div>\n\t\t\t\t<\/div>\n\t\t\t\t<\/div>\n\t\t\t\t\t<\/div>\n\t\t\t\t<\/div>\n\t\t\t\t<\/div>\n\t\t","protected":false},"excerpt":{"rendered":"<p>Klavier Auftritte im Linzer Konzertverein: 09.04.2003, Sinfoniekonzert Stefan Stroissnig wurde 1985 in Wien geboren. Er studiert Klavier bei Prof. Oleg Maisenberg an der Universit\u00e4t f\u00fcr Musik in Wien. Erster Klavierunterricht im Alter von 7 Jahren bei Mag. Gerhard Hofer an der Landesmusikschule Marchtrenk.Von 1996-1999 studierte er am Bruckner-Konservatorium in Linz und von 1999 -2000 bei &hellip; <\/p>\n<p class=\"link-more\"><a href=\"https:\/\/wppool.abenteuerbox.at\/DA_KV_Linz\/?page_id=1506\" class=\"more-link\">Read more<span class=\"screen-reader-text\"> &#8222;Stefan Stroissnig&#8220;<\/span><\/a><\/p>\n","protected":false},"author":1,"featured_media":0,"parent":0,"menu_order":0,"comment_status":"closed","ping_status":"closed","template":"","meta":{"inspiro_hide_title":false,"footnotes":""},"class_list":["post-1506","page","type-page","status-publish","hentry"],"_links":{"self":[{"href":"https:\/\/wppool.abenteuerbox.at\/DA_KV_Linz\/index.php?rest_route=\/wp\/v2\/pages\/1506","targetHints":{"allow":["GET"]}}],"collection":[{"href":"https:\/\/wppool.abenteuerbox.at\/DA_KV_Linz\/index.php?rest_route=\/wp\/v2\/pages"}],"about":[{"href":"https:\/\/wppool.abenteuerbox.at\/DA_KV_Linz\/index.php?rest_route=\/wp\/v2\/types\/page"}],"author":[{"embeddable":true,"href":"https:\/\/wppool.abenteuerbox.at\/DA_KV_Linz\/index.php?rest_route=\/wp\/v2\/users\/1"}],"replies":[{"embeddable":true,"href":"https:\/\/wppool.abenteuerbox.at\/DA_KV_Linz\/index.php?rest_route=%2Fwp%2Fv2%2Fcomments&post=1506"}],"version-history":[{"count":13,"href":"https:\/\/wppool.abenteuerbox.at\/DA_KV_Linz\/index.php?rest_route=\/wp\/v2\/pages\/1506\/revisions"}],"predecessor-version":[{"id":7364,"href":"https:\/\/wppool.abenteuerbox.at\/DA_KV_Linz\/index.php?rest_route=\/wp\/v2\/pages\/1506\/revisions\/7364"}],"wp:attachment":[{"href":"https:\/\/wppool.abenteuerbox.at\/DA_KV_Linz\/index.php?rest_route=%2Fwp%2Fv2%2Fmedia&parent=1506"}],"curies":[{"name":"wp","href":"https:\/\/api.w.org\/{rel}","templated":true}]}}