{"id":1524,"date":"2025-01-13T13:00:45","date_gmt":"2025-01-13T12:00:45","guid":{"rendered":"https:\/\/wppool.abenteuerbox.at\/DA_KV_Linz\/?page_id=1524"},"modified":"2025-01-24T20:30:05","modified_gmt":"2025-01-24T19:30:05","slug":"martina-rifesser","status":"publish","type":"page","link":"https:\/\/wppool.abenteuerbox.at\/DA_KV_Linz\/?page_id=1524","title":{"rendered":"Martina Rifesser"},"content":{"rendered":"\t\t<div data-elementor-type=\"wp-page\" data-elementor-id=\"1524\" class=\"elementor elementor-1524\">\n\t\t\t\t<div class=\"elementor-element elementor-element-3fc6656 e-flex e-con-boxed e-con e-parent\" data-id=\"3fc6656\" data-element_type=\"container\">\n\t\t\t\t\t<div class=\"e-con-inner\">\n\t\t<div class=\"elementor-element elementor-element-b7ba716 e-con-full e-flex e-con e-child\" data-id=\"b7ba716\" data-element_type=\"container\">\n\t\t\t\t<div class=\"elementor-element elementor-element-3e06fa6 elementor-widget elementor-widget-heading\" data-id=\"3e06fa6\" data-element_type=\"widget\" data-widget_type=\"heading.default\">\n\t\t\t\t<div class=\"elementor-widget-container\">\n\t\t\t\t\t<h2 class=\"elementor-heading-title elementor-size-default\">Harfe<\/h2>\t\t\t\t<\/div>\n\t\t\t\t<\/div>\n\t\t\t\t<div class=\"elementor-element elementor-element-3224cbb elementor-widget elementor-widget-text-editor\" data-id=\"3224cbb\" data-element_type=\"widget\" data-widget_type=\"text-editor.default\">\n\t\t\t\t<div class=\"elementor-widget-container\">\n\t\t\t\t\t\t\t\t\t<p><strong>Auftritte im Linzer Konzertverein:<\/strong><\/p><p>10.04.2002, Sinfoniekonzert<\/p>\t\t\t\t\t\t\t\t<\/div>\n\t\t\t\t<\/div>\n\t\t\t\t<\/div>\n\t\t<div class=\"elementor-element elementor-element-c234829 e-con-full e-flex e-con e-child\" data-id=\"c234829\" data-element_type=\"container\">\n\t\t\t\t<div class=\"elementor-element elementor-element-f6c355d elementor-widget elementor-widget-image\" data-id=\"f6c355d\" data-element_type=\"widget\" data-widget_type=\"image.default\">\n\t\t\t\t<div class=\"elementor-widget-container\">\n\t\t\t\t\t\t\t\t\t\t\t\t\t\t\t<img fetchpriority=\"high\" decoding=\"async\" width=\"240\" height=\"320\" src=\"https:\/\/wppool.abenteuerbox.at\/DA_KV_Linz\/wp-content\/uploads\/2025\/01\/Rifesser_Martina.jpg\" class=\"attachment-large size-large wp-image-1527\" alt=\"\" srcset=\"https:\/\/wppool.abenteuerbox.at\/DA_KV_Linz\/wp-content\/uploads\/2025\/01\/Rifesser_Martina.jpg 240w, https:\/\/wppool.abenteuerbox.at\/DA_KV_Linz\/wp-content\/uploads\/2025\/01\/Rifesser_Martina-225x300.jpg 225w\" sizes=\"100vw\" \/>\t\t\t\t\t\t\t\t\t\t\t\t\t\t\t<\/div>\n\t\t\t\t<\/div>\n\t\t\t\t<\/div>\n\t\t<div class=\"elementor-element elementor-element-2ee7a6b e-con-full e-flex e-con e-child\" data-id=\"2ee7a6b\" data-element_type=\"container\">\n\t\t\t\t<div class=\"elementor-element elementor-element-398b270 elementor-widget elementor-widget-text-editor\" data-id=\"398b270\" data-element_type=\"widget\" data-widget_type=\"text-editor.default\">\n\t\t\t\t<div class=\"elementor-widget-container\">\n\t\t\t\t\t\t\t\t\t<p>Martina Rifesser, geb\u00fcrtige S\u00fcdtirolerin. 17 Jahre als Harfenistin im Brucknerorchester Linz t\u00e4tig. Hat mit bekannten Dirigenten wie Claudio Abbado, Bernhard Haitink, Riccardo Chailly, Fabio Luisi, Marcello Viotti und Pierre Boulez in verschiedensten Weltorchestern gearbeitet. Ging 1996 beim internationalen Interpretationswettbewerb der Stadt Genua als Siegerin hervor und war Stipendiatin der Berliner Philharmoniker. Gewann das Vorspiel f\u00fcr ein 3j\u00e4hriges Studium bei Maria Oliva De Poli (Teatro alla Scala Mailand).<br \/><br \/>Derzeit Lehrerin f\u00fcr Harfe im O\u00d6 Landesmusikschulwerk.<br \/>2011 Ver\u00f6ffentlichung eines Heftes mit weniger bekannten Harfenst\u00fccken zusammen mit Werner Karlinger und dem O\u00d6 Volksliedwerk.<br \/>Zum 200. Jubil\u00e4um der Konzertharfe, im Jahr 2011, konzertierte Martina Rifesser<br \/>12 verschiedene Harfensolokonzerte mit Orchestern im In- und Ausland.<br \/>Mitglied im Johann-Strauss-Ensemble Linz und der Akademie St. Blasius Innsbruck mit welcher sie im April 2012 die h\u00f6chst bejubelte Urauff\u00fchrung des ihr gewidmeten Harfenkonzertes von Michael Huber spielte.<br \/>Kammermusikalische T\u00e4tigkeit in verschiedenen Ensembles u.a. mit der Camerata Salzburg, dem Quartett Fantastique (2 Fl\u00f6ten, 2 Harfen) und dem Trio des Fleurs (Fl\u00f6te, Posaune, Harfe).<br \/><br \/>K\u00fcrzlich ist die erste \u00f6sterreichische Harfenduo CD erschienen, aufgenommen mit dem Harfenisten Werner Karlinger, zwei weitere CDs mit Werken von Ignaz Pleyel und eine in Quartettbesetzung erscheinen in K\u00fcrze.<br \/><br \/>Zudem arbeitet Martina Rifesser als Restauratorin und Hubschrauberpilotin.<br \/><br \/>(2014)<\/p>\t\t\t\t\t\t\t\t<\/div>\n\t\t\t\t<\/div>\n\t\t\t\t<div class=\"elementor-element elementor-element-0d21f21 elementor-widget elementor-widget-text-editor\" data-id=\"0d21f21\" data-element_type=\"widget\" data-widget_type=\"text-editor.default\">\n\t\t\t\t<div class=\"elementor-widget-container\">\n\t\t\t\t\t\t\t\t\t<p style=\"text-align: right;\">\n<a href=\"javascript:history.back();\">Zur\u00fcck<\/a>\n<\/p>\t\t\t\t\t\t\t\t<\/div>\n\t\t\t\t<\/div>\n\t\t\t\t<\/div>\n\t\t\t\t\t<\/div>\n\t\t\t\t<\/div>\n\t\t<div class=\"elementor-element elementor-element-f22ad2f e-flex e-con-boxed e-con e-parent\" data-id=\"f22ad2f\" data-element_type=\"container\">\n\t\t\t\t\t<div class=\"e-con-inner\">\n\t\t\t\t\t<\/div>\n\t\t\t\t<\/div>\n\t\t\t\t<\/div>\n\t\t","protected":false},"excerpt":{"rendered":"<p>Harfe Auftritte im Linzer Konzertverein: 10.04.2002, Sinfoniekonzert Martina Rifesser, geb\u00fcrtige S\u00fcdtirolerin. 17 Jahre als Harfenistin im Brucknerorchester Linz t\u00e4tig. Hat mit bekannten Dirigenten wie Claudio Abbado, Bernhard Haitink, Riccardo Chailly, Fabio Luisi, Marcello Viotti und Pierre Boulez in verschiedensten Weltorchestern gearbeitet. Ging 1996 beim internationalen Interpretationswettbewerb der Stadt Genua als Siegerin hervor und war Stipendiatin &hellip; <\/p>\n<p class=\"link-more\"><a href=\"https:\/\/wppool.abenteuerbox.at\/DA_KV_Linz\/?page_id=1524\" class=\"more-link\">Read more<span class=\"screen-reader-text\"> &#8222;Martina Rifesser&#8220;<\/span><\/a><\/p>\n","protected":false},"author":1,"featured_media":0,"parent":0,"menu_order":0,"comment_status":"closed","ping_status":"closed","template":"","meta":{"inspiro_hide_title":false,"footnotes":""},"class_list":["post-1524","page","type-page","status-publish","hentry"],"_links":{"self":[{"href":"https:\/\/wppool.abenteuerbox.at\/DA_KV_Linz\/index.php?rest_route=\/wp\/v2\/pages\/1524","targetHints":{"allow":["GET"]}}],"collection":[{"href":"https:\/\/wppool.abenteuerbox.at\/DA_KV_Linz\/index.php?rest_route=\/wp\/v2\/pages"}],"about":[{"href":"https:\/\/wppool.abenteuerbox.at\/DA_KV_Linz\/index.php?rest_route=\/wp\/v2\/types\/page"}],"author":[{"embeddable":true,"href":"https:\/\/wppool.abenteuerbox.at\/DA_KV_Linz\/index.php?rest_route=\/wp\/v2\/users\/1"}],"replies":[{"embeddable":true,"href":"https:\/\/wppool.abenteuerbox.at\/DA_KV_Linz\/index.php?rest_route=%2Fwp%2Fv2%2Fcomments&post=1524"}],"version-history":[{"count":13,"href":"https:\/\/wppool.abenteuerbox.at\/DA_KV_Linz\/index.php?rest_route=\/wp\/v2\/pages\/1524\/revisions"}],"predecessor-version":[{"id":7370,"href":"https:\/\/wppool.abenteuerbox.at\/DA_KV_Linz\/index.php?rest_route=\/wp\/v2\/pages\/1524\/revisions\/7370"}],"wp:attachment":[{"href":"https:\/\/wppool.abenteuerbox.at\/DA_KV_Linz\/index.php?rest_route=%2Fwp%2Fv2%2Fmedia&parent=1524"}],"curies":[{"name":"wp","href":"https:\/\/api.w.org\/{rel}","templated":true}]}}