{"id":1534,"date":"2025-01-13T13:03:41","date_gmt":"2025-01-13T12:03:41","guid":{"rendered":"https:\/\/wppool.abenteuerbox.at\/DA_KV_Linz\/?page_id=1534"},"modified":"2025-01-24T20:30:40","modified_gmt":"2025-01-24T19:30:40","slug":"werner-karlinger","status":"publish","type":"page","link":"https:\/\/wppool.abenteuerbox.at\/DA_KV_Linz\/?page_id=1534","title":{"rendered":"Werner Karlinger"},"content":{"rendered":"\t\t<div data-elementor-type=\"wp-page\" data-elementor-id=\"1534\" class=\"elementor elementor-1534\">\n\t\t\t\t<div class=\"elementor-element elementor-element-d0019f6 e-flex e-con-boxed e-con e-parent\" data-id=\"d0019f6\" data-element_type=\"container\">\n\t\t\t\t\t<div class=\"e-con-inner\">\n\t\t<div class=\"elementor-element elementor-element-cc78a48 e-con-full e-flex e-con e-child\" data-id=\"cc78a48\" data-element_type=\"container\">\n\t\t\t\t<div class=\"elementor-element elementor-element-58b1a43 elementor-widget elementor-widget-heading\" data-id=\"58b1a43\" data-element_type=\"widget\" data-widget_type=\"heading.default\">\n\t\t\t\t<div class=\"elementor-widget-container\">\n\t\t\t\t\t<h2 class=\"elementor-heading-title elementor-size-default\">Harfe<\/h2>\t\t\t\t<\/div>\n\t\t\t\t<\/div>\n\t\t\t\t<div class=\"elementor-element elementor-element-b568663 elementor-widget elementor-widget-text-editor\" data-id=\"b568663\" data-element_type=\"widget\" data-widget_type=\"text-editor.default\">\n\t\t\t\t<div class=\"elementor-widget-container\">\n\t\t\t\t\t\t\t\t\t<p><strong>Auftritte im Linzer Konzertverein:<\/strong><\/p><p>10.04.2002, Sinfoniekonzert<br \/>01.12.1993, Sinfoniekonzert<\/p>\t\t\t\t\t\t\t\t<\/div>\n\t\t\t\t<\/div>\n\t\t\t\t<\/div>\n\t\t<div class=\"elementor-element elementor-element-d535bd9 e-con-full e-flex e-con e-child\" data-id=\"d535bd9\" data-element_type=\"container\">\n\t\t\t\t<div class=\"elementor-element elementor-element-1c3ca86 elementor-widget elementor-widget-image\" data-id=\"1c3ca86\" data-element_type=\"widget\" data-widget_type=\"image.default\">\n\t\t\t\t<div class=\"elementor-widget-container\">\n\t\t\t\t\t\t\t\t\t\t\t\t\t\t\t<img fetchpriority=\"high\" decoding=\"async\" width=\"240\" height=\"320\" src=\"https:\/\/wppool.abenteuerbox.at\/DA_KV_Linz\/wp-content\/uploads\/2025\/01\/Karlinger_Werner.jpg\" class=\"attachment-large size-large wp-image-1536\" alt=\"\" srcset=\"https:\/\/wppool.abenteuerbox.at\/DA_KV_Linz\/wp-content\/uploads\/2025\/01\/Karlinger_Werner.jpg 240w, https:\/\/wppool.abenteuerbox.at\/DA_KV_Linz\/wp-content\/uploads\/2025\/01\/Karlinger_Werner-225x300.jpg 225w\" sizes=\"100vw\" \/>\t\t\t\t\t\t\t\t\t\t\t\t\t\t\t<\/div>\n\t\t\t\t<\/div>\n\t\t\t\t<\/div>\n\t\t<div class=\"elementor-element elementor-element-fbced3c e-con-full e-flex e-con e-child\" data-id=\"fbced3c\" data-element_type=\"container\">\n\t\t\t\t<div class=\"elementor-element elementor-element-95ca577 elementor-widget elementor-widget-text-editor\" data-id=\"95ca577\" data-element_type=\"widget\" data-widget_type=\"text-editor.default\">\n\t\t\t\t<div class=\"elementor-widget-container\">\n\t\t\t\t\t\t\t\t\t<p>Werner Karlinger ist 1967 in Linz geboren. Im Alter von zehn Jahren Beginn einer f\u00fcnfj\u00e4hrigen Ausbildung auf der Tiroler Volksharfe bei Berta H\u00f6ller in V\u00f6cklabruck mit Schwerpunkt auf alpenl\u00e4ndische Volksmusik. 1982 zweifacher 1. Preistr\u00e4ger beim Wettbewerb der ober\u00f6sterreichischen Musikschulen als Solist und im Harfenduo. 1983 Beginn eines Konzertharfenstudiums an der Universit\u00e4t \u201eMozarteum\u201c in Salzburg bei Marianne Oberascher, parallel dazu Geografiestudium an der Universit\u00e4t Salzburg. Rundfunk- und Schallplattenaufnahmen mit zeitgen\u00f6ssischer Musik, Mitglied des \u00d6sterreichischen Jugendorchesters und des Gustav Mahler- Jugendorchesters, Substitutent\u00e4tigkeit im Mozarteum Salzburg u.a. bei den Salzburger Festspielen. 1989 Diplom- und Lehrbef\u00e4higungspr\u00fcfung am \u201eMozarteum\u201c mit Auszeichnung. Seit 1989 Soloharfenist des Bruckner Orchesters Linz. Nebenher T\u00e4tigkeit als Lehrer, Solist und Kammermusiker. 1990-92 Lehrer an der Landesmusikschule V\u00f6cklabruck. 1993-2005 Lehrauftrag f\u00fcr Harfe an der Universit\u00e4t \u201eMozarteum\u201c. Seit 2006 Universit\u00e4tslehrer f\u00fcr Harfe an der Anton Bruckner Privatuniversit\u00e4t Linz.<br \/><br \/>Meisterkurse in Krakau, Damaskus, Tokyo, Buenos Aires und Lima. Konzerte als Solist in verschiedenen Orchestern wie z.B. dem Bruckner Orchester Linz, der Sinfonietta Salzburg oder den Philharmonischen Solisten der Slowakischen Philharmonie. Begleiter verschiedener Ch\u00f6re u.a. des T\u00f6lzer Knabenchores oder der Wiener Singakademie. Schwerpunkt der Konzertt\u00e4tigkeit liegt aber in der Kammermusik, und da bei ausgefallenen und ungew\u00f6hnlichen Besetzungen wie Duos mit Hackbrett, Trompete, Fagott, Klarinette oder Saxophon. Harfenduo, Trios mit Sopran und Oboe oder Fl\u00f6te und Viola. Harfenduo in Kombination mit Fl\u00f6te, Fl\u00f6tenduo oder zwei Orgeln. Die n\u00f6tigen Arrangements daf\u00fcr werden ausschlie\u00dflich selbst geschrieben. Konzertreisen nach Japan, Italien, Portugal, Frankreich, Deutschland, D\u00e4nemark, Finnland, Estland, Polen, Rum\u00e4nien, Syrien, Argentinien, in die USA, die Schweiz und in den Iran.<br \/><br \/>Rundfunk-, Platten- und CD-Aufnahmen von Volksmusik bis zur Zeitgen\u00f6ssischen Musik. Vier CD-Einspielungen im Duo mit Fagott, eine im Duo mit Fl\u00f6te und eine CD Harfe solo, die 1996 bei ihrem Erscheinen in Japan als beste Klassik-Neueinspielung kritisiert worden ist.<br \/><br \/>(2013)<\/p>\t\t\t\t\t\t\t\t<\/div>\n\t\t\t\t<\/div>\n\t\t\t\t<div class=\"elementor-element elementor-element-3138f89 elementor-widget elementor-widget-text-editor\" data-id=\"3138f89\" data-element_type=\"widget\" data-widget_type=\"text-editor.default\">\n\t\t\t\t<div class=\"elementor-widget-container\">\n\t\t\t\t\t\t\t\t\t<p style=\"text-align: right;\">\n<a href=\"javascript:history.back();\">Zur\u00fcck<\/a>\n<\/p>\t\t\t\t\t\t\t\t<\/div>\n\t\t\t\t<\/div>\n\t\t\t\t<\/div>\n\t\t\t\t\t<\/div>\n\t\t\t\t<\/div>\n\t\t\t\t<\/div>\n\t\t","protected":false},"excerpt":{"rendered":"<p>Harfe Auftritte im Linzer Konzertverein: 10.04.2002, Sinfoniekonzert01.12.1993, Sinfoniekonzert Werner Karlinger ist 1967 in Linz geboren. Im Alter von zehn Jahren Beginn einer f\u00fcnfj\u00e4hrigen Ausbildung auf der Tiroler Volksharfe bei Berta H\u00f6ller in V\u00f6cklabruck mit Schwerpunkt auf alpenl\u00e4ndische Volksmusik. 1982 zweifacher 1. Preistr\u00e4ger beim Wettbewerb der ober\u00f6sterreichischen Musikschulen als Solist und im Harfenduo. 1983 Beginn eines &hellip; <\/p>\n<p class=\"link-more\"><a href=\"https:\/\/wppool.abenteuerbox.at\/DA_KV_Linz\/?page_id=1534\" class=\"more-link\">Read more<span class=\"screen-reader-text\"> &#8222;Werner Karlinger&#8220;<\/span><\/a><\/p>\n","protected":false},"author":1,"featured_media":0,"parent":0,"menu_order":0,"comment_status":"closed","ping_status":"closed","template":"","meta":{"inspiro_hide_title":false,"footnotes":""},"class_list":["post-1534","page","type-page","status-publish","hentry"],"_links":{"self":[{"href":"https:\/\/wppool.abenteuerbox.at\/DA_KV_Linz\/index.php?rest_route=\/wp\/v2\/pages\/1534","targetHints":{"allow":["GET"]}}],"collection":[{"href":"https:\/\/wppool.abenteuerbox.at\/DA_KV_Linz\/index.php?rest_route=\/wp\/v2\/pages"}],"about":[{"href":"https:\/\/wppool.abenteuerbox.at\/DA_KV_Linz\/index.php?rest_route=\/wp\/v2\/types\/page"}],"author":[{"embeddable":true,"href":"https:\/\/wppool.abenteuerbox.at\/DA_KV_Linz\/index.php?rest_route=\/wp\/v2\/users\/1"}],"replies":[{"embeddable":true,"href":"https:\/\/wppool.abenteuerbox.at\/DA_KV_Linz\/index.php?rest_route=%2Fwp%2Fv2%2Fcomments&post=1534"}],"version-history":[{"count":16,"href":"https:\/\/wppool.abenteuerbox.at\/DA_KV_Linz\/index.php?rest_route=\/wp\/v2\/pages\/1534\/revisions"}],"predecessor-version":[{"id":7373,"href":"https:\/\/wppool.abenteuerbox.at\/DA_KV_Linz\/index.php?rest_route=\/wp\/v2\/pages\/1534\/revisions\/7373"}],"wp:attachment":[{"href":"https:\/\/wppool.abenteuerbox.at\/DA_KV_Linz\/index.php?rest_route=%2Fwp%2Fv2%2Fmedia&parent=1534"}],"curies":[{"name":"wp","href":"https:\/\/api.w.org\/{rel}","templated":true}]}}