{"id":1544,"date":"2025-01-13T13:07:54","date_gmt":"2025-01-13T12:07:54","guid":{"rendered":"https:\/\/wppool.abenteuerbox.at\/DA_KV_Linz\/?page_id=1544"},"modified":"2025-01-24T20:31:51","modified_gmt":"2025-01-24T19:31:51","slug":"thomas-neubauer","status":"publish","type":"page","link":"https:\/\/wppool.abenteuerbox.at\/DA_KV_Linz\/?page_id=1544","title":{"rendered":"Thomas Neubauer"},"content":{"rendered":"\t\t<div data-elementor-type=\"wp-page\" data-elementor-id=\"1544\" class=\"elementor elementor-1544\">\n\t\t\t\t<div class=\"elementor-element elementor-element-0963c06 e-flex e-con-boxed e-con e-parent\" data-id=\"0963c06\" data-element_type=\"container\">\n\t\t\t\t\t<div class=\"e-con-inner\">\n\t\t<div class=\"elementor-element elementor-element-f28b41c e-con-full e-flex e-con e-child\" data-id=\"f28b41c\" data-element_type=\"container\">\n\t\t\t\t<div class=\"elementor-element elementor-element-1fec8f0 elementor-widget elementor-widget-heading\" data-id=\"1fec8f0\" data-element_type=\"widget\" data-widget_type=\"heading.default\">\n\t\t\t\t<div class=\"elementor-widget-container\">\n\t\t\t\t\t<h2 class=\"elementor-heading-title elementor-size-default\">Klavier<\/h2>\t\t\t\t<\/div>\n\t\t\t\t<\/div>\n\t\t\t\t<div class=\"elementor-element elementor-element-bbe4c18 elementor-widget elementor-widget-text-editor\" data-id=\"bbe4c18\" data-element_type=\"widget\" data-widget_type=\"text-editor.default\">\n\t\t\t\t<div class=\"elementor-widget-container\">\n\t\t\t\t\t\t\t\t\t<p><strong>Auftritte im Linzer Konzertverein:<\/strong><\/p><p>06.02.2002, Konzert mit den Sch\u00fclerinnen der Allgemeinen Tanzklasse des Brucknerkonservatoriums (Einstudierung: Renate Makovec)<\/p>\t\t\t\t\t\t\t\t<\/div>\n\t\t\t\t<\/div>\n\t\t\t\t<\/div>\n\t\t<div class=\"elementor-element elementor-element-b00fe29 e-con-full e-flex e-con e-child\" data-id=\"b00fe29\" data-element_type=\"container\">\n\t\t\t\t<div class=\"elementor-element elementor-element-1f4a4cd elementor-widget elementor-widget-image\" data-id=\"1f4a4cd\" data-element_type=\"widget\" data-widget_type=\"image.default\">\n\t\t\t\t<div class=\"elementor-widget-container\">\n\t\t\t\t\t\t\t\t\t\t\t\t\t\t\t<img decoding=\"async\" width=\"155\" height=\"200\" src=\"https:\/\/wppool.abenteuerbox.at\/DA_KV_Linz\/wp-content\/uploads\/2025\/01\/Neubauer_Thomas.jpg\" class=\"attachment-large size-large wp-image-1546\" alt=\"\" sizes=\"100vw\" \/>\t\t\t\t\t\t\t\t\t\t\t\t\t\t\t<\/div>\n\t\t\t\t<\/div>\n\t\t\t\t<\/div>\n\t\t<div class=\"elementor-element elementor-element-ca59291 e-con-full e-flex e-con e-child\" data-id=\"ca59291\" data-element_type=\"container\">\n\t\t\t\t<div class=\"elementor-element elementor-element-7acde30 elementor-widget elementor-widget-text-editor\" data-id=\"7acde30\" data-element_type=\"widget\" data-widget_type=\"text-editor.default\">\n\t\t\t\t<div class=\"elementor-widget-container\">\n\t\t\t\t\t\t\t\t\t<p>Thomas Neubauer, geb. 1982, erhielt mit sieben Jahren an der Linzer Musikschule seinen ersten Klavierunterricht. W\u00e4hrend eines dreij\u00e4hrigen Aufenthalts in Deutschland war er Sch\u00fcler von Prof. Berkovits von der Musikhochschule K\u00f6ln. Im Alter von elf Jahren kam er zur\u00fcck nach Linz und studiert seither am Brucknerkonservatorium bei Prof. Hemetsberger. Thomas Neubauer besucht derzeit die Maturaklasse des Linzer Musikgymnasiums in der Stifterstra\u00dfe. Ab Herbst dieses Jahres wird er am renommierten Royal College of Music in London studieren, wo er vor kurzem die Aufnahmspr\u00fcfung abgelegt hat. Dabei ist bemerkenswert, dass an diesem Institut j\u00e4hrlich von 150 bis 200 Bewerbern nur 10 bis 12 aufgenommen werden. Neben dem Klavierspiel gilt sein Interesse vor allem der modernen Tontechnik und Tonregie. Sein gro\u00dfes Talent hat er bereits bei mehreren \u00f6ffentlichen Konzerten und durch Erfolge bei internationalen Wettbewerben unter Beweis gestellt.<br \/><br \/>(2002)<\/p>\t\t\t\t\t\t\t\t<\/div>\n\t\t\t\t<\/div>\n\t\t\t\t<div class=\"elementor-element elementor-element-3a0e192 elementor-widget elementor-widget-text-editor\" data-id=\"3a0e192\" data-element_type=\"widget\" data-widget_type=\"text-editor.default\">\n\t\t\t\t<div class=\"elementor-widget-container\">\n\t\t\t\t\t\t\t\t\t<p style=\"text-align: right;\">\n<a href=\"javascript:history.back();\">Zur\u00fcck<\/a>\n<\/p>\t\t\t\t\t\t\t\t<\/div>\n\t\t\t\t<\/div>\n\t\t\t\t<\/div>\n\t\t\t\t\t<\/div>\n\t\t\t\t<\/div>\n\t\t\t\t<\/div>\n\t\t","protected":false},"excerpt":{"rendered":"<p>Klavier Auftritte im Linzer Konzertverein: 06.02.2002, Konzert mit den Sch\u00fclerinnen der Allgemeinen Tanzklasse des Brucknerkonservatoriums (Einstudierung: Renate Makovec) Thomas Neubauer, geb. 1982, erhielt mit sieben Jahren an der Linzer Musikschule seinen ersten Klavierunterricht. W\u00e4hrend eines dreij\u00e4hrigen Aufenthalts in Deutschland war er Sch\u00fcler von Prof. Berkovits von der Musikhochschule K\u00f6ln. Im Alter von elf Jahren kam &hellip; <\/p>\n<p class=\"link-more\"><a href=\"https:\/\/wppool.abenteuerbox.at\/DA_KV_Linz\/?page_id=1544\" class=\"more-link\">Read more<span class=\"screen-reader-text\"> &#8222;Thomas Neubauer&#8220;<\/span><\/a><\/p>\n","protected":false},"author":1,"featured_media":0,"parent":0,"menu_order":0,"comment_status":"closed","ping_status":"closed","template":"","meta":{"inspiro_hide_title":false,"footnotes":""},"class_list":["post-1544","page","type-page","status-publish","hentry"],"_links":{"self":[{"href":"https:\/\/wppool.abenteuerbox.at\/DA_KV_Linz\/index.php?rest_route=\/wp\/v2\/pages\/1544","targetHints":{"allow":["GET"]}}],"collection":[{"href":"https:\/\/wppool.abenteuerbox.at\/DA_KV_Linz\/index.php?rest_route=\/wp\/v2\/pages"}],"about":[{"href":"https:\/\/wppool.abenteuerbox.at\/DA_KV_Linz\/index.php?rest_route=\/wp\/v2\/types\/page"}],"author":[{"embeddable":true,"href":"https:\/\/wppool.abenteuerbox.at\/DA_KV_Linz\/index.php?rest_route=\/wp\/v2\/users\/1"}],"replies":[{"embeddable":true,"href":"https:\/\/wppool.abenteuerbox.at\/DA_KV_Linz\/index.php?rest_route=%2Fwp%2Fv2%2Fcomments&post=1544"}],"version-history":[{"count":13,"href":"https:\/\/wppool.abenteuerbox.at\/DA_KV_Linz\/index.php?rest_route=\/wp\/v2\/pages\/1544\/revisions"}],"predecessor-version":[{"id":7376,"href":"https:\/\/wppool.abenteuerbox.at\/DA_KV_Linz\/index.php?rest_route=\/wp\/v2\/pages\/1544\/revisions\/7376"}],"wp:attachment":[{"href":"https:\/\/wppool.abenteuerbox.at\/DA_KV_Linz\/index.php?rest_route=%2Fwp%2Fv2%2Fmedia&parent=1544"}],"curies":[{"name":"wp","href":"https:\/\/api.w.org\/{rel}","templated":true}]}}