{"id":1553,"date":"2025-01-13T13:12:17","date_gmt":"2025-01-13T12:12:17","guid":{"rendered":"https:\/\/wppool.abenteuerbox.at\/DA_KV_Linz\/?page_id=1553"},"modified":"2025-01-24T20:32:26","modified_gmt":"2025-01-24T19:32:26","slug":"albert-fischer","status":"publish","type":"page","link":"https:\/\/wppool.abenteuerbox.at\/DA_KV_Linz\/?page_id=1553","title":{"rendered":"Albert Fischer"},"content":{"rendered":"\t\t<div data-elementor-type=\"wp-page\" data-elementor-id=\"1553\" class=\"elementor elementor-1553\">\n\t\t\t\t<div class=\"elementor-element elementor-element-2fdb838 e-flex e-con-boxed e-con e-parent\" data-id=\"2fdb838\" data-element_type=\"container\">\n\t\t\t\t\t<div class=\"e-con-inner\">\n\t\t<div class=\"elementor-element elementor-element-c486574 e-con-full e-flex e-con e-child\" data-id=\"c486574\" data-element_type=\"container\">\n\t\t\t\t<div class=\"elementor-element elementor-element-4959b48 elementor-widget elementor-widget-heading\" data-id=\"4959b48\" data-element_type=\"widget\" data-widget_type=\"heading.default\">\n\t\t\t\t<div class=\"elementor-widget-container\">\n\t\t\t\t\t<h2 class=\"elementor-heading-title elementor-size-default\">Violine<\/h2>\t\t\t\t<\/div>\n\t\t\t\t<\/div>\n\t\t\t\t<div class=\"elementor-element elementor-element-2791021 elementor-widget elementor-widget-text-editor\" data-id=\"2791021\" data-element_type=\"widget\" data-widget_type=\"text-editor.default\">\n\t\t\t\t<div class=\"elementor-widget-container\">\n\t\t\t\t\t\t\t\t\t<p><strong>Auftritte im Linzer Konzertverein:<\/strong><\/p><p>06.02.2002, Konzert mit den Sch\u00fclerinnen der Allgemeinen Tanzklasse des Brucknerkonservatoriums (Einstudierung: Renate Makovec)<br \/>05.12.1990, Sinfoniekonzert<\/p>\t\t\t\t\t\t\t\t<\/div>\n\t\t\t\t<\/div>\n\t\t\t\t<\/div>\n\t\t<div class=\"elementor-element elementor-element-7852992 e-con-full e-flex e-con e-child\" data-id=\"7852992\" data-element_type=\"container\">\n\t\t\t\t<div class=\"elementor-element elementor-element-30b1308 elementor-widget elementor-widget-image\" data-id=\"30b1308\" data-element_type=\"widget\" data-widget_type=\"image.default\">\n\t\t\t\t<div class=\"elementor-widget-container\">\n\t\t\t\t\t\t\t\t\t\t\t\t\t\t\t<img decoding=\"async\" width=\"155\" height=\"200\" src=\"https:\/\/wppool.abenteuerbox.at\/DA_KV_Linz\/wp-content\/uploads\/2025\/01\/Fischer_Albert.jpg\" class=\"attachment-large size-large wp-image-1558\" alt=\"\" sizes=\"100vw\" \/>\t\t\t\t\t\t\t\t\t\t\t\t\t\t\t<\/div>\n\t\t\t\t<\/div>\n\t\t\t\t<\/div>\n\t\t<div class=\"elementor-element elementor-element-56d06dd e-con-full e-flex e-con e-child\" data-id=\"56d06dd\" data-element_type=\"container\">\n\t\t\t\t<div class=\"elementor-element elementor-element-58961ee elementor-widget elementor-widget-text-editor\" data-id=\"58961ee\" data-element_type=\"widget\" data-widget_type=\"text-editor.default\">\n\t\t\t\t<div class=\"elementor-widget-container\">\n\t\t\t\t\t\t\t\t\t<p>Nach seinem Studienabschluss am Brucknerkonservatorium bei Prof. Eduard Arzt (Lehrbef\u00e4higungspr\u00fcfung und Konzertfachdiplom mit Auszeichnung) studierte er von 1984-1989 an der Wiener Musikhochschule bei den Professoren G. Schulz und G. Hetzel (Konzertfachdiplom 1987 mit Auszeichnung, Magisterium am Institut f\u00fcr Wr. Klangstil 1989). Stationen seiner beruflichen Laufbahn waren die Mitwirkung und Mitgliedschaft bei der Wiener Kammerphilharmonie, der Accademia d&#8217;Archi Bolzano und dem Chamber Orchestra Of Europe. 1989 erhielt er die Position des 1. Konzertmeisters des Philharmonischen Orchesters Augsburg, der er bis 1995 treu blieb.<br \/><br \/>Prof. Albert Fischer leitet am Brucknerkonservatorium in Linz eine Klasse f\u00fcr Violine. Zudem engagiert er sich seit seinem Wechsel ins Unterrichtsfach 1993 durch eine Vielzahl k\u00fcnstlerischer Projekte in der Jugendarbeit f\u00fcr die F\u00f6rderung des O\u00d6. Streichernachwuchses. Zu seiner regen Konzertt\u00e4tigkeit z\u00e4hlen solistische Auftritte im In- und Ausland (Philharmonisches Orchester Augsburg, Zagreber Philharmoniker, M\u00e4hrische Philharmonie, Linzer Konzertverein u.a.), Kammermusikabende (Salzburger Schlo\u00dfkonzerte, Musica Sacra Linz u.a.). 2000 Gr\u00fcndung der \u201eCamerata Wels&#8220;.<br \/><br \/>(2002)<\/p>\t\t\t\t\t\t\t\t<\/div>\n\t\t\t\t<\/div>\n\t\t\t\t<div class=\"elementor-element elementor-element-3c52e92 elementor-widget elementor-widget-text-editor\" data-id=\"3c52e92\" data-element_type=\"widget\" data-widget_type=\"text-editor.default\">\n\t\t\t\t<div class=\"elementor-widget-container\">\n\t\t\t\t\t\t\t\t\t<p style=\"text-align: right;\">\n<a href=\"javascript:history.back();\">Zur\u00fcck<\/a>\n<\/p>\t\t\t\t\t\t\t\t<\/div>\n\t\t\t\t<\/div>\n\t\t\t\t<\/div>\n\t\t\t\t\t<\/div>\n\t\t\t\t<\/div>\n\t\t\t\t<\/div>\n\t\t","protected":false},"excerpt":{"rendered":"<p>Violine Auftritte im Linzer Konzertverein: 06.02.2002, Konzert mit den Sch\u00fclerinnen der Allgemeinen Tanzklasse des Brucknerkonservatoriums (Einstudierung: Renate Makovec)05.12.1990, Sinfoniekonzert Nach seinem Studienabschluss am Brucknerkonservatorium bei Prof. Eduard Arzt (Lehrbef\u00e4higungspr\u00fcfung und Konzertfachdiplom mit Auszeichnung) studierte er von 1984-1989 an der Wiener Musikhochschule bei den Professoren G. Schulz und G. Hetzel (Konzertfachdiplom 1987 mit Auszeichnung, Magisterium am &hellip; <\/p>\n<p class=\"link-more\"><a href=\"https:\/\/wppool.abenteuerbox.at\/DA_KV_Linz\/?page_id=1553\" class=\"more-link\">Read more<span class=\"screen-reader-text\"> &#8222;Albert Fischer&#8220;<\/span><\/a><\/p>\n","protected":false},"author":1,"featured_media":0,"parent":0,"menu_order":0,"comment_status":"closed","ping_status":"closed","template":"","meta":{"inspiro_hide_title":false,"footnotes":""},"class_list":["post-1553","page","type-page","status-publish","hentry"],"_links":{"self":[{"href":"https:\/\/wppool.abenteuerbox.at\/DA_KV_Linz\/index.php?rest_route=\/wp\/v2\/pages\/1553","targetHints":{"allow":["GET"]}}],"collection":[{"href":"https:\/\/wppool.abenteuerbox.at\/DA_KV_Linz\/index.php?rest_route=\/wp\/v2\/pages"}],"about":[{"href":"https:\/\/wppool.abenteuerbox.at\/DA_KV_Linz\/index.php?rest_route=\/wp\/v2\/types\/page"}],"author":[{"embeddable":true,"href":"https:\/\/wppool.abenteuerbox.at\/DA_KV_Linz\/index.php?rest_route=\/wp\/v2\/users\/1"}],"replies":[{"embeddable":true,"href":"https:\/\/wppool.abenteuerbox.at\/DA_KV_Linz\/index.php?rest_route=%2Fwp%2Fv2%2Fcomments&post=1553"}],"version-history":[{"count":12,"href":"https:\/\/wppool.abenteuerbox.at\/DA_KV_Linz\/index.php?rest_route=\/wp\/v2\/pages\/1553\/revisions"}],"predecessor-version":[{"id":7379,"href":"https:\/\/wppool.abenteuerbox.at\/DA_KV_Linz\/index.php?rest_route=\/wp\/v2\/pages\/1553\/revisions\/7379"}],"wp:attachment":[{"href":"https:\/\/wppool.abenteuerbox.at\/DA_KV_Linz\/index.php?rest_route=%2Fwp%2Fv2%2Fmedia&parent=1553"}],"curies":[{"name":"wp","href":"https:\/\/api.w.org\/{rel}","templated":true}]}}